{"id":55,"date":"2019-06-28T11:26:32","date_gmt":"2019-06-28T11:26:32","guid":{"rendered":"https:\/\/aprepro.org.br\/conbrepro\/2020\/?page_id=55"},"modified":"2021-07-02T14:23:22","modified_gmt":"2021-07-02T14:23:22","slug":"historico","status":"publish","type":"page","link":"https:\/\/aprepro.org.br\/conbrepro\/historico\/","title":{"rendered":"Hist\u00f3rico"},"content":{"rendered":"\t\t<div data-elementor-type=\"wp-page\" data-elementor-id=\"55\" class=\"elementor elementor-55\" data-elementor-post-type=\"page\">\n\t\t\t\t\t\t<section class=\"elementor-section elementor-top-section elementor-element elementor-element-1032f4b9 elementor-section-boxed elementor-section-height-default elementor-section-height-default\" data-id=\"1032f4b9\" data-element_type=\"section\">\n\t\t\t\t\t\t<div class=\"elementor-container elementor-column-gap-default\">\n\t\t\t\t\t<div class=\"elementor-column elementor-col-100 elementor-top-column elementor-element elementor-element-2ee15be1\" data-id=\"2ee15be1\" data-element_type=\"column\">\n\t\t\t<div class=\"elementor-widget-wrap elementor-element-populated\">\n\t\t\t\t\t\t<div class=\"elementor-element elementor-element-55505f6 elementor-widget elementor-widget-text-editor\" data-id=\"55505f6\" data-element_type=\"widget\" data-widget_type=\"text-editor.default\">\n\t\t\t\t<div class=\"elementor-widget-container\">\n\t\t\t\t\t\t\t\t\t<p>O\u00a0<strong>Congresso Brasileiro de Engenharia de Produ\u00e7\u00e3o (CONBREPRO<\/strong>), evento realizado desde 2011, organizado\u00a0pela\u00a0Associa\u00e7\u00e3o Paranaense de Engenharia de Produ\u00e7\u00e3o (APREPRO),\u00a0entidade\u00a0que agrega\u00a0docentes, pesquisadores, estudantes de gradua\u00e7\u00e3o e p\u00f3s-gradua\u00e7\u00e3o, profissionais, \u00f3rg\u00e3os p\u00fablicos, entidades privadas e do terceiro setor com atua\u00e7\u00e3o em Engenharia de Produ\u00e7\u00e3o e \u00e1reas afins.<\/p>\n<p>Ao longo dos anos o<strong>\u00a0CONBREPRO <\/strong>vem contribuindo com a hist\u00f3ria da Engenharia de Produ\u00e7\u00e3o, que tem possibilitado fomentar a transfer\u00eancia de conhecimento-tecnologia por meio da rela\u00e7\u00e3o universidade-empresa-governo, visando o desenvolvimento sustent\u00e1vel.<\/p>\n<p><strong>O\u00a0evento\u00a0ao longo de suas edi\u00e7\u00f5es cresceu, e ganhou grandes propor\u00e7\u00f5es<\/strong>. Saiba mais sobre as edi\u00e7\u00f5es anteriores.<\/p>\n<p><strong>\u00a0<\/strong><strong>I Congresso Brasileiro de Engenharia de Produ\u00e7\u00e3o \u2013 CONBREPRO 2011 <\/strong><\/p>\n<p>Tema<strong> \u201cInova\u00e7\u00e3o e Tecnologia nas Engenharias\u201d<\/strong>.<\/p>\n<p>O evento aconteceu em 30 de novembro, 01 e 02 de dezembro de 2011 na Universidade Tecnol\u00f3gica Federal do Paran\u00e1 \u2013 C\u00e2mpus Ponta Grossa \u2013 UTFPR-PG.<\/p>\n<p><strong>\u00a0<\/strong><strong>Palestras e Palestrantes<\/strong><\/p>\n<p>30\/11\/2011 \u2013 Quarta-feira<\/p>\n<ul>\n<li>Palestra de Abertura: Engenharia de Produ\u00e7\u00e3o no Estado do Paran\u00e1 \u2013 Palestrante: Prof. Dr. Jo\u00e3o Luiz Kovaleski<\/li>\n<li>Palestra: Experi\u00eancia em Transfer\u00eancia de Tecnologia na UTCFran\u00e7a &#8211; &#8211; Palestrante:\u00a0Prof. Dr. Bruno Ramond &#8211;\u00a0\u2013 Diretor do Centro de Inova\u00e7\u00e3o UTC\/SU.<\/li>\n<\/ul>\n<p>01\/12\/2011 \u2013 Quinta-Feira<\/p>\n<ul>\n<li>Palestra: Propriedade Industrial \u2013 Palestrante: Mauro Catharino Vieira da Luz &#8211; Pesquisador Econ\u00f4mico do Instituto Nacional da Propriedade Industrial (INPI)<\/li>\n<\/ul>\n<p>Principais resultados do\u00a0CONBREPRO 2011: N\u00famero total de Participantes: 195 (Locais: 121; outros munic\u00edpios\/estados: 74; De outros pa\u00edses: 01). O CONBREPRO 2011 recebeu 330 artigos e aprovados: 190 artigos; Quantidade de artigos apresentados: 159 artigos.<\/p>\n<p><strong>II Congresso Brasileiro de Engenharia de Produ\u00e7\u00e3o \u2013 CONBREPRO 2012 <\/strong><\/p>\n<p>Tema<strong> \u201cGest\u00e3o do Conhecimento nas Engenharias\u201d<\/strong>.<\/p>\n<p>O evento aconteceu de 28 a 30 de novembro de 2012 na Universidade Tecnol\u00f3gica Federal do Paran\u00e1 \u2013 C\u00e2mpus Ponta Grossa \u2013 UTFPR-PG.<\/p>\n<p><strong>Palestras e Palestrantes<\/strong><\/p>\n<p>28\/11\/2012 \u2013 Quarta-feira<\/p>\n<ul>\n<li>Palestra de abertura: Conhecimento, Tecnologia e Inova\u00e7\u00e3o &#8211; Palestrante:\u00a0D\u00e1lcio Roberto dos Reis\u00a0<\/li>\n<\/ul>\n<p>29\/11\/2012 \u2013 Quinta-feira<\/p>\n<ul>\n<li>Palestra:\u00a0P\u00f4les de comp\u00e9titivit\u00e9\u00a0&#8211; Palestrante:\u00a0Prof. Dr. Bruno Ramond &#8211;\u00a0\u2013 Diretor do Centro de Inova\u00e7\u00e3o UTC\/SU.<\/li>\n<\/ul>\n<p>Principais resultados do\u00a0CONBREPRO 2012: N\u00famero total de Inscritos: 331. Total de 349 Artigos Cient\u00edficos recebidos e 249 aprovados. Dispon\u00edvel em: <a href=\"http:\/\/anteriores.aprepro.org.br\/conbrepro\/2012\/index.php?id=254\">http:\/\/anteriores.aprepro.org.br\/conbrepro\/2012\/index.php?id=254<\/a><\/p>\n<p><strong>III Congresso Brasileiro de Engenharia de Produ\u00e7\u00e3o \u2013 CONBREPRO 2013 <\/strong><\/p>\n<p>Tema<strong> \u201cO Setor Automativo nas Engenharias\u201d.<\/strong><\/p>\n<p>O evento aconteceu de 04 a 06 de Dezembro de 2013 na Universidade Tecnol\u00f3gica Federal do Paran\u00e1 \u2013 C\u00e2mpus Ponta Grossa \u2013 UTFPR-PG.<\/p>\n<p><strong>\u00a0<\/strong><strong>Palestras e Palestrantes<\/strong><\/p>\n<p>04\/12\/2013 \u2013 Quarta-feira<\/p>\n<ul>\n<li>Palestra Abertura:\u00a0DAF Caminh\u00f5es: a estrat\u00e9gia da marca no Brasil \u2013 Palestrante: Luiz Ant\u00f4nio De Luca.<\/li>\n<li>Palestra: Engenharias no Setor Automotivo &#8211; Palestrante: Jos\u00e9 Arm\u00e9nio Belo da Silva Rego &#8211; Universidade de Aveiro\u00a0\u00a0<\/li>\n<\/ul>\n<p>05\/12\/2013 \u2013 Quinta-feira<\/p>\n<ul>\n<li>Palestra:\u00a0Projetos na\u00a0<em>Supply Chain<\/em>na ind\u00fastria automobil\u00edstica \u2013 Palestrante: Sergio Moschioni\u00a0<\/li>\n<\/ul>\n<p>Principais resultados do\u00a0CONBREPRO 2013: N\u00famero total de Inscritos: 562. Total de 321 Artigos Cient\u00edficos recebidos e 212 aprovados.<\/p>\n<p>Dispon\u00edvel em: <a href=\"https:\/\/anteriores.aprepro.org.br\/conbrepro\/2013\/index.php?id=254\">https:\/\/anteriores.aprepro.org.br\/conbrepro\/2013\/index.php?id=254<\/a><\/p>\n<p><strong>IV Congresso Brasileiro de Engenharia de Produ\u00e7\u00e3o \u2013 CONBREPRO 2014 <\/strong><\/p>\n<p>Tema<strong> \u201cAs Engenharias na Ind\u00fastria de Embalagens\u201d<\/strong>.<\/p>\n<p>O evento aconteceu de 03 a 05 de Dezembro de 2014 na Universidade Tecnol\u00f3gica Federal do Paran\u00e1 \u2013 C\u00e2mpus Ponta Grossa \u2013 UTFPR-PG.<\/p>\n<p><strong>\u00a0<\/strong><strong>Palestras e Palestrantes<\/strong><\/p>\n<p><strong>03\/12\/2014 \u2013 Quarta-feira<\/strong><\/p>\n<ul>\n<li><strong>Palestra de Abertura:\u00a0Engenharia na Ind\u00fastria de Embalagens: Tetra Pak Ltda \u2013 Palestrante: Jackson Antonio de Jesus.<\/strong><\/li>\n<li><strong>Palestra: Engenharia na Ind\u00fastria de Embalagens:\u00a0Metalgr\u00e1fica Igua\u00e7u S.A \u2013 Palestrante: Mauricio Wanderley Fuga<\/strong><\/li>\n<\/ul>\n<p><strong>04\/12\/2014 \u2013 Quinta-feira<\/strong><\/p>\n<ul>\n<li><strong>Palestra:\u00a0<\/strong>Embalagens e recipientes de alum\u00ednio\u00a0 &#8211; Crown: Embalagens Met\u00e1licas da Amaz\u00f4nia S\/A \u2013 Palestrante: Ricardo Fontebasso<\/li>\n<\/ul>\n<p>Principais resultados do\u00a0CONBREPRO 2014: &#8211; N\u00famero total de Inscritos: 908. Total de 466 Artigos Cient\u00edficos recebidos e 330 aprovados.<\/p>\n<p>Dispon\u00edvel em: <a href=\"https:\/\/anteriores.aprepro.org.br\/conbrepro\/2014\/index.php?id=254\">https:\/\/anteriores.aprepro.org.br\/conbrepro\/2014\/index.php?id=254<\/a><\/p>\n<p><strong>V Congresso Brasileiro de Engenharia de Produ\u00e7\u00e3o \u2013 CONBREPRO 2015 <\/strong><\/p>\n<p>Tema<strong> \u201cEngenharias para Sustentabilidade Industrial\u201d<\/strong>.<\/p>\n<p>O evento aconteceu de 02 a 04 de Dezembro de 2015 na Universidade Tecnol\u00f3gica Federal do Paran\u00e1 \u2013 C\u00e2mpus Ponta Grossa \u2013 UTFPR-PG.<\/p>\n<p><strong>\u00a0<\/strong><strong>Palestras e Palestrantes<\/strong><\/p>\n<p>02\/12\/2015 \u2013 Quarta-feira<\/p>\n<ul>\n<li>Palestra de Abertura: Sustentabilidade e o Papel Social \u2013 Palestrante: Janette Costa Jacinto, Diretora de RH da Daf Caminh\u00f5es Brasil.<\/li>\n<\/ul>\n<p>03\/12\/2015 \u2013 Quinta-feira<\/p>\n<ul>\n<li>Palestra: Sustentabilidade na Dassault Syst\u00eames para Engenharia \u2013 Palestrante: Frederico Reple, Technical Sales Specialist na Dassault Syst\u00eames<\/li>\n<\/ul>\n<p>Principais resultados do\u00a0CONBREPRO 2015: &#8211; N\u00famero total de Inscritos: 1.536. Total de 768 Artigos Cient\u00edficos recebidos e 454 aprovados.<\/p>\n<p>Dispon\u00edvel em: <a href=\"https:\/\/anteriores.aprepro.org.br\/conbrepro\/2015\/\">https:\/\/anteriores.aprepro.org.br\/conbrepro\/2015\/<\/a><\/p>\n<p><strong>VI Congresso Brasileiro de Engenharia de Produ\u00e7\u00e3o \u2013 CONBREPRO 2016 <\/strong><\/p>\n<p>Tema<strong> \u201cEngenharia de Desenvolvimento de Produto\u201d<\/strong>.<\/p>\n<p>O evento aconteceu de 30 de Novembro a 02 de Dezembro de 2016 na Universidade Tecnol\u00f3gica Federal do Paran\u00e1 \u2013 C\u00e2mpus Ponta Grossa \u2013 UTFPR-PG.<\/p>\n<p><strong>\u00a0<\/strong><strong>Palestras e Palestrantes<\/strong><\/p>\n<p>30\/11\/2016 \u2013 Quarta-feira<\/p>\n<ul>\n<li>Palestra de abertura: Desenvolvimento de produtos nos caminh\u00f5es da DAF Brasil \u2013 Palestrante: Ricardo Coelho \u2013 Diretor de Desenvolvimento de Produto.<\/li>\n<\/ul>\n<p>01\/12\/2016 \u2013 Quinta-feira<\/p>\n<ul>\n<li>Palestra: Desenvolvimento de novos produtos com o Engenheiro 3i \u2013 uma parceria internacional UTFPR\/UTC-SU \u2013 Palestrante: Bruno Ramond \u2013 Diretor do Centro de Inova\u00e7\u00e3o UTC\/SU.<\/li>\n<\/ul>\n<p>Principais resultados do\u00a0CONBREPRO 2016: N\u00famero total de Inscritos: 1966. Total de 1.089 artigos cient\u00edficos recebidos e 677 aprovados.<\/p>\n<p>Dispon\u00edvel em: <a href=\"https:\/\/anteriores.aprepro.org.br\/conbrepro\/2016\/\">https:\/\/anteriores.aprepro.org.br\/conbrepro\/2016\/<\/a><\/p>\n<p><strong>VII Congresso Brasileiro de Engenharia de Produ\u00e7\u00e3o \u2013 CONBREPRO 2017 <\/strong><\/p>\n<p>Tema<strong> \u201cEngenharia na Ind\u00fastria Aliment\u00edcia\u201d<\/strong>.<\/p>\n<p>O evento aconteceu de 06 a 08 de Dezembro de 2017 na Universidade Tecnol\u00f3gica Federal do Paran\u00e1 \u2013 C\u00e2mpus Ponta Grossa \u2013 UTFPR-PG.<\/p>\n<p><strong>\u00a0<\/strong><strong>Palestras e Palestrantes<\/strong><\/p>\n<p>06\/12\/2017 \u2013 Quarta-feira<\/p>\n<ul>\n<li>Palestra de abertura: Oportunidades e desafios para as engenharias \u2013 Case \u2013 Castrolanda Cooperativa Agroindustrial Ltda \u2013 Palestrante \u2013 Francis Eduardo Grigolo \u2013 Coordenador de seguran\u00e7a, sa\u00fade e meio ambiente da Castrolanda Cooperativa Agroindustrial Ltda e Inspetor do CREA (Regional Castro)<\/li>\n<\/ul>\n<p>07\/12\/2017 \u2013 Quinta-feira<\/p>\n<ul>\n<li>Palestra: Industria Madero, um Case de sucesso \u2013 Palestrante: Iury Schmidt \u2013 Gerente da Qualidade na Industria Madero.<\/li>\n<\/ul>\n<p>Principais resultados do\u00a0CONBREPRO 2017: N\u00famero total de Inscritos: 2333. Total de 1.199 artigos cient\u00edficos recebidos e 998 aprovados.<\/p>\n<p>Dispon\u00edvel em: <a href=\"https:\/\/anteriores.aprepro.org.br\/conbrepro\/2017\/\">https:\/\/anteriores.aprepro.org.br\/conbrepro\/2017\/<\/a><\/p>\n<p><strong>VIII Congresso Brasileiro de Engenharia de Produ\u00e7\u00e3o \u2013 CONBREPRO 2018 <\/strong><\/p>\n<p>Tema<strong> \u201cAs Engenharias e a Ind\u00fastria 4.0\u201d<\/strong>.<\/p>\n<p>O evento aconteceu de 05 a 07 de Dezembro de 2018 na Universidade Tecnol\u00f3gica Federal do Paran\u00e1 \u2013 C\u00e2mpus Ponta Grossa \u2013 UTFPR-PG.<\/p>\n<p><strong>Palestras e Palestrantes<\/strong><\/p>\n<p><strong>05\/12\/2018 \u2013 Quarta-feira<\/strong><\/p>\n<ul>\n<li>Palestra Magna:\u00a0\u201cINDUSTRIA 4.0 &#8211; PARCERIA KLABIN-UTFPR\u201d &#8211; Palestrante:\u00a0Raquel Goulart \u2013 Gerente de Tecnologia de Automa\u00e7\u00e3o Corporativa da Klabin.<\/li>\n<\/ul>\n<p><strong>06\/12\/2017 \u2013 Quinta-feira<\/strong><\/p>\n<ul>\n<li><strong>Palestra:\u00a0\u201cINDUSTRIA 4.0 &#8211; Desafios e Oportunidades\u201d &#8211;\u00a0Palestrante:\u00a0Francisco Ign\u00e1cio Giocondo Cesar \u2013 Prof. Dr. No Departamento Industrial do Instituto Federal de Educa\u00e7\u00e3o, Ci\u00eancias e Tecnologia de S\u00e3o Paulo (IFSP \u2013 Campus Piracicaba).<\/strong><\/li>\n<\/ul>\n<p>Principais resultados do\u00a0CONBREPRO 2018: N\u00famero total de Inscritos: 2486. Total de 1.447 artigos cient\u00edficos recebidos e 1084 aprovados.<\/p>\n<p>Dispon\u00edvel em: <a href=\"https:\/\/anteriores.aprepro.org.br\/conbrepro\/2018\/\">https:\/\/anteriores.aprepro.org.br\/conbrepro\/2018\/<\/a><\/p>\n<p><strong>IX Congresso Brasileiro de Engenharia de Produ\u00e7\u00e3o \u2013 CONBREPRO 2019 <\/strong><\/p>\n<p>Tema<strong> \u201cEngenharia na Ind\u00fastria da Bebida\u201d<\/strong>.<\/p>\n<p>O evento aconteceu de 04 a 06 de Dezembro de 2019 na Universidade Tecnol\u00f3gica Federal do Paran\u00e1 \u2013 C\u00e2mpus Ponta Grossa \u2013 UTFPR-PG.<\/p>\n<p><strong>Palestras e Palestrantes<\/strong><\/p>\n<p>04\/12\/2019 \u2013 Quarta-feira<\/p>\n<ul>\n<li>Palestra de abertura: Paix\u00e3o Cervejeira \u2013 Cervejaria AmBev \u2013 Palestrante: Diogo Figueiredo Turbay Rangel \u2013 Gerente Geral da Cervejaria Adri\u00e1tica em Ponta Grossa.<\/li>\n<\/ul>\n<p>05\/12\/2019 \u2013 Quinta-feira<\/p>\n<ul>\n<li>Palestra: Produ\u00e7\u00e3o da cerveja no Brasil. Vencendo atrav\u00e9s da qualidade. \u2013 Palestrante: Jos\u00e9 Ivan V. de Lima \u2013 Mestre cervejeiro na Heineken.<\/li>\n<\/ul>\n<p>Principais resultados do\u00a0CONBREPRO 2019: N\u00famero total de Inscritos: 1036. Total de 875 artigos cient\u00edficos recebidos e 778 aprovados.<\/p>\n<p>Dispon\u00edvel em: <a href=\"https:\/\/aprepro.org.br\/conbrepro\/2019\/\">https:\/\/aprepro.org.br\/conbrepro\/2019\/<\/a><\/p>\n<p><strong>X Congresso Brasileiro de Engenharia de Produ\u00e7\u00e3o &#8211; CONBREPRO 2020<\/strong><\/p>\n<p>Tema<strong> \u201cEngenharia na Sa\u00fade\u201d. <\/strong><\/p>\n<p>O evento aconteceu nos dias 02 a 04 de Dezembro de 2020, <strong><u>formato 100% On-line<\/u><\/strong>.<\/p>\n<p><strong>Palestras e Palestrantes<\/strong><\/p>\n<p>02\/12\/2020 \u2013 Quarta-feira<\/p>\n<ul>\n<li>Palestra de Abertura: Engenharias na Sa\u00fade &#8211; Palestrante: Guilherme Rosso \u2013 Gerente no Escrit\u00f3rio de Inova\u00e7\u00e3o do Complexo Pequeno Pr\u00edncipe.<\/li>\n<\/ul>\n<p>03\/12\/2020 \u2013 Quinta-feira<\/p>\n<ul>\n<li>Palestra: Bioengenharia e inova\u00e7\u00e3o Acesso &#8211; Palestrante: Prof. Dr. Rubens de Faria &#8211; Docente titular da UTFPR e professor permanente do Mestrado Profissional em Engenharia Biom\u00e9dica.<\/li>\n<\/ul>\n<p>Principais resultados do\u00a0CONBREPRO 2020: N\u00famero total de Inscritos: 563. Total de 423 artigos cient\u00edficos recebidos e 395 aprovados.<\/p>\n<p>Dispon\u00edvel em: <a href=\"https:\/\/aprepro.org.br\/conbrepro\/2020\/\">https:\/\/aprepro.org.br\/conbrepro\/2020\/<\/a><\/p>\n<p>\u00a0<\/p>\n<p>\u00a0<\/p>\t\t\t\t\t\t\t\t<\/div>\n\t\t\t\t<\/div>\n\t\t\t\t\t<\/div>\n\t\t<\/div>\n\t\t\t\t\t<\/div>\n\t\t<\/section>\n\t\t\t\t<\/div>\n\t\t","protected":false},"excerpt":{"rendered":"<p>O\u00a0Congresso Brasileiro de Engenharia de Produ\u00e7\u00e3o (CONBREPRO), evento realizado desde 2011, organizado\u00a0pela\u00a0Associa\u00e7\u00e3o Paranaense de Engenharia de Produ\u00e7\u00e3o (APREPRO),\u00a0entidade\u00a0que agrega\u00a0docentes, pesquisadores, estudantes de gradua\u00e7\u00e3o e p\u00f3s-gradua\u00e7\u00e3o, profissionais, \u00f3rg\u00e3os p\u00fablicos, entidades privadas e do terceiro setor com atua\u00e7\u00e3o em Engenharia de Produ\u00e7\u00e3o e \u00e1reas afins. Ao longo dos anos o\u00a0CONBREPRO vem contribuindo com a hist\u00f3ria da Engenharia &hellip;<\/p>\n<p class=\"read-more\"> <a class=\"\" href=\"https:\/\/aprepro.org.br\/conbrepro\/historico\/\"> <span class=\"screen-reader-text\">Hist\u00f3rico<\/span> Read More &raquo;<\/a><\/p>\n","protected":false},"author":1,"featured_media":0,"parent":0,"menu_order":0,"comment_status":"closed","ping_status":"closed","template":"","meta":{"pagelayer_contact_templates":[],"_pagelayer_content":"","_monsterinsights_skip_tracking":false,"_monsterinsights_sitenote_active":false,"_monsterinsights_sitenote_note":"","_monsterinsights_sitenote_category":0,"footnotes":""},"class_list":["post-55","page","type-page","status-publish","hentry"],"yoast_head":"<!-- This site is optimized with the Yoast SEO plugin v25.7 - https:\/\/yoast.com\/wordpress\/plugins\/seo\/ -->\n<title>Hist\u00f3rico - ConBRepro<\/title>\n<meta name=\"robots\" content=\"index, follow, max-snippet:-1, max-image-preview:large, max-video-preview:-1\" \/>\n<link rel=\"canonical\" href=\"https:\/\/aprepro.org.br\/conbrepro\/historico\/\" \/>\n<meta property=\"og:locale\" content=\"pt_BR\" \/>\n<meta property=\"og:type\" content=\"article\" \/>\n<meta property=\"og:title\" content=\"Hist\u00f3rico - ConBRepro\" \/>\n<meta property=\"og:description\" content=\"O\u00a0Congresso Brasileiro de Engenharia de Produ\u00e7\u00e3o (CONBREPRO), evento realizado desde 2011, organizado\u00a0pela\u00a0Associa\u00e7\u00e3o Paranaense de Engenharia de Produ\u00e7\u00e3o (APREPRO),\u00a0entidade\u00a0que agrega\u00a0docentes, pesquisadores, estudantes de gradua\u00e7\u00e3o e p\u00f3s-gradua\u00e7\u00e3o, profissionais, \u00f3rg\u00e3os p\u00fablicos, entidades privadas e do terceiro setor com atua\u00e7\u00e3o em Engenharia de Produ\u00e7\u00e3o e \u00e1reas afins. Ao longo dos anos o\u00a0CONBREPRO vem contribuindo com a hist\u00f3ria da Engenharia &hellip; Hist\u00f3rico Read More &raquo;\" \/>\n<meta property=\"og:url\" content=\"https:\/\/aprepro.org.br\/conbrepro\/historico\/\" \/>\n<meta property=\"og:site_name\" content=\"ConBRepro\" \/>\n<meta property=\"article:publisher\" content=\"https:\/\/www.facebook.com\/aprepro.conbrepro\/\" \/>\n<meta property=\"article:modified_time\" content=\"2021-07-02T14:23:22+00:00\" \/>\n<meta name=\"twitter:card\" content=\"summary_large_image\" \/>\n<meta name=\"twitter:label1\" content=\"Est. reading time\" \/>\n\t<meta name=\"twitter:data1\" content=\"6 minutos\" \/>\n<script type=\"application\/ld+json\" class=\"yoast-schema-graph\">{\"@context\":\"https:\/\/schema.org\",\"@graph\":[{\"@type\":\"WebPage\",\"@id\":\"https:\/\/aprepro.org.br\/conbrepro\/historico\/\",\"url\":\"https:\/\/aprepro.org.br\/conbrepro\/historico\/\",\"name\":\"Hist\u00f3rico - ConBRepro\",\"isPartOf\":{\"@id\":\"https:\/\/aprepro.org.br\/conbrepro\/#website\"},\"datePublished\":\"2019-06-28T11:26:32+00:00\",\"dateModified\":\"2021-07-02T14:23:22+00:00\",\"breadcrumb\":{\"@id\":\"https:\/\/aprepro.org.br\/conbrepro\/historico\/#breadcrumb\"},\"inLanguage\":\"pt-BR\",\"potentialAction\":[{\"@type\":\"ReadAction\",\"target\":[\"https:\/\/aprepro.org.br\/conbrepro\/historico\/\"]}]},{\"@type\":\"BreadcrumbList\",\"@id\":\"https:\/\/aprepro.org.br\/conbrepro\/historico\/#breadcrumb\",\"itemListElement\":[{\"@type\":\"ListItem\",\"position\":1,\"name\":\"Home\",\"item\":\"https:\/\/aprepro.org.br\/conbrepro\/\"},{\"@type\":\"ListItem\",\"position\":2,\"name\":\"Hist\u00f3rico\"}]},{\"@type\":\"WebSite\",\"@id\":\"https:\/\/aprepro.org.br\/conbrepro\/#website\",\"url\":\"https:\/\/aprepro.org.br\/conbrepro\/\",\"name\":\"ConBRepro\",\"description\":\"XV Congresso Brasileiro de Engenharia de Produ\u00e7\u00e3o\",\"publisher\":{\"@id\":\"https:\/\/aprepro.org.br\/conbrepro\/#organization\"},\"potentialAction\":[{\"@type\":\"SearchAction\",\"target\":{\"@type\":\"EntryPoint\",\"urlTemplate\":\"https:\/\/aprepro.org.br\/conbrepro\/?s={search_term_string}\"},\"query-input\":{\"@type\":\"PropertyValueSpecification\",\"valueRequired\":true,\"valueName\":\"search_term_string\"}}],\"inLanguage\":\"pt-BR\"},{\"@type\":\"Organization\",\"@id\":\"https:\/\/aprepro.org.br\/conbrepro\/#organization\",\"name\":\"CONBREPRO 2022 - XII Congresso Brasileiro de Engenharia de Produ\u00e7\u00e3o - \u201cESG nas Engenharias\u201d\",\"url\":\"https:\/\/aprepro.org.br\/conbrepro\/\",\"logo\":{\"@type\":\"ImageObject\",\"inLanguage\":\"pt-BR\",\"@id\":\"https:\/\/aprepro.org.br\/conbrepro\/#\/schema\/logo\/image\/\",\"url\":\"https:\/\/aprepro.org.br\/conbrepro\/wp-content\/uploads\/2022\/07\/XII_CONBREPRO_BANNER-3.jpg\",\"contentUrl\":\"https:\/\/aprepro.org.br\/conbrepro\/wp-content\/uploads\/2022\/07\/XII_CONBREPRO_BANNER-3.jpg\",\"width\":1200,\"height\":533,\"caption\":\"CONBREPRO 2022 - XII Congresso Brasileiro de Engenharia de Produ\u00e7\u00e3o - \u201cESG nas Engenharias\u201d\"},\"image\":{\"@id\":\"https:\/\/aprepro.org.br\/conbrepro\/#\/schema\/logo\/image\/\"},\"sameAs\":[\"https:\/\/www.facebook.com\/aprepro.conbrepro\/\"]}]}<\/script>\n<!-- \/ Yoast SEO plugin. -->","yoast_head_json":{"title":"Hist\u00f3rico - ConBRepro","robots":{"index":"index","follow":"follow","max-snippet":"max-snippet:-1","max-image-preview":"max-image-preview:large","max-video-preview":"max-video-preview:-1"},"canonical":"https:\/\/aprepro.org.br\/conbrepro\/historico\/","og_locale":"pt_BR","og_type":"article","og_title":"Hist\u00f3rico - ConBRepro","og_description":"O\u00a0Congresso Brasileiro de Engenharia de Produ\u00e7\u00e3o (CONBREPRO), evento realizado desde 2011, organizado\u00a0pela\u00a0Associa\u00e7\u00e3o Paranaense de Engenharia de Produ\u00e7\u00e3o (APREPRO),\u00a0entidade\u00a0que agrega\u00a0docentes, pesquisadores, estudantes de gradua\u00e7\u00e3o e p\u00f3s-gradua\u00e7\u00e3o, profissionais, \u00f3rg\u00e3os p\u00fablicos, entidades privadas e do terceiro setor com atua\u00e7\u00e3o em Engenharia de Produ\u00e7\u00e3o e \u00e1reas afins. Ao longo dos anos o\u00a0CONBREPRO vem contribuindo com a hist\u00f3ria da Engenharia &hellip; Hist\u00f3rico Read More &raquo;","og_url":"https:\/\/aprepro.org.br\/conbrepro\/historico\/","og_site_name":"ConBRepro","article_publisher":"https:\/\/www.facebook.com\/aprepro.conbrepro\/","article_modified_time":"2021-07-02T14:23:22+00:00","twitter_card":"summary_large_image","twitter_misc":{"Est. reading time":"6 minutos"},"schema":{"@context":"https:\/\/schema.org","@graph":[{"@type":"WebPage","@id":"https:\/\/aprepro.org.br\/conbrepro\/historico\/","url":"https:\/\/aprepro.org.br\/conbrepro\/historico\/","name":"Hist\u00f3rico - ConBRepro","isPartOf":{"@id":"https:\/\/aprepro.org.br\/conbrepro\/#website"},"datePublished":"2019-06-28T11:26:32+00:00","dateModified":"2021-07-02T14:23:22+00:00","breadcrumb":{"@id":"https:\/\/aprepro.org.br\/conbrepro\/historico\/#breadcrumb"},"inLanguage":"pt-BR","potentialAction":[{"@type":"ReadAction","target":["https:\/\/aprepro.org.br\/conbrepro\/historico\/"]}]},{"@type":"BreadcrumbList","@id":"https:\/\/aprepro.org.br\/conbrepro\/historico\/#breadcrumb","itemListElement":[{"@type":"ListItem","position":1,"name":"Home","item":"https:\/\/aprepro.org.br\/conbrepro\/"},{"@type":"ListItem","position":2,"name":"Hist\u00f3rico"}]},{"@type":"WebSite","@id":"https:\/\/aprepro.org.br\/conbrepro\/#website","url":"https:\/\/aprepro.org.br\/conbrepro\/","name":"ConBRepro","description":"XV Congresso Brasileiro de Engenharia de Produ\u00e7\u00e3o","publisher":{"@id":"https:\/\/aprepro.org.br\/conbrepro\/#organization"},"potentialAction":[{"@type":"SearchAction","target":{"@type":"EntryPoint","urlTemplate":"https:\/\/aprepro.org.br\/conbrepro\/?s={search_term_string}"},"query-input":{"@type":"PropertyValueSpecification","valueRequired":true,"valueName":"search_term_string"}}],"inLanguage":"pt-BR"},{"@type":"Organization","@id":"https:\/\/aprepro.org.br\/conbrepro\/#organization","name":"CONBREPRO 2022 - XII Congresso Brasileiro de Engenharia de Produ\u00e7\u00e3o - \u201cESG nas Engenharias\u201d","url":"https:\/\/aprepro.org.br\/conbrepro\/","logo":{"@type":"ImageObject","inLanguage":"pt-BR","@id":"https:\/\/aprepro.org.br\/conbrepro\/#\/schema\/logo\/image\/","url":"https:\/\/aprepro.org.br\/conbrepro\/wp-content\/uploads\/2022\/07\/XII_CONBREPRO_BANNER-3.jpg","contentUrl":"https:\/\/aprepro.org.br\/conbrepro\/wp-content\/uploads\/2022\/07\/XII_CONBREPRO_BANNER-3.jpg","width":1200,"height":533,"caption":"CONBREPRO 2022 - XII Congresso Brasileiro de Engenharia de Produ\u00e7\u00e3o - \u201cESG nas Engenharias\u201d"},"image":{"@id":"https:\/\/aprepro.org.br\/conbrepro\/#\/schema\/logo\/image\/"},"sameAs":["https:\/\/www.facebook.com\/aprepro.conbrepro\/"]}]}},"_links":{"self":[{"href":"https:\/\/aprepro.org.br\/conbrepro\/wp-json\/wp\/v2\/pages\/55","targetHints":{"allow":["GET"]}}],"collection":[{"href":"https:\/\/aprepro.org.br\/conbrepro\/wp-json\/wp\/v2\/pages"}],"about":[{"href":"https:\/\/aprepro.org.br\/conbrepro\/wp-json\/wp\/v2\/types\/page"}],"author":[{"embeddable":true,"href":"https:\/\/aprepro.org.br\/conbrepro\/wp-json\/wp\/v2\/users\/1"}],"replies":[{"embeddable":true,"href":"https:\/\/aprepro.org.br\/conbrepro\/wp-json\/wp\/v2\/comments?post=55"}],"version-history":[{"count":10,"href":"https:\/\/aprepro.org.br\/conbrepro\/wp-json\/wp\/v2\/pages\/55\/revisions"}],"predecessor-version":[{"id":1246,"href":"https:\/\/aprepro.org.br\/conbrepro\/wp-json\/wp\/v2\/pages\/55\/revisions\/1246"}],"wp:attachment":[{"href":"https:\/\/aprepro.org.br\/conbrepro\/wp-json\/wp\/v2\/media?parent=55"}],"curies":[{"name":"wp","href":"https:\/\/api.w.org\/{rel}","templated":true}]}}