{"id":48,"date":"2019-06-28T11:24:56","date_gmt":"2019-06-28T11:24:56","guid":{"rendered":"https:\/\/aprepro.org.br\/conbrepro\/2020\/?page_id=48"},"modified":"2021-07-02T14:48:12","modified_gmt":"2021-07-02T14:48:12","slug":"informacoes-gerais","status":"publish","type":"page","link":"https:\/\/aprepro.org.br\/conbrepro\/informacoes-gerais\/","title":{"rendered":"Informa\u00e7\u00f5es Gerais"},"content":{"rendered":"\t\t<div data-elementor-type=\"wp-page\" data-elementor-id=\"48\" class=\"elementor elementor-48\" data-elementor-post-type=\"page\">\n\t\t\t\t\t\t<section class=\"elementor-section elementor-top-section elementor-element elementor-element-97abd61 elementor-section-boxed elementor-section-height-default elementor-section-height-default\" data-id=\"97abd61\" data-element_type=\"section\">\n\t\t\t\t\t\t<div class=\"elementor-container elementor-column-gap-default\">\n\t\t\t\t\t<div class=\"elementor-column elementor-col-100 elementor-top-column elementor-element elementor-element-6cebbf3f\" data-id=\"6cebbf3f\" data-element_type=\"column\">\n\t\t\t<div class=\"elementor-widget-wrap elementor-element-populated\">\n\t\t\t\t\t\t<div class=\"elementor-element elementor-element-23e16307 elementor-widget elementor-widget-text-editor\" data-id=\"23e16307\" data-element_type=\"widget\" data-widget_type=\"text-editor.default\">\n\t\t\t\t<div class=\"elementor-widget-container\">\n\t\t\t\t\t\t\t\t\t\r\n<p><strong>INFORMA\u00c7\u00d5ES IMPORTANTES<\/strong><\/p>\r\n<ul>\r\n<li>N\u00e3o haver\u00e1 a cobran\u00e7a da taxa de submiss\u00e3o de artigos, o envio \u00e9 gratuito.<\/li>\r\n<li>A APREPRO n\u00e3o restituir\u00e1 o valor PAGO referente a INSCRI\u00c7\u00c3O do CONBREPRO.\r\n\r\n<\/li>\r\n<li>Para a publica\u00e7\u00e3o do artigo nos anais eletr\u00f4nico (<strong>ISSN: 2237-6143<\/strong>) do CONBREPRO \u00e9 preciso que o artigo seja\u00a0aprovado pelo Comit\u00ea Avaliador (REVISORES <em>AD HOC<\/em>);<\/li>\r\n<li>Ser\u00e1 considerado como 1\u00ba autor aquele que realizar a submiss\u00e3o do artigo no sistema desde que esteja como 1\u00b0 autor no arquivo PDF enviado no sistema.\r\n\r\n<\/li>\r\n<li>Os certificados ser\u00e3o disponibilizados para <strong><em>download<\/em> <\/strong>na <strong>\u00c1REA RESTRITA DO USU\u00c1RIO<\/strong>.<\/li>\r\n<\/ul>\r\n\r\n\r\n\r\n<p><strong>BENEF\u00cdCIOS PARA O CONGRESSISTA<\/strong><\/p>\r\n\r\n\r\n\r\n<ul class=\"wp-block-list\">\r\n<li>Acesso a apresenta\u00e7\u00e3o dos Artigos Cient\u00edficos;<\/li>\r\n<li>Certificado de apresenta\u00e7\u00e3o de artigo;<\/li>\r\n<li>Certificado de participa\u00e7\u00e3o no evento;<\/li>\r\n<li>Acesso \u00e0s palestras do CONBREPRO;<\/li>\r\n<li>Para receber o certificado de participa\u00e7\u00e3o no Congresso \u00e9 necess\u00e1rio o pagamento individual da inscri\u00e7\u00e3o e participa\u00e7\u00e3o no evento.<\/li>\r\n<\/ul>\r\n\t\t\t\t\t\t\t\t<\/div>\n\t\t\t\t<\/div>\n\t\t\t\t\t<\/div>\n\t\t<\/div>\n\t\t\t\t\t<\/div>\n\t\t<\/section>\n\t\t\t\t<\/div>\n\t\t","protected":false},"excerpt":{"rendered":"<p>INFORMA\u00c7\u00d5ES IMPORTANTES N\u00e3o haver\u00e1 a cobran\u00e7a da taxa de submiss\u00e3o de artigos, o envio \u00e9 gratuito. A APREPRO n\u00e3o restituir\u00e1 o valor PAGO referente a INSCRI\u00c7\u00c3O do CONBREPRO. Para a publica\u00e7\u00e3o do artigo nos anais eletr\u00f4nico (ISSN: 2237-6143) do CONBREPRO \u00e9 preciso que o artigo seja\u00a0aprovado pelo Comit\u00ea Avaliador (REVISORES AD HOC); Ser\u00e1 considerado como &hellip;<\/p>\n<p class=\"read-more\"> <a class=\"\" href=\"https:\/\/aprepro.org.br\/conbrepro\/informacoes-gerais\/\"> <span class=\"screen-reader-text\">Informa\u00e7\u00f5es Gerais<\/span> Read More &raquo;<\/a><\/p>\n","protected":false},"author":1,"featured_media":0,"parent":0,"menu_order":0,"comment_status":"closed","ping_status":"closed","template":"","meta":{"pagelayer_contact_templates":[],"_pagelayer_content":"","_monsterinsights_skip_tracking":false,"_monsterinsights_sitenote_active":false,"_monsterinsights_sitenote_note":"","_monsterinsights_sitenote_category":0,"footnotes":""},"class_list":["post-48","page","type-page","status-publish","hentry"],"yoast_head":"<!-- This site is optimized with the Yoast SEO plugin v25.7 - https:\/\/yoast.com\/wordpress\/plugins\/seo\/ -->\n<title>Informa\u00e7\u00f5es Gerais - ConBRepro<\/title>\n<meta name=\"robots\" content=\"index, follow, max-snippet:-1, max-image-preview:large, max-video-preview:-1\" \/>\n<link rel=\"canonical\" href=\"https:\/\/aprepro.org.br\/conbrepro\/informacoes-gerais\/\" \/>\n<meta property=\"og:locale\" content=\"pt_BR\" \/>\n<meta property=\"og:type\" content=\"article\" \/>\n<meta property=\"og:title\" content=\"Informa\u00e7\u00f5es Gerais - ConBRepro\" \/>\n<meta property=\"og:description\" content=\"INFORMA\u00c7\u00d5ES IMPORTANTES N\u00e3o haver\u00e1 a cobran\u00e7a da taxa de submiss\u00e3o de artigos, o envio \u00e9 gratuito. A APREPRO n\u00e3o restituir\u00e1 o valor PAGO referente a INSCRI\u00c7\u00c3O do CONBREPRO. Para a publica\u00e7\u00e3o do artigo nos anais eletr\u00f4nico (ISSN: 2237-6143) do CONBREPRO \u00e9 preciso que o artigo seja\u00a0aprovado pelo Comit\u00ea Avaliador (REVISORES AD HOC); Ser\u00e1 considerado como &hellip; Informa\u00e7\u00f5es Gerais Read More &raquo;\" \/>\n<meta property=\"og:url\" content=\"https:\/\/aprepro.org.br\/conbrepro\/informacoes-gerais\/\" \/>\n<meta property=\"og:site_name\" content=\"ConBRepro\" \/>\n<meta property=\"article:publisher\" content=\"https:\/\/www.facebook.com\/aprepro.conbrepro\/\" \/>\n<meta property=\"article:modified_time\" content=\"2021-07-02T14:48:12+00:00\" \/>\n<meta name=\"twitter:card\" content=\"summary_large_image\" \/>\n<meta name=\"twitter:label1\" content=\"Est. reading time\" \/>\n\t<meta name=\"twitter:data1\" content=\"1 minuto\" \/>\n<script type=\"application\/ld+json\" class=\"yoast-schema-graph\">{\"@context\":\"https:\/\/schema.org\",\"@graph\":[{\"@type\":\"WebPage\",\"@id\":\"https:\/\/aprepro.org.br\/conbrepro\/informacoes-gerais\/\",\"url\":\"https:\/\/aprepro.org.br\/conbrepro\/informacoes-gerais\/\",\"name\":\"Informa\u00e7\u00f5es Gerais - ConBRepro\",\"isPartOf\":{\"@id\":\"https:\/\/aprepro.org.br\/conbrepro\/#website\"},\"datePublished\":\"2019-06-28T11:24:56+00:00\",\"dateModified\":\"2021-07-02T14:48:12+00:00\",\"breadcrumb\":{\"@id\":\"https:\/\/aprepro.org.br\/conbrepro\/informacoes-gerais\/#breadcrumb\"},\"inLanguage\":\"pt-BR\",\"potentialAction\":[{\"@type\":\"ReadAction\",\"target\":[\"https:\/\/aprepro.org.br\/conbrepro\/informacoes-gerais\/\"]}]},{\"@type\":\"BreadcrumbList\",\"@id\":\"https:\/\/aprepro.org.br\/conbrepro\/informacoes-gerais\/#breadcrumb\",\"itemListElement\":[{\"@type\":\"ListItem\",\"position\":1,\"name\":\"Home\",\"item\":\"https:\/\/aprepro.org.br\/conbrepro\/\"},{\"@type\":\"ListItem\",\"position\":2,\"name\":\"Informa\u00e7\u00f5es Gerais\"}]},{\"@type\":\"WebSite\",\"@id\":\"https:\/\/aprepro.org.br\/conbrepro\/#website\",\"url\":\"https:\/\/aprepro.org.br\/conbrepro\/\",\"name\":\"ConBRepro\",\"description\":\"XV Congresso Brasileiro de Engenharia de Produ\u00e7\u00e3o\",\"publisher\":{\"@id\":\"https:\/\/aprepro.org.br\/conbrepro\/#organization\"},\"potentialAction\":[{\"@type\":\"SearchAction\",\"target\":{\"@type\":\"EntryPoint\",\"urlTemplate\":\"https:\/\/aprepro.org.br\/conbrepro\/?s={search_term_string}\"},\"query-input\":{\"@type\":\"PropertyValueSpecification\",\"valueRequired\":true,\"valueName\":\"search_term_string\"}}],\"inLanguage\":\"pt-BR\"},{\"@type\":\"Organization\",\"@id\":\"https:\/\/aprepro.org.br\/conbrepro\/#organization\",\"name\":\"CONBREPRO 2022 - XII Congresso Brasileiro de Engenharia de Produ\u00e7\u00e3o - \u201cESG nas Engenharias\u201d\",\"url\":\"https:\/\/aprepro.org.br\/conbrepro\/\",\"logo\":{\"@type\":\"ImageObject\",\"inLanguage\":\"pt-BR\",\"@id\":\"https:\/\/aprepro.org.br\/conbrepro\/#\/schema\/logo\/image\/\",\"url\":\"https:\/\/aprepro.org.br\/conbrepro\/wp-content\/uploads\/2022\/07\/XII_CONBREPRO_BANNER-3.jpg\",\"contentUrl\":\"https:\/\/aprepro.org.br\/conbrepro\/wp-content\/uploads\/2022\/07\/XII_CONBREPRO_BANNER-3.jpg\",\"width\":1200,\"height\":533,\"caption\":\"CONBREPRO 2022 - XII Congresso Brasileiro de Engenharia de Produ\u00e7\u00e3o - \u201cESG nas Engenharias\u201d\"},\"image\":{\"@id\":\"https:\/\/aprepro.org.br\/conbrepro\/#\/schema\/logo\/image\/\"},\"sameAs\":[\"https:\/\/www.facebook.com\/aprepro.conbrepro\/\"]}]}<\/script>\n<!-- \/ Yoast SEO plugin. -->","yoast_head_json":{"title":"Informa\u00e7\u00f5es Gerais - ConBRepro","robots":{"index":"index","follow":"follow","max-snippet":"max-snippet:-1","max-image-preview":"max-image-preview:large","max-video-preview":"max-video-preview:-1"},"canonical":"https:\/\/aprepro.org.br\/conbrepro\/informacoes-gerais\/","og_locale":"pt_BR","og_type":"article","og_title":"Informa\u00e7\u00f5es Gerais - ConBRepro","og_description":"INFORMA\u00c7\u00d5ES IMPORTANTES N\u00e3o haver\u00e1 a cobran\u00e7a da taxa de submiss\u00e3o de artigos, o envio \u00e9 gratuito. A APREPRO n\u00e3o restituir\u00e1 o valor PAGO referente a INSCRI\u00c7\u00c3O do CONBREPRO. Para a publica\u00e7\u00e3o do artigo nos anais eletr\u00f4nico (ISSN: 2237-6143) do CONBREPRO \u00e9 preciso que o artigo seja\u00a0aprovado pelo Comit\u00ea Avaliador (REVISORES AD HOC); Ser\u00e1 considerado como &hellip; Informa\u00e7\u00f5es Gerais Read More &raquo;","og_url":"https:\/\/aprepro.org.br\/conbrepro\/informacoes-gerais\/","og_site_name":"ConBRepro","article_publisher":"https:\/\/www.facebook.com\/aprepro.conbrepro\/","article_modified_time":"2021-07-02T14:48:12+00:00","twitter_card":"summary_large_image","twitter_misc":{"Est. reading time":"1 minuto"},"schema":{"@context":"https:\/\/schema.org","@graph":[{"@type":"WebPage","@id":"https:\/\/aprepro.org.br\/conbrepro\/informacoes-gerais\/","url":"https:\/\/aprepro.org.br\/conbrepro\/informacoes-gerais\/","name":"Informa\u00e7\u00f5es Gerais - ConBRepro","isPartOf":{"@id":"https:\/\/aprepro.org.br\/conbrepro\/#website"},"datePublished":"2019-06-28T11:24:56+00:00","dateModified":"2021-07-02T14:48:12+00:00","breadcrumb":{"@id":"https:\/\/aprepro.org.br\/conbrepro\/informacoes-gerais\/#breadcrumb"},"inLanguage":"pt-BR","potentialAction":[{"@type":"ReadAction","target":["https:\/\/aprepro.org.br\/conbrepro\/informacoes-gerais\/"]}]},{"@type":"BreadcrumbList","@id":"https:\/\/aprepro.org.br\/conbrepro\/informacoes-gerais\/#breadcrumb","itemListElement":[{"@type":"ListItem","position":1,"name":"Home","item":"https:\/\/aprepro.org.br\/conbrepro\/"},{"@type":"ListItem","position":2,"name":"Informa\u00e7\u00f5es Gerais"}]},{"@type":"WebSite","@id":"https:\/\/aprepro.org.br\/conbrepro\/#website","url":"https:\/\/aprepro.org.br\/conbrepro\/","name":"ConBRepro","description":"XV Congresso Brasileiro de Engenharia de Produ\u00e7\u00e3o","publisher":{"@id":"https:\/\/aprepro.org.br\/conbrepro\/#organization"},"potentialAction":[{"@type":"SearchAction","target":{"@type":"EntryPoint","urlTemplate":"https:\/\/aprepro.org.br\/conbrepro\/?s={search_term_string}"},"query-input":{"@type":"PropertyValueSpecification","valueRequired":true,"valueName":"search_term_string"}}],"inLanguage":"pt-BR"},{"@type":"Organization","@id":"https:\/\/aprepro.org.br\/conbrepro\/#organization","name":"CONBREPRO 2022 - XII Congresso Brasileiro de Engenharia de Produ\u00e7\u00e3o - \u201cESG nas Engenharias\u201d","url":"https:\/\/aprepro.org.br\/conbrepro\/","logo":{"@type":"ImageObject","inLanguage":"pt-BR","@id":"https:\/\/aprepro.org.br\/conbrepro\/#\/schema\/logo\/image\/","url":"https:\/\/aprepro.org.br\/conbrepro\/wp-content\/uploads\/2022\/07\/XII_CONBREPRO_BANNER-3.jpg","contentUrl":"https:\/\/aprepro.org.br\/conbrepro\/wp-content\/uploads\/2022\/07\/XII_CONBREPRO_BANNER-3.jpg","width":1200,"height":533,"caption":"CONBREPRO 2022 - XII Congresso Brasileiro de Engenharia de Produ\u00e7\u00e3o - \u201cESG nas Engenharias\u201d"},"image":{"@id":"https:\/\/aprepro.org.br\/conbrepro\/#\/schema\/logo\/image\/"},"sameAs":["https:\/\/www.facebook.com\/aprepro.conbrepro\/"]}]}},"_links":{"self":[{"href":"https:\/\/aprepro.org.br\/conbrepro\/wp-json\/wp\/v2\/pages\/48","targetHints":{"allow":["GET"]}}],"collection":[{"href":"https:\/\/aprepro.org.br\/conbrepro\/wp-json\/wp\/v2\/pages"}],"about":[{"href":"https:\/\/aprepro.org.br\/conbrepro\/wp-json\/wp\/v2\/types\/page"}],"author":[{"embeddable":true,"href":"https:\/\/aprepro.org.br\/conbrepro\/wp-json\/wp\/v2\/users\/1"}],"replies":[{"embeddable":true,"href":"https:\/\/aprepro.org.br\/conbrepro\/wp-json\/wp\/v2\/comments?post=48"}],"version-history":[{"count":9,"href":"https:\/\/aprepro.org.br\/conbrepro\/wp-json\/wp\/v2\/pages\/48\/revisions"}],"predecessor-version":[{"id":1272,"href":"https:\/\/aprepro.org.br\/conbrepro\/wp-json\/wp\/v2\/pages\/48\/revisions\/1272"}],"wp:attachment":[{"href":"https:\/\/aprepro.org.br\/conbrepro\/wp-json\/wp\/v2\/media?parent=48"}],"curies":[{"name":"wp","href":"https:\/\/api.w.org\/{rel}","templated":true}]}}