{"id":47,"date":"2019-06-28T11:26:04","date_gmt":"2019-06-28T11:26:04","guid":{"rendered":"https:\/\/aprepro.org.br\/conbrepro\/2020\/?page_id=47"},"modified":"2024-08-08T14:26:23","modified_gmt":"2024-08-08T14:26:23","slug":"edicoes-anteriores","status":"publish","type":"page","link":"https:\/\/aprepro.org.br\/conbrepro\/edicoes-anteriores\/","title":{"rendered":"Edi\u00e7\u00f5es Anteriores"},"content":{"rendered":"\t\t<div data-elementor-type=\"wp-page\" data-elementor-id=\"47\" class=\"elementor elementor-47\" data-elementor-post-type=\"page\">\n\t\t\t\t\t\t<section class=\"elementor-section elementor-top-section elementor-element elementor-element-25cd0d9f elementor-section-boxed elementor-section-height-default elementor-section-height-default\" data-id=\"25cd0d9f\" data-element_type=\"section\">\n\t\t\t\t\t\t<div class=\"elementor-container elementor-column-gap-default\">\n\t\t\t\t\t<div class=\"elementor-column elementor-col-100 elementor-top-column elementor-element elementor-element-2c732b9b\" data-id=\"2c732b9b\" data-element_type=\"column\">\n\t\t\t<div class=\"elementor-widget-wrap elementor-element-populated\">\n\t\t\t\t\t\t<div class=\"elementor-element elementor-element-3f437945 elementor-widget elementor-widget-text-editor\" data-id=\"3f437945\" data-element_type=\"widget\" data-widget_type=\"text-editor.default\">\n\t\t\t\t<div class=\"elementor-widget-container\">\n\t\t\t\t\t\t\t\t\t<p><\/p>\n<p style=\"box-sizing: border-box; border: 0px; font-size: 15px; font-style: normal; font-weight: 400; margin: 0px 0px 1.75em; outline: 0px; padding: 0px; vertical-align: baseline; color: #7a7a7a; font-family: Roboto, sans-serif; font-variant-ligatures: normal; font-variant-caps: normal; letter-spacing: normal; orphans: 2; text-align: start; text-indent: 0px; text-transform: none; white-space: normal; widows: 2; word-spacing: 0px; -webkit-text-stroke-width: 0px; background-color: #ffffff; text-decoration-thickness: initial; text-decoration-style: initial; text-decoration-color: initial;\"><a style=\"box-sizing: border-box; border: 0px; font-size: 15px; font-style: inherit; font-weight: inherit; margin: 0px; outline: 0px; padding: 0px; vertical-align: baseline; background-color: transparent; text-decoration: none; color: #0274be; transition: all 0.2s linear 0s; box-shadow: none;\" href=\"https:\/\/aprepro.org.br\/conbrepro\/anais\/2023\">Anais CONBREPRO 2023 &#8211; IA nas Engenharias<\/a><\/p>\n<p><a style=\"box-sizing: border-box; border: 0px; font-size: 15px; font-style: inherit; font-weight: inherit; margin: 0px; outline: 0px; padding: 0px; vertical-align: baseline; background-color: transparent; text-decoration: none; color: #0274be; transition: all 0.2s linear 0s; box-shadow: none;\" href=\"https:\/\/aprepro.org.br\/conbrepro\/anais\/\">Anais CONBREPRO 2022 &#8211; ESG nas Engenharias<\/a><\/p>\n<p style=\"box-sizing: border-box; border: 0px; font-size: 15px; font-style: normal; font-weight: 400; margin: 0px 0px 1.75em; outline: 0px; padding: 0px; vertical-align: baseline; color: #7a7a7a; font-family: Roboto, sans-serif; font-variant-ligatures: normal; font-variant-caps: normal; letter-spacing: normal; orphans: 2; text-align: start; text-indent: 0px; text-transform: none; white-space: normal; widows: 2; word-spacing: 0px; -webkit-text-stroke-width: 0px; background-color: #ffffff; text-decoration-thickness: initial; text-decoration-style: initial; text-decoration-color: initial;\"><a style=\"box-sizing: border-box; border: 0px; font-size: 15px; font-style: inherit; font-weight: inherit; margin: 0px; outline: 0px; padding: 0px; vertical-align: baseline; background-color: transparent; text-decoration: none; color: #0274be; transition: all 0.2s linear 0s; box-shadow: none;\" href=\"https:\/\/aprepro.org.br\/conbrepro\/2021\/anais\/\">Anais CONBREPRO 2021 &#8211; Engenharias nas Cidades Inteligentes<\/a><\/p>\n<p><a href=\"https:\/\/aprepro.org.br\/conbrepro\/2020\/anais\/\">Anais CONBREPRO 2020 &#8211; As Engenharias na Sa\u00fade<\/a><\/p>\n<p><\/p>\n<p><a href=\"https:\/\/aprepro.org.br\/conbrepro\/2019\/anais\/\">Anais CONBREPRO 2019 &#8211; Engenharia na Ind\u00fastria da Bebida<\/a><\/p>\n<p><\/p>\n<p><a href=\"http:\/\/anteriores.aprepro.org.br\/conbrepro\/2018\/anais.php\">Anais CONBREPRO 2018 &#8211; As Engenharias e a Ind\u00fastria 4.0<\/a><\/p>\n<p><\/p>\n<p><a href=\"http:\/\/anteriores.aprepro.org.br\/conbrepro\/2017\/anais.php\">Anais CONBREPRO 2017 &#8211; Engenharia na Ind\u00fastria Aliment\u00edcia<\/a><\/p>\n<p><\/p>\n<p><a href=\"http:\/\/anteriores.aprepro.org.br\/conbrepro\/2016\/anais2016.php\">Anais CONBREPRO 2016 &#8211; Engenharia de Desenvolvimento de Produto<\/a><\/p>\n<p><\/p>\n<p><a href=\"http:\/anteriores.aprepro.org.br\/conbrepro\/2015\/anais2015.php\">Anais CONBREPRO 2015 &#8211; Engenharias para Sustentabilidade Industrial<\/a><\/p>\n<p><\/p>\n<p><a href=\"http:\/\/anteriores.aprepro.org.br\/conbrepro\/2014\/anais\/\">Anais CONBREPRO 2014 &#8211; Engenharias na Ind\u00fastria de Embalagens<\/a><\/p>\n<p><\/p>\n<p><a href=\"http:\/\/anteriores.aprepro.org.br\/conbrepro\/2013\/anais\/\">Anais CONBREPRO 2013 &#8211; Engenharias no Setor Automotivo<\/a><\/p>\n<p><\/p>\n<p><a href=\"http:\/\/anteriores.aprepro.org.br\/conbrepro\/2012\/anais\/\">Anais CONBREPRO 2012 &#8211; Gest\u00e3o do Conhecimento nas Engenharias<\/a><\/p>\n<p><\/p>\n<p><a href=\"http:\/\/anteriores.aprepro.org.br\/conbrepro\/2011\/anais\/\">Anais CONBREPRO 2011 &#8211; Inova\u00e7\u00e3o e Tecnologias nas Engenharias<\/a><\/p>\n<p><\/p>\t\t\t\t\t\t\t\t<\/div>\n\t\t\t\t<\/div>\n\t\t\t\t\t<\/div>\n\t\t<\/div>\n\t\t\t\t\t<\/div>\n\t\t<\/section>\n\t\t\t\t<\/div>\n\t\t","protected":false},"excerpt":{"rendered":"<p>Anais CONBREPRO 2023 &#8211; IA nas Engenharias Anais CONBREPRO 2022 &#8211; ESG nas Engenharias Anais CONBREPRO 2021 &#8211; Engenharias nas Cidades Inteligentes Anais CONBREPRO 2020 &#8211; As Engenharias na Sa\u00fade Anais CONBREPRO 2019 &#8211; Engenharia na Ind\u00fastria da Bebida Anais CONBREPRO 2018 &#8211; As Engenharias e a Ind\u00fastria 4.0 Anais CONBREPRO 2017 &#8211; Engenharia na &hellip;<\/p>\n<p class=\"read-more\"> <a class=\"\" href=\"https:\/\/aprepro.org.br\/conbrepro\/edicoes-anteriores\/\"> <span class=\"screen-reader-text\">Edi\u00e7\u00f5es Anteriores<\/span> Read More &raquo;<\/a><\/p>\n","protected":false},"author":1,"featured_media":0,"parent":0,"menu_order":0,"comment_status":"closed","ping_status":"closed","template":"elementor_header_footer","meta":{"pagelayer_contact_templates":[],"_pagelayer_content":"","_monsterinsights_skip_tracking":false,"_monsterinsights_sitenote_active":false,"_monsterinsights_sitenote_note":"","_monsterinsights_sitenote_category":0,"footnotes":""},"class_list":["post-47","page","type-page","status-publish","hentry"],"yoast_head":"<!-- This site is optimized with the Yoast SEO plugin v25.7 - https:\/\/yoast.com\/wordpress\/plugins\/seo\/ -->\n<title>Edi\u00e7\u00f5es Anteriores - ConBRepro<\/title>\n<meta name=\"robots\" content=\"index, follow, max-snippet:-1, max-image-preview:large, max-video-preview:-1\" \/>\n<link rel=\"canonical\" href=\"https:\/\/aprepro.org.br\/conbrepro\/edicoes-anteriores\/\" \/>\n<meta property=\"og:locale\" content=\"pt_BR\" \/>\n<meta property=\"og:type\" content=\"article\" \/>\n<meta property=\"og:title\" content=\"Edi\u00e7\u00f5es Anteriores - ConBRepro\" \/>\n<meta property=\"og:description\" content=\"Anais CONBREPRO 2023 &#8211; IA nas Engenharias Anais CONBREPRO 2022 &#8211; ESG nas Engenharias Anais CONBREPRO 2021 &#8211; Engenharias nas Cidades Inteligentes Anais CONBREPRO 2020 &#8211; As Engenharias na Sa\u00fade Anais CONBREPRO 2019 &#8211; Engenharia na Ind\u00fastria da Bebida Anais CONBREPRO 2018 &#8211; As Engenharias e a Ind\u00fastria 4.0 Anais CONBREPRO 2017 &#8211; Engenharia na &hellip; Edi\u00e7\u00f5es Anteriores Read More &raquo;\" \/>\n<meta property=\"og:url\" content=\"https:\/\/aprepro.org.br\/conbrepro\/edicoes-anteriores\/\" \/>\n<meta property=\"og:site_name\" content=\"ConBRepro\" \/>\n<meta property=\"article:publisher\" content=\"https:\/\/www.facebook.com\/aprepro.conbrepro\/\" \/>\n<meta property=\"article:modified_time\" content=\"2024-08-08T14:26:23+00:00\" \/>\n<meta name=\"twitter:card\" content=\"summary_large_image\" \/>\n<meta name=\"twitter:label1\" content=\"Est. reading time\" \/>\n\t<meta name=\"twitter:data1\" content=\"1 minuto\" \/>\n<script type=\"application\/ld+json\" class=\"yoast-schema-graph\">{\"@context\":\"https:\/\/schema.org\",\"@graph\":[{\"@type\":\"WebPage\",\"@id\":\"https:\/\/aprepro.org.br\/conbrepro\/edicoes-anteriores\/\",\"url\":\"https:\/\/aprepro.org.br\/conbrepro\/edicoes-anteriores\/\",\"name\":\"Edi\u00e7\u00f5es Anteriores - ConBRepro\",\"isPartOf\":{\"@id\":\"https:\/\/aprepro.org.br\/conbrepro\/#website\"},\"datePublished\":\"2019-06-28T11:26:04+00:00\",\"dateModified\":\"2024-08-08T14:26:23+00:00\",\"breadcrumb\":{\"@id\":\"https:\/\/aprepro.org.br\/conbrepro\/edicoes-anteriores\/#breadcrumb\"},\"inLanguage\":\"pt-BR\",\"potentialAction\":[{\"@type\":\"ReadAction\",\"target\":[\"https:\/\/aprepro.org.br\/conbrepro\/edicoes-anteriores\/\"]}]},{\"@type\":\"BreadcrumbList\",\"@id\":\"https:\/\/aprepro.org.br\/conbrepro\/edicoes-anteriores\/#breadcrumb\",\"itemListElement\":[{\"@type\":\"ListItem\",\"position\":1,\"name\":\"Home\",\"item\":\"https:\/\/aprepro.org.br\/conbrepro\/\"},{\"@type\":\"ListItem\",\"position\":2,\"name\":\"Edi\u00e7\u00f5es Anteriores\"}]},{\"@type\":\"WebSite\",\"@id\":\"https:\/\/aprepro.org.br\/conbrepro\/#website\",\"url\":\"https:\/\/aprepro.org.br\/conbrepro\/\",\"name\":\"ConBRepro\",\"description\":\"XV Congresso Brasileiro de Engenharia de Produ\u00e7\u00e3o\",\"publisher\":{\"@id\":\"https:\/\/aprepro.org.br\/conbrepro\/#organization\"},\"potentialAction\":[{\"@type\":\"SearchAction\",\"target\":{\"@type\":\"EntryPoint\",\"urlTemplate\":\"https:\/\/aprepro.org.br\/conbrepro\/?s={search_term_string}\"},\"query-input\":{\"@type\":\"PropertyValueSpecification\",\"valueRequired\":true,\"valueName\":\"search_term_string\"}}],\"inLanguage\":\"pt-BR\"},{\"@type\":\"Organization\",\"@id\":\"https:\/\/aprepro.org.br\/conbrepro\/#organization\",\"name\":\"CONBREPRO 2022 - XII Congresso Brasileiro de Engenharia de Produ\u00e7\u00e3o - \u201cESG nas Engenharias\u201d\",\"url\":\"https:\/\/aprepro.org.br\/conbrepro\/\",\"logo\":{\"@type\":\"ImageObject\",\"inLanguage\":\"pt-BR\",\"@id\":\"https:\/\/aprepro.org.br\/conbrepro\/#\/schema\/logo\/image\/\",\"url\":\"https:\/\/aprepro.org.br\/conbrepro\/wp-content\/uploads\/2022\/07\/XII_CONBREPRO_BANNER-3.jpg\",\"contentUrl\":\"https:\/\/aprepro.org.br\/conbrepro\/wp-content\/uploads\/2022\/07\/XII_CONBREPRO_BANNER-3.jpg\",\"width\":1200,\"height\":533,\"caption\":\"CONBREPRO 2022 - XII Congresso Brasileiro de Engenharia de Produ\u00e7\u00e3o - \u201cESG nas Engenharias\u201d\"},\"image\":{\"@id\":\"https:\/\/aprepro.org.br\/conbrepro\/#\/schema\/logo\/image\/\"},\"sameAs\":[\"https:\/\/www.facebook.com\/aprepro.conbrepro\/\"]}]}<\/script>\n<!-- \/ Yoast SEO plugin. -->","yoast_head_json":{"title":"Edi\u00e7\u00f5es Anteriores - ConBRepro","robots":{"index":"index","follow":"follow","max-snippet":"max-snippet:-1","max-image-preview":"max-image-preview:large","max-video-preview":"max-video-preview:-1"},"canonical":"https:\/\/aprepro.org.br\/conbrepro\/edicoes-anteriores\/","og_locale":"pt_BR","og_type":"article","og_title":"Edi\u00e7\u00f5es Anteriores - ConBRepro","og_description":"Anais CONBREPRO 2023 &#8211; IA nas Engenharias Anais CONBREPRO 2022 &#8211; ESG nas Engenharias Anais CONBREPRO 2021 &#8211; Engenharias nas Cidades Inteligentes Anais CONBREPRO 2020 &#8211; As Engenharias na Sa\u00fade Anais CONBREPRO 2019 &#8211; Engenharia na Ind\u00fastria da Bebida Anais CONBREPRO 2018 &#8211; As Engenharias e a Ind\u00fastria 4.0 Anais CONBREPRO 2017 &#8211; Engenharia na &hellip; Edi\u00e7\u00f5es Anteriores Read More &raquo;","og_url":"https:\/\/aprepro.org.br\/conbrepro\/edicoes-anteriores\/","og_site_name":"ConBRepro","article_publisher":"https:\/\/www.facebook.com\/aprepro.conbrepro\/","article_modified_time":"2024-08-08T14:26:23+00:00","twitter_card":"summary_large_image","twitter_misc":{"Est. reading time":"1 minuto"},"schema":{"@context":"https:\/\/schema.org","@graph":[{"@type":"WebPage","@id":"https:\/\/aprepro.org.br\/conbrepro\/edicoes-anteriores\/","url":"https:\/\/aprepro.org.br\/conbrepro\/edicoes-anteriores\/","name":"Edi\u00e7\u00f5es Anteriores - ConBRepro","isPartOf":{"@id":"https:\/\/aprepro.org.br\/conbrepro\/#website"},"datePublished":"2019-06-28T11:26:04+00:00","dateModified":"2024-08-08T14:26:23+00:00","breadcrumb":{"@id":"https:\/\/aprepro.org.br\/conbrepro\/edicoes-anteriores\/#breadcrumb"},"inLanguage":"pt-BR","potentialAction":[{"@type":"ReadAction","target":["https:\/\/aprepro.org.br\/conbrepro\/edicoes-anteriores\/"]}]},{"@type":"BreadcrumbList","@id":"https:\/\/aprepro.org.br\/conbrepro\/edicoes-anteriores\/#breadcrumb","itemListElement":[{"@type":"ListItem","position":1,"name":"Home","item":"https:\/\/aprepro.org.br\/conbrepro\/"},{"@type":"ListItem","position":2,"name":"Edi\u00e7\u00f5es Anteriores"}]},{"@type":"WebSite","@id":"https:\/\/aprepro.org.br\/conbrepro\/#website","url":"https:\/\/aprepro.org.br\/conbrepro\/","name":"ConBRepro","description":"XV Congresso Brasileiro de Engenharia de Produ\u00e7\u00e3o","publisher":{"@id":"https:\/\/aprepro.org.br\/conbrepro\/#organization"},"potentialAction":[{"@type":"SearchAction","target":{"@type":"EntryPoint","urlTemplate":"https:\/\/aprepro.org.br\/conbrepro\/?s={search_term_string}"},"query-input":{"@type":"PropertyValueSpecification","valueRequired":true,"valueName":"search_term_string"}}],"inLanguage":"pt-BR"},{"@type":"Organization","@id":"https:\/\/aprepro.org.br\/conbrepro\/#organization","name":"CONBREPRO 2022 - XII Congresso Brasileiro de Engenharia de Produ\u00e7\u00e3o - \u201cESG nas Engenharias\u201d","url":"https:\/\/aprepro.org.br\/conbrepro\/","logo":{"@type":"ImageObject","inLanguage":"pt-BR","@id":"https:\/\/aprepro.org.br\/conbrepro\/#\/schema\/logo\/image\/","url":"https:\/\/aprepro.org.br\/conbrepro\/wp-content\/uploads\/2022\/07\/XII_CONBREPRO_BANNER-3.jpg","contentUrl":"https:\/\/aprepro.org.br\/conbrepro\/wp-content\/uploads\/2022\/07\/XII_CONBREPRO_BANNER-3.jpg","width":1200,"height":533,"caption":"CONBREPRO 2022 - XII Congresso Brasileiro de Engenharia de Produ\u00e7\u00e3o - \u201cESG nas Engenharias\u201d"},"image":{"@id":"https:\/\/aprepro.org.br\/conbrepro\/#\/schema\/logo\/image\/"},"sameAs":["https:\/\/www.facebook.com\/aprepro.conbrepro\/"]}]}},"_links":{"self":[{"href":"https:\/\/aprepro.org.br\/conbrepro\/wp-json\/wp\/v2\/pages\/47","targetHints":{"allow":["GET"]}}],"collection":[{"href":"https:\/\/aprepro.org.br\/conbrepro\/wp-json\/wp\/v2\/pages"}],"about":[{"href":"https:\/\/aprepro.org.br\/conbrepro\/wp-json\/wp\/v2\/types\/page"}],"author":[{"embeddable":true,"href":"https:\/\/aprepro.org.br\/conbrepro\/wp-json\/wp\/v2\/users\/1"}],"replies":[{"embeddable":true,"href":"https:\/\/aprepro.org.br\/conbrepro\/wp-json\/wp\/v2\/comments?post=47"}],"version-history":[{"count":28,"href":"https:\/\/aprepro.org.br\/conbrepro\/wp-json\/wp\/v2\/pages\/47\/revisions"}],"predecessor-version":[{"id":2087,"href":"https:\/\/aprepro.org.br\/conbrepro\/wp-json\/wp\/v2\/pages\/47\/revisions\/2087"}],"wp:attachment":[{"href":"https:\/\/aprepro.org.br\/conbrepro\/wp-json\/wp\/v2\/media?parent=47"}],"curies":[{"name":"wp","href":"https:\/\/api.w.org\/{rel}","templated":true}]}}