{"id":45,"date":"2019-06-28T11:24:07","date_gmt":"2019-06-28T11:24:07","guid":{"rendered":"https:\/\/aprepro.org.br\/conbrepro\/2020\/?page_id=45"},"modified":"2025-11-17T13:58:58","modified_gmt":"2025-11-17T16:58:58","slug":"apresentacao-oral-modelo","status":"publish","type":"page","link":"https:\/\/aprepro.org.br\/conbrepro\/apresentacao-oral-modelo\/","title":{"rendered":"Apresenta\u00e7\u00e3o Digital"},"content":{"rendered":"\t\t<div data-elementor-type=\"wp-page\" data-elementor-id=\"45\" class=\"elementor elementor-45\" data-elementor-post-type=\"page\">\n\t\t\t\t\t\t<section class=\"elementor-section elementor-top-section elementor-element elementor-element-41e550de elementor-section-boxed elementor-section-height-default elementor-section-height-default\" data-id=\"41e550de\" data-element_type=\"section\">\n\t\t\t\t\t\t<div class=\"elementor-container elementor-column-gap-default\">\n\t\t\t\t\t<div class=\"elementor-column elementor-col-100 elementor-top-column elementor-element elementor-element-7f9ca35e\" data-id=\"7f9ca35e\" data-element_type=\"column\">\n\t\t\t<div class=\"elementor-widget-wrap elementor-element-populated\">\n\t\t\t\t\t\t<div class=\"elementor-element elementor-element-6371e910 elementor-widget elementor-widget-text-editor\" data-id=\"6371e910\" data-element_type=\"widget\" data-widget_type=\"text-editor.default\">\n\t\t\t\t<div class=\"elementor-widget-container\">\n\t\t\t\t\t\t\t\t\t<h1>Apresenta\u00e7\u00e3o Digital<\/h1>\n<p>\u00c9 necess\u00e1rio que ao menos um dos autores esteja presente para discutir e apresentar o artigo no evento. Se mais de um autor estiver presente, todos poder\u00e3o fazer a apresenta\u00e7\u00e3o. Vale ressaltar que o link de acesso a plataforma \u00e9 individual e pessoas n\u00e3o inscritas no CONBREPRO n\u00e3o ter\u00e3o acesso as atividades.<\/p>\n<p>As apresenta\u00e7\u00f5es est\u00e3o previstas com 15-20 minutos de dura\u00e7\u00e3o (10-15 minutos para a apresenta\u00e7\u00e3o e 5 minutos para debate).<\/p>\n<p>As apresenta\u00e7\u00f5es devem ser feitas em Power Point 2003 ou superior (fique atento para salvar em uma vers\u00e3o compat\u00edvel).<\/p>\n<p>A apresenta\u00e7\u00e3o deve ser estruturada em:<\/p>\n<ul>\n<li>Introdu\u00e7\u00e3o<\/li>\n<li>Objetivos<\/li>\n<li>Metodologia<\/li>\n<li>Revis\u00e3o bibliogr\u00e1fica<\/li>\n<li>Resultados e discuss\u00e3o<\/li>\n<li>Considera\u00e7\u00f5es finais<\/li>\n<li>Refer\u00eancias bibliogr\u00e1ficas<\/li>\n<\/ul>\n<p><!-- \/wp:paragraph --><!-- wp:paragraph {\"customTextColor\":\"#04267c\",\"customBackgroundColor\":\"#08f2ea\"} --><\/p>\n<p class=\"has-text-color has-background\" style=\"background-color: #08f2ea; color: #04267c;\"><strong>Baixe o modelo de Slides para apresenta\u00e7\u00e3o oral. <span style=\"color: #000080;\"><a href=\"https:\/\/aprepro.org.br\/conbrepro\/wp-content\/uploads\/2025\/11\/Modelo_slides-2025.pptx\">CLIQUE AQUI<\/a>!<\/span><\/strong><\/p>\n<p><!-- \/wp:paragraph --><\/p>\t\t\t\t\t\t\t\t<\/div>\n\t\t\t\t<\/div>\n\t\t\t\t\t<\/div>\n\t\t<\/div>\n\t\t\t\t\t<\/div>\n\t\t<\/section>\n\t\t\t\t<\/div>\n\t\t","protected":false},"excerpt":{"rendered":"<p>Apresenta\u00e7\u00e3o Digital \u00c9 necess\u00e1rio que ao menos um dos autores esteja presente para discutir e apresentar o artigo no evento. Se mais de um autor estiver presente, todos poder\u00e3o fazer a apresenta\u00e7\u00e3o. Vale ressaltar que o link de acesso a plataforma \u00e9 individual e pessoas n\u00e3o inscritas no CONBREPRO n\u00e3o ter\u00e3o acesso as atividades. As &hellip;<\/p>\n<p class=\"read-more\"> <a class=\"\" href=\"https:\/\/aprepro.org.br\/conbrepro\/apresentacao-oral-modelo\/\"> <span class=\"screen-reader-text\">Apresenta\u00e7\u00e3o Digital<\/span> Read More &raquo;<\/a><\/p>\n","protected":false},"author":1,"featured_media":0,"parent":0,"menu_order":0,"comment_status":"closed","ping_status":"closed","template":"","meta":{"pagelayer_contact_templates":[],"_pagelayer_content":"","_monsterinsights_skip_tracking":false,"_monsterinsights_sitenote_active":false,"_monsterinsights_sitenote_note":"","_monsterinsights_sitenote_category":0,"footnotes":""},"class_list":["post-45","page","type-page","status-publish","hentry"],"yoast_head":"<!-- This site is optimized with the Yoast SEO plugin v25.7 - https:\/\/yoast.com\/wordpress\/plugins\/seo\/ -->\n<title>Apresenta\u00e7\u00e3o Digital - ConBRepro<\/title>\n<meta name=\"robots\" content=\"index, follow, max-snippet:-1, max-image-preview:large, max-video-preview:-1\" \/>\n<link rel=\"canonical\" href=\"https:\/\/aprepro.org.br\/conbrepro\/apresentacao-oral-modelo\/\" \/>\n<meta property=\"og:locale\" content=\"pt_BR\" \/>\n<meta property=\"og:type\" content=\"article\" \/>\n<meta property=\"og:title\" content=\"Apresenta\u00e7\u00e3o Digital - ConBRepro\" \/>\n<meta property=\"og:description\" content=\"Apresenta\u00e7\u00e3o Digital \u00c9 necess\u00e1rio que ao menos um dos autores esteja presente para discutir e apresentar o artigo no evento. Se mais de um autor estiver presente, todos poder\u00e3o fazer a apresenta\u00e7\u00e3o. Vale ressaltar que o link de acesso a plataforma \u00e9 individual e pessoas n\u00e3o inscritas no CONBREPRO n\u00e3o ter\u00e3o acesso as atividades. As &hellip; Apresenta\u00e7\u00e3o Digital Read More &raquo;\" \/>\n<meta property=\"og:url\" content=\"https:\/\/aprepro.org.br\/conbrepro\/apresentacao-oral-modelo\/\" \/>\n<meta property=\"og:site_name\" content=\"ConBRepro\" \/>\n<meta property=\"article:publisher\" content=\"https:\/\/www.facebook.com\/aprepro.conbrepro\/\" \/>\n<meta property=\"article:modified_time\" content=\"2025-11-17T16:58:58+00:00\" \/>\n<meta name=\"twitter:card\" content=\"summary_large_image\" \/>\n<meta name=\"twitter:label1\" content=\"Est. reading time\" \/>\n\t<meta name=\"twitter:data1\" content=\"1 minuto\" \/>\n<script type=\"application\/ld+json\" class=\"yoast-schema-graph\">{\"@context\":\"https:\/\/schema.org\",\"@graph\":[{\"@type\":\"WebPage\",\"@id\":\"https:\/\/aprepro.org.br\/conbrepro\/apresentacao-oral-modelo\/\",\"url\":\"https:\/\/aprepro.org.br\/conbrepro\/apresentacao-oral-modelo\/\",\"name\":\"Apresenta\u00e7\u00e3o Digital - ConBRepro\",\"isPartOf\":{\"@id\":\"https:\/\/aprepro.org.br\/conbrepro\/#website\"},\"datePublished\":\"2019-06-28T11:24:07+00:00\",\"dateModified\":\"2025-11-17T16:58:58+00:00\",\"breadcrumb\":{\"@id\":\"https:\/\/aprepro.org.br\/conbrepro\/apresentacao-oral-modelo\/#breadcrumb\"},\"inLanguage\":\"pt-BR\",\"potentialAction\":[{\"@type\":\"ReadAction\",\"target\":[\"https:\/\/aprepro.org.br\/conbrepro\/apresentacao-oral-modelo\/\"]}]},{\"@type\":\"BreadcrumbList\",\"@id\":\"https:\/\/aprepro.org.br\/conbrepro\/apresentacao-oral-modelo\/#breadcrumb\",\"itemListElement\":[{\"@type\":\"ListItem\",\"position\":1,\"name\":\"Home\",\"item\":\"https:\/\/aprepro.org.br\/conbrepro\/\"},{\"@type\":\"ListItem\",\"position\":2,\"name\":\"Apresenta\u00e7\u00e3o Digital\"}]},{\"@type\":\"WebSite\",\"@id\":\"https:\/\/aprepro.org.br\/conbrepro\/#website\",\"url\":\"https:\/\/aprepro.org.br\/conbrepro\/\",\"name\":\"ConBRepro\",\"description\":\"XV Congresso Brasileiro de Engenharia de Produ\u00e7\u00e3o\",\"publisher\":{\"@id\":\"https:\/\/aprepro.org.br\/conbrepro\/#organization\"},\"potentialAction\":[{\"@type\":\"SearchAction\",\"target\":{\"@type\":\"EntryPoint\",\"urlTemplate\":\"https:\/\/aprepro.org.br\/conbrepro\/?s={search_term_string}\"},\"query-input\":{\"@type\":\"PropertyValueSpecification\",\"valueRequired\":true,\"valueName\":\"search_term_string\"}}],\"inLanguage\":\"pt-BR\"},{\"@type\":\"Organization\",\"@id\":\"https:\/\/aprepro.org.br\/conbrepro\/#organization\",\"name\":\"CONBREPRO 2022 - XII Congresso Brasileiro de Engenharia de Produ\u00e7\u00e3o - \u201cESG nas Engenharias\u201d\",\"url\":\"https:\/\/aprepro.org.br\/conbrepro\/\",\"logo\":{\"@type\":\"ImageObject\",\"inLanguage\":\"pt-BR\",\"@id\":\"https:\/\/aprepro.org.br\/conbrepro\/#\/schema\/logo\/image\/\",\"url\":\"https:\/\/aprepro.org.br\/conbrepro\/wp-content\/uploads\/2022\/07\/XII_CONBREPRO_BANNER-3.jpg\",\"contentUrl\":\"https:\/\/aprepro.org.br\/conbrepro\/wp-content\/uploads\/2022\/07\/XII_CONBREPRO_BANNER-3.jpg\",\"width\":1200,\"height\":533,\"caption\":\"CONBREPRO 2022 - XII Congresso Brasileiro de Engenharia de Produ\u00e7\u00e3o - \u201cESG nas Engenharias\u201d\"},\"image\":{\"@id\":\"https:\/\/aprepro.org.br\/conbrepro\/#\/schema\/logo\/image\/\"},\"sameAs\":[\"https:\/\/www.facebook.com\/aprepro.conbrepro\/\"]}]}<\/script>\n<!-- \/ Yoast SEO plugin. -->","yoast_head_json":{"title":"Apresenta\u00e7\u00e3o Digital - ConBRepro","robots":{"index":"index","follow":"follow","max-snippet":"max-snippet:-1","max-image-preview":"max-image-preview:large","max-video-preview":"max-video-preview:-1"},"canonical":"https:\/\/aprepro.org.br\/conbrepro\/apresentacao-oral-modelo\/","og_locale":"pt_BR","og_type":"article","og_title":"Apresenta\u00e7\u00e3o Digital - ConBRepro","og_description":"Apresenta\u00e7\u00e3o Digital \u00c9 necess\u00e1rio que ao menos um dos autores esteja presente para discutir e apresentar o artigo no evento. Se mais de um autor estiver presente, todos poder\u00e3o fazer a apresenta\u00e7\u00e3o. Vale ressaltar que o link de acesso a plataforma \u00e9 individual e pessoas n\u00e3o inscritas no CONBREPRO n\u00e3o ter\u00e3o acesso as atividades. As &hellip; Apresenta\u00e7\u00e3o Digital Read More &raquo;","og_url":"https:\/\/aprepro.org.br\/conbrepro\/apresentacao-oral-modelo\/","og_site_name":"ConBRepro","article_publisher":"https:\/\/www.facebook.com\/aprepro.conbrepro\/","article_modified_time":"2025-11-17T16:58:58+00:00","twitter_card":"summary_large_image","twitter_misc":{"Est. reading time":"1 minuto"},"schema":{"@context":"https:\/\/schema.org","@graph":[{"@type":"WebPage","@id":"https:\/\/aprepro.org.br\/conbrepro\/apresentacao-oral-modelo\/","url":"https:\/\/aprepro.org.br\/conbrepro\/apresentacao-oral-modelo\/","name":"Apresenta\u00e7\u00e3o Digital - ConBRepro","isPartOf":{"@id":"https:\/\/aprepro.org.br\/conbrepro\/#website"},"datePublished":"2019-06-28T11:24:07+00:00","dateModified":"2025-11-17T16:58:58+00:00","breadcrumb":{"@id":"https:\/\/aprepro.org.br\/conbrepro\/apresentacao-oral-modelo\/#breadcrumb"},"inLanguage":"pt-BR","potentialAction":[{"@type":"ReadAction","target":["https:\/\/aprepro.org.br\/conbrepro\/apresentacao-oral-modelo\/"]}]},{"@type":"BreadcrumbList","@id":"https:\/\/aprepro.org.br\/conbrepro\/apresentacao-oral-modelo\/#breadcrumb","itemListElement":[{"@type":"ListItem","position":1,"name":"Home","item":"https:\/\/aprepro.org.br\/conbrepro\/"},{"@type":"ListItem","position":2,"name":"Apresenta\u00e7\u00e3o Digital"}]},{"@type":"WebSite","@id":"https:\/\/aprepro.org.br\/conbrepro\/#website","url":"https:\/\/aprepro.org.br\/conbrepro\/","name":"ConBRepro","description":"XV Congresso Brasileiro de Engenharia de Produ\u00e7\u00e3o","publisher":{"@id":"https:\/\/aprepro.org.br\/conbrepro\/#organization"},"potentialAction":[{"@type":"SearchAction","target":{"@type":"EntryPoint","urlTemplate":"https:\/\/aprepro.org.br\/conbrepro\/?s={search_term_string}"},"query-input":{"@type":"PropertyValueSpecification","valueRequired":true,"valueName":"search_term_string"}}],"inLanguage":"pt-BR"},{"@type":"Organization","@id":"https:\/\/aprepro.org.br\/conbrepro\/#organization","name":"CONBREPRO 2022 - XII Congresso Brasileiro de Engenharia de Produ\u00e7\u00e3o - \u201cESG nas Engenharias\u201d","url":"https:\/\/aprepro.org.br\/conbrepro\/","logo":{"@type":"ImageObject","inLanguage":"pt-BR","@id":"https:\/\/aprepro.org.br\/conbrepro\/#\/schema\/logo\/image\/","url":"https:\/\/aprepro.org.br\/conbrepro\/wp-content\/uploads\/2022\/07\/XII_CONBREPRO_BANNER-3.jpg","contentUrl":"https:\/\/aprepro.org.br\/conbrepro\/wp-content\/uploads\/2022\/07\/XII_CONBREPRO_BANNER-3.jpg","width":1200,"height":533,"caption":"CONBREPRO 2022 - XII Congresso Brasileiro de Engenharia de Produ\u00e7\u00e3o - \u201cESG nas Engenharias\u201d"},"image":{"@id":"https:\/\/aprepro.org.br\/conbrepro\/#\/schema\/logo\/image\/"},"sameAs":["https:\/\/www.facebook.com\/aprepro.conbrepro\/"]}]}},"_links":{"self":[{"href":"https:\/\/aprepro.org.br\/conbrepro\/wp-json\/wp\/v2\/pages\/45","targetHints":{"allow":["GET"]}}],"collection":[{"href":"https:\/\/aprepro.org.br\/conbrepro\/wp-json\/wp\/v2\/pages"}],"about":[{"href":"https:\/\/aprepro.org.br\/conbrepro\/wp-json\/wp\/v2\/types\/page"}],"author":[{"embeddable":true,"href":"https:\/\/aprepro.org.br\/conbrepro\/wp-json\/wp\/v2\/users\/1"}],"replies":[{"embeddable":true,"href":"https:\/\/aprepro.org.br\/conbrepro\/wp-json\/wp\/v2\/comments?post=45"}],"version-history":[{"count":31,"href":"https:\/\/aprepro.org.br\/conbrepro\/wp-json\/wp\/v2\/pages\/45\/revisions"}],"predecessor-version":[{"id":2684,"href":"https:\/\/aprepro.org.br\/conbrepro\/wp-json\/wp\/v2\/pages\/45\/revisions\/2684"}],"wp:attachment":[{"href":"https:\/\/aprepro.org.br\/conbrepro\/wp-json\/wp\/v2\/media?parent=45"}],"curies":[{"name":"wp","href":"https:\/\/api.w.org\/{rel}","templated":true}]}}