{"id":37,"date":"2019-06-28T11:23:33","date_gmt":"2019-06-28T11:23:33","guid":{"rendered":"https:\/\/aprepro.org.br\/conbrepro\/2020\/?page_id=37"},"modified":"2025-08-13T00:15:56","modified_gmt":"2025-08-13T03:15:56","slug":"modelo-de-artigo-cientifico","status":"publish","type":"page","link":"https:\/\/aprepro.org.br\/conbrepro\/modelo-de-artigo-cientifico\/","title":{"rendered":"Modelo de Artigo Cient\u00edfico"},"content":{"rendered":"\t\t<div data-elementor-type=\"wp-page\" data-elementor-id=\"37\" class=\"elementor elementor-37\" data-elementor-post-type=\"page\">\n\t\t\t\t\t\t<section class=\"elementor-section elementor-top-section elementor-element elementor-element-355f5b2e elementor-section-boxed elementor-section-height-default elementor-section-height-default\" data-id=\"355f5b2e\" data-element_type=\"section\">\n\t\t\t\t\t\t<div class=\"elementor-container elementor-column-gap-default\">\n\t\t\t\t\t<div class=\"elementor-column elementor-col-100 elementor-top-column elementor-element elementor-element-72e29b24\" data-id=\"72e29b24\" data-element_type=\"column\">\n\t\t\t<div class=\"elementor-widget-wrap elementor-element-populated\">\n\t\t\t\t\t\t<div class=\"elementor-element elementor-element-4e8004a8 elementor-widget elementor-widget-text-editor\" data-id=\"4e8004a8\" data-element_type=\"widget\" data-widget_type=\"text-editor.default\">\n\t\t\t\t<div class=\"elementor-widget-container\">\n\t\t\t\t\t\t\t\t\t<h3>Para baixar o Modelo para elabora\u00e7\u00e3o de artigo:<\/h3>\n<h5><strong>Modelo do ConBRepro:\u00a0 <\/strong><span style=\"color: #ff0000;\"><a style=\"font-size: 15px; font-family: var( --e-global-typography-text-font-family ), Sans-serif; background-color: #ffffff; color: #ff0000;\" href=\"https:\/\/aprepro.org.br\/conbrepro\/wp-content\/uploads\/2025\/08\/Template_de_Artigo_2025_ConBRepro.docx\" target=\"_blank\" rel=\"noopener\"><b>CLIQUE AQUI!<\/b><\/a><\/span><\/h5>\n<h5><strong>Modelo do CIGELUBRA:\u00a0 <\/strong><span style=\"color: #ff0000;\"><a style=\"font-size: 15px; font-family: var( --e-global-typography-text-font-family ), Sans-serif; background-color: #ffffff; color: #ff0000;\" href=\"https:\/\/aprepro.org.br\/conbrepro\/wp-content\/uploads\/2025\/08\/Template_de_Artigo_2025_CIGELUBRA.docx\" target=\"_blank\" rel=\"noopener\"><b>CLIQUE AQUI!<\/b><\/a><\/span><\/h5>\n<h3><strong style=\"font-size: 15px; color: var( --e-global-color-text ); font-family: var( --e-global-typography-text-font-family ), Sans-serif;\">Observa\u00e7\u00e3o:\u00a0<\/strong><span style=\"font-size: 15px; color: var( --e-global-color-text ); font-family: var( --e-global-typography-text-font-family ), Sans-serif;\">Os trabalhos que n\u00e3o seguirem rigorosamente ao modelo proposto n\u00e3o ser\u00e3o avaliados.<\/span><\/h3>\n<p><strong>Para a submiss\u00e3o do artigo no sistema s\u00e3o solicitadas as seguintes informa\u00e7\u00f5es:<\/strong><\/p>\n<ul>\n<li>T\u00edtulo do trabalho;<\/li>\n<li>Resumo;<\/li>\n<li>\u00c1rea tem\u00e1tica de avalia\u00e7\u00e3o;<\/li>\n<li>Dois documentos no formato *. pdf do artigo: um com os nomes dos autores e outro sem os nomes dos autores (ambos os documentos com no m\u00e1ximo 01 Mb)<\/li>\n<li>N\u00famero de coautores\u00a0<strong>(m\u00e1ximo 4)<\/strong>;<\/li>\n<li>E-mail, nome completo e CPF do(s) coautor(s).<\/li>\n<\/ul>\n<p><strong>IMPORTANTE:<\/strong> O envio dos dois documentos \u00e9 obrigat\u00f3rio para que a submiss\u00e3o seja completa. Os dois arquivos dever\u00e3o ser enviados em vers\u00e3o final e em PDF. \u00c9 de responsabilidade dos autores os dados neles inseridos. N\u00e3o ser\u00e3o permitidas altera\u00e7\u00f5es ap\u00f3s o fim do prazo de submiss\u00e3o.<\/p>\n<p><strong>Termos e Condi\u00e7\u00f5es.<\/strong><\/p>\n<p>O artigo publicado passa a ser propriedade da Associa\u00e7\u00e3o Paranaense de Engenharia de Produ\u00e7\u00e3o (APREPRO) e \u00e9 de inteira responsabilidade do(s) autor(es), cabendo \u00e0 APREPRO apenas a avalia\u00e7\u00e3o dos artigos e a organiza\u00e7\u00e3o do Congresso Brasileiro de Engenharia de Produ\u00e7\u00e3o (CONBREPRO). A APREPRO n\u00e3o se responsabiliza por eventuais viola\u00e7\u00f5es \u00e0 Lei n\u00ba 9.610\/1998, Lei de Direito Autoral.<\/p>\n<p><!-- \/wp:paragraph --><\/p>\t\t\t\t\t\t\t\t<\/div>\n\t\t\t\t<\/div>\n\t\t\t\t\t<\/div>\n\t\t<\/div>\n\t\t\t\t\t<\/div>\n\t\t<\/section>\n\t\t\t\t<\/div>\n\t\t","protected":false},"excerpt":{"rendered":"<p>Para baixar o Modelo para elabora\u00e7\u00e3o de artigo: Modelo do ConBRepro:\u00a0 CLIQUE AQUI! Modelo do CIGELUBRA:\u00a0 CLIQUE AQUI! Observa\u00e7\u00e3o:\u00a0Os trabalhos que n\u00e3o seguirem rigorosamente ao modelo proposto n\u00e3o ser\u00e3o avaliados. Para a submiss\u00e3o do artigo no sistema s\u00e3o solicitadas as seguintes informa\u00e7\u00f5es: T\u00edtulo do trabalho; Resumo; \u00c1rea tem\u00e1tica de avalia\u00e7\u00e3o; Dois documentos no formato *. &hellip;<\/p>\n<p class=\"read-more\"> <a class=\"\" href=\"https:\/\/aprepro.org.br\/conbrepro\/modelo-de-artigo-cientifico\/\"> <span class=\"screen-reader-text\">Modelo de Artigo Cient\u00edfico<\/span> Read More &raquo;<\/a><\/p>\n","protected":false},"author":1,"featured_media":0,"parent":0,"menu_order":0,"comment_status":"closed","ping_status":"closed","template":"","meta":{"pagelayer_contact_templates":[],"_pagelayer_content":"","_monsterinsights_skip_tracking":false,"_monsterinsights_sitenote_active":false,"_monsterinsights_sitenote_note":"","_monsterinsights_sitenote_category":0,"footnotes":""},"class_list":["post-37","page","type-page","status-publish","hentry"],"yoast_head":"<!-- This site is optimized with the Yoast SEO plugin v25.7 - https:\/\/yoast.com\/wordpress\/plugins\/seo\/ -->\n<title>Modelo de Artigo Cient\u00edfico - ConBRepro<\/title>\n<meta name=\"robots\" content=\"index, follow, max-snippet:-1, max-image-preview:large, max-video-preview:-1\" \/>\n<link rel=\"canonical\" href=\"https:\/\/aprepro.org.br\/conbrepro\/modelo-de-artigo-cientifico\/\" \/>\n<meta property=\"og:locale\" content=\"pt_BR\" \/>\n<meta property=\"og:type\" content=\"article\" \/>\n<meta property=\"og:title\" content=\"Modelo de Artigo Cient\u00edfico - ConBRepro\" \/>\n<meta property=\"og:description\" content=\"Para baixar o Modelo para elabora\u00e7\u00e3o de artigo: Modelo do ConBRepro:\u00a0 CLIQUE AQUI! Modelo do CIGELUBRA:\u00a0 CLIQUE AQUI! Observa\u00e7\u00e3o:\u00a0Os trabalhos que n\u00e3o seguirem rigorosamente ao modelo proposto n\u00e3o ser\u00e3o avaliados. Para a submiss\u00e3o do artigo no sistema s\u00e3o solicitadas as seguintes informa\u00e7\u00f5es: T\u00edtulo do trabalho; Resumo; \u00c1rea tem\u00e1tica de avalia\u00e7\u00e3o; Dois documentos no formato *. &hellip; Modelo de Artigo Cient\u00edfico Read More &raquo;\" \/>\n<meta property=\"og:url\" content=\"https:\/\/aprepro.org.br\/conbrepro\/modelo-de-artigo-cientifico\/\" \/>\n<meta property=\"og:site_name\" content=\"ConBRepro\" \/>\n<meta property=\"article:publisher\" content=\"https:\/\/www.facebook.com\/aprepro.conbrepro\/\" \/>\n<meta property=\"article:modified_time\" content=\"2025-08-13T03:15:56+00:00\" \/>\n<meta name=\"twitter:card\" content=\"summary_large_image\" \/>\n<meta name=\"twitter:label1\" content=\"Est. reading time\" \/>\n\t<meta name=\"twitter:data1\" content=\"2 minutos\" \/>\n<script type=\"application\/ld+json\" class=\"yoast-schema-graph\">{\"@context\":\"https:\/\/schema.org\",\"@graph\":[{\"@type\":\"WebPage\",\"@id\":\"https:\/\/aprepro.org.br\/conbrepro\/modelo-de-artigo-cientifico\/\",\"url\":\"https:\/\/aprepro.org.br\/conbrepro\/modelo-de-artigo-cientifico\/\",\"name\":\"Modelo de Artigo Cient\u00edfico - ConBRepro\",\"isPartOf\":{\"@id\":\"https:\/\/aprepro.org.br\/conbrepro\/#website\"},\"datePublished\":\"2019-06-28T11:23:33+00:00\",\"dateModified\":\"2025-08-13T03:15:56+00:00\",\"breadcrumb\":{\"@id\":\"https:\/\/aprepro.org.br\/conbrepro\/modelo-de-artigo-cientifico\/#breadcrumb\"},\"inLanguage\":\"pt-BR\",\"potentialAction\":[{\"@type\":\"ReadAction\",\"target\":[\"https:\/\/aprepro.org.br\/conbrepro\/modelo-de-artigo-cientifico\/\"]}]},{\"@type\":\"BreadcrumbList\",\"@id\":\"https:\/\/aprepro.org.br\/conbrepro\/modelo-de-artigo-cientifico\/#breadcrumb\",\"itemListElement\":[{\"@type\":\"ListItem\",\"position\":1,\"name\":\"Home\",\"item\":\"https:\/\/aprepro.org.br\/conbrepro\/\"},{\"@type\":\"ListItem\",\"position\":2,\"name\":\"Modelo de Artigo Cient\u00edfico\"}]},{\"@type\":\"WebSite\",\"@id\":\"https:\/\/aprepro.org.br\/conbrepro\/#website\",\"url\":\"https:\/\/aprepro.org.br\/conbrepro\/\",\"name\":\"ConBRepro\",\"description\":\"XV Congresso Brasileiro de Engenharia de Produ\u00e7\u00e3o\",\"publisher\":{\"@id\":\"https:\/\/aprepro.org.br\/conbrepro\/#organization\"},\"potentialAction\":[{\"@type\":\"SearchAction\",\"target\":{\"@type\":\"EntryPoint\",\"urlTemplate\":\"https:\/\/aprepro.org.br\/conbrepro\/?s={search_term_string}\"},\"query-input\":{\"@type\":\"PropertyValueSpecification\",\"valueRequired\":true,\"valueName\":\"search_term_string\"}}],\"inLanguage\":\"pt-BR\"},{\"@type\":\"Organization\",\"@id\":\"https:\/\/aprepro.org.br\/conbrepro\/#organization\",\"name\":\"CONBREPRO 2022 - XII Congresso Brasileiro de Engenharia de Produ\u00e7\u00e3o - \u201cESG nas Engenharias\u201d\",\"url\":\"https:\/\/aprepro.org.br\/conbrepro\/\",\"logo\":{\"@type\":\"ImageObject\",\"inLanguage\":\"pt-BR\",\"@id\":\"https:\/\/aprepro.org.br\/conbrepro\/#\/schema\/logo\/image\/\",\"url\":\"https:\/\/aprepro.org.br\/conbrepro\/wp-content\/uploads\/2022\/07\/XII_CONBREPRO_BANNER-3.jpg\",\"contentUrl\":\"https:\/\/aprepro.org.br\/conbrepro\/wp-content\/uploads\/2022\/07\/XII_CONBREPRO_BANNER-3.jpg\",\"width\":1200,\"height\":533,\"caption\":\"CONBREPRO 2022 - XII Congresso Brasileiro de Engenharia de Produ\u00e7\u00e3o - \u201cESG nas Engenharias\u201d\"},\"image\":{\"@id\":\"https:\/\/aprepro.org.br\/conbrepro\/#\/schema\/logo\/image\/\"},\"sameAs\":[\"https:\/\/www.facebook.com\/aprepro.conbrepro\/\"]}]}<\/script>\n<!-- \/ Yoast SEO plugin. -->","yoast_head_json":{"title":"Modelo de Artigo Cient\u00edfico - ConBRepro","robots":{"index":"index","follow":"follow","max-snippet":"max-snippet:-1","max-image-preview":"max-image-preview:large","max-video-preview":"max-video-preview:-1"},"canonical":"https:\/\/aprepro.org.br\/conbrepro\/modelo-de-artigo-cientifico\/","og_locale":"pt_BR","og_type":"article","og_title":"Modelo de Artigo Cient\u00edfico - ConBRepro","og_description":"Para baixar o Modelo para elabora\u00e7\u00e3o de artigo: Modelo do ConBRepro:\u00a0 CLIQUE AQUI! Modelo do CIGELUBRA:\u00a0 CLIQUE AQUI! Observa\u00e7\u00e3o:\u00a0Os trabalhos que n\u00e3o seguirem rigorosamente ao modelo proposto n\u00e3o ser\u00e3o avaliados. Para a submiss\u00e3o do artigo no sistema s\u00e3o solicitadas as seguintes informa\u00e7\u00f5es: T\u00edtulo do trabalho; Resumo; \u00c1rea tem\u00e1tica de avalia\u00e7\u00e3o; Dois documentos no formato *. &hellip; Modelo de Artigo Cient\u00edfico Read More &raquo;","og_url":"https:\/\/aprepro.org.br\/conbrepro\/modelo-de-artigo-cientifico\/","og_site_name":"ConBRepro","article_publisher":"https:\/\/www.facebook.com\/aprepro.conbrepro\/","article_modified_time":"2025-08-13T03:15:56+00:00","twitter_card":"summary_large_image","twitter_misc":{"Est. reading time":"2 minutos"},"schema":{"@context":"https:\/\/schema.org","@graph":[{"@type":"WebPage","@id":"https:\/\/aprepro.org.br\/conbrepro\/modelo-de-artigo-cientifico\/","url":"https:\/\/aprepro.org.br\/conbrepro\/modelo-de-artigo-cientifico\/","name":"Modelo de Artigo Cient\u00edfico - ConBRepro","isPartOf":{"@id":"https:\/\/aprepro.org.br\/conbrepro\/#website"},"datePublished":"2019-06-28T11:23:33+00:00","dateModified":"2025-08-13T03:15:56+00:00","breadcrumb":{"@id":"https:\/\/aprepro.org.br\/conbrepro\/modelo-de-artigo-cientifico\/#breadcrumb"},"inLanguage":"pt-BR","potentialAction":[{"@type":"ReadAction","target":["https:\/\/aprepro.org.br\/conbrepro\/modelo-de-artigo-cientifico\/"]}]},{"@type":"BreadcrumbList","@id":"https:\/\/aprepro.org.br\/conbrepro\/modelo-de-artigo-cientifico\/#breadcrumb","itemListElement":[{"@type":"ListItem","position":1,"name":"Home","item":"https:\/\/aprepro.org.br\/conbrepro\/"},{"@type":"ListItem","position":2,"name":"Modelo de Artigo Cient\u00edfico"}]},{"@type":"WebSite","@id":"https:\/\/aprepro.org.br\/conbrepro\/#website","url":"https:\/\/aprepro.org.br\/conbrepro\/","name":"ConBRepro","description":"XV Congresso Brasileiro de Engenharia de Produ\u00e7\u00e3o","publisher":{"@id":"https:\/\/aprepro.org.br\/conbrepro\/#organization"},"potentialAction":[{"@type":"SearchAction","target":{"@type":"EntryPoint","urlTemplate":"https:\/\/aprepro.org.br\/conbrepro\/?s={search_term_string}"},"query-input":{"@type":"PropertyValueSpecification","valueRequired":true,"valueName":"search_term_string"}}],"inLanguage":"pt-BR"},{"@type":"Organization","@id":"https:\/\/aprepro.org.br\/conbrepro\/#organization","name":"CONBREPRO 2022 - XII Congresso Brasileiro de Engenharia de Produ\u00e7\u00e3o - \u201cESG nas Engenharias\u201d","url":"https:\/\/aprepro.org.br\/conbrepro\/","logo":{"@type":"ImageObject","inLanguage":"pt-BR","@id":"https:\/\/aprepro.org.br\/conbrepro\/#\/schema\/logo\/image\/","url":"https:\/\/aprepro.org.br\/conbrepro\/wp-content\/uploads\/2022\/07\/XII_CONBREPRO_BANNER-3.jpg","contentUrl":"https:\/\/aprepro.org.br\/conbrepro\/wp-content\/uploads\/2022\/07\/XII_CONBREPRO_BANNER-3.jpg","width":1200,"height":533,"caption":"CONBREPRO 2022 - XII Congresso Brasileiro de Engenharia de Produ\u00e7\u00e3o - \u201cESG nas Engenharias\u201d"},"image":{"@id":"https:\/\/aprepro.org.br\/conbrepro\/#\/schema\/logo\/image\/"},"sameAs":["https:\/\/www.facebook.com\/aprepro.conbrepro\/"]}]}},"_links":{"self":[{"href":"https:\/\/aprepro.org.br\/conbrepro\/wp-json\/wp\/v2\/pages\/37","targetHints":{"allow":["GET"]}}],"collection":[{"href":"https:\/\/aprepro.org.br\/conbrepro\/wp-json\/wp\/v2\/pages"}],"about":[{"href":"https:\/\/aprepro.org.br\/conbrepro\/wp-json\/wp\/v2\/types\/page"}],"author":[{"embeddable":true,"href":"https:\/\/aprepro.org.br\/conbrepro\/wp-json\/wp\/v2\/users\/1"}],"replies":[{"embeddable":true,"href":"https:\/\/aprepro.org.br\/conbrepro\/wp-json\/wp\/v2\/comments?post=37"}],"version-history":[{"count":31,"href":"https:\/\/aprepro.org.br\/conbrepro\/wp-json\/wp\/v2\/pages\/37\/revisions"}],"predecessor-version":[{"id":2562,"href":"https:\/\/aprepro.org.br\/conbrepro\/wp-json\/wp\/v2\/pages\/37\/revisions\/2562"}],"wp:attachment":[{"href":"https:\/\/aprepro.org.br\/conbrepro\/wp-json\/wp\/v2\/media?parent=37"}],"curies":[{"name":"wp","href":"https:\/\/api.w.org\/{rel}","templated":true}]}}