{"id":31,"date":"2019-06-28T11:20:38","date_gmt":"2019-06-28T11:20:38","guid":{"rendered":"https:\/\/aprepro.org.br\/conbrepro\/2020\/?page_id=31"},"modified":"2021-07-19T13:33:25","modified_gmt":"2021-07-19T13:33:25","slug":"comite-organizador","status":"publish","type":"page","link":"https:\/\/aprepro.org.br\/conbrepro\/comite-organizador\/","title":{"rendered":"Comit\u00ea Organizador"},"content":{"rendered":"\t\t<div data-elementor-type=\"wp-page\" data-elementor-id=\"31\" class=\"elementor elementor-31\" data-elementor-post-type=\"page\">\n\t\t\t\t\t\t<section class=\"elementor-section elementor-top-section elementor-element elementor-element-21c366a7 elementor-section-boxed elementor-section-height-default elementor-section-height-default\" data-id=\"21c366a7\" data-element_type=\"section\">\n\t\t\t\t\t\t<div class=\"elementor-container elementor-column-gap-default\">\n\t\t\t\t\t<div class=\"elementor-column elementor-col-100 elementor-top-column elementor-element elementor-element-517720da\" data-id=\"517720da\" data-element_type=\"column\">\n\t\t\t<div class=\"elementor-widget-wrap elementor-element-populated\">\n\t\t\t\t\t\t<div class=\"elementor-element elementor-element-14d6e2b3 elementor-widget elementor-widget-text-editor\" data-id=\"14d6e2b3\" data-element_type=\"widget\" data-widget_type=\"text-editor.default\">\n\t\t\t\t<div class=\"elementor-widget-container\">\n\t\t\t\t\t\t\t\t\t<p><strong>COMIT\u00ca ORGANIZADOR<\/strong><br \/><strong>COMIT\u00ca EXECUTIVO APREPRO<\/strong><br \/>Prof. Jo\u00e3o Luiz Kovaleski, Dr. \u2013 Presidente da APREPRO<br \/>Profa. Regina Negri Pagani, Dra. \u2013 Vice-presidente da APREPRO<br \/>Profa. Andr\u00e9ia Antunes da Luz, Dra. \u2013 Diretora financeira da APREPRO<br \/>Prof. Gilberto Zammar, Dr. \u2013 Diretor Cient\u00edfico da APREPRO<\/p><p><strong>APREPRO Jovem<\/strong><br \/>Prof. Adriano Mesquita Soares, Dr.<\/p><p><strong>Coordena\u00e7\u00e3o Geral<\/strong><br \/>Prof. Jo\u00e3o Luiz Kovaleski, Dr.<\/p><p><strong>Coordena\u00e7\u00e3o do Evento<\/strong><br \/>Profa Andr\u00e9ia Antunes da Luz, Dra.<br \/>Profa. Regina Negri Pagani, Dra.<br \/>Prof. Adriano Mesquita Soares, Dr.<br \/>Profa. Marcela Mar\u00e7al Alves Pinto, Ma.<br \/>Profa. Alana Corsi, Ma.<\/p><p><strong>Comit\u00ea Cient\u00edfico<\/strong><br \/>Prof. Gilberto Zammar, Dr.<\/p><p><strong>Metodologia de Avalia\u00e7\u00e3o<\/strong><br \/>A avalia\u00e7\u00e3o ser\u00e1 an\u00f4nima (blind review): os trabalhos ser\u00e3o examinados pelo Comit\u00ea Avaliador (REVISORES AD HOC) das respectivas \u00c1reas Tem\u00e1ticas.<br \/>O Comit\u00ea Avaliador (REVISORES AD HOC) s\u00f3 ter\u00e1 acesso aos artigos que vai avaliar, os quais s\u00e3o distribu\u00eddos automaticamente pelo sistema a dois avaliadores e ao terceiro quando for o caso. Ou seja, cada trabalho sendo avaliado por no m\u00ednimo dois professores e quando o parecer for diferente (um aprovado e um reprovado) ir\u00e1 para um terceiro professor avaliar, sendo que nenhum professor saber\u00e1 se \u00e9 a primeira, segunda ou terceira avalia\u00e7\u00e3o, deste modo se tem o sigilo e a imparcialidade nas avalia\u00e7\u00f5es.<br \/><span style=\"color: #333333;\"><em>&#8211; Somente ser\u00e3o aceitos trabalhos com reda\u00e7\u00e3o e ortografia adequadas, pois a vers\u00e3o enviada ser\u00e1 definitiva.<\/em><\/span><br \/><span style=\"color: #333333;\"><em>&#8211; Ser\u00e3o aceitos trabalhos submetidos em portugu\u00eas, ingl\u00eas ou espanhol.<\/em><\/span><br \/><span style=\"color: #333333;\"><em>&#8211; O Comit\u00ea Avaliador (REVISORES AD HOC):<\/em><\/span><br \/><span style=\"color: #333333;\"><em>&#8211; Julgar\u00e1 os trabalhos de acordo com as normas pr\u00e9-estabelecidas, em conson\u00e2ncia com as \u00e1reas, crit\u00e9rios para elabora\u00e7\u00e3o e qualidade do conte\u00fado e pesquisa do trabalho, limitando a sele\u00e7\u00e3o ao n\u00famero adequado para apresenta\u00e7\u00e3o no tempo dispon\u00edvel no Congresso;<\/em><\/span><br \/><span style=\"color: #333333;\"><em>&#8211; N\u00e3o permutar\u00e1 trabalhos com outras \u00c1reas Tem\u00e1ticas;<\/em><\/span><br \/><span style=\"color: #333333;\"><em>&#8211; Julgar\u00e1 somente os trabalhos que cumprirem as normas de formato e prazo;<\/em><\/span><br \/><span style=\"color: #333333;\"><em>&#8211; N\u00e3o ser\u00e3o permitidas substitui\u00e7\u00f5es de trabalhos.<\/em><\/span><br \/><strong>Importante:<\/strong><br \/><span style=\"color: #ff0000;\"><strong><em>\u201cA Comiss\u00e3o Organizadora do evento n\u00e3o se responsabiliza por casos onde se configure pl\u00e1gio. Os autores s\u00e3o os \u00fanicos a serem responsabilizados pela infra\u00e7\u00e3o, podendo ser enquadrados no C\u00f3digo Penal em vigor, T\u00edtulo que trata dos Crimes Contra a Propriedade Intelectual, disp\u00f5e sobre o crime de viola\u00e7\u00e3o de direito autoral.\u201d<\/em><\/strong><\/span><\/p>\t\t\t\t\t\t\t\t<\/div>\n\t\t\t\t<\/div>\n\t\t\t\t\t<\/div>\n\t\t<\/div>\n\t\t\t\t\t<\/div>\n\t\t<\/section>\n\t\t\t\t<\/div>\n\t\t","protected":false},"excerpt":{"rendered":"<p>COMIT\u00ca ORGANIZADORCOMIT\u00ca EXECUTIVO APREPROProf. Jo\u00e3o Luiz Kovaleski, Dr. \u2013 Presidente da APREPROProfa. Regina Negri Pagani, Dra. \u2013 Vice-presidente da APREPROProfa. Andr\u00e9ia Antunes da Luz, Dra. \u2013 Diretora financeira da APREPROProf. Gilberto Zammar, Dr. \u2013 Diretor Cient\u00edfico da APREPRO APREPRO JovemProf. Adriano Mesquita Soares, Dr. Coordena\u00e7\u00e3o GeralProf. Jo\u00e3o Luiz Kovaleski, Dr. Coordena\u00e7\u00e3o do EventoProfa Andr\u00e9ia Antunes &hellip;<\/p>\n<p class=\"read-more\"> <a class=\"\" href=\"https:\/\/aprepro.org.br\/conbrepro\/comite-organizador\/\"> <span class=\"screen-reader-text\">Comit\u00ea Organizador<\/span> Read More &raquo;<\/a><\/p>\n","protected":false},"author":1,"featured_media":0,"parent":0,"menu_order":0,"comment_status":"closed","ping_status":"closed","template":"","meta":{"pagelayer_contact_templates":[],"_pagelayer_content":"","_monsterinsights_skip_tracking":false,"_monsterinsights_sitenote_active":false,"_monsterinsights_sitenote_note":"","_monsterinsights_sitenote_category":0,"footnotes":""},"class_list":["post-31","page","type-page","status-publish","hentry"],"yoast_head":"<!-- This site is optimized with the Yoast SEO plugin v25.7 - https:\/\/yoast.com\/wordpress\/plugins\/seo\/ -->\n<title>Comit\u00ea Organizador - ConBRepro<\/title>\n<meta name=\"robots\" content=\"index, follow, max-snippet:-1, max-image-preview:large, max-video-preview:-1\" \/>\n<link rel=\"canonical\" href=\"https:\/\/aprepro.org.br\/conbrepro\/comite-organizador\/\" \/>\n<meta property=\"og:locale\" content=\"pt_BR\" \/>\n<meta property=\"og:type\" content=\"article\" \/>\n<meta property=\"og:title\" content=\"Comit\u00ea Organizador - ConBRepro\" \/>\n<meta property=\"og:description\" content=\"COMIT\u00ca ORGANIZADORCOMIT\u00ca EXECUTIVO APREPROProf. Jo\u00e3o Luiz Kovaleski, Dr. \u2013 Presidente da APREPROProfa. Regina Negri Pagani, Dra. \u2013 Vice-presidente da APREPROProfa. Andr\u00e9ia Antunes da Luz, Dra. \u2013 Diretora financeira da APREPROProf. Gilberto Zammar, Dr. \u2013 Diretor Cient\u00edfico da APREPRO APREPRO JovemProf. Adriano Mesquita Soares, Dr. Coordena\u00e7\u00e3o GeralProf. Jo\u00e3o Luiz Kovaleski, Dr. Coordena\u00e7\u00e3o do EventoProfa Andr\u00e9ia Antunes &hellip; Comit\u00ea Organizador Read More &raquo;\" \/>\n<meta property=\"og:url\" content=\"https:\/\/aprepro.org.br\/conbrepro\/comite-organizador\/\" \/>\n<meta property=\"og:site_name\" content=\"ConBRepro\" \/>\n<meta property=\"article:publisher\" content=\"https:\/\/www.facebook.com\/aprepro.conbrepro\/\" \/>\n<meta property=\"article:modified_time\" content=\"2021-07-19T13:33:25+00:00\" \/>\n<meta name=\"twitter:card\" content=\"summary_large_image\" \/>\n<meta name=\"twitter:label1\" content=\"Est. reading time\" \/>\n\t<meta name=\"twitter:data1\" content=\"2 minutos\" \/>\n<script type=\"application\/ld+json\" class=\"yoast-schema-graph\">{\"@context\":\"https:\/\/schema.org\",\"@graph\":[{\"@type\":\"WebPage\",\"@id\":\"https:\/\/aprepro.org.br\/conbrepro\/comite-organizador\/\",\"url\":\"https:\/\/aprepro.org.br\/conbrepro\/comite-organizador\/\",\"name\":\"Comit\u00ea Organizador - ConBRepro\",\"isPartOf\":{\"@id\":\"https:\/\/aprepro.org.br\/conbrepro\/#website\"},\"datePublished\":\"2019-06-28T11:20:38+00:00\",\"dateModified\":\"2021-07-19T13:33:25+00:00\",\"breadcrumb\":{\"@id\":\"https:\/\/aprepro.org.br\/conbrepro\/comite-organizador\/#breadcrumb\"},\"inLanguage\":\"pt-BR\",\"potentialAction\":[{\"@type\":\"ReadAction\",\"target\":[\"https:\/\/aprepro.org.br\/conbrepro\/comite-organizador\/\"]}]},{\"@type\":\"BreadcrumbList\",\"@id\":\"https:\/\/aprepro.org.br\/conbrepro\/comite-organizador\/#breadcrumb\",\"itemListElement\":[{\"@type\":\"ListItem\",\"position\":1,\"name\":\"Home\",\"item\":\"https:\/\/aprepro.org.br\/conbrepro\/\"},{\"@type\":\"ListItem\",\"position\":2,\"name\":\"Comit\u00ea Organizador\"}]},{\"@type\":\"WebSite\",\"@id\":\"https:\/\/aprepro.org.br\/conbrepro\/#website\",\"url\":\"https:\/\/aprepro.org.br\/conbrepro\/\",\"name\":\"ConBRepro\",\"description\":\"XV Congresso Brasileiro de Engenharia de Produ\u00e7\u00e3o\",\"publisher\":{\"@id\":\"https:\/\/aprepro.org.br\/conbrepro\/#organization\"},\"potentialAction\":[{\"@type\":\"SearchAction\",\"target\":{\"@type\":\"EntryPoint\",\"urlTemplate\":\"https:\/\/aprepro.org.br\/conbrepro\/?s={search_term_string}\"},\"query-input\":{\"@type\":\"PropertyValueSpecification\",\"valueRequired\":true,\"valueName\":\"search_term_string\"}}],\"inLanguage\":\"pt-BR\"},{\"@type\":\"Organization\",\"@id\":\"https:\/\/aprepro.org.br\/conbrepro\/#organization\",\"name\":\"CONBREPRO 2022 - XII Congresso Brasileiro de Engenharia de Produ\u00e7\u00e3o - \u201cESG nas Engenharias\u201d\",\"url\":\"https:\/\/aprepro.org.br\/conbrepro\/\",\"logo\":{\"@type\":\"ImageObject\",\"inLanguage\":\"pt-BR\",\"@id\":\"https:\/\/aprepro.org.br\/conbrepro\/#\/schema\/logo\/image\/\",\"url\":\"https:\/\/aprepro.org.br\/conbrepro\/wp-content\/uploads\/2022\/07\/XII_CONBREPRO_BANNER-3.jpg\",\"contentUrl\":\"https:\/\/aprepro.org.br\/conbrepro\/wp-content\/uploads\/2022\/07\/XII_CONBREPRO_BANNER-3.jpg\",\"width\":1200,\"height\":533,\"caption\":\"CONBREPRO 2022 - XII Congresso Brasileiro de Engenharia de Produ\u00e7\u00e3o - \u201cESG nas Engenharias\u201d\"},\"image\":{\"@id\":\"https:\/\/aprepro.org.br\/conbrepro\/#\/schema\/logo\/image\/\"},\"sameAs\":[\"https:\/\/www.facebook.com\/aprepro.conbrepro\/\"]}]}<\/script>\n<!-- \/ Yoast SEO plugin. -->","yoast_head_json":{"title":"Comit\u00ea Organizador - ConBRepro","robots":{"index":"index","follow":"follow","max-snippet":"max-snippet:-1","max-image-preview":"max-image-preview:large","max-video-preview":"max-video-preview:-1"},"canonical":"https:\/\/aprepro.org.br\/conbrepro\/comite-organizador\/","og_locale":"pt_BR","og_type":"article","og_title":"Comit\u00ea Organizador - ConBRepro","og_description":"COMIT\u00ca ORGANIZADORCOMIT\u00ca EXECUTIVO APREPROProf. Jo\u00e3o Luiz Kovaleski, Dr. \u2013 Presidente da APREPROProfa. Regina Negri Pagani, Dra. \u2013 Vice-presidente da APREPROProfa. Andr\u00e9ia Antunes da Luz, Dra. \u2013 Diretora financeira da APREPROProf. Gilberto Zammar, Dr. \u2013 Diretor Cient\u00edfico da APREPRO APREPRO JovemProf. Adriano Mesquita Soares, Dr. Coordena\u00e7\u00e3o GeralProf. Jo\u00e3o Luiz Kovaleski, Dr. Coordena\u00e7\u00e3o do EventoProfa Andr\u00e9ia Antunes &hellip; Comit\u00ea Organizador Read More &raquo;","og_url":"https:\/\/aprepro.org.br\/conbrepro\/comite-organizador\/","og_site_name":"ConBRepro","article_publisher":"https:\/\/www.facebook.com\/aprepro.conbrepro\/","article_modified_time":"2021-07-19T13:33:25+00:00","twitter_card":"summary_large_image","twitter_misc":{"Est. reading time":"2 minutos"},"schema":{"@context":"https:\/\/schema.org","@graph":[{"@type":"WebPage","@id":"https:\/\/aprepro.org.br\/conbrepro\/comite-organizador\/","url":"https:\/\/aprepro.org.br\/conbrepro\/comite-organizador\/","name":"Comit\u00ea Organizador - ConBRepro","isPartOf":{"@id":"https:\/\/aprepro.org.br\/conbrepro\/#website"},"datePublished":"2019-06-28T11:20:38+00:00","dateModified":"2021-07-19T13:33:25+00:00","breadcrumb":{"@id":"https:\/\/aprepro.org.br\/conbrepro\/comite-organizador\/#breadcrumb"},"inLanguage":"pt-BR","potentialAction":[{"@type":"ReadAction","target":["https:\/\/aprepro.org.br\/conbrepro\/comite-organizador\/"]}]},{"@type":"BreadcrumbList","@id":"https:\/\/aprepro.org.br\/conbrepro\/comite-organizador\/#breadcrumb","itemListElement":[{"@type":"ListItem","position":1,"name":"Home","item":"https:\/\/aprepro.org.br\/conbrepro\/"},{"@type":"ListItem","position":2,"name":"Comit\u00ea Organizador"}]},{"@type":"WebSite","@id":"https:\/\/aprepro.org.br\/conbrepro\/#website","url":"https:\/\/aprepro.org.br\/conbrepro\/","name":"ConBRepro","description":"XV Congresso Brasileiro de Engenharia de Produ\u00e7\u00e3o","publisher":{"@id":"https:\/\/aprepro.org.br\/conbrepro\/#organization"},"potentialAction":[{"@type":"SearchAction","target":{"@type":"EntryPoint","urlTemplate":"https:\/\/aprepro.org.br\/conbrepro\/?s={search_term_string}"},"query-input":{"@type":"PropertyValueSpecification","valueRequired":true,"valueName":"search_term_string"}}],"inLanguage":"pt-BR"},{"@type":"Organization","@id":"https:\/\/aprepro.org.br\/conbrepro\/#organization","name":"CONBREPRO 2022 - XII Congresso Brasileiro de Engenharia de Produ\u00e7\u00e3o - \u201cESG nas Engenharias\u201d","url":"https:\/\/aprepro.org.br\/conbrepro\/","logo":{"@type":"ImageObject","inLanguage":"pt-BR","@id":"https:\/\/aprepro.org.br\/conbrepro\/#\/schema\/logo\/image\/","url":"https:\/\/aprepro.org.br\/conbrepro\/wp-content\/uploads\/2022\/07\/XII_CONBREPRO_BANNER-3.jpg","contentUrl":"https:\/\/aprepro.org.br\/conbrepro\/wp-content\/uploads\/2022\/07\/XII_CONBREPRO_BANNER-3.jpg","width":1200,"height":533,"caption":"CONBREPRO 2022 - XII Congresso Brasileiro de Engenharia de Produ\u00e7\u00e3o - \u201cESG nas Engenharias\u201d"},"image":{"@id":"https:\/\/aprepro.org.br\/conbrepro\/#\/schema\/logo\/image\/"},"sameAs":["https:\/\/www.facebook.com\/aprepro.conbrepro\/"]}]}},"_links":{"self":[{"href":"https:\/\/aprepro.org.br\/conbrepro\/wp-json\/wp\/v2\/pages\/31","targetHints":{"allow":["GET"]}}],"collection":[{"href":"https:\/\/aprepro.org.br\/conbrepro\/wp-json\/wp\/v2\/pages"}],"about":[{"href":"https:\/\/aprepro.org.br\/conbrepro\/wp-json\/wp\/v2\/types\/page"}],"author":[{"embeddable":true,"href":"https:\/\/aprepro.org.br\/conbrepro\/wp-json\/wp\/v2\/users\/1"}],"replies":[{"embeddable":true,"href":"https:\/\/aprepro.org.br\/conbrepro\/wp-json\/wp\/v2\/comments?post=31"}],"version-history":[{"count":34,"href":"https:\/\/aprepro.org.br\/conbrepro\/wp-json\/wp\/v2\/pages\/31\/revisions"}],"predecessor-version":[{"id":1411,"href":"https:\/\/aprepro.org.br\/conbrepro\/wp-json\/wp\/v2\/pages\/31\/revisions\/1411"}],"wp:attachment":[{"href":"https:\/\/aprepro.org.br\/conbrepro\/wp-json\/wp\/v2\/media?parent=31"}],"curies":[{"name":"wp","href":"https:\/\/api.w.org\/{rel}","templated":true}]}}