{"id":2,"date":"2019-06-27T10:36:12","date_gmt":"2019-06-27T10:36:12","guid":{"rendered":"https:\/\/aprepro.org.br\/conbrepro\/2020\/?page_id=2"},"modified":"2025-10-22T10:42:55","modified_gmt":"2025-10-22T13:42:55","slug":"sobre","status":"publish","type":"page","link":"https:\/\/aprepro.org.br\/conbrepro\/sobre\/","title":{"rendered":"Sobre"},"content":{"rendered":"\t\t<div data-elementor-type=\"wp-page\" data-elementor-id=\"2\" class=\"elementor elementor-2\" data-elementor-post-type=\"page\">\n\t\t\t\t\t\t<section class=\"elementor-section elementor-top-section elementor-element elementor-element-546d8000 elementor-section-boxed elementor-section-height-default elementor-section-height-default\" data-id=\"546d8000\" data-element_type=\"section\">\n\t\t\t\t\t\t<div class=\"elementor-container elementor-column-gap-default\">\n\t\t\t\t\t<div class=\"elementor-column elementor-col-100 elementor-top-column elementor-element elementor-element-3f9832a6\" data-id=\"3f9832a6\" data-element_type=\"column\">\n\t\t\t<div class=\"elementor-widget-wrap elementor-element-populated\">\n\t\t\t\t\t\t<div class=\"elementor-element elementor-element-5f567de5 elementor-widget elementor-widget-text-editor\" data-id=\"5f567de5\" data-element_type=\"widget\" data-widget_type=\"text-editor.default\">\n\t\t\t\t<div class=\"elementor-widget-container\">\n\t\t\t\t\t\t\t\t\t<p><strong>XV Congresso Brasileiro de Engenharia de Produ\u00e7\u00e3o (ConBRepro)<\/strong>, com o tema<strong>\u00a0\u201cAs Engenharias na Transforma\u00e7\u00e3o Digital das PMEs\u201d<\/strong>. O evento acontece de\u00a0<strong>03 a 05 de dezembro de 2025.<\/strong><\/p>\n<p style=\"text-align: justify; background: white; vertical-align: baseline; margin: 0cm 0cm 12.0pt 0cm;\"><span style=\"font-size: 11.5pt; font-family: Roboto; color: #7a7a7a;\">\u00c9 um evento nacional organizado pela APREPRO \u2013 Associa\u00e7\u00e3o Paranaense de Engenharia de Produ\u00e7\u00e3o, com o prop\u00f3sito de reunir docentes, pesquisadores, estudantes, profissionais, \u00f3rg\u00e3os p\u00fablicos, entidades privadas e do terceiro setor com atua\u00e7\u00e3o na Engenharia de Produ\u00e7\u00e3o e \u00e1reas afins para divulga\u00e7\u00e3o de pesquisas e realizar a intera\u00e7\u00e3o entre os diversos agentes do conhecimento.<\/span><\/p>\n<p style=\"text-align: justify; background: white; vertical-align: baseline; margin: 0cm 0cm 12.0pt 0cm;\"><span style=\"font-size: 11.5pt; font-family: Roboto; color: #7a7a7a;\">O CONBREPRO tamb\u00e9m divulga a produ\u00e7\u00e3o t\u00e9cnica e cient\u00edfica das pesquisas nas \u00e1reas e sub-\u00e1reas de engenharia de produ\u00e7\u00e3o e \u00e1reas afins, promovendo a integra\u00e7\u00e3o e o interc\u00e2mbio do conhecimento acad\u00eamico com o setor produtivo, fomentando a transfer\u00eancia de ensino-pesquisa-aplica\u00e7\u00e3o atrav\u00e9s da rela\u00e7\u00e3o universidade-empresa para o desenvolvimento econ\u00f4mico local, regional e nacional.<\/span><\/p>\n<p style=\"text-align: justify; background: white; vertical-align: baseline; margin: 0cm 0cm 12.0pt 0cm;\"><span style=\"font-size: 11.5pt; font-family: Roboto; color: #7a7a7a;\">Assim, o CONBREPRO apresenta-se como promotor do conhecimento e desenvolvimento do capital intelectual entre a comunidade acad\u00eamica e a sociedade.<\/span><\/p>\n<p style=\"text-align: justify; background: white; vertical-align: baseline; margin: 0cm 0cm 12.0pt 0cm;\"><span style=\"font-size: 11.5pt; font-family: Roboto; color: #7a7a7a;\">O evento acontecer\u00e1 nos dias <b>03 a 05 de Dezembro de 2025<\/b>, formato 100% On-line<\/span><\/p>\t\t\t\t\t\t\t\t<\/div>\n\t\t\t\t<\/div>\n\t\t\t\t\t<\/div>\n\t\t<\/div>\n\t\t\t\t\t<\/div>\n\t\t<\/section>\n\t\t\t\t<\/div>\n\t\t","protected":false},"excerpt":{"rendered":"<p>XV Congresso Brasileiro de Engenharia de Produ\u00e7\u00e3o (ConBRepro), com o tema\u00a0\u201cAs Engenharias na Transforma\u00e7\u00e3o Digital das PMEs\u201d. O evento acontece de\u00a003 a 05 de dezembro de 2025. \u00c9 um evento nacional organizado pela APREPRO \u2013 Associa\u00e7\u00e3o Paranaense de Engenharia de Produ\u00e7\u00e3o, com o prop\u00f3sito de reunir docentes, pesquisadores, estudantes, profissionais, \u00f3rg\u00e3os p\u00fablicos, entidades privadas e &hellip;<\/p>\n<p class=\"read-more\"> <a class=\"\" href=\"https:\/\/aprepro.org.br\/conbrepro\/sobre\/\"> <span class=\"screen-reader-text\">Sobre<\/span> Read More &raquo;<\/a><\/p>\n","protected":false},"author":1,"featured_media":0,"parent":0,"menu_order":0,"comment_status":"closed","ping_status":"closed","template":"elementor_header_footer","meta":{"pagelayer_contact_templates":[],"_pagelayer_content":"","_monsterinsights_skip_tracking":false,"_monsterinsights_sitenote_active":false,"_monsterinsights_sitenote_note":"","_monsterinsights_sitenote_category":0,"footnotes":""},"class_list":["post-2","page","type-page","status-publish","hentry"],"yoast_head":"<!-- This site is optimized with the Yoast SEO plugin v25.7 - https:\/\/yoast.com\/wordpress\/plugins\/seo\/ -->\n<title>Sobre - ConBRepro<\/title>\n<meta name=\"robots\" content=\"index, follow, max-snippet:-1, max-image-preview:large, max-video-preview:-1\" \/>\n<link rel=\"canonical\" href=\"https:\/\/aprepro.org.br\/conbrepro\/sobre\/\" \/>\n<meta property=\"og:locale\" content=\"pt_BR\" \/>\n<meta property=\"og:type\" content=\"article\" \/>\n<meta property=\"og:title\" content=\"Sobre - ConBRepro\" \/>\n<meta property=\"og:description\" content=\"XV Congresso Brasileiro de Engenharia de Produ\u00e7\u00e3o (ConBRepro), com o tema\u00a0\u201cAs Engenharias na Transforma\u00e7\u00e3o Digital das PMEs\u201d. O evento acontece de\u00a003 a 05 de dezembro de 2025. \u00c9 um evento nacional organizado pela APREPRO \u2013 Associa\u00e7\u00e3o Paranaense de Engenharia de Produ\u00e7\u00e3o, com o prop\u00f3sito de reunir docentes, pesquisadores, estudantes, profissionais, \u00f3rg\u00e3os p\u00fablicos, entidades privadas e &hellip; Sobre Read More &raquo;\" \/>\n<meta property=\"og:url\" content=\"https:\/\/aprepro.org.br\/conbrepro\/sobre\/\" \/>\n<meta property=\"og:site_name\" content=\"ConBRepro\" \/>\n<meta property=\"article:publisher\" content=\"https:\/\/www.facebook.com\/aprepro.conbrepro\/\" \/>\n<meta property=\"article:modified_time\" content=\"2025-10-22T13:42:55+00:00\" \/>\n<meta name=\"twitter:card\" content=\"summary_large_image\" \/>\n<meta name=\"twitter:label1\" content=\"Est. reading time\" \/>\n\t<meta name=\"twitter:data1\" content=\"1 minuto\" \/>\n<script type=\"application\/ld+json\" class=\"yoast-schema-graph\">{\"@context\":\"https:\/\/schema.org\",\"@graph\":[{\"@type\":\"WebPage\",\"@id\":\"https:\/\/aprepro.org.br\/conbrepro\/sobre\/\",\"url\":\"https:\/\/aprepro.org.br\/conbrepro\/sobre\/\",\"name\":\"Sobre - ConBRepro\",\"isPartOf\":{\"@id\":\"https:\/\/aprepro.org.br\/conbrepro\/#website\"},\"datePublished\":\"2019-06-27T10:36:12+00:00\",\"dateModified\":\"2025-10-22T13:42:55+00:00\",\"breadcrumb\":{\"@id\":\"https:\/\/aprepro.org.br\/conbrepro\/sobre\/#breadcrumb\"},\"inLanguage\":\"pt-BR\",\"potentialAction\":[{\"@type\":\"ReadAction\",\"target\":[\"https:\/\/aprepro.org.br\/conbrepro\/sobre\/\"]}]},{\"@type\":\"BreadcrumbList\",\"@id\":\"https:\/\/aprepro.org.br\/conbrepro\/sobre\/#breadcrumb\",\"itemListElement\":[{\"@type\":\"ListItem\",\"position\":1,\"name\":\"Home\",\"item\":\"https:\/\/aprepro.org.br\/conbrepro\/\"},{\"@type\":\"ListItem\",\"position\":2,\"name\":\"Sobre\"}]},{\"@type\":\"WebSite\",\"@id\":\"https:\/\/aprepro.org.br\/conbrepro\/#website\",\"url\":\"https:\/\/aprepro.org.br\/conbrepro\/\",\"name\":\"ConBRepro\",\"description\":\"XV Congresso Brasileiro de Engenharia de Produ\u00e7\u00e3o\",\"publisher\":{\"@id\":\"https:\/\/aprepro.org.br\/conbrepro\/#organization\"},\"potentialAction\":[{\"@type\":\"SearchAction\",\"target\":{\"@type\":\"EntryPoint\",\"urlTemplate\":\"https:\/\/aprepro.org.br\/conbrepro\/?s={search_term_string}\"},\"query-input\":{\"@type\":\"PropertyValueSpecification\",\"valueRequired\":true,\"valueName\":\"search_term_string\"}}],\"inLanguage\":\"pt-BR\"},{\"@type\":\"Organization\",\"@id\":\"https:\/\/aprepro.org.br\/conbrepro\/#organization\",\"name\":\"CONBREPRO 2022 - XII Congresso Brasileiro de Engenharia de Produ\u00e7\u00e3o - \u201cESG nas Engenharias\u201d\",\"url\":\"https:\/\/aprepro.org.br\/conbrepro\/\",\"logo\":{\"@type\":\"ImageObject\",\"inLanguage\":\"pt-BR\",\"@id\":\"https:\/\/aprepro.org.br\/conbrepro\/#\/schema\/logo\/image\/\",\"url\":\"https:\/\/aprepro.org.br\/conbrepro\/wp-content\/uploads\/2022\/07\/XII_CONBREPRO_BANNER-3.jpg\",\"contentUrl\":\"https:\/\/aprepro.org.br\/conbrepro\/wp-content\/uploads\/2022\/07\/XII_CONBREPRO_BANNER-3.jpg\",\"width\":1200,\"height\":533,\"caption\":\"CONBREPRO 2022 - XII Congresso Brasileiro de Engenharia de Produ\u00e7\u00e3o - \u201cESG nas Engenharias\u201d\"},\"image\":{\"@id\":\"https:\/\/aprepro.org.br\/conbrepro\/#\/schema\/logo\/image\/\"},\"sameAs\":[\"https:\/\/www.facebook.com\/aprepro.conbrepro\/\"]}]}<\/script>\n<!-- \/ Yoast SEO plugin. -->","yoast_head_json":{"title":"Sobre - ConBRepro","robots":{"index":"index","follow":"follow","max-snippet":"max-snippet:-1","max-image-preview":"max-image-preview:large","max-video-preview":"max-video-preview:-1"},"canonical":"https:\/\/aprepro.org.br\/conbrepro\/sobre\/","og_locale":"pt_BR","og_type":"article","og_title":"Sobre - ConBRepro","og_description":"XV Congresso Brasileiro de Engenharia de Produ\u00e7\u00e3o (ConBRepro), com o tema\u00a0\u201cAs Engenharias na Transforma\u00e7\u00e3o Digital das PMEs\u201d. O evento acontece de\u00a003 a 05 de dezembro de 2025. \u00c9 um evento nacional organizado pela APREPRO \u2013 Associa\u00e7\u00e3o Paranaense de Engenharia de Produ\u00e7\u00e3o, com o prop\u00f3sito de reunir docentes, pesquisadores, estudantes, profissionais, \u00f3rg\u00e3os p\u00fablicos, entidades privadas e &hellip; Sobre Read More &raquo;","og_url":"https:\/\/aprepro.org.br\/conbrepro\/sobre\/","og_site_name":"ConBRepro","article_publisher":"https:\/\/www.facebook.com\/aprepro.conbrepro\/","article_modified_time":"2025-10-22T13:42:55+00:00","twitter_card":"summary_large_image","twitter_misc":{"Est. reading time":"1 minuto"},"schema":{"@context":"https:\/\/schema.org","@graph":[{"@type":"WebPage","@id":"https:\/\/aprepro.org.br\/conbrepro\/sobre\/","url":"https:\/\/aprepro.org.br\/conbrepro\/sobre\/","name":"Sobre - ConBRepro","isPartOf":{"@id":"https:\/\/aprepro.org.br\/conbrepro\/#website"},"datePublished":"2019-06-27T10:36:12+00:00","dateModified":"2025-10-22T13:42:55+00:00","breadcrumb":{"@id":"https:\/\/aprepro.org.br\/conbrepro\/sobre\/#breadcrumb"},"inLanguage":"pt-BR","potentialAction":[{"@type":"ReadAction","target":["https:\/\/aprepro.org.br\/conbrepro\/sobre\/"]}]},{"@type":"BreadcrumbList","@id":"https:\/\/aprepro.org.br\/conbrepro\/sobre\/#breadcrumb","itemListElement":[{"@type":"ListItem","position":1,"name":"Home","item":"https:\/\/aprepro.org.br\/conbrepro\/"},{"@type":"ListItem","position":2,"name":"Sobre"}]},{"@type":"WebSite","@id":"https:\/\/aprepro.org.br\/conbrepro\/#website","url":"https:\/\/aprepro.org.br\/conbrepro\/","name":"ConBRepro","description":"XV Congresso Brasileiro de Engenharia de Produ\u00e7\u00e3o","publisher":{"@id":"https:\/\/aprepro.org.br\/conbrepro\/#organization"},"potentialAction":[{"@type":"SearchAction","target":{"@type":"EntryPoint","urlTemplate":"https:\/\/aprepro.org.br\/conbrepro\/?s={search_term_string}"},"query-input":{"@type":"PropertyValueSpecification","valueRequired":true,"valueName":"search_term_string"}}],"inLanguage":"pt-BR"},{"@type":"Organization","@id":"https:\/\/aprepro.org.br\/conbrepro\/#organization","name":"CONBREPRO 2022 - XII Congresso Brasileiro de Engenharia de Produ\u00e7\u00e3o - \u201cESG nas Engenharias\u201d","url":"https:\/\/aprepro.org.br\/conbrepro\/","logo":{"@type":"ImageObject","inLanguage":"pt-BR","@id":"https:\/\/aprepro.org.br\/conbrepro\/#\/schema\/logo\/image\/","url":"https:\/\/aprepro.org.br\/conbrepro\/wp-content\/uploads\/2022\/07\/XII_CONBREPRO_BANNER-3.jpg","contentUrl":"https:\/\/aprepro.org.br\/conbrepro\/wp-content\/uploads\/2022\/07\/XII_CONBREPRO_BANNER-3.jpg","width":1200,"height":533,"caption":"CONBREPRO 2022 - XII Congresso Brasileiro de Engenharia de Produ\u00e7\u00e3o - \u201cESG nas Engenharias\u201d"},"image":{"@id":"https:\/\/aprepro.org.br\/conbrepro\/#\/schema\/logo\/image\/"},"sameAs":["https:\/\/www.facebook.com\/aprepro.conbrepro\/"]}]}},"_links":{"self":[{"href":"https:\/\/aprepro.org.br\/conbrepro\/wp-json\/wp\/v2\/pages\/2","targetHints":{"allow":["GET"]}}],"collection":[{"href":"https:\/\/aprepro.org.br\/conbrepro\/wp-json\/wp\/v2\/pages"}],"about":[{"href":"https:\/\/aprepro.org.br\/conbrepro\/wp-json\/wp\/v2\/types\/page"}],"author":[{"embeddable":true,"href":"https:\/\/aprepro.org.br\/conbrepro\/wp-json\/wp\/v2\/users\/1"}],"replies":[{"embeddable":true,"href":"https:\/\/aprepro.org.br\/conbrepro\/wp-json\/wp\/v2\/comments?post=2"}],"version-history":[{"count":42,"href":"https:\/\/aprepro.org.br\/conbrepro\/wp-json\/wp\/v2\/pages\/2\/revisions"}],"predecessor-version":[{"id":2612,"href":"https:\/\/aprepro.org.br\/conbrepro\/wp-json\/wp\/v2\/pages\/2\/revisions\/2612"}],"wp:attachment":[{"href":"https:\/\/aprepro.org.br\/conbrepro\/wp-json\/wp\/v2\/media?parent=2"}],"curies":[{"name":"wp","href":"https:\/\/api.w.org\/{rel}","templated":true}]}}