{"id":15,"date":"2019-06-27T11:13:12","date_gmt":"2019-06-27T11:13:12","guid":{"rendered":"https:\/\/aprepro.org.br\/conbrepro\/2020\/?page_id=15"},"modified":"2025-10-01T12:08:00","modified_gmt":"2025-10-01T15:08:00","slug":"normas-para-submissao","status":"publish","type":"page","link":"https:\/\/aprepro.org.br\/conbrepro\/normas-para-submissao\/","title":{"rendered":"Normas para Submiss\u00e3o"},"content":{"rendered":"\t\t<div data-elementor-type=\"wp-page\" data-elementor-id=\"15\" class=\"elementor elementor-15\" data-elementor-post-type=\"page\">\n\t\t\t\t\t\t<section class=\"elementor-section elementor-top-section elementor-element elementor-element-54b94549 elementor-section-boxed elementor-section-height-default elementor-section-height-default\" data-id=\"54b94549\" data-element_type=\"section\">\n\t\t\t\t\t\t<div class=\"elementor-container elementor-column-gap-default\">\n\t\t\t\t\t<div class=\"elementor-column elementor-col-100 elementor-top-column elementor-element elementor-element-4877d665\" data-id=\"4877d665\" data-element_type=\"column\">\n\t\t\t<div class=\"elementor-widget-wrap elementor-element-populated\">\n\t\t\t\t\t\t<div class=\"elementor-element elementor-element-264731d7 elementor-widget elementor-widget-text-editor\" data-id=\"264731d7\" data-element_type=\"widget\" data-widget_type=\"text-editor.default\">\n\t\t\t\t<div class=\"elementor-widget-container\">\n\t\t\t\t\t\t\t\t\t<div class=\"wp-block-image\">\u00a0<\/div>\n<p><!-- \/wp:paragraph --><!-- wp:paragraph --><\/p>\n<p><strong>NORMAS PARA SUBMISS\u00c3O:<br \/><\/strong><\/p>\n<p><strong>N\u00e3o haver\u00e1 a cobran\u00e7a da taxa de submiss\u00e3o de artigos, o envio \u00e9 gratuito, <\/strong>por\u00e9m caso o artigo(s) seja(m) aprovado(s), um dos autores dever\u00e1 se inscrever no evento e pagar a inscri\u00e7\u00e3o at\u00e9\u00a0<strong>10 de novembro de 2025. <\/strong><span style=\"color: #ff0000;\"><strong><u>Apenas UM (01) ARTIGO por inscri\u00e7\u00e3o paga ser\u00e1 liberado para publica\u00e7\u00e3o no evento;<\/u><\/strong><\/span><\/p>\n<p><!-- \/wp:paragraph --><!-- wp:paragraph --><\/p>\n<p>&#8211; O artigo dever\u00e1 ser enviado no formato &#8220;.pdf&#8221;, no m\u00e1ximo com 2 Mb; <br \/>&#8211; O artigo deve conter no m\u00ednimo 9 p\u00e1ginas e no m\u00e1ximo 12 p\u00e1ginas respeitando as regras de formata\u00e7\u00e3o dispon\u00edveis no modelo de artigo, sob pena de ser desconsiderado (n\u00e3o avaliado);<br \/>&#8211; O artigo dever\u00e1 ter no m\u00e1ximo 5 autores;<br \/>&#8211; N\u00e3o ser\u00e1 permitida a inclus\u00e3o de autores, em hip\u00f3tese alguma, ap\u00f3s o encerramento do processo de submiss\u00e3o e iniciado o processo de avalia\u00e7\u00e3o dos artigos;<br \/>&#8211; A submiss\u00e3o dos trabalhos exclusivamente pela internet, impreterivelmente at\u00e9 \u00e0s 23:59 (hor\u00e1rio oficial de Bras\u00edlia), do dia\u00a0<span style=\"color: #0900cf; font-size: 18px; font-style: normal; font-weight: bold; text-align: center; white-space-collapse: preserve;\">12 de outubro de 2025<\/span>.\u00a0<br \/>&#8211; O enquadramento do artigo em uma das \u00c1reas e sub-\u00e1reas do CONBREPRO ou CIGELUBRA;<br \/>&#8211; O ineditismo do artigo para fins de publica\u00e7\u00e3o nos anais. A responsabilidade sobre originalidade \u00e9 exclusivamente dos autores.<br \/>&#8211; N\u00e3o h\u00e1 limite para o n\u00famero de artigos a serem enviados;<br \/>&#8211; Os artigos ser\u00e3o avaliados pelo Comit\u00ea Cient\u00edfico.<\/p>\n<p><!-- \/wp:paragraph --><!-- wp:paragraph --><\/p>\n<p><strong>Para a submiss\u00e3o do artigo s\u00e3o solicitadas as seguintes informa\u00e7\u00f5es:<\/strong><\/p>\n<p><!-- \/wp:paragraph --><!-- wp:list --><\/p>\n<ul>\n<li>T\u00edtulo do trabalho;<\/li>\n<li>\u00c1rea tem\u00e1tica de avalia\u00e7\u00e3o;<\/li>\n<li>Dois documentos no formato *. pdf do artigo: um com os nomes dos autores e outro sem os nomes dos autores (ambos os documentos com no m\u00e1ximo 2 Mb)<\/li>\n<li>N\u00famero de co-autores <strong>(m\u00e1ximo 4)<\/strong>;<\/li>\n<li>E-mail, nome completo do(s) co-autor(es).<\/li>\n<\/ul>\n<p><!-- \/wp:list --><\/p>\t\t\t\t\t\t\t\t<\/div>\n\t\t\t\t<\/div>\n\t\t\t\t\t<\/div>\n\t\t<\/div>\n\t\t\t\t\t<\/div>\n\t\t<\/section>\n\t\t\t\t<\/div>\n\t\t","protected":false},"excerpt":{"rendered":"<p>\u00a0 NORMAS PARA SUBMISS\u00c3O: N\u00e3o haver\u00e1 a cobran\u00e7a da taxa de submiss\u00e3o de artigos, o envio \u00e9 gratuito, por\u00e9m caso o artigo(s) seja(m) aprovado(s), um dos autores dever\u00e1 se inscrever no evento e pagar a inscri\u00e7\u00e3o at\u00e9\u00a010 de novembro de 2025. Apenas UM (01) ARTIGO por inscri\u00e7\u00e3o paga ser\u00e1 liberado para publica\u00e7\u00e3o no evento; &#8211; &hellip;<\/p>\n<p class=\"read-more\"> <a class=\"\" href=\"https:\/\/aprepro.org.br\/conbrepro\/normas-para-submissao\/\"> <span class=\"screen-reader-text\">Normas para Submiss\u00e3o<\/span> Read More &raquo;<\/a><\/p>\n","protected":false},"author":1,"featured_media":0,"parent":0,"menu_order":0,"comment_status":"closed","ping_status":"closed","template":"","meta":{"pagelayer_contact_templates":[],"_pagelayer_content":"","_monsterinsights_skip_tracking":false,"_monsterinsights_sitenote_active":false,"_monsterinsights_sitenote_note":"","_monsterinsights_sitenote_category":0,"footnotes":""},"class_list":["post-15","page","type-page","status-publish","hentry"],"yoast_head":"<!-- This site is optimized with the Yoast SEO plugin v25.7 - https:\/\/yoast.com\/wordpress\/plugins\/seo\/ -->\n<title>Normas para Submiss\u00e3o - ConBRepro<\/title>\n<meta name=\"robots\" content=\"index, follow, max-snippet:-1, max-image-preview:large, max-video-preview:-1\" \/>\n<link rel=\"canonical\" href=\"https:\/\/aprepro.org.br\/conbrepro\/normas-para-submissao\/\" \/>\n<meta property=\"og:locale\" content=\"pt_BR\" \/>\n<meta property=\"og:type\" content=\"article\" \/>\n<meta property=\"og:title\" content=\"Normas para Submiss\u00e3o - ConBRepro\" \/>\n<meta property=\"og:description\" content=\"\u00a0 NORMAS PARA SUBMISS\u00c3O: N\u00e3o haver\u00e1 a cobran\u00e7a da taxa de submiss\u00e3o de artigos, o envio \u00e9 gratuito, por\u00e9m caso o artigo(s) seja(m) aprovado(s), um dos autores dever\u00e1 se inscrever no evento e pagar a inscri\u00e7\u00e3o at\u00e9\u00a010 de novembro de 2025. Apenas UM (01) ARTIGO por inscri\u00e7\u00e3o paga ser\u00e1 liberado para publica\u00e7\u00e3o no evento; &#8211; &hellip; Normas para Submiss\u00e3o Read More &raquo;\" \/>\n<meta property=\"og:url\" content=\"https:\/\/aprepro.org.br\/conbrepro\/normas-para-submissao\/\" \/>\n<meta property=\"og:site_name\" content=\"ConBRepro\" \/>\n<meta property=\"article:publisher\" content=\"https:\/\/www.facebook.com\/aprepro.conbrepro\/\" \/>\n<meta property=\"article:modified_time\" content=\"2025-10-01T15:08:00+00:00\" \/>\n<meta name=\"twitter:card\" content=\"summary_large_image\" \/>\n<meta name=\"twitter:label1\" content=\"Est. reading time\" \/>\n\t<meta name=\"twitter:data1\" content=\"2 minutos\" \/>\n<script type=\"application\/ld+json\" class=\"yoast-schema-graph\">{\"@context\":\"https:\/\/schema.org\",\"@graph\":[{\"@type\":\"WebPage\",\"@id\":\"https:\/\/aprepro.org.br\/conbrepro\/normas-para-submissao\/\",\"url\":\"https:\/\/aprepro.org.br\/conbrepro\/normas-para-submissao\/\",\"name\":\"Normas para Submiss\u00e3o - ConBRepro\",\"isPartOf\":{\"@id\":\"https:\/\/aprepro.org.br\/conbrepro\/#website\"},\"datePublished\":\"2019-06-27T11:13:12+00:00\",\"dateModified\":\"2025-10-01T15:08:00+00:00\",\"breadcrumb\":{\"@id\":\"https:\/\/aprepro.org.br\/conbrepro\/normas-para-submissao\/#breadcrumb\"},\"inLanguage\":\"pt-BR\",\"potentialAction\":[{\"@type\":\"ReadAction\",\"target\":[\"https:\/\/aprepro.org.br\/conbrepro\/normas-para-submissao\/\"]}]},{\"@type\":\"BreadcrumbList\",\"@id\":\"https:\/\/aprepro.org.br\/conbrepro\/normas-para-submissao\/#breadcrumb\",\"itemListElement\":[{\"@type\":\"ListItem\",\"position\":1,\"name\":\"Home\",\"item\":\"https:\/\/aprepro.org.br\/conbrepro\/\"},{\"@type\":\"ListItem\",\"position\":2,\"name\":\"Normas para Submiss\u00e3o\"}]},{\"@type\":\"WebSite\",\"@id\":\"https:\/\/aprepro.org.br\/conbrepro\/#website\",\"url\":\"https:\/\/aprepro.org.br\/conbrepro\/\",\"name\":\"ConBRepro\",\"description\":\"XV Congresso Brasileiro de Engenharia de Produ\u00e7\u00e3o\",\"publisher\":{\"@id\":\"https:\/\/aprepro.org.br\/conbrepro\/#organization\"},\"potentialAction\":[{\"@type\":\"SearchAction\",\"target\":{\"@type\":\"EntryPoint\",\"urlTemplate\":\"https:\/\/aprepro.org.br\/conbrepro\/?s={search_term_string}\"},\"query-input\":{\"@type\":\"PropertyValueSpecification\",\"valueRequired\":true,\"valueName\":\"search_term_string\"}}],\"inLanguage\":\"pt-BR\"},{\"@type\":\"Organization\",\"@id\":\"https:\/\/aprepro.org.br\/conbrepro\/#organization\",\"name\":\"CONBREPRO 2022 - XII Congresso Brasileiro de Engenharia de Produ\u00e7\u00e3o - \u201cESG nas Engenharias\u201d\",\"url\":\"https:\/\/aprepro.org.br\/conbrepro\/\",\"logo\":{\"@type\":\"ImageObject\",\"inLanguage\":\"pt-BR\",\"@id\":\"https:\/\/aprepro.org.br\/conbrepro\/#\/schema\/logo\/image\/\",\"url\":\"https:\/\/aprepro.org.br\/conbrepro\/wp-content\/uploads\/2022\/07\/XII_CONBREPRO_BANNER-3.jpg\",\"contentUrl\":\"https:\/\/aprepro.org.br\/conbrepro\/wp-content\/uploads\/2022\/07\/XII_CONBREPRO_BANNER-3.jpg\",\"width\":1200,\"height\":533,\"caption\":\"CONBREPRO 2022 - XII Congresso Brasileiro de Engenharia de Produ\u00e7\u00e3o - \u201cESG nas Engenharias\u201d\"},\"image\":{\"@id\":\"https:\/\/aprepro.org.br\/conbrepro\/#\/schema\/logo\/image\/\"},\"sameAs\":[\"https:\/\/www.facebook.com\/aprepro.conbrepro\/\"]}]}<\/script>\n<!-- \/ Yoast SEO plugin. -->","yoast_head_json":{"title":"Normas para Submiss\u00e3o - ConBRepro","robots":{"index":"index","follow":"follow","max-snippet":"max-snippet:-1","max-image-preview":"max-image-preview:large","max-video-preview":"max-video-preview:-1"},"canonical":"https:\/\/aprepro.org.br\/conbrepro\/normas-para-submissao\/","og_locale":"pt_BR","og_type":"article","og_title":"Normas para Submiss\u00e3o - ConBRepro","og_description":"\u00a0 NORMAS PARA SUBMISS\u00c3O: N\u00e3o haver\u00e1 a cobran\u00e7a da taxa de submiss\u00e3o de artigos, o envio \u00e9 gratuito, por\u00e9m caso o artigo(s) seja(m) aprovado(s), um dos autores dever\u00e1 se inscrever no evento e pagar a inscri\u00e7\u00e3o at\u00e9\u00a010 de novembro de 2025. Apenas UM (01) ARTIGO por inscri\u00e7\u00e3o paga ser\u00e1 liberado para publica\u00e7\u00e3o no evento; &#8211; &hellip; Normas para Submiss\u00e3o Read More &raquo;","og_url":"https:\/\/aprepro.org.br\/conbrepro\/normas-para-submissao\/","og_site_name":"ConBRepro","article_publisher":"https:\/\/www.facebook.com\/aprepro.conbrepro\/","article_modified_time":"2025-10-01T15:08:00+00:00","twitter_card":"summary_large_image","twitter_misc":{"Est. reading time":"2 minutos"},"schema":{"@context":"https:\/\/schema.org","@graph":[{"@type":"WebPage","@id":"https:\/\/aprepro.org.br\/conbrepro\/normas-para-submissao\/","url":"https:\/\/aprepro.org.br\/conbrepro\/normas-para-submissao\/","name":"Normas para Submiss\u00e3o - ConBRepro","isPartOf":{"@id":"https:\/\/aprepro.org.br\/conbrepro\/#website"},"datePublished":"2019-06-27T11:13:12+00:00","dateModified":"2025-10-01T15:08:00+00:00","breadcrumb":{"@id":"https:\/\/aprepro.org.br\/conbrepro\/normas-para-submissao\/#breadcrumb"},"inLanguage":"pt-BR","potentialAction":[{"@type":"ReadAction","target":["https:\/\/aprepro.org.br\/conbrepro\/normas-para-submissao\/"]}]},{"@type":"BreadcrumbList","@id":"https:\/\/aprepro.org.br\/conbrepro\/normas-para-submissao\/#breadcrumb","itemListElement":[{"@type":"ListItem","position":1,"name":"Home","item":"https:\/\/aprepro.org.br\/conbrepro\/"},{"@type":"ListItem","position":2,"name":"Normas para Submiss\u00e3o"}]},{"@type":"WebSite","@id":"https:\/\/aprepro.org.br\/conbrepro\/#website","url":"https:\/\/aprepro.org.br\/conbrepro\/","name":"ConBRepro","description":"XV Congresso Brasileiro de Engenharia de Produ\u00e7\u00e3o","publisher":{"@id":"https:\/\/aprepro.org.br\/conbrepro\/#organization"},"potentialAction":[{"@type":"SearchAction","target":{"@type":"EntryPoint","urlTemplate":"https:\/\/aprepro.org.br\/conbrepro\/?s={search_term_string}"},"query-input":{"@type":"PropertyValueSpecification","valueRequired":true,"valueName":"search_term_string"}}],"inLanguage":"pt-BR"},{"@type":"Organization","@id":"https:\/\/aprepro.org.br\/conbrepro\/#organization","name":"CONBREPRO 2022 - XII Congresso Brasileiro de Engenharia de Produ\u00e7\u00e3o - \u201cESG nas Engenharias\u201d","url":"https:\/\/aprepro.org.br\/conbrepro\/","logo":{"@type":"ImageObject","inLanguage":"pt-BR","@id":"https:\/\/aprepro.org.br\/conbrepro\/#\/schema\/logo\/image\/","url":"https:\/\/aprepro.org.br\/conbrepro\/wp-content\/uploads\/2022\/07\/XII_CONBREPRO_BANNER-3.jpg","contentUrl":"https:\/\/aprepro.org.br\/conbrepro\/wp-content\/uploads\/2022\/07\/XII_CONBREPRO_BANNER-3.jpg","width":1200,"height":533,"caption":"CONBREPRO 2022 - XII Congresso Brasileiro de Engenharia de Produ\u00e7\u00e3o - \u201cESG nas Engenharias\u201d"},"image":{"@id":"https:\/\/aprepro.org.br\/conbrepro\/#\/schema\/logo\/image\/"},"sameAs":["https:\/\/www.facebook.com\/aprepro.conbrepro\/"]}]}},"_links":{"self":[{"href":"https:\/\/aprepro.org.br\/conbrepro\/wp-json\/wp\/v2\/pages\/15","targetHints":{"allow":["GET"]}}],"collection":[{"href":"https:\/\/aprepro.org.br\/conbrepro\/wp-json\/wp\/v2\/pages"}],"about":[{"href":"https:\/\/aprepro.org.br\/conbrepro\/wp-json\/wp\/v2\/types\/page"}],"author":[{"embeddable":true,"href":"https:\/\/aprepro.org.br\/conbrepro\/wp-json\/wp\/v2\/users\/1"}],"replies":[{"embeddable":true,"href":"https:\/\/aprepro.org.br\/conbrepro\/wp-json\/wp\/v2\/comments?post=15"}],"version-history":[{"count":66,"href":"https:\/\/aprepro.org.br\/conbrepro\/wp-json\/wp\/v2\/pages\/15\/revisions"}],"predecessor-version":[{"id":2583,"href":"https:\/\/aprepro.org.br\/conbrepro\/wp-json\/wp\/v2\/pages\/15\/revisions\/2583"}],"wp:attachment":[{"href":"https:\/\/aprepro.org.br\/conbrepro\/wp-json\/wp\/v2\/media?parent=15"}],"curies":[{"name":"wp","href":"https:\/\/api.w.org\/{rel}","templated":true}]}}