{"id":47,"date":"2019-06-28T11:26:04","date_gmt":"2019-06-28T11:26:04","guid":{"rendered":"https:\/\/aprepro.org.br\/conbrepro\/2020\/?page_id=47"},"modified":"2021-07-02T14:17:32","modified_gmt":"2021-07-02T14:17:32","slug":"edicoes-anteriores","status":"publish","type":"page","link":"https:\/\/aprepro.org.br\/conbrepro\/2021\/edicoes-anteriores\/","title":{"rendered":"Edi\u00e7\u00f5es Anteriores"},"content":{"rendered":"\t\t<div data-elementor-type=\"wp-page\" data-elementor-id=\"47\" class=\"elementor elementor-47\">\n\t\t\t\t\t\t<div class=\"elementor-inner\">\n\t\t\t\t<div class=\"elementor-section-wrap\">\n\t\t\t\t\t\t\t\t\t<section class=\"elementor-section elementor-top-section elementor-element elementor-element-25cd0d9f elementor-section-boxed elementor-section-height-default elementor-section-height-default\" data-id=\"25cd0d9f\" data-element_type=\"section\">\n\t\t\t\t\t\t<div class=\"elementor-container elementor-column-gap-default\">\n\t\t\t\t\t\t\t<div class=\"elementor-row\">\n\t\t\t\t\t<div class=\"elementor-column elementor-col-100 elementor-top-column elementor-element elementor-element-2c732b9b\" data-id=\"2c732b9b\" data-element_type=\"column\">\n\t\t\t<div class=\"elementor-column-wrap elementor-element-populated\">\n\t\t\t\t\t\t\t<div class=\"elementor-widget-wrap\">\n\t\t\t\t\t\t<div class=\"elementor-element elementor-element-3f437945 elementor-widget elementor-widget-text-editor\" data-id=\"3f437945\" data-element_type=\"widget\" data-widget_type=\"text-editor.default\">\n\t\t\t\t<div class=\"elementor-widget-container\">\n\t\t\t\t\t\t\t\t<div class=\"elementor-text-editor elementor-clearfix\">\n\t\t\t\t<!-- wp:paragraph -->\n<p><a href=\"https:\/\/aprepro.org.br\/conbrepro\/2020\/anais\/\">Anais CONBREPRO 2020 &#8211; As Engenharias na Sa\u00fade<\/a><\/p>\n<!-- \/wp:paragraph --><!-- wp:paragraph -->\n<p><a href=\"http:\/\/aprepro.org.br\/conbrepro\/2019\/anais\/\">Anais CONBREPRO 2019 &#8211; Engenharia na Ind\u00fastria da Bebida<\/a><\/p>\n<p><!-- \/wp:paragraph --><!-- wp:paragraph --><\/p>\n<p><a href=\"http:\/\/anteriores.aprepro.org.br\/conbrepro\/2018\/anais.php\">Anais CONBREPRO 2018 &#8211; As Engenharias e a Ind\u00fastria 4.0<\/a><\/p>\n<!-- \/wp:paragraph --><!-- wp:paragraph -->\n<p><a href=\"http:\/\/anteriores.aprepro.org.br\/conbrepro\/2017\/anais.php\">Anais CONBREPRO 2017 &#8211; Engenharia na Ind\u00fastria Aliment\u00edcia<\/a><\/p>\n<!-- \/wp:paragraph --><!-- wp:paragraph -->\n<p><a href=\"http:\/\/anteriores.aprepro.org.br\/conbrepro\/2016\/anais2016.php\">Anais CONBREPRO 2016 &#8211; Engenharia de Desenvolvimento de Produto<\/a><\/p>\n<!-- \/wp:paragraph --><!-- wp:paragraph -->\n<p><a href=\"http:\/anteriores.aprepro.org.br\/conbrepro\/2015\/anais2015.php\">Anais CONBREPRO 2015 &#8211; Engenharias para Sustentabilidade Industrial<\/a><\/p>\n<!-- \/wp:paragraph --><!-- wp:paragraph -->\n<p><a href=\"http:\/\/anteriores.aprepro.org.br\/conbrepro\/2014\/anais\/\">Anais CONBREPRO 2014 &#8211; Engenharias na Ind\u00fastria de Embalagens<\/a><\/p>\n<!-- \/wp:paragraph --><!-- wp:paragraph -->\n<p><a href=\"http:\/\/anteriores.aprepro.org.br\/conbrepro\/2013\/anais\/\">Anais CONBREPRO 2013 &#8211; Engenharias no Setor Automotivo<\/a><\/p>\n<!-- \/wp:paragraph --><!-- wp:paragraph -->\n<p><a href=\"http:\/\/anteriores.aprepro.org.br\/conbrepro\/2012\/anais\/\">Anais CONBREPRO 2012 &#8211; Gest\u00e3o do Conhecimento nas Engenharias<\/a><\/p>\n<!-- \/wp:paragraph --><!-- wp:paragraph -->\n<p><a href=\"http:\/\/anteriores.aprepro.org.br\/conbrepro\/2011\/anais\/\">Anais CONBREPRO 2011 &#8211; Inova\u00e7\u00e3o e Tecnologias nas Engenharias<\/a><\/p>\n<!-- \/wp:paragraph -->\t\t\t\t\t<\/div>\n\t\t\t\t\t\t<\/div>\n\t\t\t\t<\/div>\n\t\t\t\t\t\t<\/div>\n\t\t\t\t\t<\/div>\n\t\t<\/div>\n\t\t\t\t\t\t\t\t<\/div>\n\t\t\t\t\t<\/div>\n\t\t<\/section>\n\t\t\t\t\t\t\t\t\t<\/div>\n\t\t\t<\/div>\n\t\t\t\t\t<\/div>\n\t\t","protected":false},"excerpt":{"rendered":"<p>Anais CONBREPRO 2020 &#8211; As Engenharias na Sa\u00fade Anais CONBREPRO 2019 &#8211; Engenharia na Ind\u00fastria da Bebida Anais CONBREPRO 2018 &#8211; As Engenharias e a Ind\u00fastria 4.0 Anais CONBREPRO 2017 &#8211; Engenharia na Ind\u00fastria Aliment\u00edcia Anais CONBREPRO 2016 &#8211; Engenharia de Desenvolvimento de Produto Anais CONBREPRO 2015 &#8211; Engenharias para Sustentabilidade Industrial Anais CONBREPRO 2014 &hellip;<\/p>\n<p class=\"read-more\"> <a class=\"\" href=\"https:\/\/aprepro.org.br\/conbrepro\/2021\/edicoes-anteriores\/\"> <span class=\"screen-reader-text\">Edi\u00e7\u00f5es Anteriores<\/span> Read More &raquo;<\/a><\/p>\n","protected":false},"author":1,"featured_media":0,"parent":0,"menu_order":0,"comment_status":"closed","ping_status":"closed","template":"elementor_header_footer","meta":{"_mi_skip_tracking":false},"_links":{"self":[{"href":"https:\/\/aprepro.org.br\/conbrepro\/2021\/wp-json\/wp\/v2\/pages\/47"}],"collection":[{"href":"https:\/\/aprepro.org.br\/conbrepro\/2021\/wp-json\/wp\/v2\/pages"}],"about":[{"href":"https:\/\/aprepro.org.br\/conbrepro\/2021\/wp-json\/wp\/v2\/types\/page"}],"author":[{"embeddable":true,"href":"https:\/\/aprepro.org.br\/conbrepro\/2021\/wp-json\/wp\/v2\/users\/1"}],"replies":[{"embeddable":true,"href":"https:\/\/aprepro.org.br\/conbrepro\/2021\/wp-json\/wp\/v2\/comments?post=47"}],"version-history":[{"count":16,"href":"https:\/\/aprepro.org.br\/conbrepro\/2021\/wp-json\/wp\/v2\/pages\/47\/revisions"}],"predecessor-version":[{"id":1239,"href":"https:\/\/aprepro.org.br\/conbrepro\/2021\/wp-json\/wp\/v2\/pages\/47\/revisions\/1239"}],"wp:attachment":[{"href":"https:\/\/aprepro.org.br\/conbrepro\/2021\/wp-json\/wp\/v2\/media?parent=47"}],"curies":[{"name":"wp","href":"https:\/\/api.w.org\/{rel}","templated":true}]}}