{"id":45,"date":"2019-06-28T11:24:07","date_gmt":"2019-06-28T11:24:07","guid":{"rendered":"https:\/\/aprepro.org.br\/conbrepro\/2020\/?page_id=45"},"modified":"2021-11-25T01:10:17","modified_gmt":"2021-11-25T01:10:17","slug":"apresentacao-oral-modelo","status":"publish","type":"page","link":"https:\/\/aprepro.org.br\/conbrepro\/2021\/apresentacao-oral-modelo\/","title":{"rendered":"Apresenta\u00e7\u00e3o Digital"},"content":{"rendered":"\t\t<div data-elementor-type=\"wp-page\" data-elementor-id=\"45\" class=\"elementor elementor-45\">\n\t\t\t\t\t\t<div class=\"elementor-inner\">\n\t\t\t\t<div class=\"elementor-section-wrap\">\n\t\t\t\t\t\t\t\t\t<section class=\"elementor-section elementor-top-section elementor-element elementor-element-41e550de elementor-section-boxed elementor-section-height-default elementor-section-height-default\" data-id=\"41e550de\" data-element_type=\"section\">\n\t\t\t\t\t\t<div class=\"elementor-container elementor-column-gap-default\">\n\t\t\t\t\t\t\t<div class=\"elementor-row\">\n\t\t\t\t\t<div class=\"elementor-column elementor-col-100 elementor-top-column elementor-element elementor-element-7f9ca35e\" data-id=\"7f9ca35e\" data-element_type=\"column\">\n\t\t\t<div class=\"elementor-column-wrap elementor-element-populated\">\n\t\t\t\t\t\t\t<div class=\"elementor-widget-wrap\">\n\t\t\t\t\t\t<div class=\"elementor-element elementor-element-6371e910 elementor-widget elementor-widget-text-editor\" data-id=\"6371e910\" data-element_type=\"widget\" data-widget_type=\"text-editor.default\">\n\t\t\t\t<div class=\"elementor-widget-container\">\n\t\t\t\t\t\t\t\t<div class=\"elementor-text-editor elementor-clearfix\">\n\t\t\t\t<p><!-- wp:paragraph --><\/p>\n<h1>Apresenta\u00e7\u00e3o Digital<\/h1>\n<p>\u00c9 necess\u00e1rio que ao menos um dos autores esteja presente para discutir e apresentar o artigo no evento. Se mais de um autor estiver presente, todos poder\u00e3o fazer a apresenta\u00e7\u00e3o. Vale ressaltar que o link de acesso a plataforma \u00e9 individual e pessoas n\u00e3o inscritas no CONBREPRO n\u00e3o ter\u00e3o acesso as atividades.<\/p>\n<p>As apresenta\u00e7\u00f5es est\u00e3o previstas com 15-20 minutos de dura\u00e7\u00e3o (10-15 minutos para a apresenta\u00e7\u00e3o e 5 minutos para debate).<\/p>\n<p>As apresenta\u00e7\u00f5es devem ser feitas em Power Point 2003 ou superior (fique atento para salvar em uma vers\u00e3o compat\u00edvel).<\/p>\n<p>A apresenta\u00e7\u00e3o deve ser estruturada em:<\/p>\n<ul>\n<li>Introdu\u00e7\u00e3o<\/li>\n<li>Objetivos<\/li>\n<li>Metodologia<\/li>\n<li>Revis\u00e3o bibliogr\u00e1fica<\/li>\n<li>Resultados e discuss\u00e3o<\/li>\n<li>Considera\u00e7\u00f5es finais<\/li>\n<li>Refer\u00eancias bibliogr\u00e1ficas<\/li>\n<\/ul>\n<p><!-- \/wp:paragraph --><!-- wp:paragraph {\"customTextColor\":\"#04267c\",\"customBackgroundColor\":\"#08f2ea\"} --><\/p>\n<p class=\"has-text-color has-background\" style=\"background-color: #08f2ea; color: #04267c;\"><a href=\"https:\/\/aprepro.org.br\/conbrepro\/2021\/wp-content\/uploads\/2021\/07\/Modelo_slides-2021.pptx\"><strong>Baixe o modelo de Slides para apresenta\u00e7\u00e3o oral. <span style=\"color: #000080;\">CLIQUE AQUI!<\/span><\/strong><\/a><\/p>\n<p><!-- \/wp:paragraph --><\/p>\t\t\t\t\t<\/div>\n\t\t\t\t\t\t<\/div>\n\t\t\t\t<\/div>\n\t\t\t\t\t\t<\/div>\n\t\t\t\t\t<\/div>\n\t\t<\/div>\n\t\t\t\t\t\t\t\t<\/div>\n\t\t\t\t\t<\/div>\n\t\t<\/section>\n\t\t\t\t\t\t\t\t\t<\/div>\n\t\t\t<\/div>\n\t\t\t\t\t<\/div>\n\t\t","protected":false},"excerpt":{"rendered":"<p>Apresenta\u00e7\u00e3o Digital \u00c9 necess\u00e1rio que ao menos um dos autores esteja presente para discutir e apresentar o artigo no evento. Se mais de um autor estiver presente, todos poder\u00e3o fazer a apresenta\u00e7\u00e3o. Vale ressaltar que o link de acesso a plataforma \u00e9 individual e pessoas n\u00e3o inscritas no CONBREPRO n\u00e3o ter\u00e3o acesso as atividades. As &hellip;<\/p>\n<p class=\"read-more\"> <a class=\"\" href=\"https:\/\/aprepro.org.br\/conbrepro\/2021\/apresentacao-oral-modelo\/\"> <span class=\"screen-reader-text\">Apresenta\u00e7\u00e3o Digital<\/span> Read More &raquo;<\/a><\/p>\n","protected":false},"author":1,"featured_media":0,"parent":0,"menu_order":0,"comment_status":"closed","ping_status":"closed","template":"","meta":{"_mi_skip_tracking":false},"_links":{"self":[{"href":"https:\/\/aprepro.org.br\/conbrepro\/2021\/wp-json\/wp\/v2\/pages\/45"}],"collection":[{"href":"https:\/\/aprepro.org.br\/conbrepro\/2021\/wp-json\/wp\/v2\/pages"}],"about":[{"href":"https:\/\/aprepro.org.br\/conbrepro\/2021\/wp-json\/wp\/v2\/types\/page"}],"author":[{"embeddable":true,"href":"https:\/\/aprepro.org.br\/conbrepro\/2021\/wp-json\/wp\/v2\/users\/1"}],"replies":[{"embeddable":true,"href":"https:\/\/aprepro.org.br\/conbrepro\/2021\/wp-json\/wp\/v2\/comments?post=45"}],"version-history":[{"count":19,"href":"https:\/\/aprepro.org.br\/conbrepro\/2021\/wp-json\/wp\/v2\/pages\/45\/revisions"}],"predecessor-version":[{"id":1556,"href":"https:\/\/aprepro.org.br\/conbrepro\/2021\/wp-json\/wp\/v2\/pages\/45\/revisions\/1556"}],"wp:attachment":[{"href":"https:\/\/aprepro.org.br\/conbrepro\/2021\/wp-json\/wp\/v2\/media?parent=45"}],"curies":[{"name":"wp","href":"https:\/\/api.w.org\/{rel}","templated":true}]}}