{"id":37,"date":"2019-06-28T11:23:33","date_gmt":"2019-06-28T11:23:33","guid":{"rendered":"https:\/\/aprepro.org.br\/conbrepro\/2020\/?page_id=37"},"modified":"2021-07-19T14:41:38","modified_gmt":"2021-07-19T14:41:38","slug":"modelo-de-artigo-cientifico","status":"publish","type":"page","link":"https:\/\/aprepro.org.br\/conbrepro\/2021\/modelo-de-artigo-cientifico\/","title":{"rendered":"Modelo de Artigo Cient\u00edfico"},"content":{"rendered":"\t\t<div data-elementor-type=\"wp-page\" data-elementor-id=\"37\" class=\"elementor elementor-37\">\n\t\t\t\t\t\t<div class=\"elementor-inner\">\n\t\t\t\t<div class=\"elementor-section-wrap\">\n\t\t\t\t\t\t\t\t\t<section class=\"elementor-section elementor-top-section elementor-element elementor-element-355f5b2e elementor-section-boxed elementor-section-height-default elementor-section-height-default\" data-id=\"355f5b2e\" data-element_type=\"section\">\n\t\t\t\t\t\t<div class=\"elementor-container elementor-column-gap-default\">\n\t\t\t\t\t\t\t<div class=\"elementor-row\">\n\t\t\t\t\t<div class=\"elementor-column elementor-col-100 elementor-top-column elementor-element elementor-element-72e29b24\" data-id=\"72e29b24\" data-element_type=\"column\">\n\t\t\t<div class=\"elementor-column-wrap elementor-element-populated\">\n\t\t\t\t\t\t\t<div class=\"elementor-widget-wrap\">\n\t\t\t\t\t\t<div class=\"elementor-element elementor-element-4e8004a8 elementor-widget elementor-widget-text-editor\" data-id=\"4e8004a8\" data-element_type=\"widget\" data-widget_type=\"text-editor.default\">\n\t\t\t\t<div class=\"elementor-widget-container\">\n\t\t\t\t\t\t\t\t<div class=\"elementor-text-editor elementor-clearfix\">\n\t\t\t\t<!-- wp:paragraph -->\n<h3>Para baixar o Modelo para elabora\u00e7\u00e3o de artigo,\u00a0<a href=\"https:\/\/aprepro.org.br\/conbrepro\/2021\/wp-content\/uploads\/2021\/07\/Template_de_Artigo_2021.docx\"><span style=\"color: #ff0000;\"><strong>CLIQUE AQUI!<\/strong><\/span><\/a><\/h3>\n<!-- \/wp:paragraph --><!-- wp:paragraph -->\n<p><strong>Observa\u00e7\u00e3o:\u00a0<\/strong>Os trabalhos que n\u00e3o seguirem rigorosamente ao modelo proposto n\u00e3o ser\u00e3o avaliados.<\/p>\n<p><strong>Para a submiss\u00e3o do artigo no sistema s\u00e3o solicitadas as seguintes informa\u00e7\u00f5es:<\/strong><\/p>\n<ul>\n<li>T\u00edtulo do trabalho;<\/li>\n<li>Resumo;<\/li>\n<li>\u00c1rea tem\u00e1tica de avalia\u00e7\u00e3o;<\/li>\n<li>Dois documentos no formato *. pdf do artigo: um com os nomes dos autores e outro sem os nomes dos autores (ambos os documentos com no m\u00e1ximo 01 Mb)<\/li>\n<li>N\u00famero de coautores\u00a0<strong>(m\u00e1ximo 4)<\/strong>;<\/li>\n<li>E-mail, nome completo e CPF do(s) coautor(s).<\/li>\n<\/ul>\n<p><strong>IMPORTANTE:<\/strong> O envio dos dois documentos \u00e9 obrigat\u00f3rio para que a submiss\u00e3o seja completa. Os dois arquivos dever\u00e3o ser enviados em vers\u00e3o final e em PDF. \u00c9 de responsabilidade dos autores os dados neles inseridos. N\u00e3o ser\u00e3o permitidas altera\u00e7\u00f5es ap\u00f3s o fim do prazo de submiss\u00e3o.<\/p>\n<p><strong>Termos e Condi\u00e7\u00f5es.<\/strong><\/p>\n<p>O artigo publicado passa a ser propriedade da Associa\u00e7\u00e3o Paranaense de Engenharia de Produ\u00e7\u00e3o (APREPRO) e \u00e9 de inteira responsabilidade do(s) autor(es), cabendo \u00e0 APREPRO apenas a avalia\u00e7\u00e3o dos artigos e a organiza\u00e7\u00e3o do Congresso Brasileiro de Engenharia de Produ\u00e7\u00e3o (CONBREPRO). A APREPRO n\u00e3o se responsabiliza por eventuais viola\u00e7\u00f5es \u00e0 Lei n\u00ba 9.610\/1998, Lei de Direito Autoral.<\/p>\n<!-- \/wp:paragraph -->\t\t\t\t\t<\/div>\n\t\t\t\t\t\t<\/div>\n\t\t\t\t<\/div>\n\t\t\t\t\t\t<\/div>\n\t\t\t\t\t<\/div>\n\t\t<\/div>\n\t\t\t\t\t\t\t\t<\/div>\n\t\t\t\t\t<\/div>\n\t\t<\/section>\n\t\t\t\t\t\t\t\t\t<\/div>\n\t\t\t<\/div>\n\t\t\t\t\t<\/div>\n\t\t","protected":false},"excerpt":{"rendered":"<p>Para baixar o Modelo para elabora\u00e7\u00e3o de artigo,\u00a0CLIQUE AQUI! Observa\u00e7\u00e3o:\u00a0Os trabalhos que n\u00e3o seguirem rigorosamente ao modelo proposto n\u00e3o ser\u00e3o avaliados. Para a submiss\u00e3o do artigo no sistema s\u00e3o solicitadas as seguintes informa\u00e7\u00f5es: T\u00edtulo do trabalho; Resumo; \u00c1rea tem\u00e1tica de avalia\u00e7\u00e3o; Dois documentos no formato *. pdf do artigo: um com os nomes dos autores &hellip;<\/p>\n<p class=\"read-more\"> <a class=\"\" href=\"https:\/\/aprepro.org.br\/conbrepro\/2021\/modelo-de-artigo-cientifico\/\"> <span class=\"screen-reader-text\">Modelo de Artigo Cient\u00edfico<\/span> Read More &raquo;<\/a><\/p>\n","protected":false},"author":1,"featured_media":0,"parent":0,"menu_order":0,"comment_status":"closed","ping_status":"closed","template":"","meta":{"_mi_skip_tracking":false},"_links":{"self":[{"href":"https:\/\/aprepro.org.br\/conbrepro\/2021\/wp-json\/wp\/v2\/pages\/37"}],"collection":[{"href":"https:\/\/aprepro.org.br\/conbrepro\/2021\/wp-json\/wp\/v2\/pages"}],"about":[{"href":"https:\/\/aprepro.org.br\/conbrepro\/2021\/wp-json\/wp\/v2\/types\/page"}],"author":[{"embeddable":true,"href":"https:\/\/aprepro.org.br\/conbrepro\/2021\/wp-json\/wp\/v2\/users\/1"}],"replies":[{"embeddable":true,"href":"https:\/\/aprepro.org.br\/conbrepro\/2021\/wp-json\/wp\/v2\/comments?post=37"}],"version-history":[{"count":19,"href":"https:\/\/aprepro.org.br\/conbrepro\/2021\/wp-json\/wp\/v2\/pages\/37\/revisions"}],"predecessor-version":[{"id":1457,"href":"https:\/\/aprepro.org.br\/conbrepro\/2021\/wp-json\/wp\/v2\/pages\/37\/revisions\/1457"}],"wp:attachment":[{"href":"https:\/\/aprepro.org.br\/conbrepro\/2021\/wp-json\/wp\/v2\/media?parent=37"}],"curies":[{"name":"wp","href":"https:\/\/api.w.org\/{rel}","templated":true}]}}