{"id":36,"date":"2019-06-28T11:22:58","date_gmt":"2019-06-28T11:22:58","guid":{"rendered":"https:\/\/aprepro.org.br\/conbrepro\/2020\/?page_id=36"},"modified":"2021-09-29T13:34:45","modified_gmt":"2021-09-29T13:34:45","slug":"datas-importantes","status":"publish","type":"page","link":"https:\/\/aprepro.org.br\/conbrepro\/2021\/datas-importantes\/","title":{"rendered":"Datas importantes"},"content":{"rendered":"\t\t<div data-elementor-type=\"wp-page\" data-elementor-id=\"36\" class=\"elementor elementor-36\">\n\t\t\t\t\t\t<div class=\"elementor-inner\">\n\t\t\t\t<div class=\"elementor-section-wrap\">\n\t\t\t\t\t\t\t\t\t<section class=\"elementor-section elementor-top-section elementor-element elementor-element-46c7e955 elementor-section-boxed elementor-section-height-default elementor-section-height-default\" data-id=\"46c7e955\" data-element_type=\"section\">\n\t\t\t\t\t\t<div class=\"elementor-container elementor-column-gap-default\">\n\t\t\t\t\t\t\t<div class=\"elementor-row\">\n\t\t\t\t\t<div class=\"elementor-column elementor-col-100 elementor-top-column elementor-element elementor-element-952bbb7\" data-id=\"952bbb7\" data-element_type=\"column\">\n\t\t\t<div class=\"elementor-column-wrap elementor-element-populated\">\n\t\t\t\t\t\t\t<div class=\"elementor-widget-wrap\">\n\t\t\t\t\t\t<div class=\"elementor-element elementor-element-52e9a67e elementor-widget elementor-widget-text-editor\" data-id=\"52e9a67e\" data-element_type=\"widget\" data-widget_type=\"text-editor.default\">\n\t\t\t\t<div class=\"elementor-widget-container\">\n\t\t\t\t\t\t\t\t<div class=\"elementor-text-editor elementor-clearfix\">\n\t\t\t\t<p><!-- wp:paragraph --><\/p>\n<p><strong>DATAS IMPORTANTES:<\/strong><\/p>\n<p>O evento acontecer\u00e1 nos dias&nbsp;<strong>01 a 03 de Dezembro de 2021<\/strong>.<\/p>\n<p><strong>&nbsp;<\/strong><strong>Submiss\u00e3o de Artigos Cient\u00edficos:<\/strong><\/p>\n<p>Per\u00edodo para submiss\u00e3o de Artigos nas Sess\u00f5es Tem\u00e1ticas e Inicia\u00e7\u00e3o Cient\u00edfica <strong>at\u00e9 12 de outubro de 2021.<\/strong><\/p>\n<p><strong>Artigos Aprovados:<\/strong><\/p>\n<p>Resultados at\u00e9 o dia&nbsp;<strong>01 de novembro de 2021<\/strong>.<\/p>\n<p>IMPORTANTE: a op\u00e7\u00e3o de n\u00e3o apresenta\u00e7\u00e3o de artigo, ao marcar esta op\u00e7\u00e3o, automaticamente o artigo n\u00e3o constar\u00e1 na listagem de ensalamento das apresenta\u00e7\u00f5es de artigos.<\/p>\n<p><strong>Prazo para Pagamento para publica\u00e7\u00e3o nos anais do evento:<\/strong><\/p>\n<p>O pagamento da inscri\u00e7\u00e3o dever\u00e1 ser realizado at\u00e9 o dia&nbsp;<strong>19 de novembro de 2021<\/strong>.&nbsp;<strong>Ap\u00f3s esta data ser\u00e1 poss\u00edvel efetuar o pagamento at\u00e9 a data do evento com os valores ajustados, por\u00e9m n\u00e3o ter\u00e1 o artigo <\/strong>na listagem de ensalamento das apresenta\u00e7\u00f5es<strong>.&nbsp;<\/strong><\/p>\n<p><em><span style=\"color: #ff0000;\"><strong>IMPORTANTE: <\/strong>uma (01) inscri\u00e7\u00e3o paga, publicar\u00e1 um (01) artigo. Para publica\u00e7\u00e3o dos demais um outro autor dever\u00e1 se inscrever no evento.<\/span><\/em><\/p>\n<p><!-- \/wp:paragraph --><\/p>\t\t\t\t\t<\/div>\n\t\t\t\t\t\t<\/div>\n\t\t\t\t<\/div>\n\t\t\t\t\t\t<\/div>\n\t\t\t\t\t<\/div>\n\t\t<\/div>\n\t\t\t\t\t\t\t\t<\/div>\n\t\t\t\t\t<\/div>\n\t\t<\/section>\n\t\t\t\t\t\t\t\t\t<\/div>\n\t\t\t<\/div>\n\t\t\t\t\t<\/div>\n\t\t","protected":false},"excerpt":{"rendered":"<p>DATAS IMPORTANTES: O evento acontecer\u00e1 nos dias&nbsp;01 a 03 de Dezembro de 2021. &nbsp;Submiss\u00e3o de Artigos Cient\u00edficos: Per\u00edodo para submiss\u00e3o de Artigos nas Sess\u00f5es Tem\u00e1ticas e Inicia\u00e7\u00e3o Cient\u00edfica at\u00e9 12 de outubro de 2021. Artigos Aprovados: Resultados at\u00e9 o dia&nbsp;01 de novembro de 2021. IMPORTANTE: a op\u00e7\u00e3o de n\u00e3o apresenta\u00e7\u00e3o de artigo, ao marcar esta &hellip;<\/p>\n<p class=\"read-more\"> <a class=\"\" href=\"https:\/\/aprepro.org.br\/conbrepro\/2021\/datas-importantes\/\"> <span class=\"screen-reader-text\">Datas importantes<\/span> Read More &raquo;<\/a><\/p>\n","protected":false},"author":1,"featured_media":0,"parent":0,"menu_order":0,"comment_status":"closed","ping_status":"closed","template":"","meta":{"_mi_skip_tracking":false},"_links":{"self":[{"href":"https:\/\/aprepro.org.br\/conbrepro\/2021\/wp-json\/wp\/v2\/pages\/36"}],"collection":[{"href":"https:\/\/aprepro.org.br\/conbrepro\/2021\/wp-json\/wp\/v2\/pages"}],"about":[{"href":"https:\/\/aprepro.org.br\/conbrepro\/2021\/wp-json\/wp\/v2\/types\/page"}],"author":[{"embeddable":true,"href":"https:\/\/aprepro.org.br\/conbrepro\/2021\/wp-json\/wp\/v2\/users\/1"}],"replies":[{"embeddable":true,"href":"https:\/\/aprepro.org.br\/conbrepro\/2021\/wp-json\/wp\/v2\/comments?post=36"}],"version-history":[{"count":28,"href":"https:\/\/aprepro.org.br\/conbrepro\/2021\/wp-json\/wp\/v2\/pages\/36\/revisions"}],"predecessor-version":[{"id":1529,"href":"https:\/\/aprepro.org.br\/conbrepro\/2021\/wp-json\/wp\/v2\/pages\/36\/revisions\/1529"}],"wp:attachment":[{"href":"https:\/\/aprepro.org.br\/conbrepro\/2021\/wp-json\/wp\/v2\/media?parent=36"}],"curies":[{"name":"wp","href":"https:\/\/api.w.org\/{rel}","templated":true}]}}