{"id":25,"date":"2019-06-28T11:19:23","date_gmt":"2019-06-28T11:19:23","guid":{"rendered":"https:\/\/aprepro.org.br\/conbrepro\/2020\/?page_id=25"},"modified":"2021-07-30T14:15:20","modified_gmt":"2021-07-30T14:15:20","slug":"inscricao-2","status":"publish","type":"page","link":"https:\/\/aprepro.org.br\/conbrepro\/2021\/inscricao-2\/","title":{"rendered":"Inscri\u00e7\u00e3o"},"content":{"rendered":"\t\t<div data-elementor-type=\"wp-page\" data-elementor-id=\"25\" class=\"elementor elementor-25\">\n\t\t\t\t\t\t<div class=\"elementor-inner\">\n\t\t\t\t<div class=\"elementor-section-wrap\">\n\t\t\t\t\t\t\t\t\t<section class=\"elementor-section elementor-top-section elementor-element elementor-element-6d34c8de elementor-section-boxed elementor-section-height-default elementor-section-height-default\" data-id=\"6d34c8de\" data-element_type=\"section\">\n\t\t\t\t\t\t<div class=\"elementor-container elementor-column-gap-default\">\n\t\t\t\t\t\t\t<div class=\"elementor-row\">\n\t\t\t\t\t<div class=\"elementor-column elementor-col-100 elementor-top-column elementor-element elementor-element-253cc783\" data-id=\"253cc783\" data-element_type=\"column\">\n\t\t\t<div class=\"elementor-column-wrap elementor-element-populated\">\n\t\t\t\t\t\t\t<div class=\"elementor-widget-wrap\">\n\t\t\t\t\t\t<div class=\"elementor-element elementor-element-5d6a0e8a elementor-widget elementor-widget-text-editor\" data-id=\"5d6a0e8a\" data-element_type=\"widget\" data-widget_type=\"text-editor.default\">\n\t\t\t\t<div class=\"elementor-widget-container\">\n\t\t\t\t\t\t\t\t<div class=\"elementor-text-editor elementor-clearfix\">\n\t\t\t\t<p><!-- wp:table {\"backgroundColor\":\"subtle-pale-blue\",\"align\":\"center\"} --><\/p>\n<h5 style=\"text-align: center;\">\u00a0<\/h5>\n<table width=\"501\">\n<tbody>\n<tr>\n<td width=\"279\"><span style=\"color: #000080;\"><strong>Inscri\u00e7\u00e3o para o\u00a0Evento<\/strong><\/span><\/td>\n<td style=\"text-align: center;\" width=\"111\"><span style=\"color: #000080;\"><strong>Valores at\u00e9 19\/11\/2021<\/strong><\/span><\/td>\n<td style=\"text-align: center;\" width=\"111\"><span style=\"color: #000080;\"><strong>Valores ap\u00f3s 19\/11\/2021**<\/strong><\/span><\/td>\n<\/tr>\n<tr>\n<td width=\"279\"><span style=\"color: #000080;\"><strong>1. Estudante de Gradua\u00e7\u00e3o*<\/strong><\/span><\/td>\n<td width=\"111\">\u00a0<\/td>\n<td width=\"111\">\u00a0<\/td>\n<\/tr>\n<tr>\n<td style=\"padding-left: 40px;\" width=\"279\">1.1. Associado APREPRO**<\/td>\n<td style=\"text-align: center;\" width=\"111\">R$ 150,00<\/td>\n<td style=\"text-align: center;\" width=\"111\">R$ 200,00<\/td>\n<\/tr>\n<tr>\n<td style=\"padding-left: 40px;\" width=\"279\">1.2. N\u00e3o Associado APREPRO<\/td>\n<td style=\"text-align: center;\" width=\"111\">R$ 200,00<\/td>\n<td style=\"text-align: center;\" width=\"111\">R$ 250,00<\/td>\n<\/tr>\n<tr>\n<td width=\"279\"><span style=\"color: #000080;\"><strong>2. Professor, Profissional, Mestrando, Doutorando, etc<\/strong><\/span><\/td>\n<td style=\"text-align: center;\" width=\"111\">\u00a0<span style=\"font-size: 15px; font-style: normal; font-weight: bold; color: #000080; text-align: center;\">Valores at\u00e9 19\/11\/2021<\/span><\/td>\n<td style=\"text-align: center;\" width=\"111\"><span style=\"color: #000080;\"><strong>Valores ap\u00f3s 19\/11\/2021**<\/strong><\/span><\/td>\n<\/tr>\n<tr>\n<td style=\"padding-left: 40px;\" width=\"279\">2.1. Associado APREPRO**<\/td>\n<td style=\"text-align: center;\" width=\"111\">R$ 200,00<\/td>\n<td style=\"text-align: center;\" width=\"111\">R$ 250,00<\/td>\n<\/tr>\n<tr>\n<td style=\"padding-left: 40px;\" width=\"279\">2.2. N\u00e3o Associado APREPRO<\/td>\n<td style=\"text-align: center;\" width=\"111\">R$ 250,00<\/td>\n<td style=\"text-align: center;\" width=\"111\">R$ 300,00<\/td>\n<\/tr>\n<tr>\n<td width=\"279\">\u00a0<\/td>\n<td width=\"111\">\u00a0<\/td>\n<td width=\"111\">\u00a0<\/td>\n<\/tr>\n<tr>\n<td colspan=\"3\" width=\"501\"><span style=\"color: #ff0000;\"><em>* Encaminhar o comprovante de matricula no sistema de submiss\u00e3o.<\/em><\/span><\/td>\n<\/tr>\n<tr>\n<td colspan=\"3\" width=\"501\"><span style=\"color: #ff0000;\"><em>*<span style=\"color: #ff0000;\">*\u00a0<\/span><\/em>Associado da\u00a0<strong><span style=\"font-family: Roboto; mso-bidi-font-family: 'Times New Roman'; mso-bidi-theme-font: minor-bidi;\">APREPRO \u2013\u00a0<\/span><\/strong>Associa\u00e7\u00e3o Paranaense de Engenharia de Produ\u00e7\u00e3o \u00e9\u00a0aquele\u00a0que realizar\u00a0a\u00a0associa\u00e7\u00e3o\u00a0antes da inscri\u00e7\u00e3o no evento.\u00a0<\/span><\/td>\n<\/tr>\n<\/tbody>\n<\/table>\n<h4><b>IMPORTANTE<\/b><span style=\"font-weight: 300;\">.\u00a0Para associar-se\u00a0<\/span><strong>GRATUITAMENTE<\/strong><span style=\"font-weight: 300;\">\u00a0na\u00a0<\/span><strong>APREPRO<\/strong><span style=\"font-weight: 300;\">:\u00a0<\/span><span style=\"color: #ff0000;\"><a style=\"color: #ff0000;\" href=\"https:\/\/aprepro.org.br\/portal\/cadastro-de-associados-aprepro\/\"><strong>Clique aqui<\/strong><\/a><\/span><\/h4>\n<p>\u00a0<\/p>\n<h3>Para pagamento por\u00a0<strong>Empenho\u00a0<\/strong>fa\u00e7a o download do arquivo: <a href=\"https:\/\/aprepro.org.br\/conbrepro\/2021\/wp-content\/uploads\/2021\/07\/INSTRUCOES-PARA-PAGAMENTO-POR-EMPENHO-2021.docx\"><span style=\"color: #ff0000;\"><strong>Clique aqui<\/strong><\/span><\/a><\/h3>\n<p>As inscri\u00e7\u00f5es\u00a0via Empenho\u00a0s\u00e3o consideradas\u00a0confirmadas no momento do recebimento da Nota de Empenho, assegurando a publica\u00e7\u00e3o de artigo, quando for o caso.\u00a0As notas de empenho devem ser enviadas por e-mail para\u00a0<a style=\"font-size: 15px; font-family: var( --e-global-typography-text-font-family ), Sans-serif; background-color: #ffffff;\" href=\"mailto:contato@aprepro.org.br\">contato@aprepro.org.br<\/a><span style=\"font-size: 15px; color: var( --e-global-color-text ); font-family: var( --e-global-typography-text-font-family ), Sans-serif;\">.\u00a0<\/span><\/p>\n<p><!-- \/wp:paragraph --><!-- wp:separator --><\/p>\n<p><!-- \/wp:separator --><!-- wp:image --><\/p>\n<figure class=\"wp-block-image\"><\/figure>\n<p><!-- \/wp:image --><!-- wp:paragraph {\"align\":\"center\",\"textColor\":\"very-dark-gray\",\"backgroundColor\":\"luminous-vivid-amber\",\"fontSize\":\"medium\"} --><\/p>\n<p class=\"has-text-color has-background has-medium-font-size has-very-dark-gray-color has-luminous-vivid-amber-background-color\" style=\"text-align: center;\"><strong><a href=\"https:\/\/aprepro.org.br\/conbrepro\/2020\/wp-content\/uploads\/2020\/08\/TUTORIAL-DE-INSCRI\u00c7\u00c3O-CONBREPRO.pdf\">TUTORIAL PARA SE INSCREVER (CLIQUE AQUI)<\/a><\/strong><\/p>\n<p><!-- \/wp:paragraph --><!-- wp:paragraph --><\/p>\n<p>Para efetuar o seu cadastro acesse o sistema de inscri\u00e7\u00e3o: <strong><a href=\"https:\/\/inscricao.aprepro.org.br\/index.php\/auth\/cadastro\/3\">CLIQUE AQUI.<\/a><\/strong><\/p>\n<p><!-- \/wp:paragraph --><!-- wp:paragraph --><\/p>\n<p>1 &#8211; Todos os interessados em participar do evento<strong><em>\u00a0<\/em><\/strong>dever\u00e3o\u00a0se cadastrar clicando em\u00a0\u00a0Login \/ Cadastro (Topo da p\u00e1gina) ou pelo link: <a href=\"https:\/\/inscricao.aprepro.org.br\/index.php\/auth\/cadastro\/3\">https:\/\/inscricao.aprepro.org.br\/index.php\/auth\/cadastro\/3<\/a><\/p>\n<p><!-- \/wp:paragraph --><!-- wp:paragraph --><\/p>\n<p>\u00a02 &#8211; Preencher o\u00a0<strong>FORMUL\u00c1RIO DE INSCRI\u00c7\u00c3O<\/strong>.\u00a0\u00a0Para submiss\u00e3o de artigos n\u00e3o \u00e9 necess\u00e1rio emitir o boleto da inscri\u00e7\u00e3o\u00a0<\/p>\n<p><!-- \/wp:paragraph --><!-- wp:paragraph --><\/p>\n<p><strong>Observa\u00e7\u00e3o:\u00a0a op\u00e7\u00e3o de n\u00e3o apresenta\u00e7\u00e3o de artigo, ao marcar esta op\u00e7\u00e3o, automaticamente o artigo n\u00e3o constar\u00e1 na listagem de ensalamento (apresenta\u00e7\u00e3o de artigos)<\/strong>.<\/p>\n<p><!-- \/wp:paragraph --><!-- wp:paragraph {\"textColor\":\"very-dark-gray\"} --><\/p>\n<p class=\"has-text-color has-very-dark-gray-color\">3 &#8211;\u00a0Emitir\u00a0o\u00a0boleto para pagamento da inscri\u00e7\u00e3o.\u00a0<strong>Para garantir a publica\u00e7\u00e3o do artigo aprovado nos anais o pagamento da sua inscri\u00e7\u00e3o at\u00e9 o dia 19 de novembro de 2021. Ap\u00f3s esta data ser\u00e1 poss\u00edvel efetuar o pagamento at\u00e9 a data do evento com os valores ajustados, por\u00e9m n\u00e3o ter\u00e1 o(s) artigo(s) ensalado(s).<\/strong>\u00a0<\/p>\n<p><!-- \/wp:paragraph --><!-- wp:paragraph {\"textColor\":\"vivid-cyan-blue\"} --><\/p>\n<p class=\"has-text-color has-vivid-cyan-blue-color\"><span style=\"color: #0000ff;\"><strong>4 &#8211;\u00a0Em hip\u00f3tese alguma o valor da inscri\u00e7\u00e3o ser\u00e1 devolvida.<\/strong><\/span><\/p>\n<p><!-- \/wp:paragraph --><\/p>\t\t\t\t\t<\/div>\n\t\t\t\t\t\t<\/div>\n\t\t\t\t<\/div>\n\t\t\t\t\t\t<\/div>\n\t\t\t\t\t<\/div>\n\t\t<\/div>\n\t\t\t\t\t\t\t\t<\/div>\n\t\t\t\t\t<\/div>\n\t\t<\/section>\n\t\t\t\t\t\t\t\t\t<\/div>\n\t\t\t<\/div>\n\t\t\t\t\t<\/div>\n\t\t","protected":false},"excerpt":{"rendered":"<p>\u00a0 Inscri\u00e7\u00e3o para o\u00a0Evento Valores at\u00e9 19\/11\/2021 Valores ap\u00f3s 19\/11\/2021** 1. Estudante de Gradua\u00e7\u00e3o* \u00a0 \u00a0 1.1. Associado APREPRO** R$ 150,00 R$ 200,00 1.2. N\u00e3o Associado APREPRO R$ 200,00 R$ 250,00 2. Professor, Profissional, Mestrando, Doutorando, etc \u00a0Valores at\u00e9 19\/11\/2021 Valores ap\u00f3s 19\/11\/2021** 2.1. Associado APREPRO** R$ 200,00 R$ 250,00 2.2. N\u00e3o Associado APREPRO R$ &hellip;<\/p>\n<p class=\"read-more\"> <a class=\"\" href=\"https:\/\/aprepro.org.br\/conbrepro\/2021\/inscricao-2\/\"> <span class=\"screen-reader-text\">Inscri\u00e7\u00e3o<\/span> Read More &raquo;<\/a><\/p>\n","protected":false},"author":1,"featured_media":0,"parent":0,"menu_order":0,"comment_status":"closed","ping_status":"closed","template":"elementor_header_footer","meta":{"_mi_skip_tracking":false},"_links":{"self":[{"href":"https:\/\/aprepro.org.br\/conbrepro\/2021\/wp-json\/wp\/v2\/pages\/25"}],"collection":[{"href":"https:\/\/aprepro.org.br\/conbrepro\/2021\/wp-json\/wp\/v2\/pages"}],"about":[{"href":"https:\/\/aprepro.org.br\/conbrepro\/2021\/wp-json\/wp\/v2\/types\/page"}],"author":[{"embeddable":true,"href":"https:\/\/aprepro.org.br\/conbrepro\/2021\/wp-json\/wp\/v2\/users\/1"}],"replies":[{"embeddable":true,"href":"https:\/\/aprepro.org.br\/conbrepro\/2021\/wp-json\/wp\/v2\/comments?post=25"}],"version-history":[{"count":77,"href":"https:\/\/aprepro.org.br\/conbrepro\/2021\/wp-json\/wp\/v2\/pages\/25\/revisions"}],"predecessor-version":[{"id":1522,"href":"https:\/\/aprepro.org.br\/conbrepro\/2021\/wp-json\/wp\/v2\/pages\/25\/revisions\/1522"}],"wp:attachment":[{"href":"https:\/\/aprepro.org.br\/conbrepro\/2021\/wp-json\/wp\/v2\/media?parent=25"}],"curies":[{"name":"wp","href":"https:\/\/api.w.org\/{rel}","templated":true}]}}