{"id":2,"date":"2019-06-27T10:36:12","date_gmt":"2019-06-27T10:36:12","guid":{"rendered":"https:\/\/aprepro.org.br\/conbrepro\/2020\/?page_id=2"},"modified":"2021-07-20T12:50:07","modified_gmt":"2021-07-20T12:50:07","slug":"sobre","status":"publish","type":"page","link":"https:\/\/aprepro.org.br\/conbrepro\/2021\/sobre\/","title":{"rendered":"Sobre"},"content":{"rendered":"\t\t<div data-elementor-type=\"wp-page\" data-elementor-id=\"2\" class=\"elementor elementor-2\">\n\t\t\t\t\t\t<div class=\"elementor-inner\">\n\t\t\t\t<div class=\"elementor-section-wrap\">\n\t\t\t\t\t\t\t\t\t<section class=\"elementor-section elementor-top-section elementor-element elementor-element-546d8000 elementor-section-boxed elementor-section-height-default elementor-section-height-default\" data-id=\"546d8000\" data-element_type=\"section\">\n\t\t\t\t\t\t<div class=\"elementor-container elementor-column-gap-default\">\n\t\t\t\t\t\t\t<div class=\"elementor-row\">\n\t\t\t\t\t<div class=\"elementor-column elementor-col-100 elementor-top-column elementor-element elementor-element-3f9832a6\" data-id=\"3f9832a6\" data-element_type=\"column\">\n\t\t\t<div class=\"elementor-column-wrap elementor-element-populated\">\n\t\t\t\t\t\t\t<div class=\"elementor-widget-wrap\">\n\t\t\t\t\t\t<div class=\"elementor-element elementor-element-5f567de5 elementor-widget elementor-widget-text-editor\" data-id=\"5f567de5\" data-element_type=\"widget\" data-widget_type=\"text-editor.default\">\n\t\t\t\t<div class=\"elementor-widget-container\">\n\t\t\t\t\t\t\t\t<div class=\"elementor-text-editor elementor-clearfix\">\n\t\t\t\t<p><!-- wp:paragraph --><\/p>\n<p style=\"text-align: justify; background: white; vertical-align: baseline; margin: 0cm 0cm 12.0pt 0cm;\"><b><span style=\"font-size: 11.5pt; font-family: Roboto; color: #7a7a7a;\">XI Congresso Brasileiro de Engenharia de Produ\u00e7\u00e3o (CONBREPRO 2021) \u201cEngenharia nas Cidades Inteligentes\u201d<\/span><\/b><\/p>\n<p style=\"text-align: justify; background: white; vertical-align: baseline; margin: 0cm 0cm 12.0pt 0cm;\"><span style=\"font-size: 11.5pt; font-family: Roboto; color: #7a7a7a;\">\u00c9 um evento nacional organizado pela APREPRO \u2013 Associa\u00e7\u00e3o Paranaense de Engenharia de Produ\u00e7\u00e3o, com o prop\u00f3sito de reunir docentes, pesquisadores, estudantes, profissionais, \u00f3rg\u00e3os p\u00fablicos, entidades privadas e do terceiro setor com atua\u00e7\u00e3o na Engenharia de Produ\u00e7\u00e3o e \u00e1reas afins para divulga\u00e7\u00e3o de pesquisas e realizar a intera\u00e7\u00e3o entre os diversos agentes do conhecimento.<\/span><\/p>\n<p style=\"text-align: justify; background: white; vertical-align: baseline; margin: 0cm 0cm 12.0pt 0cm;\"><span style=\"font-size: 11.5pt; font-family: Roboto; color: #7a7a7a;\">O CONBREPRO tamb\u00e9m divulga a produ\u00e7\u00e3o t\u00e9cnica e cient\u00edfica das pesquisas nas \u00e1reas e sub-\u00e1reas de engenharia de produ\u00e7\u00e3o e \u00e1reas afins, promovendo a integra\u00e7\u00e3o e o interc\u00e2mbio do conhecimento acad\u00eamico com o setor produtivo, fomentando a transfer\u00eancia de ensino-pesquisa-aplica\u00e7\u00e3o atrav\u00e9s da rela\u00e7\u00e3o universidade-empresa para o desenvolvimento econ\u00f4mico local, regional e nacional.<\/span><\/p>\n<p style=\"text-align: justify; background: white; vertical-align: baseline; margin: 0cm 0cm 12.0pt 0cm;\"><span style=\"font-size: 11.5pt; font-family: Roboto; color: #7a7a7a;\">Assim, o CONBREPRO apresenta-se como promotor do conhecimento e desenvolvimento do capital intelectual entre a comunidade acad\u00eamica e a sociedade.<\/span><\/p>\n<p style=\"text-align: justify; background: white; vertical-align: baseline; margin: 0cm 0cm 12.0pt 0cm;\"><span style=\"font-size: 11.5pt; font-family: Roboto; color: #7a7a7a;\">O evento acontecer\u00e1 nos dias <b>01 a 03 de Dezembro de 2021<\/b>, formato 100% On-line<\/span><\/p>\t\t\t\t\t<\/div>\n\t\t\t\t\t\t<\/div>\n\t\t\t\t<\/div>\n\t\t\t\t\t\t<\/div>\n\t\t\t\t\t<\/div>\n\t\t<\/div>\n\t\t\t\t\t\t\t\t<\/div>\n\t\t\t\t\t<\/div>\n\t\t<\/section>\n\t\t\t\t\t\t\t\t\t<\/div>\n\t\t\t<\/div>\n\t\t\t\t\t<\/div>\n\t\t","protected":false},"excerpt":{"rendered":"<p>XI Congresso Brasileiro de Engenharia de Produ\u00e7\u00e3o (CONBREPRO 2021) \u201cEngenharia nas Cidades Inteligentes\u201d \u00c9 um evento nacional organizado pela APREPRO \u2013 Associa\u00e7\u00e3o Paranaense de Engenharia de Produ\u00e7\u00e3o, com o prop\u00f3sito de reunir docentes, pesquisadores, estudantes, profissionais, \u00f3rg\u00e3os p\u00fablicos, entidades privadas e do terceiro setor com atua\u00e7\u00e3o na Engenharia de Produ\u00e7\u00e3o e \u00e1reas afins para divulga\u00e7\u00e3o &hellip;<\/p>\n<p class=\"read-more\"> <a class=\"\" href=\"https:\/\/aprepro.org.br\/conbrepro\/2021\/sobre\/\"> <span class=\"screen-reader-text\">Sobre<\/span> Read More &raquo;<\/a><\/p>\n","protected":false},"author":1,"featured_media":0,"parent":0,"menu_order":0,"comment_status":"closed","ping_status":"closed","template":"elementor_header_footer","meta":{"_mi_skip_tracking":false},"_links":{"self":[{"href":"https:\/\/aprepro.org.br\/conbrepro\/2021\/wp-json\/wp\/v2\/pages\/2"}],"collection":[{"href":"https:\/\/aprepro.org.br\/conbrepro\/2021\/wp-json\/wp\/v2\/pages"}],"about":[{"href":"https:\/\/aprepro.org.br\/conbrepro\/2021\/wp-json\/wp\/v2\/types\/page"}],"author":[{"embeddable":true,"href":"https:\/\/aprepro.org.br\/conbrepro\/2021\/wp-json\/wp\/v2\/users\/1"}],"replies":[{"embeddable":true,"href":"https:\/\/aprepro.org.br\/conbrepro\/2021\/wp-json\/wp\/v2\/comments?post=2"}],"version-history":[{"count":24,"href":"https:\/\/aprepro.org.br\/conbrepro\/2021\/wp-json\/wp\/v2\/pages\/2\/revisions"}],"predecessor-version":[{"id":1504,"href":"https:\/\/aprepro.org.br\/conbrepro\/2021\/wp-json\/wp\/v2\/pages\/2\/revisions\/1504"}],"wp:attachment":[{"href":"https:\/\/aprepro.org.br\/conbrepro\/2021\/wp-json\/wp\/v2\/media?parent=2"}],"curies":[{"name":"wp","href":"https:\/\/api.w.org\/{rel}","templated":true}]}}