{"id":15,"date":"2019-06-27T11:13:12","date_gmt":"2019-06-27T11:13:12","guid":{"rendered":"https:\/\/aprepro.org.br\/conbrepro\/2020\/?page_id=15"},"modified":"2021-07-19T15:08:36","modified_gmt":"2021-07-19T15:08:36","slug":"normas-para-submissao","status":"publish","type":"page","link":"https:\/\/aprepro.org.br\/conbrepro\/2021\/normas-para-submissao\/","title":{"rendered":"Normas para Submiss\u00e3o"},"content":{"rendered":"\t\t<div data-elementor-type=\"wp-page\" data-elementor-id=\"15\" class=\"elementor elementor-15\">\n\t\t\t\t\t\t<div class=\"elementor-inner\">\n\t\t\t\t<div class=\"elementor-section-wrap\">\n\t\t\t\t\t\t\t\t\t<section class=\"elementor-section elementor-top-section elementor-element elementor-element-54b94549 elementor-section-boxed elementor-section-height-default elementor-section-height-default\" data-id=\"54b94549\" data-element_type=\"section\">\n\t\t\t\t\t\t<div class=\"elementor-container elementor-column-gap-default\">\n\t\t\t\t\t\t\t<div class=\"elementor-row\">\n\t\t\t\t\t<div class=\"elementor-column elementor-col-100 elementor-top-column elementor-element elementor-element-4877d665\" data-id=\"4877d665\" data-element_type=\"column\">\n\t\t\t<div class=\"elementor-column-wrap elementor-element-populated\">\n\t\t\t\t\t\t\t<div class=\"elementor-widget-wrap\">\n\t\t\t\t\t\t<div class=\"elementor-element elementor-element-264731d7 elementor-widget elementor-widget-text-editor\" data-id=\"264731d7\" data-element_type=\"widget\" data-widget_type=\"text-editor.default\">\n\t\t\t\t<div class=\"elementor-widget-container\">\n\t\t\t\t\t\t\t\t<div class=\"elementor-text-editor elementor-clearfix\">\n\t\t\t\t<p><!-- wp:image {\"id\":127,\"align\":\"center\",\"width\":268,\"height\":134,\"linkDestination\":\"custom\"} --><\/p>\n<div class=\"wp-block-image\">\n<figure class=\"aligncenter is-resized\"><a href=\"https:\/\/inscricao.aprepro.org.br\/index.php\/auth\/eventologin\/2\"><img loading=\"lazy\" class=\"wp-image-127\" src=\"https:\/\/aprepro.org.br\/conbrepro\/2020\/wp-content\/uploads\/2019\/06\/1.png\" alt=\"\" width=\"268\" height=\"134\" srcset=\"https:\/\/aprepro.org.br\/conbrepro\/2021\/wp-content\/uploads\/2019\/06\/1.png 268w, https:\/\/aprepro.org.br\/conbrepro\/2021\/wp-content\/uploads\/2019\/06\/1-250x125.png 250w\" sizes=\"(max-width: 268px) 100vw, 268px\" \/><\/a>\n<p>\u00a0<\/p>\n<figcaption><strong><a href=\"https:\/\/inscricao.aprepro.org.br\/index.php\/auth\/eventologin\/3\">Clique aqui para acessar o sistema de inscri\u00e7\u00e3o<\/a><\/strong><\/figcaption>\n<\/figure>\n<\/div>\n<p><!-- \/wp:image --><!-- wp:paragraph {\"align\":\"center\",\"textColor\":\"very-dark-gray\",\"backgroundColor\":\"luminous-vivid-amber\",\"fontSize\":\"medium\"} --><\/p>\n<p class=\"has-text-color has-background has-medium-font-size has-very-dark-gray-color has-luminous-vivid-amber-background-color\" style=\"text-align: center;\"><strong><a href=\"https:\/\/aprepro.org.br\/conbrepro\/2020\/wp-content\/uploads\/2020\/08\/TUTORIAL-DE-INSCRI\u00c7\u00c3O-CONBREPRO.pdf\">TUTORIAL PARA SE INSCREVER (CLIQUE AQUI)<\/a><\/strong><\/p>\n<p><!-- \/wp:paragraph --><!-- wp:paragraph {\"align\":\"center\",\"textColor\":\"very-dark-gray\",\"customBackgroundColor\":\"#8df7f4\",\"fontSize\":\"medium\"} --><\/p>\n<p class=\"has-text-color has-background has-medium-font-size has-very-dark-gray-color\" style=\"background-color: #8df7f4; text-align: center;\"><strong><a href=\"https:\/\/aprepro.org.br\/conbrepro\/2020\/wp-content\/uploads\/2020\/08\/TUTORIAL_SUBMISSAO_CONBREPRO_2020.pdf\">TUTORIAL PARA SUBMETER TRABALHOS (CLIQUE AQUI)<\/a><\/strong><\/p>\n<p><!-- \/wp:paragraph --><!-- wp:paragraph --><\/p>\n<p><strong>NORMAS PARA SUBMISS\u00c3O:<br \/><\/strong><\/p>\n<p><strong>N\u00e3o haver\u00e1 a cobran\u00e7a da taxa de submiss\u00e3o de artigos, o envio \u00e9 gratuito, <\/strong>por\u00e9m caso o artigo(s) seja(m) aprovado(s), um dos autores dever\u00e1 se inscrever no evento e pagar a inscri\u00e7\u00e3o at\u00e9\u00a0<strong>19 de novembro de\u00a02021. <\/strong><span style=\"color: #ff0000;\"><strong><u>Apenas UM (01) ARTIGO por inscri\u00e7\u00e3o paga ser\u00e1 liberado para publica\u00e7\u00e3o no evento;<\/u><\/strong><\/span><\/p>\n<p><!-- \/wp:paragraph --><!-- wp:paragraph --><\/p>\n<p>&#8211; O artigo dever\u00e1 ser enviado no formato &#8220;.pdf&#8221;, no m\u00e1ximo com 2 Mb; <br \/>&#8211; O artigo deve conter no m\u00ednimo 9 p\u00e1ginas e no m\u00e1ximo 12 p\u00e1ginas respeitando as regras de formata\u00e7\u00e3o dispon\u00edveis no modelo de artigo, sob pena de ser desconsiderado (n\u00e3o avaliado);<br \/>&#8211; O artigo dever\u00e1 ter no m\u00e1ximo 5 autores;<br \/>&#8211; N\u00e3o ser\u00e1 permitida a inclus\u00e3o de autores, em hip\u00f3tese alguma, ap\u00f3s o encerramento do processo de submiss\u00e3o e iniciado o processo de avalia\u00e7\u00e3o dos artigos;<br \/>&#8211; A submiss\u00e3o dos trabalhos exclusivamente pela internet, impreterivelmente at\u00e9 \u00e0s 23:59 (hor\u00e1rio oficial de Bras\u00edlia), do dia 27 de setembro de 2021.\u00a0<br \/>&#8211; O enquadramento do artigo em uma das \u00c1reas e sub-\u00e1reas do CONBREPRO;<br \/>&#8211; O ineditismo do artigo para fins de publica\u00e7\u00e3o nos anais. A responsabilidade sobre originalidade \u00e9 exclusivamente dos autores.<br \/>&#8211; N\u00e3o h\u00e1 limite para o n\u00famero de artigos a serem enviados;<br \/>&#8211; Os artigos ser\u00e3o avaliados pelo Comit\u00ea Cient\u00edfico.<\/p>\n<p><!-- \/wp:paragraph --><!-- wp:paragraph --><\/p>\n<p><strong>Para a submiss\u00e3o do artigo s\u00e3o solicitadas as seguintes informa\u00e7\u00f5es:<\/strong><\/p>\n<p><!-- \/wp:paragraph --><!-- wp:list --><\/p>\n<ul>\n<li>T\u00edtulo do trabalho;<\/li>\n<li>Resumo;<\/li>\n<li>\u00c1rea tem\u00e1tica de avalia\u00e7\u00e3o;<\/li>\n<li>Dois documentos no formato *. pdf do artigo: um com os nomes dos autores e outro sem os nomes dos autores (ambos os documentos com no m\u00e1ximo 2 Mb)<\/li>\n<li>N\u00famero de co-autores <strong>(m\u00e1ximo 4)<\/strong>;<\/li>\n<li>E-mail, nome completo e CPF do(s) co-autore(s).<\/li>\n<\/ul>\n<p><!-- \/wp:list --><\/p>\t\t\t\t\t<\/div>\n\t\t\t\t\t\t<\/div>\n\t\t\t\t<\/div>\n\t\t\t\t\t\t<\/div>\n\t\t\t\t\t<\/div>\n\t\t<\/div>\n\t\t\t\t\t\t\t\t<\/div>\n\t\t\t\t\t<\/div>\n\t\t<\/section>\n\t\t\t\t\t\t\t\t\t<\/div>\n\t\t\t<\/div>\n\t\t\t\t\t<\/div>\n\t\t","protected":false},"excerpt":{"rendered":"<p>TUTORIAL PARA SE INSCREVER (CLIQUE AQUI) TUTORIAL PARA SUBMETER TRABALHOS (CLIQUE AQUI) NORMAS PARA SUBMISS\u00c3O: N\u00e3o haver\u00e1 a cobran\u00e7a da taxa de submiss\u00e3o de artigos, o envio \u00e9 gratuito, por\u00e9m caso o artigo(s) seja(m) aprovado(s), um dos autores dever\u00e1 se inscrever no evento e pagar a inscri\u00e7\u00e3o at\u00e9\u00a019 de novembro de\u00a02021. Apenas UM (01) ARTIGO &hellip;<\/p>\n<p class=\"read-more\"> <a class=\"\" href=\"https:\/\/aprepro.org.br\/conbrepro\/2021\/normas-para-submissao\/\"> <span class=\"screen-reader-text\">Normas para Submiss\u00e3o<\/span> Read More &raquo;<\/a><\/p>\n","protected":false},"author":1,"featured_media":0,"parent":0,"menu_order":0,"comment_status":"closed","ping_status":"closed","template":"","meta":{"_mi_skip_tracking":false},"_links":{"self":[{"href":"https:\/\/aprepro.org.br\/conbrepro\/2021\/wp-json\/wp\/v2\/pages\/15"}],"collection":[{"href":"https:\/\/aprepro.org.br\/conbrepro\/2021\/wp-json\/wp\/v2\/pages"}],"about":[{"href":"https:\/\/aprepro.org.br\/conbrepro\/2021\/wp-json\/wp\/v2\/types\/page"}],"author":[{"embeddable":true,"href":"https:\/\/aprepro.org.br\/conbrepro\/2021\/wp-json\/wp\/v2\/users\/1"}],"replies":[{"embeddable":true,"href":"https:\/\/aprepro.org.br\/conbrepro\/2021\/wp-json\/wp\/v2\/comments?post=15"}],"version-history":[{"count":33,"href":"https:\/\/aprepro.org.br\/conbrepro\/2021\/wp-json\/wp\/v2\/pages\/15\/revisions"}],"predecessor-version":[{"id":1453,"href":"https:\/\/aprepro.org.br\/conbrepro\/2021\/wp-json\/wp\/v2\/pages\/15\/revisions\/1453"}],"wp:attachment":[{"href":"https:\/\/aprepro.org.br\/conbrepro\/2021\/wp-json\/wp\/v2\/media?parent=15"}],"curies":[{"name":"wp","href":"https:\/\/api.w.org\/{rel}","templated":true}]}}