{"id":46,"date":"2019-06-28T11:24:29","date_gmt":"2019-06-28T11:24:29","guid":{"rendered":"https:\/\/aprepro.org.br\/conbrepro\/2020\/?page_id=46"},"modified":"2020-11-19T03:02:25","modified_gmt":"2020-11-19T03:02:25","slug":"julgamento-de-artigo","status":"publish","type":"page","link":"https:\/\/aprepro.org.br\/conbrepro\/2020\/julgamento-de-artigo\/","title":{"rendered":"Julgamento de Artigo"},"content":{"rendered":"\t\t<div data-elementor-type=\"wp-page\" data-elementor-id=\"46\" class=\"elementor elementor-46\">\n\t\t\t\t\t\t<div class=\"elementor-inner\">\n\t\t\t\t<div class=\"elementor-section-wrap\">\n\t\t\t\t\t\t\t\t\t<header class=\"elementor-section elementor-top-section elementor-element elementor-element-486a1dc2 elementor-section-content-space-evenly elementor-section-boxed elementor-section-height-default elementor-section-height-default\" data-id=\"486a1dc2\" data-element_type=\"section\" data-settings=\"{&quot;background_background&quot;:&quot;classic&quot;,&quot;sticky&quot;:&quot;top&quot;,&quot;sticky_on&quot;:[&quot;desktop&quot;,&quot;tablet&quot;,&quot;mobile&quot;],&quot;sticky_offset&quot;:0,&quot;sticky_effects_offset&quot;:0}\">\n\t\t\t\t\t\t<div class=\"elementor-container elementor-column-gap-no\">\n\t\t\t\t\t\t\t<div class=\"elementor-row\">\n\t\t\t\t\t<div class=\"elementor-column elementor-col-25 elementor-top-column elementor-element elementor-element-27cf06f4\" data-id=\"27cf06f4\" data-element_type=\"column\">\n\t\t\t<div class=\"elementor-column-wrap elementor-element-populated\">\n\t\t\t\t\t\t\t<div class=\"elementor-widget-wrap\">\n\t\t\t\t\t\t<div class=\"elementor-element elementor-element-4f847ad4 elementor-invisible elementor-widget elementor-widget-image\" data-id=\"4f847ad4\" data-element_type=\"widget\" data-settings=\"{&quot;_animation&quot;:&quot;fadeIn&quot;}\" data-widget_type=\"image.default\">\n\t\t\t\t<div class=\"elementor-widget-container\">\n\t\t\t\t\t\t\t\t<div class=\"elementor-image\">\n\t\t\t\t\t\t\t\t\t\t\t\t\t<a href=\"https:\/\/aprepro.org.br\/conbrepro\/2020\">\n\t\t\t\t\t\t\t<img width=\"300\" height=\"50\" src=\"https:\/\/aprepro.org.br\/conbrepro\/2020\/wp-content\/uploads\/2019\/06\/logo_site-1.png\" class=\"attachment-large size-large\" alt=\"\" loading=\"lazy\" srcset=\"https:\/\/aprepro.org.br\/conbrepro\/2020\/wp-content\/uploads\/2019\/06\/logo_site-1.png 300w, https:\/\/aprepro.org.br\/conbrepro\/2020\/wp-content\/uploads\/2019\/06\/logo_site-1-250x42.png 250w\" sizes=\"(max-width: 300px) 100vw, 300px\" \/>\t\t\t\t\t\t\t\t<\/a>\n\t\t\t\t\t\t\t\t\t\t\t\t\t\t<\/div>\n\t\t\t\t\t\t<\/div>\n\t\t\t\t<\/div>\n\t\t\t\t\t\t<\/div>\n\t\t\t\t\t<\/div>\n\t\t<\/div>\n\t\t\t\t<div class=\"elementor-column elementor-col-50 elementor-top-column elementor-element elementor-element-1cd6dbc9\" data-id=\"1cd6dbc9\" data-element_type=\"column\">\n\t\t\t<div class=\"elementor-column-wrap elementor-element-populated\">\n\t\t\t\t\t\t\t<div class=\"elementor-widget-wrap\">\n\t\t\t\t\t\t<div class=\"elementor-element elementor-element-20af8810 elementor-nav-menu__align-center elementor-nav-menu--stretch elementor-nav-menu--indicator-plus elementor-nav-menu__text-align-center elementor-nav-menu--dropdown-tablet elementor-nav-menu--toggle elementor-nav-menu--burger elementor-widget elementor-widget-nav-menu\" data-id=\"20af8810\" data-element_type=\"widget\" data-settings=\"{&quot;full_width&quot;:&quot;stretch&quot;,&quot;layout&quot;:&quot;horizontal&quot;,&quot;toggle&quot;:&quot;burger&quot;}\" data-widget_type=\"nav-menu.default\">\n\t\t\t\t<div class=\"elementor-widget-container\">\n\t\t\t\t\t\t<nav role=\"navigation\" class=\"elementor-nav-menu--main elementor-nav-menu__container elementor-nav-menu--layout-horizontal e--pointer-background e--animation-grow\"><ul id=\"menu-1-20af8810\" class=\"elementor-nav-menu\"><li class=\"menu-item menu-item-type-post_type menu-item-object-page menu-item-home menu-item-has-children menu-item-666\"><a href=\"https:\/\/aprepro.org.br\/conbrepro\/2020\/\" class=\"menu-link elementor-item\">Inicio<\/a>\n<ul class=\"sub-menu elementor-nav-menu--dropdown\">\n\t<li class=\"menu-item menu-item-type-post_type menu-item-object-page menu-item-17\"><a href=\"https:\/\/aprepro.org.br\/conbrepro\/2020\/sample-page\/\" class=\"menu-link elementor-sub-item\">O Evento<\/a><\/li>\n\t<li class=\"menu-item menu-item-type-post_type menu-item-object-page menu-item-70\"><a target=\"_blank\" rel=\"noopener\" href=\"https:\/\/aprepro.org.br\/conbrepro\/2020\/edicoes-anteriores\/\" class=\"menu-link elementor-sub-item\">Edi\u00e7\u00f5es Anteriores<\/a><\/li>\n\t<li class=\"menu-item menu-item-type-post_type menu-item-object-page menu-item-291\"><a href=\"https:\/\/aprepro.org.br\/conbrepro\/2020\/livros-publicados\/\" class=\"menu-link elementor-sub-item\">Livros publicados<\/a><\/li>\n\t<li class=\"menu-item menu-item-type-post_type menu-item-object-page menu-item-197\"><a href=\"https:\/\/aprepro.org.br\/conbrepro\/2020\/comite-executivo\/\" class=\"menu-link elementor-sub-item\">Comit\u00ea Executivo<\/a><\/li>\n\t<li class=\"menu-item menu-item-type-post_type menu-item-object-page menu-item-69\"><a href=\"https:\/\/aprepro.org.br\/conbrepro\/2020\/historico\/\" class=\"menu-link elementor-sub-item\">Hist\u00f3rico<\/a><\/li>\n<\/ul>\n<\/li>\n<li class=\"menu-item menu-item-type-post_type menu-item-object-page menu-item-has-children menu-item-19\"><a href=\"https:\/\/aprepro.org.br\/conbrepro\/2020\/submissao-de-trabalhos\/\" class=\"menu-link elementor-item\">Submiss\u00e3o de Trabalhos<\/a>\n<ul class=\"sub-menu elementor-nav-menu--dropdown\">\n\t<li class=\"menu-item menu-item-type-post_type menu-item-object-page menu-item-225\"><a href=\"https:\/\/aprepro.org.br\/conbrepro\/2020\/apresentacao-oral-modelo\/\" class=\"menu-link elementor-sub-item\">Apresenta\u00e7\u00e3o Oral \u2013 Modelo<\/a><\/li>\n\t<li class=\"menu-item menu-item-type-post_type menu-item-object-page menu-item-75\"><a target=\"_blank\" rel=\"noopener\" href=\"https:\/\/aprepro.org.br\/conbrepro\/2020\/modelo-de-artigo-cientifico\/\" class=\"menu-link elementor-sub-item\">Modelo de Artigo Cient\u00edfico<\/a><\/li>\n\t<li class=\"menu-item menu-item-type-post_type menu-item-object-page menu-item-107\"><a href=\"https:\/\/aprepro.org.br\/conbrepro\/2020\/inscricoes-valores\/\" class=\"menu-link elementor-sub-item\">Inscri\u00e7\u00f5es \/ Valores<\/a><\/li>\n\t<li class=\"menu-item menu-item-type-post_type menu-item-object-page menu-item-77\"><a target=\"_blank\" rel=\"noopener\" href=\"https:\/\/aprepro.org.br\/conbrepro\/2020\/datas-importantes\/\" class=\"menu-link elementor-sub-item\">Datas importantes<\/a><\/li>\n\t<li class=\"menu-item menu-item-type-post_type menu-item-object-page menu-item-79\"><a target=\"_blank\" rel=\"noopener\" href=\"https:\/\/aprepro.org.br\/conbrepro\/2020\/areas-tematicas\/\" class=\"menu-link elementor-sub-item\">\u00c1reas Tem\u00e1ticas<\/a><\/li>\n\t<li class=\"menu-item menu-item-type-post_type menu-item-object-page menu-item-76\"><a target=\"_blank\" rel=\"noopener\" href=\"https:\/\/aprepro.org.br\/conbrepro\/2020\/envio-do-artigo-cientifico\/\" class=\"menu-link elementor-sub-item\">Envio do Artigo Cient\u00edfico<\/a><\/li>\n\t<li class=\"menu-item menu-item-type-post_type menu-item-object-page menu-item-73\"><a target=\"_blank\" rel=\"noopener\" href=\"https:\/\/aprepro.org.br\/conbrepro\/2020\/julgamento-de-artigo\/\" class=\"menu-link elementor-sub-item\">Julgamento de Artigo<\/a><\/li>\n\t<li class=\"menu-item menu-item-type-post_type menu-item-object-page menu-item-72\"><a target=\"_blank\" rel=\"noopener\" href=\"https:\/\/aprepro.org.br\/conbrepro\/2020\/informacoes-gerais\/\" class=\"menu-link elementor-sub-item\">Informa\u00e7\u00f5es Gerais<\/a><\/li>\n\t<li class=\"menu-item menu-item-type-post_type menu-item-object-page menu-item-180\"><a href=\"https:\/\/aprepro.org.br\/conbrepro\/2020\/seja-um-avaliadora\/\" class=\"menu-link elementor-sub-item\">Seja avaliador<\/a><\/li>\n<\/ul>\n<\/li>\n<li class=\"menu-item menu-item-type-post_type menu-item-object-page menu-item-has-children menu-item-66\"><a target=\"_blank\" rel=\"noopener\" href=\"https:\/\/aprepro.org.br\/conbrepro\/2020\/aprepro-2\/\" class=\"menu-link elementor-item\">APREPRO<\/a>\n<ul class=\"sub-menu elementor-nav-menu--dropdown\">\n\t<li class=\"menu-item menu-item-type-custom menu-item-object-custom menu-item-147\"><a href=\"https:\/\/aprepro.org.br\/portal\/cadastro-de-associados-aprepro\/\" class=\"menu-link elementor-sub-item\">ASSOCIE-SE<\/a><\/li>\n\t<li class=\"menu-item menu-item-type-custom menu-item-object-custom menu-item-420\"><a href=\"https:\/\/aprepro.org.br\/conbrepro\/2020\/faq\/\" class=\"menu-link elementor-sub-item\">Contato<\/a><\/li>\n\t<li class=\"menu-item menu-item-type-post_type menu-item-object-page menu-item-92\"><a href=\"https:\/\/aprepro.org.br\/conbrepro\/2020\/facebook\/\" class=\"menu-link elementor-sub-item\">Facebook<\/a><\/li>\n\t<li class=\"menu-item menu-item-type-post_type menu-item-object-page menu-item-404\"><a href=\"https:\/\/aprepro.org.br\/conbrepro\/2020\/termos-de-uso\/\" class=\"menu-link elementor-sub-item\">Termos de Uso<\/a><\/li>\n\t<li class=\"menu-item menu-item-type-post_type menu-item-object-page menu-item-403\"><a href=\"https:\/\/aprepro.org.br\/conbrepro\/2020\/politica-privacidade\/\" class=\"menu-link elementor-sub-item\">Pol\u00edtica Privacidade<\/a><\/li>\n<\/ul>\n<\/li>\n<li class=\"menu-item menu-item-type-post_type menu-item-object-page menu-item-413\"><a href=\"https:\/\/aprepro.org.br\/conbrepro\/2020\/faq\/\" class=\"menu-link elementor-item\">FAQ<\/a><\/li>\n<li class=\"menu-item menu-item-type-custom menu-item-object-custom menu-item-135\"><a href=\"https:\/\/inscricao.aprepro.org.br\/index.php\/auth\/eventologin\/2\" class=\"menu-link elementor-item\">LOGIN<\/a><\/li>\n<\/ul><\/nav>\n\t\t\t\t\t<div class=\"elementor-menu-toggle\" role=\"button\" tabindex=\"0\" aria-label=\"Menu Toggle\" aria-expanded=\"false\">\n\t\t\t<i class=\"eicon-menu-bar\" aria-hidden=\"true\"><\/i>\n\t\t\t<span class=\"elementor-screen-only\">Menu<\/span>\n\t\t<\/div>\n\t\t\t<nav class=\"elementor-nav-menu--dropdown elementor-nav-menu__container\" role=\"navigation\" aria-hidden=\"true\"><ul id=\"menu-2-20af8810\" class=\"elementor-nav-menu\"><li class=\"menu-item menu-item-type-post_type menu-item-object-page menu-item-home menu-item-has-children menu-item-666\"><a href=\"https:\/\/aprepro.org.br\/conbrepro\/2020\/\" class=\"menu-link elementor-item\">Inicio<\/a>\n<ul class=\"sub-menu elementor-nav-menu--dropdown\">\n\t<li class=\"menu-item menu-item-type-post_type menu-item-object-page menu-item-17\"><a href=\"https:\/\/aprepro.org.br\/conbrepro\/2020\/sample-page\/\" class=\"menu-link elementor-sub-item\">O Evento<\/a><\/li>\n\t<li class=\"menu-item menu-item-type-post_type menu-item-object-page menu-item-70\"><a target=\"_blank\" rel=\"noopener\" href=\"https:\/\/aprepro.org.br\/conbrepro\/2020\/edicoes-anteriores\/\" class=\"menu-link elementor-sub-item\">Edi\u00e7\u00f5es Anteriores<\/a><\/li>\n\t<li class=\"menu-item menu-item-type-post_type menu-item-object-page menu-item-291\"><a href=\"https:\/\/aprepro.org.br\/conbrepro\/2020\/livros-publicados\/\" class=\"menu-link elementor-sub-item\">Livros publicados<\/a><\/li>\n\t<li class=\"menu-item menu-item-type-post_type menu-item-object-page menu-item-197\"><a href=\"https:\/\/aprepro.org.br\/conbrepro\/2020\/comite-executivo\/\" class=\"menu-link elementor-sub-item\">Comit\u00ea Executivo<\/a><\/li>\n\t<li class=\"menu-item menu-item-type-post_type menu-item-object-page menu-item-69\"><a href=\"https:\/\/aprepro.org.br\/conbrepro\/2020\/historico\/\" class=\"menu-link elementor-sub-item\">Hist\u00f3rico<\/a><\/li>\n<\/ul>\n<\/li>\n<li class=\"menu-item menu-item-type-post_type menu-item-object-page menu-item-has-children menu-item-19\"><a href=\"https:\/\/aprepro.org.br\/conbrepro\/2020\/submissao-de-trabalhos\/\" class=\"menu-link elementor-item\">Submiss\u00e3o de Trabalhos<\/a>\n<ul class=\"sub-menu elementor-nav-menu--dropdown\">\n\t<li class=\"menu-item menu-item-type-post_type menu-item-object-page menu-item-225\"><a href=\"https:\/\/aprepro.org.br\/conbrepro\/2020\/apresentacao-oral-modelo\/\" class=\"menu-link elementor-sub-item\">Apresenta\u00e7\u00e3o Oral \u2013 Modelo<\/a><\/li>\n\t<li class=\"menu-item menu-item-type-post_type menu-item-object-page menu-item-75\"><a target=\"_blank\" rel=\"noopener\" href=\"https:\/\/aprepro.org.br\/conbrepro\/2020\/modelo-de-artigo-cientifico\/\" class=\"menu-link elementor-sub-item\">Modelo de Artigo Cient\u00edfico<\/a><\/li>\n\t<li class=\"menu-item menu-item-type-post_type menu-item-object-page menu-item-107\"><a href=\"https:\/\/aprepro.org.br\/conbrepro\/2020\/inscricoes-valores\/\" class=\"menu-link elementor-sub-item\">Inscri\u00e7\u00f5es \/ Valores<\/a><\/li>\n\t<li class=\"menu-item menu-item-type-post_type menu-item-object-page menu-item-77\"><a target=\"_blank\" rel=\"noopener\" href=\"https:\/\/aprepro.org.br\/conbrepro\/2020\/datas-importantes\/\" class=\"menu-link elementor-sub-item\">Datas importantes<\/a><\/li>\n\t<li class=\"menu-item menu-item-type-post_type menu-item-object-page menu-item-79\"><a target=\"_blank\" rel=\"noopener\" href=\"https:\/\/aprepro.org.br\/conbrepro\/2020\/areas-tematicas\/\" class=\"menu-link elementor-sub-item\">\u00c1reas Tem\u00e1ticas<\/a><\/li>\n\t<li class=\"menu-item menu-item-type-post_type menu-item-object-page menu-item-76\"><a target=\"_blank\" rel=\"noopener\" href=\"https:\/\/aprepro.org.br\/conbrepro\/2020\/envio-do-artigo-cientifico\/\" class=\"menu-link elementor-sub-item\">Envio do Artigo Cient\u00edfico<\/a><\/li>\n\t<li class=\"menu-item menu-item-type-post_type menu-item-object-page menu-item-73\"><a target=\"_blank\" rel=\"noopener\" href=\"https:\/\/aprepro.org.br\/conbrepro\/2020\/julgamento-de-artigo\/\" class=\"menu-link elementor-sub-item\">Julgamento de Artigo<\/a><\/li>\n\t<li class=\"menu-item menu-item-type-post_type menu-item-object-page menu-item-72\"><a target=\"_blank\" rel=\"noopener\" href=\"https:\/\/aprepro.org.br\/conbrepro\/2020\/informacoes-gerais\/\" class=\"menu-link elementor-sub-item\">Informa\u00e7\u00f5es Gerais<\/a><\/li>\n\t<li class=\"menu-item menu-item-type-post_type menu-item-object-page menu-item-180\"><a href=\"https:\/\/aprepro.org.br\/conbrepro\/2020\/seja-um-avaliadora\/\" class=\"menu-link elementor-sub-item\">Seja avaliador<\/a><\/li>\n<\/ul>\n<\/li>\n<li class=\"menu-item menu-item-type-post_type menu-item-object-page menu-item-has-children menu-item-66\"><a target=\"_blank\" rel=\"noopener\" href=\"https:\/\/aprepro.org.br\/conbrepro\/2020\/aprepro-2\/\" class=\"menu-link elementor-item\">APREPRO<\/a>\n<ul class=\"sub-menu elementor-nav-menu--dropdown\">\n\t<li class=\"menu-item menu-item-type-custom menu-item-object-custom menu-item-147\"><a href=\"https:\/\/aprepro.org.br\/portal\/cadastro-de-associados-aprepro\/\" class=\"menu-link elementor-sub-item\">ASSOCIE-SE<\/a><\/li>\n\t<li class=\"menu-item menu-item-type-custom menu-item-object-custom menu-item-420\"><a href=\"https:\/\/aprepro.org.br\/conbrepro\/2020\/faq\/\" class=\"menu-link elementor-sub-item\">Contato<\/a><\/li>\n\t<li class=\"menu-item menu-item-type-post_type menu-item-object-page menu-item-92\"><a href=\"https:\/\/aprepro.org.br\/conbrepro\/2020\/facebook\/\" class=\"menu-link elementor-sub-item\">Facebook<\/a><\/li>\n\t<li class=\"menu-item menu-item-type-post_type menu-item-object-page menu-item-404\"><a href=\"https:\/\/aprepro.org.br\/conbrepro\/2020\/termos-de-uso\/\" class=\"menu-link elementor-sub-item\">Termos de Uso<\/a><\/li>\n\t<li class=\"menu-item menu-item-type-post_type menu-item-object-page menu-item-403\"><a href=\"https:\/\/aprepro.org.br\/conbrepro\/2020\/politica-privacidade\/\" class=\"menu-link elementor-sub-item\">Pol\u00edtica Privacidade<\/a><\/li>\n<\/ul>\n<\/li>\n<li class=\"menu-item menu-item-type-post_type menu-item-object-page menu-item-413\"><a href=\"https:\/\/aprepro.org.br\/conbrepro\/2020\/faq\/\" class=\"menu-link elementor-item\">FAQ<\/a><\/li>\n<li class=\"menu-item menu-item-type-custom menu-item-object-custom menu-item-135\"><a href=\"https:\/\/inscricao.aprepro.org.br\/index.php\/auth\/eventologin\/2\" class=\"menu-link elementor-item\">LOGIN<\/a><\/li>\n<\/ul><\/nav>\n\t\t\t\t<\/div>\n\t\t\t\t<\/div>\n\t\t\t\t\t\t<\/div>\n\t\t\t\t\t<\/div>\n\t\t<\/div>\n\t\t\t\t<div class=\"elementor-column elementor-col-25 elementor-top-column elementor-element elementor-element-9f5d4de\" data-id=\"9f5d4de\" data-element_type=\"column\">\n\t\t\t<div class=\"elementor-column-wrap elementor-element-populated\">\n\t\t\t\t\t\t\t<div class=\"elementor-widget-wrap\">\n\t\t\t\t\t\t<div class=\"elementor-element elementor-element-2836a26b elementor-shape-circle e-grid-align-tablet-right e-grid-align-mobile-left elementor-hidden-phone elementor-grid-0 e-grid-align-center elementor-widget elementor-widget-social-icons\" data-id=\"2836a26b\" data-element_type=\"widget\" data-widget_type=\"social-icons.default\">\n\t\t\t\t<div class=\"elementor-widget-container\">\n\t\t\t\t\t<div class=\"elementor-social-icons-wrapper elementor-grid\">\n\t\t\t\t\t\t\t<span class=\"elementor-grid-item\">\n\t\t\t\t\t<a class=\"elementor-icon elementor-social-icon elementor-social-icon-facebook elementor-repeater-item-c58d333\" href=\"https:\/\/web.facebook.com\/conbrepro\" target=\"_blank\">\n\t\t\t\t\t\t<span class=\"elementor-screen-only\">Facebook<\/span>\n\t\t\t\t\t\t<i class=\"fab fa-facebook\"><\/i>\t\t\t\t\t<\/a>\n\t\t\t\t<\/span>\n\t\t\t\t\t<\/div>\n\t\t\t\t<\/div>\n\t\t\t\t<\/div>\n\t\t\t\t\t\t<\/div>\n\t\t\t\t\t<\/div>\n\t\t<\/div>\n\t\t\t\t\t\t\t\t<\/div>\n\t\t\t\t\t<\/div>\n\t\t<\/header>\n\t\t\t\t<section class=\"elementor-section elementor-top-section elementor-element elementor-element-1ac198c7 elementor-section-boxed elementor-section-height-default elementor-section-height-default\" data-id=\"1ac198c7\" data-element_type=\"section\">\n\t\t\t\t\t\t<div class=\"elementor-container elementor-column-gap-default\">\n\t\t\t\t\t\t\t<div class=\"elementor-row\">\n\t\t\t\t\t<div class=\"elementor-column elementor-col-100 elementor-top-column elementor-element elementor-element-1cee9b47\" data-id=\"1cee9b47\" data-element_type=\"column\">\n\t\t\t<div class=\"elementor-column-wrap elementor-element-populated\">\n\t\t\t\t\t\t\t<div class=\"elementor-widget-wrap\">\n\t\t\t\t\t\t<div class=\"elementor-element elementor-element-73ac42cc elementor-widget elementor-widget-text-editor\" data-id=\"73ac42cc\" data-element_type=\"widget\" data-widget_type=\"text-editor.default\">\n\t\t\t\t<div class=\"elementor-widget-container\">\n\t\t\t\t\t\t\t\t<div class=\"elementor-text-editor elementor-clearfix\">\n\t\t\t\t<!-- wp:paragraph -->\n<p>A avalia\u00e7\u00e3o ser\u00e1 an\u00f4nima (blind review): os trabalhos ser\u00e3o examinados pelo Comit\u00ea Avaliador (REVISORES AD HOC) das respectivas \u00c1reas Tem\u00e1ticas. <br>\nO Comit\u00ea Avaliador (REVISORES AD HOC) s\u00f3 ter\u00e1 acesso aos artigos que vai avaliar, os quais s\u00e3o distribu\u00eddos automaticamente pelo sistema a dois avaliadores e ao terceiro quando for o caso. Ou seja, cada trabalho sendo avaliado por no m\u00ednimo dois professores e quando o parecer for diferente (um aprovado e um reprovado) ir\u00e1 para um terceiro professor avaliar, sendo que nenhum professor saber\u00e1 se \u00e9 a primeira, segunda ou terceira avalia\u00e7\u00e3o, deste modo se tem o sigilo e a imparcialidade nas avalia\u00e7\u00f5es. <br>\nSomente ser\u00e3o aceitos trabalhos com reda\u00e7\u00e3o e ortografia adequadas, pois a vers\u00e3o enviada ser\u00e1 definitiva. <br>\nSer\u00e3o aceitos trabalhos submetidos em portugu\u00eas, ingl\u00eas ou espanhol.<\/p>\n<!-- \/wp:paragraph -->\n\n<!-- wp:paragraph -->\n<p>O Comit\u00ea Avaliador (REVISORES AD HOC): <\/p>\n<!-- \/wp:paragraph -->\n\n<!-- wp:list -->\n<ul><li>Julgar\u00e1 os trabalhos de acordo com as normas pr\u00e9-estabelecidas, em conson\u00e2ncia com as \u00e1reas, crit\u00e9rios para elabora\u00e7\u00e3o e qualidade do conte\u00fado e pesquisa do trabalho, limitando a sele\u00e7\u00e3o ao n\u00famero adequado para apresenta\u00e7\u00e3o no tempo dispon\u00edvel no Congresso;<\/li><li>N\u00e3o permutar\u00e1 trabalhos com outras \u00c1reas Tem\u00e1ticas;<\/li><li>Julgar\u00e1 somente os trabalhos que cumprirem as normas de formato e prazo; <\/li><li>N\u00e3o ser\u00e3o permitidas substitui\u00e7\u00f5es de trabalhos.<\/li><\/ul>\n<!-- \/wp:list -->\n\n<!-- wp:heading {\"level\":3} -->\n<h3>Importante: <\/h3>\n<!-- \/wp:heading -->\n\n<!-- wp:paragraph {\"textColor\":\"very-dark-gray\",\"backgroundColor\":\"very-light-gray\"} -->\n<p class=\"has-text-color has-background has-very-dark-gray-color has-very-light-gray-background-color\"><strong><em>&#8220;A Comiss\u00e3o Organizadora do evento n\u00e3o se responsabiliza por casos onde se configure pl\u00e1gio. Os autores s\u00e3o os \u00fanicos a serem responsabilizados pela infra\u00e7\u00e3o, podendo ser enquadrados no C\u00f3digo Penal em vigor, T\u00edtulo que trata dos Crimes Contra a Propriedade Intelectual, disp\u00f5e sobre o crime de viola\u00e7\u00e3o de direito autoral.&#8221;<\/em><\/strong><\/p>\n<!-- \/wp:paragraph -->\t\t\t\t\t<\/div>\n\t\t\t\t\t\t<\/div>\n\t\t\t\t<\/div>\n\t\t\t\t\t\t<\/div>\n\t\t\t\t\t<\/div>\n\t\t<\/div>\n\t\t\t\t\t\t\t\t<\/div>\n\t\t\t\t\t<\/div>\n\t\t<\/section>\n\t\t\t\t\t\t\t\t\t<\/div>\n\t\t\t<\/div>\n\t\t\t\t\t<\/div>\n\t\t","protected":false},"excerpt":{"rendered":"<p>Facebook A avalia\u00e7\u00e3o ser\u00e1 an\u00f4nima (blind review): os trabalhos ser\u00e3o examinados pelo Comit\u00ea Avaliador (REVISORES AD HOC) das respectivas \u00c1reas Tem\u00e1ticas. O Comit\u00ea Avaliador (REVISORES AD HOC) s\u00f3 ter\u00e1 acesso aos artigos que vai avaliar, os quais s\u00e3o distribu\u00eddos automaticamente pelo sistema a dois avaliadores e ao terceiro quando for o caso. Ou seja, cada &hellip;<\/p>\n<p class=\"read-more\"> <a class=\"\" href=\"https:\/\/aprepro.org.br\/conbrepro\/2020\/julgamento-de-artigo\/\"> <span class=\"screen-reader-text\">Julgamento de Artigo<\/span> Read More &raquo;<\/a><\/p>\n","protected":false},"author":1,"featured_media":0,"parent":0,"menu_order":0,"comment_status":"closed","ping_status":"closed","template":"","meta":{"_mi_skip_tracking":false},"_links":{"self":[{"href":"https:\/\/aprepro.org.br\/conbrepro\/2020\/wp-json\/wp\/v2\/pages\/46"}],"collection":[{"href":"https:\/\/aprepro.org.br\/conbrepro\/2020\/wp-json\/wp\/v2\/pages"}],"about":[{"href":"https:\/\/aprepro.org.br\/conbrepro\/2020\/wp-json\/wp\/v2\/types\/page"}],"author":[{"embeddable":true,"href":"https:\/\/aprepro.org.br\/conbrepro\/2020\/wp-json\/wp\/v2\/users\/1"}],"replies":[{"embeddable":true,"href":"https:\/\/aprepro.org.br\/conbrepro\/2020\/wp-json\/wp\/v2\/comments?post=46"}],"version-history":[{"count":6,"href":"https:\/\/aprepro.org.br\/conbrepro\/2020\/wp-json\/wp\/v2\/pages\/46\/revisions"}],"predecessor-version":[{"id":715,"href":"https:\/\/aprepro.org.br\/conbrepro\/2020\/wp-json\/wp\/v2\/pages\/46\/revisions\/715"}],"wp:attachment":[{"href":"https:\/\/aprepro.org.br\/conbrepro\/2020\/wp-json\/wp\/v2\/media?parent=46"}],"curies":[{"name":"wp","href":"https:\/\/api.w.org\/{rel}","templated":true}]}}