{"id":37,"date":"2019-06-28T11:23:33","date_gmt":"2019-06-28T11:23:33","guid":{"rendered":"https:\/\/aprepro.org.br\/conbrepro\/2020\/?page_id=37"},"modified":"2020-11-19T02:50:11","modified_gmt":"2020-11-19T02:50:11","slug":"modelo-de-artigo-cientifico","status":"publish","type":"page","link":"https:\/\/aprepro.org.br\/conbrepro\/2020\/modelo-de-artigo-cientifico\/","title":{"rendered":"Modelo de Artigo Cient\u00edfico"},"content":{"rendered":"\t\t<div data-elementor-type=\"wp-page\" data-elementor-id=\"37\" class=\"elementor elementor-37\">\n\t\t\t\t\t\t<div class=\"elementor-inner\">\n\t\t\t\t<div class=\"elementor-section-wrap\">\n\t\t\t\t\t\t\t\t\t<header class=\"elementor-section elementor-top-section elementor-element elementor-element-6e9055fc elementor-section-content-space-evenly elementor-section-boxed elementor-section-height-default elementor-section-height-default\" data-id=\"6e9055fc\" data-element_type=\"section\" data-settings=\"{&quot;background_background&quot;:&quot;classic&quot;,&quot;sticky&quot;:&quot;top&quot;,&quot;sticky_on&quot;:[&quot;desktop&quot;,&quot;tablet&quot;,&quot;mobile&quot;],&quot;sticky_offset&quot;:0,&quot;sticky_effects_offset&quot;:0}\">\n\t\t\t\t\t\t<div class=\"elementor-container elementor-column-gap-no\">\n\t\t\t\t\t\t\t<div class=\"elementor-row\">\n\t\t\t\t\t<div class=\"elementor-column elementor-col-25 elementor-top-column elementor-element elementor-element-7c99fca1\" data-id=\"7c99fca1\" data-element_type=\"column\">\n\t\t\t<div class=\"elementor-column-wrap elementor-element-populated\">\n\t\t\t\t\t\t\t<div class=\"elementor-widget-wrap\">\n\t\t\t\t\t\t<div class=\"elementor-element elementor-element-f86d98d elementor-invisible elementor-widget elementor-widget-image\" data-id=\"f86d98d\" data-element_type=\"widget\" data-settings=\"{&quot;_animation&quot;:&quot;fadeIn&quot;}\" data-widget_type=\"image.default\">\n\t\t\t\t<div class=\"elementor-widget-container\">\n\t\t\t\t\t\t\t\t<div class=\"elementor-image\">\n\t\t\t\t\t\t\t\t\t\t\t\t\t<a href=\"https:\/\/aprepro.org.br\/conbrepro\/2020\">\n\t\t\t\t\t\t\t<img width=\"300\" height=\"50\" src=\"https:\/\/aprepro.org.br\/conbrepro\/2020\/wp-content\/uploads\/2019\/06\/logo_site-1.png\" class=\"attachment-large size-large\" alt=\"\" loading=\"lazy\" srcset=\"https:\/\/aprepro.org.br\/conbrepro\/2020\/wp-content\/uploads\/2019\/06\/logo_site-1.png 300w, https:\/\/aprepro.org.br\/conbrepro\/2020\/wp-content\/uploads\/2019\/06\/logo_site-1-250x42.png 250w\" sizes=\"(max-width: 300px) 100vw, 300px\" \/>\t\t\t\t\t\t\t\t<\/a>\n\t\t\t\t\t\t\t\t\t\t\t\t\t\t<\/div>\n\t\t\t\t\t\t<\/div>\n\t\t\t\t<\/div>\n\t\t\t\t\t\t<\/div>\n\t\t\t\t\t<\/div>\n\t\t<\/div>\n\t\t\t\t<div class=\"elementor-column elementor-col-50 elementor-top-column elementor-element elementor-element-3c4f956\" data-id=\"3c4f956\" data-element_type=\"column\">\n\t\t\t<div class=\"elementor-column-wrap elementor-element-populated\">\n\t\t\t\t\t\t\t<div class=\"elementor-widget-wrap\">\n\t\t\t\t\t\t<div class=\"elementor-element elementor-element-4fcd0226 elementor-nav-menu__align-center elementor-nav-menu--stretch elementor-nav-menu--indicator-plus elementor-nav-menu__text-align-center elementor-nav-menu--dropdown-tablet elementor-nav-menu--toggle elementor-nav-menu--burger elementor-widget elementor-widget-nav-menu\" data-id=\"4fcd0226\" data-element_type=\"widget\" data-settings=\"{&quot;full_width&quot;:&quot;stretch&quot;,&quot;layout&quot;:&quot;horizontal&quot;,&quot;toggle&quot;:&quot;burger&quot;}\" data-widget_type=\"nav-menu.default\">\n\t\t\t\t<div class=\"elementor-widget-container\">\n\t\t\t\t\t\t<nav role=\"navigation\" class=\"elementor-nav-menu--main elementor-nav-menu__container elementor-nav-menu--layout-horizontal e--pointer-background e--animation-grow\"><ul id=\"menu-1-4fcd0226\" class=\"elementor-nav-menu\"><li class=\"menu-item menu-item-type-post_type menu-item-object-page menu-item-home menu-item-has-children menu-item-666\"><a href=\"https:\/\/aprepro.org.br\/conbrepro\/2020\/\" class=\"menu-link elementor-item\">Inicio<\/a>\n<ul class=\"sub-menu elementor-nav-menu--dropdown\">\n\t<li class=\"menu-item menu-item-type-post_type menu-item-object-page menu-item-17\"><a href=\"https:\/\/aprepro.org.br\/conbrepro\/2020\/sample-page\/\" class=\"menu-link elementor-sub-item\">O Evento<\/a><\/li>\n\t<li class=\"menu-item menu-item-type-post_type menu-item-object-page menu-item-70\"><a target=\"_blank\" rel=\"noopener\" href=\"https:\/\/aprepro.org.br\/conbrepro\/2020\/edicoes-anteriores\/\" class=\"menu-link elementor-sub-item\">Edi\u00e7\u00f5es Anteriores<\/a><\/li>\n\t<li class=\"menu-item menu-item-type-post_type menu-item-object-page menu-item-291\"><a href=\"https:\/\/aprepro.org.br\/conbrepro\/2020\/livros-publicados\/\" class=\"menu-link elementor-sub-item\">Livros publicados<\/a><\/li>\n\t<li class=\"menu-item menu-item-type-post_type menu-item-object-page menu-item-197\"><a href=\"https:\/\/aprepro.org.br\/conbrepro\/2020\/comite-executivo\/\" class=\"menu-link elementor-sub-item\">Comit\u00ea Executivo<\/a><\/li>\n\t<li class=\"menu-item menu-item-type-post_type menu-item-object-page menu-item-69\"><a href=\"https:\/\/aprepro.org.br\/conbrepro\/2020\/historico\/\" class=\"menu-link elementor-sub-item\">Hist\u00f3rico<\/a><\/li>\n<\/ul>\n<\/li>\n<li class=\"menu-item menu-item-type-post_type menu-item-object-page menu-item-has-children menu-item-19\"><a href=\"https:\/\/aprepro.org.br\/conbrepro\/2020\/submissao-de-trabalhos\/\" class=\"menu-link elementor-item\">Submiss\u00e3o de Trabalhos<\/a>\n<ul class=\"sub-menu elementor-nav-menu--dropdown\">\n\t<li class=\"menu-item menu-item-type-post_type menu-item-object-page menu-item-225\"><a href=\"https:\/\/aprepro.org.br\/conbrepro\/2020\/apresentacao-oral-modelo\/\" class=\"menu-link elementor-sub-item\">Apresenta\u00e7\u00e3o Oral \u2013 Modelo<\/a><\/li>\n\t<li class=\"menu-item menu-item-type-post_type menu-item-object-page menu-item-75\"><a target=\"_blank\" rel=\"noopener\" href=\"https:\/\/aprepro.org.br\/conbrepro\/2020\/modelo-de-artigo-cientifico\/\" class=\"menu-link elementor-sub-item\">Modelo de Artigo Cient\u00edfico<\/a><\/li>\n\t<li class=\"menu-item menu-item-type-post_type menu-item-object-page menu-item-107\"><a href=\"https:\/\/aprepro.org.br\/conbrepro\/2020\/inscricoes-valores\/\" class=\"menu-link elementor-sub-item\">Inscri\u00e7\u00f5es \/ Valores<\/a><\/li>\n\t<li class=\"menu-item menu-item-type-post_type menu-item-object-page menu-item-77\"><a target=\"_blank\" rel=\"noopener\" href=\"https:\/\/aprepro.org.br\/conbrepro\/2020\/datas-importantes\/\" class=\"menu-link elementor-sub-item\">Datas importantes<\/a><\/li>\n\t<li class=\"menu-item menu-item-type-post_type menu-item-object-page menu-item-79\"><a target=\"_blank\" rel=\"noopener\" href=\"https:\/\/aprepro.org.br\/conbrepro\/2020\/areas-tematicas\/\" class=\"menu-link elementor-sub-item\">\u00c1reas Tem\u00e1ticas<\/a><\/li>\n\t<li class=\"menu-item menu-item-type-post_type menu-item-object-page menu-item-76\"><a target=\"_blank\" rel=\"noopener\" href=\"https:\/\/aprepro.org.br\/conbrepro\/2020\/envio-do-artigo-cientifico\/\" class=\"menu-link elementor-sub-item\">Envio do Artigo Cient\u00edfico<\/a><\/li>\n\t<li class=\"menu-item menu-item-type-post_type menu-item-object-page menu-item-73\"><a target=\"_blank\" rel=\"noopener\" href=\"https:\/\/aprepro.org.br\/conbrepro\/2020\/julgamento-de-artigo\/\" class=\"menu-link elementor-sub-item\">Julgamento de Artigo<\/a><\/li>\n\t<li class=\"menu-item menu-item-type-post_type menu-item-object-page menu-item-72\"><a target=\"_blank\" rel=\"noopener\" href=\"https:\/\/aprepro.org.br\/conbrepro\/2020\/informacoes-gerais\/\" class=\"menu-link elementor-sub-item\">Informa\u00e7\u00f5es Gerais<\/a><\/li>\n\t<li class=\"menu-item menu-item-type-post_type menu-item-object-page menu-item-180\"><a href=\"https:\/\/aprepro.org.br\/conbrepro\/2020\/seja-um-avaliadora\/\" class=\"menu-link elementor-sub-item\">Seja avaliador<\/a><\/li>\n<\/ul>\n<\/li>\n<li class=\"menu-item menu-item-type-post_type menu-item-object-page menu-item-has-children menu-item-66\"><a target=\"_blank\" rel=\"noopener\" href=\"https:\/\/aprepro.org.br\/conbrepro\/2020\/aprepro-2\/\" class=\"menu-link elementor-item\">APREPRO<\/a>\n<ul class=\"sub-menu elementor-nav-menu--dropdown\">\n\t<li class=\"menu-item menu-item-type-custom menu-item-object-custom menu-item-147\"><a href=\"https:\/\/aprepro.org.br\/portal\/cadastro-de-associados-aprepro\/\" class=\"menu-link elementor-sub-item\">ASSOCIE-SE<\/a><\/li>\n\t<li class=\"menu-item menu-item-type-custom menu-item-object-custom menu-item-420\"><a href=\"https:\/\/aprepro.org.br\/conbrepro\/2020\/faq\/\" class=\"menu-link elementor-sub-item\">Contato<\/a><\/li>\n\t<li class=\"menu-item menu-item-type-post_type menu-item-object-page menu-item-92\"><a href=\"https:\/\/aprepro.org.br\/conbrepro\/2020\/facebook\/\" class=\"menu-link elementor-sub-item\">Facebook<\/a><\/li>\n\t<li class=\"menu-item menu-item-type-post_type menu-item-object-page menu-item-404\"><a href=\"https:\/\/aprepro.org.br\/conbrepro\/2020\/termos-de-uso\/\" class=\"menu-link elementor-sub-item\">Termos de Uso<\/a><\/li>\n\t<li class=\"menu-item menu-item-type-post_type menu-item-object-page menu-item-403\"><a href=\"https:\/\/aprepro.org.br\/conbrepro\/2020\/politica-privacidade\/\" class=\"menu-link elementor-sub-item\">Pol\u00edtica Privacidade<\/a><\/li>\n<\/ul>\n<\/li>\n<li class=\"menu-item menu-item-type-post_type menu-item-object-page menu-item-413\"><a href=\"https:\/\/aprepro.org.br\/conbrepro\/2020\/faq\/\" class=\"menu-link elementor-item\">FAQ<\/a><\/li>\n<li class=\"menu-item menu-item-type-custom menu-item-object-custom menu-item-135\"><a href=\"https:\/\/inscricao.aprepro.org.br\/index.php\/auth\/eventologin\/2\" class=\"menu-link elementor-item\">LOGIN<\/a><\/li>\n<\/ul><\/nav>\n\t\t\t\t\t<div class=\"elementor-menu-toggle\" role=\"button\" tabindex=\"0\" aria-label=\"Menu Toggle\" aria-expanded=\"false\">\n\t\t\t<i class=\"eicon-menu-bar\" aria-hidden=\"true\"><\/i>\n\t\t\t<span class=\"elementor-screen-only\">Menu<\/span>\n\t\t<\/div>\n\t\t\t<nav class=\"elementor-nav-menu--dropdown elementor-nav-menu__container\" role=\"navigation\" aria-hidden=\"true\"><ul id=\"menu-2-4fcd0226\" class=\"elementor-nav-menu\"><li class=\"menu-item menu-item-type-post_type menu-item-object-page menu-item-home menu-item-has-children menu-item-666\"><a href=\"https:\/\/aprepro.org.br\/conbrepro\/2020\/\" class=\"menu-link elementor-item\">Inicio<\/a>\n<ul class=\"sub-menu elementor-nav-menu--dropdown\">\n\t<li class=\"menu-item menu-item-type-post_type menu-item-object-page menu-item-17\"><a href=\"https:\/\/aprepro.org.br\/conbrepro\/2020\/sample-page\/\" class=\"menu-link elementor-sub-item\">O Evento<\/a><\/li>\n\t<li class=\"menu-item menu-item-type-post_type menu-item-object-page menu-item-70\"><a target=\"_blank\" rel=\"noopener\" href=\"https:\/\/aprepro.org.br\/conbrepro\/2020\/edicoes-anteriores\/\" class=\"menu-link elementor-sub-item\">Edi\u00e7\u00f5es Anteriores<\/a><\/li>\n\t<li class=\"menu-item menu-item-type-post_type menu-item-object-page menu-item-291\"><a href=\"https:\/\/aprepro.org.br\/conbrepro\/2020\/livros-publicados\/\" class=\"menu-link elementor-sub-item\">Livros publicados<\/a><\/li>\n\t<li class=\"menu-item menu-item-type-post_type menu-item-object-page menu-item-197\"><a href=\"https:\/\/aprepro.org.br\/conbrepro\/2020\/comite-executivo\/\" class=\"menu-link elementor-sub-item\">Comit\u00ea Executivo<\/a><\/li>\n\t<li class=\"menu-item menu-item-type-post_type menu-item-object-page menu-item-69\"><a href=\"https:\/\/aprepro.org.br\/conbrepro\/2020\/historico\/\" class=\"menu-link elementor-sub-item\">Hist\u00f3rico<\/a><\/li>\n<\/ul>\n<\/li>\n<li class=\"menu-item menu-item-type-post_type menu-item-object-page menu-item-has-children menu-item-19\"><a href=\"https:\/\/aprepro.org.br\/conbrepro\/2020\/submissao-de-trabalhos\/\" class=\"menu-link elementor-item\">Submiss\u00e3o de Trabalhos<\/a>\n<ul class=\"sub-menu elementor-nav-menu--dropdown\">\n\t<li class=\"menu-item menu-item-type-post_type menu-item-object-page menu-item-225\"><a href=\"https:\/\/aprepro.org.br\/conbrepro\/2020\/apresentacao-oral-modelo\/\" class=\"menu-link elementor-sub-item\">Apresenta\u00e7\u00e3o Oral \u2013 Modelo<\/a><\/li>\n\t<li class=\"menu-item menu-item-type-post_type menu-item-object-page menu-item-75\"><a target=\"_blank\" rel=\"noopener\" href=\"https:\/\/aprepro.org.br\/conbrepro\/2020\/modelo-de-artigo-cientifico\/\" class=\"menu-link elementor-sub-item\">Modelo de Artigo Cient\u00edfico<\/a><\/li>\n\t<li class=\"menu-item menu-item-type-post_type menu-item-object-page menu-item-107\"><a href=\"https:\/\/aprepro.org.br\/conbrepro\/2020\/inscricoes-valores\/\" class=\"menu-link elementor-sub-item\">Inscri\u00e7\u00f5es \/ Valores<\/a><\/li>\n\t<li class=\"menu-item menu-item-type-post_type menu-item-object-page menu-item-77\"><a target=\"_blank\" rel=\"noopener\" href=\"https:\/\/aprepro.org.br\/conbrepro\/2020\/datas-importantes\/\" class=\"menu-link elementor-sub-item\">Datas importantes<\/a><\/li>\n\t<li class=\"menu-item menu-item-type-post_type menu-item-object-page menu-item-79\"><a target=\"_blank\" rel=\"noopener\" href=\"https:\/\/aprepro.org.br\/conbrepro\/2020\/areas-tematicas\/\" class=\"menu-link elementor-sub-item\">\u00c1reas Tem\u00e1ticas<\/a><\/li>\n\t<li class=\"menu-item menu-item-type-post_type menu-item-object-page menu-item-76\"><a target=\"_blank\" rel=\"noopener\" href=\"https:\/\/aprepro.org.br\/conbrepro\/2020\/envio-do-artigo-cientifico\/\" class=\"menu-link elementor-sub-item\">Envio do Artigo Cient\u00edfico<\/a><\/li>\n\t<li class=\"menu-item menu-item-type-post_type menu-item-object-page menu-item-73\"><a target=\"_blank\" rel=\"noopener\" href=\"https:\/\/aprepro.org.br\/conbrepro\/2020\/julgamento-de-artigo\/\" class=\"menu-link elementor-sub-item\">Julgamento de Artigo<\/a><\/li>\n\t<li class=\"menu-item menu-item-type-post_type menu-item-object-page menu-item-72\"><a target=\"_blank\" rel=\"noopener\" href=\"https:\/\/aprepro.org.br\/conbrepro\/2020\/informacoes-gerais\/\" class=\"menu-link elementor-sub-item\">Informa\u00e7\u00f5es Gerais<\/a><\/li>\n\t<li class=\"menu-item menu-item-type-post_type menu-item-object-page menu-item-180\"><a href=\"https:\/\/aprepro.org.br\/conbrepro\/2020\/seja-um-avaliadora\/\" class=\"menu-link elementor-sub-item\">Seja avaliador<\/a><\/li>\n<\/ul>\n<\/li>\n<li class=\"menu-item menu-item-type-post_type menu-item-object-page menu-item-has-children menu-item-66\"><a target=\"_blank\" rel=\"noopener\" href=\"https:\/\/aprepro.org.br\/conbrepro\/2020\/aprepro-2\/\" class=\"menu-link elementor-item\">APREPRO<\/a>\n<ul class=\"sub-menu elementor-nav-menu--dropdown\">\n\t<li class=\"menu-item menu-item-type-custom menu-item-object-custom menu-item-147\"><a href=\"https:\/\/aprepro.org.br\/portal\/cadastro-de-associados-aprepro\/\" class=\"menu-link elementor-sub-item\">ASSOCIE-SE<\/a><\/li>\n\t<li class=\"menu-item menu-item-type-custom menu-item-object-custom menu-item-420\"><a href=\"https:\/\/aprepro.org.br\/conbrepro\/2020\/faq\/\" class=\"menu-link elementor-sub-item\">Contato<\/a><\/li>\n\t<li class=\"menu-item menu-item-type-post_type menu-item-object-page menu-item-92\"><a href=\"https:\/\/aprepro.org.br\/conbrepro\/2020\/facebook\/\" class=\"menu-link elementor-sub-item\">Facebook<\/a><\/li>\n\t<li class=\"menu-item menu-item-type-post_type menu-item-object-page menu-item-404\"><a href=\"https:\/\/aprepro.org.br\/conbrepro\/2020\/termos-de-uso\/\" class=\"menu-link elementor-sub-item\">Termos de Uso<\/a><\/li>\n\t<li class=\"menu-item menu-item-type-post_type menu-item-object-page menu-item-403\"><a href=\"https:\/\/aprepro.org.br\/conbrepro\/2020\/politica-privacidade\/\" class=\"menu-link elementor-sub-item\">Pol\u00edtica Privacidade<\/a><\/li>\n<\/ul>\n<\/li>\n<li class=\"menu-item menu-item-type-post_type menu-item-object-page menu-item-413\"><a href=\"https:\/\/aprepro.org.br\/conbrepro\/2020\/faq\/\" class=\"menu-link elementor-item\">FAQ<\/a><\/li>\n<li class=\"menu-item menu-item-type-custom menu-item-object-custom menu-item-135\"><a href=\"https:\/\/inscricao.aprepro.org.br\/index.php\/auth\/eventologin\/2\" class=\"menu-link elementor-item\">LOGIN<\/a><\/li>\n<\/ul><\/nav>\n\t\t\t\t<\/div>\n\t\t\t\t<\/div>\n\t\t\t\t\t\t<\/div>\n\t\t\t\t\t<\/div>\n\t\t<\/div>\n\t\t\t\t<div class=\"elementor-column elementor-col-25 elementor-top-column elementor-element elementor-element-224f8221\" data-id=\"224f8221\" data-element_type=\"column\">\n\t\t\t<div class=\"elementor-column-wrap elementor-element-populated\">\n\t\t\t\t\t\t\t<div class=\"elementor-widget-wrap\">\n\t\t\t\t\t\t<div class=\"elementor-element elementor-element-37c10bb9 elementor-shape-circle e-grid-align-tablet-right e-grid-align-mobile-left elementor-hidden-phone elementor-grid-0 e-grid-align-center elementor-widget elementor-widget-social-icons\" data-id=\"37c10bb9\" data-element_type=\"widget\" data-widget_type=\"social-icons.default\">\n\t\t\t\t<div class=\"elementor-widget-container\">\n\t\t\t\t\t<div class=\"elementor-social-icons-wrapper elementor-grid\">\n\t\t\t\t\t\t\t<span class=\"elementor-grid-item\">\n\t\t\t\t\t<a class=\"elementor-icon elementor-social-icon elementor-social-icon-facebook elementor-repeater-item-c58d333\" href=\"https:\/\/web.facebook.com\/conbrepro\" target=\"_blank\">\n\t\t\t\t\t\t<span class=\"elementor-screen-only\">Facebook<\/span>\n\t\t\t\t\t\t<i class=\"fab fa-facebook\"><\/i>\t\t\t\t\t<\/a>\n\t\t\t\t<\/span>\n\t\t\t\t\t<\/div>\n\t\t\t\t<\/div>\n\t\t\t\t<\/div>\n\t\t\t\t\t\t<\/div>\n\t\t\t\t\t<\/div>\n\t\t<\/div>\n\t\t\t\t\t\t\t\t<\/div>\n\t\t\t\t\t<\/div>\n\t\t<\/header>\n\t\t\t\t<section class=\"elementor-section elementor-top-section elementor-element elementor-element-355f5b2e elementor-section-boxed elementor-section-height-default elementor-section-height-default\" data-id=\"355f5b2e\" data-element_type=\"section\">\n\t\t\t\t\t\t<div class=\"elementor-container elementor-column-gap-default\">\n\t\t\t\t\t\t\t<div class=\"elementor-row\">\n\t\t\t\t\t<div class=\"elementor-column elementor-col-100 elementor-top-column elementor-element elementor-element-72e29b24\" data-id=\"72e29b24\" data-element_type=\"column\">\n\t\t\t<div class=\"elementor-column-wrap elementor-element-populated\">\n\t\t\t\t\t\t\t<div class=\"elementor-widget-wrap\">\n\t\t\t\t\t\t<div class=\"elementor-element elementor-element-4e8004a8 elementor-widget elementor-widget-text-editor\" data-id=\"4e8004a8\" data-element_type=\"widget\" data-widget_type=\"text-editor.default\">\n\t\t\t\t<div class=\"elementor-widget-container\">\n\t\t\t\t\t\t\t\t<div class=\"elementor-text-editor elementor-clearfix\">\n\t\t\t\t<!-- wp:paragraph -->\n<h3>Para baixar o Modelo para elabora\u00e7\u00e3o de artigo,\u00a0<span style=\"color: #ff0000;\"><strong><a style=\"color: #ff0000;\" href=\"https:\/\/aprepro.org.br\/conbrepro\/2020\/wp-content\/uploads\/2020\/09\/Template_de_Artigo_2020-v.1.docx\" target=\"_blank\" rel=\"noopener noreferrer\">CLIQUE AQUI!<\/a><\/strong><\/span><\/h3>\n<!-- \/wp:paragraph --><!-- wp:paragraph -->\n<p><strong>Observa\u00e7\u00e3o:\u00a0<\/strong>Os trabalhos que n\u00e3o seguirem rigorosamente ao modelo proposto n\u00e3o ser\u00e3o avaliados.<\/p>\n<!-- \/wp:paragraph -->\t\t\t\t\t<\/div>\n\t\t\t\t\t\t<\/div>\n\t\t\t\t<\/div>\n\t\t\t\t\t\t<\/div>\n\t\t\t\t\t<\/div>\n\t\t<\/div>\n\t\t\t\t\t\t\t\t<\/div>\n\t\t\t\t\t<\/div>\n\t\t<\/section>\n\t\t\t\t\t\t\t\t\t<\/div>\n\t\t\t<\/div>\n\t\t\t\t\t<\/div>\n\t\t","protected":false},"excerpt":{"rendered":"<p>Facebook Para baixar o Modelo para elabora\u00e7\u00e3o de artigo,\u00a0CLIQUE AQUI! Observa\u00e7\u00e3o:\u00a0Os trabalhos que n\u00e3o seguirem rigorosamente ao modelo proposto n\u00e3o ser\u00e3o avaliados.<\/p>\n","protected":false},"author":1,"featured_media":0,"parent":0,"menu_order":0,"comment_status":"closed","ping_status":"closed","template":"","meta":{"_mi_skip_tracking":false},"_links":{"self":[{"href":"https:\/\/aprepro.org.br\/conbrepro\/2020\/wp-json\/wp\/v2\/pages\/37"}],"collection":[{"href":"https:\/\/aprepro.org.br\/conbrepro\/2020\/wp-json\/wp\/v2\/pages"}],"about":[{"href":"https:\/\/aprepro.org.br\/conbrepro\/2020\/wp-json\/wp\/v2\/types\/page"}],"author":[{"embeddable":true,"href":"https:\/\/aprepro.org.br\/conbrepro\/2020\/wp-json\/wp\/v2\/users\/1"}],"replies":[{"embeddable":true,"href":"https:\/\/aprepro.org.br\/conbrepro\/2020\/wp-json\/wp\/v2\/comments?post=37"}],"version-history":[{"count":10,"href":"https:\/\/aprepro.org.br\/conbrepro\/2020\/wp-json\/wp\/v2\/pages\/37\/revisions"}],"predecessor-version":[{"id":697,"href":"https:\/\/aprepro.org.br\/conbrepro\/2020\/wp-json\/wp\/v2\/pages\/37\/revisions\/697"}],"wp:attachment":[{"href":"https:\/\/aprepro.org.br\/conbrepro\/2020\/wp-json\/wp\/v2\/media?parent=37"}],"curies":[{"name":"wp","href":"https:\/\/api.w.org\/{rel}","templated":true}]}}