{"id":25,"date":"2019-06-28T11:19:23","date_gmt":"2019-06-28T11:19:23","guid":{"rendered":"https:\/\/aprepro.org.br\/conbrepro\/2020\/?page_id=25"},"modified":"2020-11-19T02:53:29","modified_gmt":"2020-11-19T02:53:29","slug":"inscricoes-valores","status":"publish","type":"page","link":"https:\/\/aprepro.org.br\/conbrepro\/2020\/inscricoes-valores\/","title":{"rendered":"Inscri\u00e7\u00f5es \/ Valores"},"content":{"rendered":"\t\t<div data-elementor-type=\"wp-page\" data-elementor-id=\"25\" class=\"elementor elementor-25\">\n\t\t\t\t\t\t<div class=\"elementor-inner\">\n\t\t\t\t<div class=\"elementor-section-wrap\">\n\t\t\t\t\t\t\t\t\t<header class=\"elementor-section elementor-top-section elementor-element elementor-element-cee24aa elementor-section-content-space-evenly elementor-section-boxed elementor-section-height-default elementor-section-height-default\" data-id=\"cee24aa\" data-element_type=\"section\" data-settings=\"{&quot;background_background&quot;:&quot;classic&quot;,&quot;sticky&quot;:&quot;top&quot;,&quot;sticky_on&quot;:[&quot;desktop&quot;,&quot;tablet&quot;,&quot;mobile&quot;],&quot;sticky_offset&quot;:0,&quot;sticky_effects_offset&quot;:0}\">\n\t\t\t\t\t\t<div class=\"elementor-container elementor-column-gap-no\">\n\t\t\t\t\t\t\t<div class=\"elementor-row\">\n\t\t\t\t\t<div class=\"elementor-column elementor-col-25 elementor-top-column elementor-element elementor-element-4a6aaf87\" data-id=\"4a6aaf87\" data-element_type=\"column\">\n\t\t\t<div class=\"elementor-column-wrap elementor-element-populated\">\n\t\t\t\t\t\t\t<div class=\"elementor-widget-wrap\">\n\t\t\t\t\t\t<div class=\"elementor-element elementor-element-5faa0180 elementor-invisible elementor-widget elementor-widget-image\" data-id=\"5faa0180\" data-element_type=\"widget\" data-settings=\"{&quot;_animation&quot;:&quot;fadeIn&quot;}\" data-widget_type=\"image.default\">\n\t\t\t\t<div class=\"elementor-widget-container\">\n\t\t\t\t\t\t\t\t<div class=\"elementor-image\">\n\t\t\t\t\t\t\t\t\t\t\t\t\t<a href=\"https:\/\/aprepro.org.br\/conbrepro\/2020\">\n\t\t\t\t\t\t\t<img width=\"300\" height=\"50\" src=\"https:\/\/aprepro.org.br\/conbrepro\/2020\/wp-content\/uploads\/2019\/06\/logo_site-1.png\" class=\"attachment-large size-large\" alt=\"\" loading=\"lazy\" srcset=\"https:\/\/aprepro.org.br\/conbrepro\/2020\/wp-content\/uploads\/2019\/06\/logo_site-1.png 300w, https:\/\/aprepro.org.br\/conbrepro\/2020\/wp-content\/uploads\/2019\/06\/logo_site-1-250x42.png 250w\" sizes=\"(max-width: 300px) 100vw, 300px\" \/>\t\t\t\t\t\t\t\t<\/a>\n\t\t\t\t\t\t\t\t\t\t\t\t\t\t<\/div>\n\t\t\t\t\t\t<\/div>\n\t\t\t\t<\/div>\n\t\t\t\t\t\t<\/div>\n\t\t\t\t\t<\/div>\n\t\t<\/div>\n\t\t\t\t<div class=\"elementor-column elementor-col-50 elementor-top-column elementor-element elementor-element-29b71586\" data-id=\"29b71586\" data-element_type=\"column\">\n\t\t\t<div class=\"elementor-column-wrap elementor-element-populated\">\n\t\t\t\t\t\t\t<div class=\"elementor-widget-wrap\">\n\t\t\t\t\t\t<div class=\"elementor-element elementor-element-3bc15739 elementor-nav-menu__align-center elementor-nav-menu--stretch elementor-nav-menu--indicator-plus elementor-nav-menu__text-align-center elementor-nav-menu--dropdown-tablet elementor-nav-menu--toggle elementor-nav-menu--burger elementor-widget elementor-widget-nav-menu\" data-id=\"3bc15739\" data-element_type=\"widget\" data-settings=\"{&quot;full_width&quot;:&quot;stretch&quot;,&quot;layout&quot;:&quot;horizontal&quot;,&quot;toggle&quot;:&quot;burger&quot;}\" data-widget_type=\"nav-menu.default\">\n\t\t\t\t<div class=\"elementor-widget-container\">\n\t\t\t\t\t\t<nav role=\"navigation\" class=\"elementor-nav-menu--main elementor-nav-menu__container elementor-nav-menu--layout-horizontal e--pointer-background e--animation-grow\"><ul id=\"menu-1-3bc15739\" class=\"elementor-nav-menu\"><li class=\"menu-item menu-item-type-post_type menu-item-object-page menu-item-home menu-item-has-children menu-item-666\"><a href=\"https:\/\/aprepro.org.br\/conbrepro\/2020\/\" class=\"menu-link elementor-item\">Inicio<\/a>\n<ul class=\"sub-menu elementor-nav-menu--dropdown\">\n\t<li class=\"menu-item menu-item-type-post_type menu-item-object-page menu-item-17\"><a href=\"https:\/\/aprepro.org.br\/conbrepro\/2020\/sample-page\/\" class=\"menu-link elementor-sub-item\">O Evento<\/a><\/li>\n\t<li class=\"menu-item menu-item-type-post_type menu-item-object-page menu-item-70\"><a target=\"_blank\" rel=\"noopener\" href=\"https:\/\/aprepro.org.br\/conbrepro\/2020\/edicoes-anteriores\/\" class=\"menu-link elementor-sub-item\">Edi\u00e7\u00f5es Anteriores<\/a><\/li>\n\t<li class=\"menu-item menu-item-type-post_type menu-item-object-page menu-item-291\"><a href=\"https:\/\/aprepro.org.br\/conbrepro\/2020\/livros-publicados\/\" class=\"menu-link elementor-sub-item\">Livros publicados<\/a><\/li>\n\t<li class=\"menu-item menu-item-type-post_type menu-item-object-page menu-item-197\"><a href=\"https:\/\/aprepro.org.br\/conbrepro\/2020\/comite-executivo\/\" class=\"menu-link elementor-sub-item\">Comit\u00ea Executivo<\/a><\/li>\n\t<li class=\"menu-item menu-item-type-post_type menu-item-object-page menu-item-69\"><a href=\"https:\/\/aprepro.org.br\/conbrepro\/2020\/historico\/\" class=\"menu-link elementor-sub-item\">Hist\u00f3rico<\/a><\/li>\n<\/ul>\n<\/li>\n<li class=\"menu-item menu-item-type-post_type menu-item-object-page menu-item-has-children menu-item-19\"><a href=\"https:\/\/aprepro.org.br\/conbrepro\/2020\/submissao-de-trabalhos\/\" class=\"menu-link elementor-item\">Submiss\u00e3o de Trabalhos<\/a>\n<ul class=\"sub-menu elementor-nav-menu--dropdown\">\n\t<li class=\"menu-item menu-item-type-post_type menu-item-object-page menu-item-225\"><a href=\"https:\/\/aprepro.org.br\/conbrepro\/2020\/apresentacao-oral-modelo\/\" class=\"menu-link elementor-sub-item\">Apresenta\u00e7\u00e3o Oral \u2013 Modelo<\/a><\/li>\n\t<li class=\"menu-item menu-item-type-post_type menu-item-object-page menu-item-75\"><a target=\"_blank\" rel=\"noopener\" href=\"https:\/\/aprepro.org.br\/conbrepro\/2020\/modelo-de-artigo-cientifico\/\" class=\"menu-link elementor-sub-item\">Modelo de Artigo Cient\u00edfico<\/a><\/li>\n\t<li class=\"menu-item menu-item-type-post_type menu-item-object-page menu-item-107\"><a href=\"https:\/\/aprepro.org.br\/conbrepro\/2020\/inscricoes-valores\/\" class=\"menu-link elementor-sub-item\">Inscri\u00e7\u00f5es \/ Valores<\/a><\/li>\n\t<li class=\"menu-item menu-item-type-post_type menu-item-object-page menu-item-77\"><a target=\"_blank\" rel=\"noopener\" href=\"https:\/\/aprepro.org.br\/conbrepro\/2020\/datas-importantes\/\" class=\"menu-link elementor-sub-item\">Datas importantes<\/a><\/li>\n\t<li class=\"menu-item menu-item-type-post_type menu-item-object-page menu-item-79\"><a target=\"_blank\" rel=\"noopener\" href=\"https:\/\/aprepro.org.br\/conbrepro\/2020\/areas-tematicas\/\" class=\"menu-link elementor-sub-item\">\u00c1reas Tem\u00e1ticas<\/a><\/li>\n\t<li class=\"menu-item menu-item-type-post_type menu-item-object-page menu-item-76\"><a target=\"_blank\" rel=\"noopener\" href=\"https:\/\/aprepro.org.br\/conbrepro\/2020\/envio-do-artigo-cientifico\/\" class=\"menu-link elementor-sub-item\">Envio do Artigo Cient\u00edfico<\/a><\/li>\n\t<li class=\"menu-item menu-item-type-post_type menu-item-object-page menu-item-73\"><a target=\"_blank\" rel=\"noopener\" href=\"https:\/\/aprepro.org.br\/conbrepro\/2020\/julgamento-de-artigo\/\" class=\"menu-link elementor-sub-item\">Julgamento de Artigo<\/a><\/li>\n\t<li class=\"menu-item menu-item-type-post_type menu-item-object-page menu-item-72\"><a target=\"_blank\" rel=\"noopener\" href=\"https:\/\/aprepro.org.br\/conbrepro\/2020\/informacoes-gerais\/\" class=\"menu-link elementor-sub-item\">Informa\u00e7\u00f5es Gerais<\/a><\/li>\n\t<li class=\"menu-item menu-item-type-post_type menu-item-object-page menu-item-180\"><a href=\"https:\/\/aprepro.org.br\/conbrepro\/2020\/seja-um-avaliadora\/\" class=\"menu-link elementor-sub-item\">Seja avaliador<\/a><\/li>\n<\/ul>\n<\/li>\n<li class=\"menu-item menu-item-type-post_type menu-item-object-page menu-item-has-children menu-item-66\"><a target=\"_blank\" rel=\"noopener\" href=\"https:\/\/aprepro.org.br\/conbrepro\/2020\/aprepro-2\/\" class=\"menu-link elementor-item\">APREPRO<\/a>\n<ul class=\"sub-menu elementor-nav-menu--dropdown\">\n\t<li class=\"menu-item menu-item-type-custom menu-item-object-custom menu-item-147\"><a href=\"https:\/\/aprepro.org.br\/portal\/cadastro-de-associados-aprepro\/\" class=\"menu-link elementor-sub-item\">ASSOCIE-SE<\/a><\/li>\n\t<li class=\"menu-item menu-item-type-custom menu-item-object-custom menu-item-420\"><a href=\"https:\/\/aprepro.org.br\/conbrepro\/2020\/faq\/\" class=\"menu-link elementor-sub-item\">Contato<\/a><\/li>\n\t<li class=\"menu-item menu-item-type-post_type menu-item-object-page menu-item-92\"><a href=\"https:\/\/aprepro.org.br\/conbrepro\/2020\/facebook\/\" class=\"menu-link elementor-sub-item\">Facebook<\/a><\/li>\n\t<li class=\"menu-item menu-item-type-post_type menu-item-object-page menu-item-404\"><a href=\"https:\/\/aprepro.org.br\/conbrepro\/2020\/termos-de-uso\/\" class=\"menu-link elementor-sub-item\">Termos de Uso<\/a><\/li>\n\t<li class=\"menu-item menu-item-type-post_type menu-item-object-page menu-item-403\"><a href=\"https:\/\/aprepro.org.br\/conbrepro\/2020\/politica-privacidade\/\" class=\"menu-link elementor-sub-item\">Pol\u00edtica Privacidade<\/a><\/li>\n<\/ul>\n<\/li>\n<li class=\"menu-item menu-item-type-post_type menu-item-object-page menu-item-413\"><a href=\"https:\/\/aprepro.org.br\/conbrepro\/2020\/faq\/\" class=\"menu-link elementor-item\">FAQ<\/a><\/li>\n<li class=\"menu-item menu-item-type-custom menu-item-object-custom menu-item-135\"><a href=\"https:\/\/inscricao.aprepro.org.br\/index.php\/auth\/eventologin\/2\" class=\"menu-link elementor-item\">LOGIN<\/a><\/li>\n<\/ul><\/nav>\n\t\t\t\t\t<div class=\"elementor-menu-toggle\" role=\"button\" tabindex=\"0\" aria-label=\"Menu Toggle\" aria-expanded=\"false\">\n\t\t\t<i class=\"eicon-menu-bar\" aria-hidden=\"true\"><\/i>\n\t\t\t<span class=\"elementor-screen-only\">Menu<\/span>\n\t\t<\/div>\n\t\t\t<nav class=\"elementor-nav-menu--dropdown elementor-nav-menu__container\" role=\"navigation\" aria-hidden=\"true\"><ul id=\"menu-2-3bc15739\" class=\"elementor-nav-menu\"><li class=\"menu-item menu-item-type-post_type menu-item-object-page menu-item-home menu-item-has-children menu-item-666\"><a href=\"https:\/\/aprepro.org.br\/conbrepro\/2020\/\" class=\"menu-link elementor-item\">Inicio<\/a>\n<ul class=\"sub-menu elementor-nav-menu--dropdown\">\n\t<li class=\"menu-item menu-item-type-post_type menu-item-object-page menu-item-17\"><a href=\"https:\/\/aprepro.org.br\/conbrepro\/2020\/sample-page\/\" class=\"menu-link elementor-sub-item\">O Evento<\/a><\/li>\n\t<li class=\"menu-item menu-item-type-post_type menu-item-object-page menu-item-70\"><a target=\"_blank\" rel=\"noopener\" href=\"https:\/\/aprepro.org.br\/conbrepro\/2020\/edicoes-anteriores\/\" class=\"menu-link elementor-sub-item\">Edi\u00e7\u00f5es Anteriores<\/a><\/li>\n\t<li class=\"menu-item menu-item-type-post_type menu-item-object-page menu-item-291\"><a href=\"https:\/\/aprepro.org.br\/conbrepro\/2020\/livros-publicados\/\" class=\"menu-link elementor-sub-item\">Livros publicados<\/a><\/li>\n\t<li class=\"menu-item menu-item-type-post_type menu-item-object-page menu-item-197\"><a href=\"https:\/\/aprepro.org.br\/conbrepro\/2020\/comite-executivo\/\" class=\"menu-link elementor-sub-item\">Comit\u00ea Executivo<\/a><\/li>\n\t<li class=\"menu-item menu-item-type-post_type menu-item-object-page menu-item-69\"><a href=\"https:\/\/aprepro.org.br\/conbrepro\/2020\/historico\/\" class=\"menu-link elementor-sub-item\">Hist\u00f3rico<\/a><\/li>\n<\/ul>\n<\/li>\n<li class=\"menu-item menu-item-type-post_type menu-item-object-page menu-item-has-children menu-item-19\"><a href=\"https:\/\/aprepro.org.br\/conbrepro\/2020\/submissao-de-trabalhos\/\" class=\"menu-link elementor-item\">Submiss\u00e3o de Trabalhos<\/a>\n<ul class=\"sub-menu elementor-nav-menu--dropdown\">\n\t<li class=\"menu-item menu-item-type-post_type menu-item-object-page menu-item-225\"><a href=\"https:\/\/aprepro.org.br\/conbrepro\/2020\/apresentacao-oral-modelo\/\" class=\"menu-link elementor-sub-item\">Apresenta\u00e7\u00e3o Oral \u2013 Modelo<\/a><\/li>\n\t<li class=\"menu-item menu-item-type-post_type menu-item-object-page menu-item-75\"><a target=\"_blank\" rel=\"noopener\" href=\"https:\/\/aprepro.org.br\/conbrepro\/2020\/modelo-de-artigo-cientifico\/\" class=\"menu-link elementor-sub-item\">Modelo de Artigo Cient\u00edfico<\/a><\/li>\n\t<li class=\"menu-item menu-item-type-post_type menu-item-object-page menu-item-107\"><a href=\"https:\/\/aprepro.org.br\/conbrepro\/2020\/inscricoes-valores\/\" class=\"menu-link elementor-sub-item\">Inscri\u00e7\u00f5es \/ Valores<\/a><\/li>\n\t<li class=\"menu-item menu-item-type-post_type menu-item-object-page menu-item-77\"><a target=\"_blank\" rel=\"noopener\" href=\"https:\/\/aprepro.org.br\/conbrepro\/2020\/datas-importantes\/\" class=\"menu-link elementor-sub-item\">Datas importantes<\/a><\/li>\n\t<li class=\"menu-item menu-item-type-post_type menu-item-object-page menu-item-79\"><a target=\"_blank\" rel=\"noopener\" href=\"https:\/\/aprepro.org.br\/conbrepro\/2020\/areas-tematicas\/\" class=\"menu-link elementor-sub-item\">\u00c1reas Tem\u00e1ticas<\/a><\/li>\n\t<li class=\"menu-item menu-item-type-post_type menu-item-object-page menu-item-76\"><a target=\"_blank\" rel=\"noopener\" href=\"https:\/\/aprepro.org.br\/conbrepro\/2020\/envio-do-artigo-cientifico\/\" class=\"menu-link elementor-sub-item\">Envio do Artigo Cient\u00edfico<\/a><\/li>\n\t<li class=\"menu-item menu-item-type-post_type menu-item-object-page menu-item-73\"><a target=\"_blank\" rel=\"noopener\" href=\"https:\/\/aprepro.org.br\/conbrepro\/2020\/julgamento-de-artigo\/\" class=\"menu-link elementor-sub-item\">Julgamento de Artigo<\/a><\/li>\n\t<li class=\"menu-item menu-item-type-post_type menu-item-object-page menu-item-72\"><a target=\"_blank\" rel=\"noopener\" href=\"https:\/\/aprepro.org.br\/conbrepro\/2020\/informacoes-gerais\/\" class=\"menu-link elementor-sub-item\">Informa\u00e7\u00f5es Gerais<\/a><\/li>\n\t<li class=\"menu-item menu-item-type-post_type menu-item-object-page menu-item-180\"><a href=\"https:\/\/aprepro.org.br\/conbrepro\/2020\/seja-um-avaliadora\/\" class=\"menu-link elementor-sub-item\">Seja avaliador<\/a><\/li>\n<\/ul>\n<\/li>\n<li class=\"menu-item menu-item-type-post_type menu-item-object-page menu-item-has-children menu-item-66\"><a target=\"_blank\" rel=\"noopener\" href=\"https:\/\/aprepro.org.br\/conbrepro\/2020\/aprepro-2\/\" class=\"menu-link elementor-item\">APREPRO<\/a>\n<ul class=\"sub-menu elementor-nav-menu--dropdown\">\n\t<li class=\"menu-item menu-item-type-custom menu-item-object-custom menu-item-147\"><a href=\"https:\/\/aprepro.org.br\/portal\/cadastro-de-associados-aprepro\/\" class=\"menu-link elementor-sub-item\">ASSOCIE-SE<\/a><\/li>\n\t<li class=\"menu-item menu-item-type-custom menu-item-object-custom menu-item-420\"><a href=\"https:\/\/aprepro.org.br\/conbrepro\/2020\/faq\/\" class=\"menu-link elementor-sub-item\">Contato<\/a><\/li>\n\t<li class=\"menu-item menu-item-type-post_type menu-item-object-page menu-item-92\"><a href=\"https:\/\/aprepro.org.br\/conbrepro\/2020\/facebook\/\" class=\"menu-link elementor-sub-item\">Facebook<\/a><\/li>\n\t<li class=\"menu-item menu-item-type-post_type menu-item-object-page menu-item-404\"><a href=\"https:\/\/aprepro.org.br\/conbrepro\/2020\/termos-de-uso\/\" class=\"menu-link elementor-sub-item\">Termos de Uso<\/a><\/li>\n\t<li class=\"menu-item menu-item-type-post_type menu-item-object-page menu-item-403\"><a href=\"https:\/\/aprepro.org.br\/conbrepro\/2020\/politica-privacidade\/\" class=\"menu-link elementor-sub-item\">Pol\u00edtica Privacidade<\/a><\/li>\n<\/ul>\n<\/li>\n<li class=\"menu-item menu-item-type-post_type menu-item-object-page menu-item-413\"><a href=\"https:\/\/aprepro.org.br\/conbrepro\/2020\/faq\/\" class=\"menu-link elementor-item\">FAQ<\/a><\/li>\n<li class=\"menu-item menu-item-type-custom menu-item-object-custom menu-item-135\"><a href=\"https:\/\/inscricao.aprepro.org.br\/index.php\/auth\/eventologin\/2\" class=\"menu-link elementor-item\">LOGIN<\/a><\/li>\n<\/ul><\/nav>\n\t\t\t\t<\/div>\n\t\t\t\t<\/div>\n\t\t\t\t\t\t<\/div>\n\t\t\t\t\t<\/div>\n\t\t<\/div>\n\t\t\t\t<div class=\"elementor-column elementor-col-25 elementor-top-column elementor-element elementor-element-1307931d\" data-id=\"1307931d\" data-element_type=\"column\">\n\t\t\t<div class=\"elementor-column-wrap elementor-element-populated\">\n\t\t\t\t\t\t\t<div class=\"elementor-widget-wrap\">\n\t\t\t\t\t\t<div class=\"elementor-element elementor-element-6d09cf44 elementor-shape-circle e-grid-align-tablet-right e-grid-align-mobile-left elementor-hidden-phone elementor-grid-0 e-grid-align-center elementor-widget elementor-widget-social-icons\" data-id=\"6d09cf44\" data-element_type=\"widget\" data-widget_type=\"social-icons.default\">\n\t\t\t\t<div class=\"elementor-widget-container\">\n\t\t\t\t\t<div class=\"elementor-social-icons-wrapper elementor-grid\">\n\t\t\t\t\t\t\t<span class=\"elementor-grid-item\">\n\t\t\t\t\t<a class=\"elementor-icon elementor-social-icon elementor-social-icon-facebook elementor-repeater-item-c58d333\" href=\"https:\/\/web.facebook.com\/conbrepro\" target=\"_blank\">\n\t\t\t\t\t\t<span class=\"elementor-screen-only\">Facebook<\/span>\n\t\t\t\t\t\t<i class=\"fab fa-facebook\"><\/i>\t\t\t\t\t<\/a>\n\t\t\t\t<\/span>\n\t\t\t\t\t<\/div>\n\t\t\t\t<\/div>\n\t\t\t\t<\/div>\n\t\t\t\t\t\t<\/div>\n\t\t\t\t\t<\/div>\n\t\t<\/div>\n\t\t\t\t\t\t\t\t<\/div>\n\t\t\t\t\t<\/div>\n\t\t<\/header>\n\t\t\t\t<section class=\"elementor-section elementor-top-section elementor-element elementor-element-6d34c8de elementor-section-boxed elementor-section-height-default elementor-section-height-default\" data-id=\"6d34c8de\" data-element_type=\"section\">\n\t\t\t\t\t\t<div class=\"elementor-container elementor-column-gap-default\">\n\t\t\t\t\t\t\t<div class=\"elementor-row\">\n\t\t\t\t\t<div class=\"elementor-column elementor-col-100 elementor-top-column elementor-element elementor-element-253cc783\" data-id=\"253cc783\" data-element_type=\"column\">\n\t\t\t<div class=\"elementor-column-wrap elementor-element-populated\">\n\t\t\t\t\t\t\t<div class=\"elementor-widget-wrap\">\n\t\t\t\t\t\t<div class=\"elementor-element elementor-element-5d6a0e8a elementor-widget elementor-widget-text-editor\" data-id=\"5d6a0e8a\" data-element_type=\"widget\" data-widget_type=\"text-editor.default\">\n\t\t\t\t<div class=\"elementor-widget-container\">\n\t\t\t\t\t\t\t\t<div class=\"elementor-text-editor elementor-clearfix\">\n\t\t\t\t<!-- wp:table {\"backgroundColor\":\"subtle-pale-blue\",\"align\":\"center\"} -->\n<table width=\"501\">\n<tbody>\n<tr>\n<td width=\"279\"><span style=\"color: #000080;\"><strong>Inscri\u00e7\u00e3o para o\u00a0Evento<\/strong><\/span><\/td>\n<td style=\"text-align: center;\" width=\"111\"><span style=\"color: #000080;\"><strong>Valores at\u00e9 27\/11\/2020<\/strong><\/span><\/td>\n<td style=\"text-align: center;\" width=\"111\"><span style=\"color: #000080;\"><strong>Valores ap\u00f3s 27\/11\/2020**<\/strong><\/span><\/td>\n<\/tr>\n<tr>\n<td width=\"279\"><span style=\"color: #000080;\"><strong>1. Estudante de Gradua\u00e7\u00e3o*<\/strong><\/span><\/td>\n<td width=\"111\">\u00a0<\/td>\n<td width=\"111\">\u00a0<\/td>\n<\/tr>\n<tr>\n<td style=\"padding-left: 40px;\" width=\"279\">1.1. Associado APREPRO<\/td>\n<td style=\"text-align: center;\" width=\"111\">R$ 150,00<\/td>\n<td style=\"text-align: center;\" width=\"111\">R$ 200,00<\/td>\n<\/tr>\n<tr>\n<td style=\"padding-left: 40px;\" width=\"279\">1.2. N\u00e3o Associado APREPRO<\/td>\n<td style=\"text-align: center;\" width=\"111\">R$ 200,00<\/td>\n<td style=\"text-align: center;\" width=\"111\">R$ 250,00<\/td>\n<\/tr>\n<tr>\n<td width=\"279\"><span style=\"color: #000080;\"><strong>2. Professor, Profissional, Mestrando, Doutorando, etc<\/strong><\/span><\/td>\n<td width=\"111\">\u00a0<\/td>\n<td width=\"111\">\u00a0<\/td>\n<\/tr>\n<tr>\n<td style=\"padding-left: 40px;\" width=\"279\">2.1. Associado APREPRO<\/td>\n<td style=\"text-align: center;\" width=\"111\">R$ 200,00<\/td>\n<td style=\"text-align: center;\" width=\"111\">R$ 250,00<\/td>\n<\/tr>\n<tr>\n<td style=\"padding-left: 40px;\" width=\"279\">2.2. N\u00e3o Associado APREPRO<\/td>\n<td style=\"text-align: center;\" width=\"111\">R$ 250,00<\/td>\n<td style=\"text-align: center;\" width=\"111\">R$ 300,00<\/td>\n<\/tr>\n<tr>\n<td width=\"279\">\u00a0<\/td>\n<td width=\"111\">\u00a0<\/td>\n<td width=\"111\">\u00a0<\/td>\n<\/tr>\n<tr>\n<td colspan=\"3\" width=\"501\"><span style=\"color: #ff0000;\"><em>* Encaminhar o comprovante de matricula no sistema de submiss\u00e3o.<\/em><\/span><\/td>\n<\/tr>\n<tr>\n<td colspan=\"3\" width=\"501\"><span style=\"color: #ff0000;\"><em>** Ap\u00f3s o dia 27\/11\/2020 at\u00e9 o evento.<\/em><\/span><\/td>\n<\/tr>\n<\/tbody>\n<\/table>\n<h4><strong>Vale lembrar: <\/strong><span style=\"font-weight: 300;\">Associado da\u00a0<\/span><strong>APREPRO &#8211;\u00a0<\/strong><span style=\"font-weight: 300;\">Associa\u00e7\u00e3o Paranaense de Engenharia de Produ\u00e7\u00e3o \u00e9\u00a0aquele\u00a0que realizar\u00a0a\u00a0associa\u00e7\u00e3o\u00a0antes da inscri\u00e7\u00e3o no evento.\u00a0Para associar-se\u00a0<\/span><strong>GRATUITAMENTE<\/strong><span style=\"font-weight: 300;\">\u00a0na\u00a0<\/span><strong>APREPRO<\/strong><span style=\"font-weight: 300;\">:\u00a0<\/span><span style=\"color: #ff0000;\"><a style=\"color: #ff0000;\" href=\"https:\/\/aprepro.org.br\/portal\/cadastro-de-associados-aprepro\/\"><strong>Clique aqui<\/strong><\/a><\/span><\/h4>\n<!-- \/wp:paragraph --><!-- wp:separator -->\n<p>\u00a0<\/p>\n<!-- \/wp:separator --><!-- wp:image -->\n<figure class=\"wp-block-image\"><img src=\"https:\/\/aprepro.org.br\/conbrepro\/2016\/img_up\/images\/Inscricoes.PNG\" alt=\"\" \/><\/figure>\n<!-- \/wp:image --><!-- wp:paragraph {\"align\":\"center\",\"textColor\":\"very-dark-gray\",\"backgroundColor\":\"luminous-vivid-amber\",\"fontSize\":\"medium\"} -->\n<p class=\"has-text-color has-background has-medium-font-size has-very-dark-gray-color has-luminous-vivid-amber-background-color\" style=\"text-align: center;\"><strong><a href=\"https:\/\/aprepro.org.br\/conbrepro\/2020\/wp-content\/uploads\/2020\/08\/TUTORIAL-DE-INSCRI\u00c7\u00c3O-CONBREPRO.pdf\">TUTORIAL PARA SE INSCREVER (CLIQUE AQUI)<\/a><\/strong><\/p>\n<!-- \/wp:paragraph --><!-- wp:paragraph -->\n<p>Para efetuar o seu cadastro acesse o sistema de inscri\u00e7\u00e3o: <strong><a href=\"https:\/\/inscricao.aprepro.org.br\/index.php\/auth\/cadastro\/2\">CLIQUE AQUI.<\/a><\/strong><\/p>\n<!-- \/wp:paragraph --><!-- wp:paragraph -->\n<p>1 &#8211; Todos os interessados em participar do evento<strong><em>\u00a0<\/em><\/strong>dever\u00e3o\u00a0se cadastrar clicando em\u00a0\u00a0Login \/ Cadastro (Topo da p\u00e1gina) ou pelo link: <a href=\"https:\/\/inscricao.aprepro.org.br\/index.php\/auth\/cadastro\/2\">https:\/\/inscricao.aprepro.org.br\/index.php\/auth\/cadastro\/2<\/a><\/p>\n<!-- \/wp:paragraph --><!-- wp:paragraph -->\n<p>\u00a02 &#8211; Preencher o\u00a0<strong>FORMUL\u00c1RIO DE INSCRI\u00c7\u00c3O<\/strong>.\u00a0\u00a0Para submiss\u00e3o de artigos n\u00e3o \u00e9 necess\u00e1rio emitir o boleto da inscri\u00e7\u00e3o\u00a0\u00a0Informamos que os artigos cient\u00edficos aprovados no\u00a0<strong>CONBREPRO 2020 <\/strong>ser\u00e3o divulgados at\u00e9 o dia\u00a0<strong>09 de novembro de 2020<\/strong>.<\/p>\n<!-- \/wp:paragraph --><!-- wp:paragraph -->\n<p><strong>Observa\u00e7\u00e3o:\u00a0a op\u00e7\u00e3o de n\u00e3o apresenta\u00e7\u00e3o de artigo, ao marcar esta op\u00e7\u00e3o, automaticamente o artigo n\u00e3o constar\u00e1 na listagem de ensalamento (apresenta\u00e7\u00e3o de artigos)<\/strong>.<\/p>\n<!-- \/wp:paragraph --><!-- wp:paragraph {\"textColor\":\"very-dark-gray\"} -->\n<p class=\"has-text-color has-very-dark-gray-color\">3 &#8211;\u00a0Emitir\u00a0o\u00a0boleto para pagamento da inscri\u00e7\u00e3o.\u00a0<strong>Para garantir a publica\u00e7\u00e3o do(s) artigo(s) aprovado(s) nos anais o 1\u00ba \u00a0autor dever\u00e1 efetuar o pagamento da sua inscri\u00e7\u00e3o at\u00e9 o dia 27 de novembro de 2020. Ap\u00f3s esta data ser\u00e1 poss\u00edvel efetuar o pagamento at\u00e9 a data do evento com os valores ajustados, por\u00e9m n\u00e3o ter\u00e1 o(s) artigo(s) ensalado(s).<\/strong>\u00a0<\/p>\n<!-- \/wp:paragraph --><!-- wp:paragraph {\"textColor\":\"vivid-cyan-blue\"} -->\n<p class=\"has-text-color has-vivid-cyan-blue-color\"><span style=\"color: #0000ff;\"><strong>4 &#8211;\u00a0Em hip\u00f3tese alguma o valor da inscri\u00e7\u00e3o ser\u00e1 devolvida.<\/strong><\/span><\/p>\n<!-- \/wp:paragraph -->\t\t\t\t\t<\/div>\n\t\t\t\t\t\t<\/div>\n\t\t\t\t<\/div>\n\t\t\t\t\t\t<\/div>\n\t\t\t\t\t<\/div>\n\t\t<\/div>\n\t\t\t\t\t\t\t\t<\/div>\n\t\t\t\t\t<\/div>\n\t\t<\/section>\n\t\t\t\t\t\t\t\t\t<\/div>\n\t\t\t<\/div>\n\t\t\t\t\t<\/div>\n\t\t","protected":false},"excerpt":{"rendered":"<p>Facebook Inscri\u00e7\u00e3o para o\u00a0Evento Valores at\u00e9 27\/11\/2020 Valores ap\u00f3s 27\/11\/2020** 1. Estudante de Gradua\u00e7\u00e3o* \u00a0 \u00a0 1.1. Associado APREPRO R$ 150,00 R$ 200,00 1.2. N\u00e3o Associado APREPRO R$ 200,00 R$ 250,00 2. Professor, Profissional, Mestrando, Doutorando, etc \u00a0 \u00a0 2.1. Associado APREPRO R$ 200,00 R$ 250,00 2.2. N\u00e3o Associado APREPRO R$ 250,00 R$ 300,00 \u00a0 &hellip;<\/p>\n<p class=\"read-more\"> <a class=\"\" href=\"https:\/\/aprepro.org.br\/conbrepro\/2020\/inscricoes-valores\/\"> <span class=\"screen-reader-text\">Inscri\u00e7\u00f5es \/ Valores<\/span> Read More &raquo;<\/a><\/p>\n","protected":false},"author":1,"featured_media":0,"parent":0,"menu_order":0,"comment_status":"closed","ping_status":"closed","template":"","meta":{"_mi_skip_tracking":false},"_links":{"self":[{"href":"https:\/\/aprepro.org.br\/conbrepro\/2020\/wp-json\/wp\/v2\/pages\/25"}],"collection":[{"href":"https:\/\/aprepro.org.br\/conbrepro\/2020\/wp-json\/wp\/v2\/pages"}],"about":[{"href":"https:\/\/aprepro.org.br\/conbrepro\/2020\/wp-json\/wp\/v2\/types\/page"}],"author":[{"embeddable":true,"href":"https:\/\/aprepro.org.br\/conbrepro\/2020\/wp-json\/wp\/v2\/users\/1"}],"replies":[{"embeddable":true,"href":"https:\/\/aprepro.org.br\/conbrepro\/2020\/wp-json\/wp\/v2\/comments?post=25"}],"version-history":[{"count":34,"href":"https:\/\/aprepro.org.br\/conbrepro\/2020\/wp-json\/wp\/v2\/pages\/25\/revisions"}],"predecessor-version":[{"id":703,"href":"https:\/\/aprepro.org.br\/conbrepro\/2020\/wp-json\/wp\/v2\/pages\/25\/revisions\/703"}],"wp:attachment":[{"href":"https:\/\/aprepro.org.br\/conbrepro\/2020\/wp-json\/wp\/v2\/media?parent=25"}],"curies":[{"name":"wp","href":"https:\/\/api.w.org\/{rel}","templated":true}]}}