{"id":15,"date":"2019-06-27T11:13:12","date_gmt":"2019-06-27T11:13:12","guid":{"rendered":"https:\/\/aprepro.org.br\/conbrepro\/2020\/?page_id=15"},"modified":"2020-11-20T15:05:23","modified_gmt":"2020-11-20T15:05:23","slug":"submissao-de-trabalhos","status":"publish","type":"page","link":"https:\/\/aprepro.org.br\/conbrepro\/2020\/submissao-de-trabalhos\/","title":{"rendered":"Submiss\u00e3o de Trabalhos"},"content":{"rendered":"\t\t<div data-elementor-type=\"wp-page\" data-elementor-id=\"15\" class=\"elementor elementor-15\">\n\t\t\t\t\t\t<div class=\"elementor-inner\">\n\t\t\t\t<div class=\"elementor-section-wrap\">\n\t\t\t\t\t\t\t\t\t<header class=\"elementor-section elementor-top-section elementor-element elementor-element-4e790194 elementor-section-content-space-evenly elementor-section-boxed elementor-section-height-default elementor-section-height-default\" data-id=\"4e790194\" data-element_type=\"section\" data-settings=\"{&quot;background_background&quot;:&quot;classic&quot;,&quot;sticky&quot;:&quot;top&quot;,&quot;sticky_on&quot;:[&quot;desktop&quot;,&quot;tablet&quot;,&quot;mobile&quot;],&quot;sticky_offset&quot;:0,&quot;sticky_effects_offset&quot;:0}\">\n\t\t\t\t\t\t<div class=\"elementor-container elementor-column-gap-no\">\n\t\t\t\t\t\t\t<div class=\"elementor-row\">\n\t\t\t\t\t<div class=\"elementor-column elementor-col-25 elementor-top-column elementor-element elementor-element-1811dde8\" data-id=\"1811dde8\" data-element_type=\"column\">\n\t\t\t<div class=\"elementor-column-wrap elementor-element-populated\">\n\t\t\t\t\t\t\t<div class=\"elementor-widget-wrap\">\n\t\t\t\t\t\t<div class=\"elementor-element elementor-element-7d4a3401 elementor-invisible elementor-widget elementor-widget-image\" data-id=\"7d4a3401\" data-element_type=\"widget\" data-settings=\"{&quot;_animation&quot;:&quot;fadeIn&quot;}\" data-widget_type=\"image.default\">\n\t\t\t\t<div class=\"elementor-widget-container\">\n\t\t\t\t\t\t\t\t<div class=\"elementor-image\">\n\t\t\t\t\t\t\t\t\t\t\t\t\t<a href=\"https:\/\/aprepro.org.br\/conbrepro\/2020\">\n\t\t\t\t\t\t\t<img width=\"300\" height=\"50\" src=\"https:\/\/aprepro.org.br\/conbrepro\/2020\/wp-content\/uploads\/2019\/06\/logo_site-1.png\" class=\"attachment-large size-large\" alt=\"\" loading=\"lazy\" srcset=\"https:\/\/aprepro.org.br\/conbrepro\/2020\/wp-content\/uploads\/2019\/06\/logo_site-1.png 300w, https:\/\/aprepro.org.br\/conbrepro\/2020\/wp-content\/uploads\/2019\/06\/logo_site-1-250x42.png 250w\" sizes=\"(max-width: 300px) 100vw, 300px\" \/>\t\t\t\t\t\t\t\t<\/a>\n\t\t\t\t\t\t\t\t\t\t\t\t\t\t<\/div>\n\t\t\t\t\t\t<\/div>\n\t\t\t\t<\/div>\n\t\t\t\t\t\t<\/div>\n\t\t\t\t\t<\/div>\n\t\t<\/div>\n\t\t\t\t<div class=\"elementor-column elementor-col-50 elementor-top-column elementor-element elementor-element-24757fff\" data-id=\"24757fff\" data-element_type=\"column\">\n\t\t\t<div class=\"elementor-column-wrap elementor-element-populated\">\n\t\t\t\t\t\t\t<div class=\"elementor-widget-wrap\">\n\t\t\t\t\t\t<div class=\"elementor-element elementor-element-612a916c elementor-nav-menu__align-center elementor-nav-menu--stretch elementor-nav-menu--indicator-plus elementor-nav-menu__text-align-center elementor-nav-menu--dropdown-tablet elementor-nav-menu--toggle elementor-nav-menu--burger elementor-widget elementor-widget-nav-menu\" data-id=\"612a916c\" data-element_type=\"widget\" data-settings=\"{&quot;full_width&quot;:&quot;stretch&quot;,&quot;layout&quot;:&quot;horizontal&quot;,&quot;toggle&quot;:&quot;burger&quot;}\" data-widget_type=\"nav-menu.default\">\n\t\t\t\t<div class=\"elementor-widget-container\">\n\t\t\t\t\t\t<nav role=\"navigation\" class=\"elementor-nav-menu--main elementor-nav-menu__container elementor-nav-menu--layout-horizontal e--pointer-background e--animation-grow\"><ul id=\"menu-1-612a916c\" class=\"elementor-nav-menu\"><li class=\"menu-item menu-item-type-post_type menu-item-object-page menu-item-home menu-item-has-children menu-item-666\"><a href=\"https:\/\/aprepro.org.br\/conbrepro\/2020\/\" class=\"menu-link elementor-item\">Inicio<\/a>\n<ul class=\"sub-menu elementor-nav-menu--dropdown\">\n\t<li class=\"menu-item menu-item-type-post_type menu-item-object-page menu-item-17\"><a href=\"https:\/\/aprepro.org.br\/conbrepro\/2020\/sample-page\/\" class=\"menu-link elementor-sub-item\">O Evento<\/a><\/li>\n\t<li class=\"menu-item menu-item-type-post_type menu-item-object-page menu-item-70\"><a target=\"_blank\" rel=\"noopener\" href=\"https:\/\/aprepro.org.br\/conbrepro\/2020\/edicoes-anteriores\/\" class=\"menu-link elementor-sub-item\">Edi\u00e7\u00f5es Anteriores<\/a><\/li>\n\t<li class=\"menu-item menu-item-type-post_type menu-item-object-page menu-item-291\"><a href=\"https:\/\/aprepro.org.br\/conbrepro\/2020\/livros-publicados\/\" class=\"menu-link elementor-sub-item\">Livros publicados<\/a><\/li>\n\t<li class=\"menu-item menu-item-type-post_type menu-item-object-page menu-item-197\"><a href=\"https:\/\/aprepro.org.br\/conbrepro\/2020\/comite-executivo\/\" class=\"menu-link elementor-sub-item\">Comit\u00ea Executivo<\/a><\/li>\n\t<li class=\"menu-item menu-item-type-post_type menu-item-object-page menu-item-69\"><a href=\"https:\/\/aprepro.org.br\/conbrepro\/2020\/historico\/\" class=\"menu-link elementor-sub-item\">Hist\u00f3rico<\/a><\/li>\n<\/ul>\n<\/li>\n<li class=\"menu-item menu-item-type-post_type menu-item-object-page menu-item-has-children menu-item-19\"><a href=\"https:\/\/aprepro.org.br\/conbrepro\/2020\/submissao-de-trabalhos\/\" class=\"menu-link elementor-item\">Submiss\u00e3o de Trabalhos<\/a>\n<ul class=\"sub-menu elementor-nav-menu--dropdown\">\n\t<li class=\"menu-item menu-item-type-post_type menu-item-object-page menu-item-225\"><a href=\"https:\/\/aprepro.org.br\/conbrepro\/2020\/apresentacao-oral-modelo\/\" class=\"menu-link elementor-sub-item\">Apresenta\u00e7\u00e3o Oral \u2013 Modelo<\/a><\/li>\n\t<li class=\"menu-item menu-item-type-post_type menu-item-object-page menu-item-75\"><a target=\"_blank\" rel=\"noopener\" href=\"https:\/\/aprepro.org.br\/conbrepro\/2020\/modelo-de-artigo-cientifico\/\" class=\"menu-link elementor-sub-item\">Modelo de Artigo Cient\u00edfico<\/a><\/li>\n\t<li class=\"menu-item menu-item-type-post_type menu-item-object-page menu-item-107\"><a href=\"https:\/\/aprepro.org.br\/conbrepro\/2020\/inscricoes-valores\/\" class=\"menu-link elementor-sub-item\">Inscri\u00e7\u00f5es \/ Valores<\/a><\/li>\n\t<li class=\"menu-item menu-item-type-post_type menu-item-object-page menu-item-77\"><a target=\"_blank\" rel=\"noopener\" href=\"https:\/\/aprepro.org.br\/conbrepro\/2020\/datas-importantes\/\" class=\"menu-link elementor-sub-item\">Datas importantes<\/a><\/li>\n\t<li class=\"menu-item menu-item-type-post_type menu-item-object-page menu-item-79\"><a target=\"_blank\" rel=\"noopener\" href=\"https:\/\/aprepro.org.br\/conbrepro\/2020\/areas-tematicas\/\" class=\"menu-link elementor-sub-item\">\u00c1reas Tem\u00e1ticas<\/a><\/li>\n\t<li class=\"menu-item menu-item-type-post_type menu-item-object-page menu-item-76\"><a target=\"_blank\" rel=\"noopener\" href=\"https:\/\/aprepro.org.br\/conbrepro\/2020\/envio-do-artigo-cientifico\/\" class=\"menu-link elementor-sub-item\">Envio do Artigo Cient\u00edfico<\/a><\/li>\n\t<li class=\"menu-item menu-item-type-post_type menu-item-object-page menu-item-73\"><a target=\"_blank\" rel=\"noopener\" href=\"https:\/\/aprepro.org.br\/conbrepro\/2020\/julgamento-de-artigo\/\" class=\"menu-link elementor-sub-item\">Julgamento de Artigo<\/a><\/li>\n\t<li class=\"menu-item menu-item-type-post_type menu-item-object-page menu-item-72\"><a target=\"_blank\" rel=\"noopener\" href=\"https:\/\/aprepro.org.br\/conbrepro\/2020\/informacoes-gerais\/\" class=\"menu-link elementor-sub-item\">Informa\u00e7\u00f5es Gerais<\/a><\/li>\n\t<li class=\"menu-item menu-item-type-post_type menu-item-object-page menu-item-180\"><a href=\"https:\/\/aprepro.org.br\/conbrepro\/2020\/seja-um-avaliadora\/\" class=\"menu-link elementor-sub-item\">Seja avaliador<\/a><\/li>\n<\/ul>\n<\/li>\n<li class=\"menu-item menu-item-type-post_type menu-item-object-page menu-item-has-children menu-item-66\"><a target=\"_blank\" rel=\"noopener\" href=\"https:\/\/aprepro.org.br\/conbrepro\/2020\/aprepro-2\/\" class=\"menu-link elementor-item\">APREPRO<\/a>\n<ul class=\"sub-menu elementor-nav-menu--dropdown\">\n\t<li class=\"menu-item menu-item-type-custom menu-item-object-custom menu-item-147\"><a href=\"https:\/\/aprepro.org.br\/portal\/cadastro-de-associados-aprepro\/\" class=\"menu-link elementor-sub-item\">ASSOCIE-SE<\/a><\/li>\n\t<li class=\"menu-item menu-item-type-custom menu-item-object-custom menu-item-420\"><a href=\"https:\/\/aprepro.org.br\/conbrepro\/2020\/faq\/\" class=\"menu-link elementor-sub-item\">Contato<\/a><\/li>\n\t<li class=\"menu-item menu-item-type-post_type menu-item-object-page menu-item-92\"><a href=\"https:\/\/aprepro.org.br\/conbrepro\/2020\/facebook\/\" class=\"menu-link elementor-sub-item\">Facebook<\/a><\/li>\n\t<li class=\"menu-item menu-item-type-post_type menu-item-object-page menu-item-404\"><a href=\"https:\/\/aprepro.org.br\/conbrepro\/2020\/termos-de-uso\/\" class=\"menu-link elementor-sub-item\">Termos de Uso<\/a><\/li>\n\t<li class=\"menu-item menu-item-type-post_type menu-item-object-page menu-item-403\"><a href=\"https:\/\/aprepro.org.br\/conbrepro\/2020\/politica-privacidade\/\" class=\"menu-link elementor-sub-item\">Pol\u00edtica Privacidade<\/a><\/li>\n<\/ul>\n<\/li>\n<li class=\"menu-item menu-item-type-post_type menu-item-object-page menu-item-413\"><a href=\"https:\/\/aprepro.org.br\/conbrepro\/2020\/faq\/\" class=\"menu-link elementor-item\">FAQ<\/a><\/li>\n<li class=\"menu-item menu-item-type-custom menu-item-object-custom menu-item-135\"><a href=\"https:\/\/inscricao.aprepro.org.br\/index.php\/auth\/eventologin\/2\" class=\"menu-link elementor-item\">LOGIN<\/a><\/li>\n<\/ul><\/nav>\n\t\t\t\t\t<div class=\"elementor-menu-toggle\" role=\"button\" tabindex=\"0\" aria-label=\"Menu Toggle\" aria-expanded=\"false\">\n\t\t\t<i class=\"eicon-menu-bar\" aria-hidden=\"true\"><\/i>\n\t\t\t<span class=\"elementor-screen-only\">Menu<\/span>\n\t\t<\/div>\n\t\t\t<nav class=\"elementor-nav-menu--dropdown elementor-nav-menu__container\" role=\"navigation\" aria-hidden=\"true\"><ul id=\"menu-2-612a916c\" class=\"elementor-nav-menu\"><li class=\"menu-item menu-item-type-post_type menu-item-object-page menu-item-home menu-item-has-children menu-item-666\"><a href=\"https:\/\/aprepro.org.br\/conbrepro\/2020\/\" class=\"menu-link elementor-item\">Inicio<\/a>\n<ul class=\"sub-menu elementor-nav-menu--dropdown\">\n\t<li class=\"menu-item menu-item-type-post_type menu-item-object-page menu-item-17\"><a href=\"https:\/\/aprepro.org.br\/conbrepro\/2020\/sample-page\/\" class=\"menu-link elementor-sub-item\">O Evento<\/a><\/li>\n\t<li class=\"menu-item menu-item-type-post_type menu-item-object-page menu-item-70\"><a target=\"_blank\" rel=\"noopener\" href=\"https:\/\/aprepro.org.br\/conbrepro\/2020\/edicoes-anteriores\/\" class=\"menu-link elementor-sub-item\">Edi\u00e7\u00f5es Anteriores<\/a><\/li>\n\t<li class=\"menu-item menu-item-type-post_type menu-item-object-page menu-item-291\"><a href=\"https:\/\/aprepro.org.br\/conbrepro\/2020\/livros-publicados\/\" class=\"menu-link elementor-sub-item\">Livros publicados<\/a><\/li>\n\t<li class=\"menu-item menu-item-type-post_type menu-item-object-page menu-item-197\"><a href=\"https:\/\/aprepro.org.br\/conbrepro\/2020\/comite-executivo\/\" class=\"menu-link elementor-sub-item\">Comit\u00ea Executivo<\/a><\/li>\n\t<li class=\"menu-item menu-item-type-post_type menu-item-object-page menu-item-69\"><a href=\"https:\/\/aprepro.org.br\/conbrepro\/2020\/historico\/\" class=\"menu-link elementor-sub-item\">Hist\u00f3rico<\/a><\/li>\n<\/ul>\n<\/li>\n<li class=\"menu-item menu-item-type-post_type menu-item-object-page menu-item-has-children menu-item-19\"><a href=\"https:\/\/aprepro.org.br\/conbrepro\/2020\/submissao-de-trabalhos\/\" class=\"menu-link elementor-item\">Submiss\u00e3o de Trabalhos<\/a>\n<ul class=\"sub-menu elementor-nav-menu--dropdown\">\n\t<li class=\"menu-item menu-item-type-post_type menu-item-object-page menu-item-225\"><a href=\"https:\/\/aprepro.org.br\/conbrepro\/2020\/apresentacao-oral-modelo\/\" class=\"menu-link elementor-sub-item\">Apresenta\u00e7\u00e3o Oral \u2013 Modelo<\/a><\/li>\n\t<li class=\"menu-item menu-item-type-post_type menu-item-object-page menu-item-75\"><a target=\"_blank\" rel=\"noopener\" href=\"https:\/\/aprepro.org.br\/conbrepro\/2020\/modelo-de-artigo-cientifico\/\" class=\"menu-link elementor-sub-item\">Modelo de Artigo Cient\u00edfico<\/a><\/li>\n\t<li class=\"menu-item menu-item-type-post_type menu-item-object-page menu-item-107\"><a href=\"https:\/\/aprepro.org.br\/conbrepro\/2020\/inscricoes-valores\/\" class=\"menu-link elementor-sub-item\">Inscri\u00e7\u00f5es \/ Valores<\/a><\/li>\n\t<li class=\"menu-item menu-item-type-post_type menu-item-object-page menu-item-77\"><a target=\"_blank\" rel=\"noopener\" href=\"https:\/\/aprepro.org.br\/conbrepro\/2020\/datas-importantes\/\" class=\"menu-link elementor-sub-item\">Datas importantes<\/a><\/li>\n\t<li class=\"menu-item menu-item-type-post_type menu-item-object-page menu-item-79\"><a target=\"_blank\" rel=\"noopener\" href=\"https:\/\/aprepro.org.br\/conbrepro\/2020\/areas-tematicas\/\" class=\"menu-link elementor-sub-item\">\u00c1reas Tem\u00e1ticas<\/a><\/li>\n\t<li class=\"menu-item menu-item-type-post_type menu-item-object-page menu-item-76\"><a target=\"_blank\" rel=\"noopener\" href=\"https:\/\/aprepro.org.br\/conbrepro\/2020\/envio-do-artigo-cientifico\/\" class=\"menu-link elementor-sub-item\">Envio do Artigo Cient\u00edfico<\/a><\/li>\n\t<li class=\"menu-item menu-item-type-post_type menu-item-object-page menu-item-73\"><a target=\"_blank\" rel=\"noopener\" href=\"https:\/\/aprepro.org.br\/conbrepro\/2020\/julgamento-de-artigo\/\" class=\"menu-link elementor-sub-item\">Julgamento de Artigo<\/a><\/li>\n\t<li class=\"menu-item menu-item-type-post_type menu-item-object-page menu-item-72\"><a target=\"_blank\" rel=\"noopener\" href=\"https:\/\/aprepro.org.br\/conbrepro\/2020\/informacoes-gerais\/\" class=\"menu-link elementor-sub-item\">Informa\u00e7\u00f5es Gerais<\/a><\/li>\n\t<li class=\"menu-item menu-item-type-post_type menu-item-object-page menu-item-180\"><a href=\"https:\/\/aprepro.org.br\/conbrepro\/2020\/seja-um-avaliadora\/\" class=\"menu-link elementor-sub-item\">Seja avaliador<\/a><\/li>\n<\/ul>\n<\/li>\n<li class=\"menu-item menu-item-type-post_type menu-item-object-page menu-item-has-children menu-item-66\"><a target=\"_blank\" rel=\"noopener\" href=\"https:\/\/aprepro.org.br\/conbrepro\/2020\/aprepro-2\/\" class=\"menu-link elementor-item\">APREPRO<\/a>\n<ul class=\"sub-menu elementor-nav-menu--dropdown\">\n\t<li class=\"menu-item menu-item-type-custom menu-item-object-custom menu-item-147\"><a href=\"https:\/\/aprepro.org.br\/portal\/cadastro-de-associados-aprepro\/\" class=\"menu-link elementor-sub-item\">ASSOCIE-SE<\/a><\/li>\n\t<li class=\"menu-item menu-item-type-custom menu-item-object-custom menu-item-420\"><a href=\"https:\/\/aprepro.org.br\/conbrepro\/2020\/faq\/\" class=\"menu-link elementor-sub-item\">Contato<\/a><\/li>\n\t<li class=\"menu-item menu-item-type-post_type menu-item-object-page menu-item-92\"><a href=\"https:\/\/aprepro.org.br\/conbrepro\/2020\/facebook\/\" class=\"menu-link elementor-sub-item\">Facebook<\/a><\/li>\n\t<li class=\"menu-item menu-item-type-post_type menu-item-object-page menu-item-404\"><a href=\"https:\/\/aprepro.org.br\/conbrepro\/2020\/termos-de-uso\/\" class=\"menu-link elementor-sub-item\">Termos de Uso<\/a><\/li>\n\t<li class=\"menu-item menu-item-type-post_type menu-item-object-page menu-item-403\"><a href=\"https:\/\/aprepro.org.br\/conbrepro\/2020\/politica-privacidade\/\" class=\"menu-link elementor-sub-item\">Pol\u00edtica Privacidade<\/a><\/li>\n<\/ul>\n<\/li>\n<li class=\"menu-item menu-item-type-post_type menu-item-object-page menu-item-413\"><a href=\"https:\/\/aprepro.org.br\/conbrepro\/2020\/faq\/\" class=\"menu-link elementor-item\">FAQ<\/a><\/li>\n<li class=\"menu-item menu-item-type-custom menu-item-object-custom menu-item-135\"><a href=\"https:\/\/inscricao.aprepro.org.br\/index.php\/auth\/eventologin\/2\" class=\"menu-link elementor-item\">LOGIN<\/a><\/li>\n<\/ul><\/nav>\n\t\t\t\t<\/div>\n\t\t\t\t<\/div>\n\t\t\t\t\t\t<\/div>\n\t\t\t\t\t<\/div>\n\t\t<\/div>\n\t\t\t\t<div class=\"elementor-column elementor-col-25 elementor-top-column elementor-element elementor-element-142bf81d\" data-id=\"142bf81d\" data-element_type=\"column\">\n\t\t\t<div class=\"elementor-column-wrap elementor-element-populated\">\n\t\t\t\t\t\t\t<div class=\"elementor-widget-wrap\">\n\t\t\t\t\t\t<div class=\"elementor-element elementor-element-28642c2b elementor-widget elementor-widget-heading\" data-id=\"28642c2b\" data-element_type=\"widget\" data-widget_type=\"heading.default\">\n\t\t\t\t<div class=\"elementor-widget-container\">\n\t\t\t<h2 class=\"elementor-heading-title elementor-size-default\">ISSN: 2237-6143<\/h2>\t\t<\/div>\n\t\t\t\t<\/div>\n\t\t\t\t\t\t<\/div>\n\t\t\t\t\t<\/div>\n\t\t<\/div>\n\t\t\t\t\t\t\t\t<\/div>\n\t\t\t\t\t<\/div>\n\t\t<\/header>\n\t\t\t\t<section class=\"elementor-section elementor-top-section elementor-element elementor-element-54b94549 elementor-section-boxed elementor-section-height-default elementor-section-height-default\" data-id=\"54b94549\" data-element_type=\"section\">\n\t\t\t\t\t\t<div class=\"elementor-container elementor-column-gap-default\">\n\t\t\t\t\t\t\t<div class=\"elementor-row\">\n\t\t\t\t\t<div class=\"elementor-column elementor-col-100 elementor-top-column elementor-element elementor-element-4877d665\" data-id=\"4877d665\" data-element_type=\"column\">\n\t\t\t<div class=\"elementor-column-wrap elementor-element-populated\">\n\t\t\t\t\t\t\t<div class=\"elementor-widget-wrap\">\n\t\t\t\t\t\t<div class=\"elementor-element elementor-element-264731d7 elementor-widget elementor-widget-text-editor\" data-id=\"264731d7\" data-element_type=\"widget\" data-widget_type=\"text-editor.default\">\n\t\t\t\t<div class=\"elementor-widget-container\">\n\t\t\t\t\t\t\t\t<div class=\"elementor-text-editor elementor-clearfix\">\n\t\t\t\t<!-- wp:image {\"id\":127,\"align\":\"center\",\"width\":268,\"height\":134,\"linkDestination\":\"custom\"} -->\r\n<div class=\"wp-block-image\">\r\n<figure class=\"aligncenter is-resized\"><a href=\"https:\/\/inscricao.aprepro.org.br\/index.php\/auth\/eventologin\/2\"><img loading=\"lazy\" class=\"wp-image-127\" src=\"https:\/\/aprepro.org.br\/conbrepro\/2020\/wp-content\/uploads\/2019\/06\/1.png\" alt=\"\" width=\"268\" height=\"134\" srcset=\"https:\/\/aprepro.org.br\/conbrepro\/2020\/wp-content\/uploads\/2019\/06\/1.png 268w, https:\/\/aprepro.org.br\/conbrepro\/2020\/wp-content\/uploads\/2019\/06\/1-250x125.png 250w\" sizes=\"(max-width: 268px) 100vw, 268px\" \/><\/a>\r\n<figcaption><strong><a href=\"https:\/\/inscricao.aprepro.org.br\/index.php\/auth\/eventologin\/2\">Clique aqui para acessar o sistema de inscri\u00e7\u00e3o<\/a><\/strong><\/figcaption>\r\n<\/figure>\r\n<\/div>\r\n<!-- \/wp:image -->\r\n\r\n<!-- wp:paragraph {\"align\":\"center\",\"textColor\":\"very-dark-gray\",\"backgroundColor\":\"luminous-vivid-amber\",\"fontSize\":\"medium\"} -->\r\n<p class=\"has-text-color has-background has-medium-font-size has-very-dark-gray-color has-luminous-vivid-amber-background-color\" style=\"text-align: center;\"><strong><a href=\"https:\/\/aprepro.org.br\/conbrepro\/2020\/wp-content\/uploads\/2020\/08\/TUTORIAL-DE-INSCRI\u00c7\u00c3O-CONBREPRO.pdf\">TUTORIAL PARA SE INSCREVER (CLIQUE AQUI)<\/a><\/strong><\/p>\r\n<!-- \/wp:paragraph -->\r\n\r\n<!-- wp:paragraph {\"align\":\"center\",\"textColor\":\"very-dark-gray\",\"customBackgroundColor\":\"#8df7f4\",\"fontSize\":\"medium\"} -->\r\n<p class=\"has-text-color has-background has-medium-font-size has-very-dark-gray-color\" style=\"background-color: #8df7f4; text-align: center;\"><strong><a href=\"https:\/\/aprepro.org.br\/conbrepro\/2020\/wp-content\/uploads\/2020\/08\/TUTORIAL_SUBMISSAO_CONBREPRO_2020.pdf\">TUTORIAL PARA SUBMETER TRABALHOS (CLIQUE AQUI)<\/a><\/strong><\/p>\r\n<!-- \/wp:paragraph -->\r\n\r\n<!-- wp:paragraph -->\r\n<p><strong>INSTRU\u00c7\u00d5ES:<br \/>N\u00e3o haver\u00e1 a cobran\u00e7a da taxa de submiss\u00e3o de artigos, o envio \u00e9 gratuito; <\/strong><\/p>\r\n<!-- \/wp:paragraph -->\r\n\r\n<!-- wp:paragraph -->\r\n<p><strong>&#8211; O primeiro autor do artigo \u00e9 quem envia o arquivo para avalia\u00e7\u00e3o;<br \/><\/strong>&#8211; O artigo dever\u00e1 ser enviado no formato &#8220;.pdf&#8221;, no m\u00e1ximo com 2 Mb; <br \/>&#8211; O artigo deve conter no m\u00ednimo 9 p\u00e1ginas e no m\u00e1ximo 12 p\u00e1ginas respeitando as regras de formata\u00e7\u00e3o dispon\u00edveis no modelo de artigo, sob pena de ser desconsiderado (n\u00e3o avaliado);<br \/>&#8211; O artigo dever\u00e1 ter no m\u00e1ximo 5 autores;<br \/>&#8211; N\u00e3o ser\u00e1 permitida a inclus\u00e3o de autores, em hip\u00f3tese alguma, ap\u00f3s o encerramento do processo de submiss\u00e3o e iniciado o processo de avalia\u00e7\u00e3o dos artigos;<br \/>&#8211; A submiss\u00e3o dos trabalhos exclusivamente pela internet, impreterivelmente at\u00e9 \u00e0s 23:59 (hor\u00e1rio oficial de Bras\u00edlia), do dia 27 de setembro de 2020.\u00a0<br \/>&#8211; O enquadramento do artigo em uma das \u00c1reas e sub-\u00e1reas do CONBREPRO;<br \/>&#8211; O ineditismo do artigo para fins de publica\u00e7\u00e3o nos anais. A responsabilidade sobre originalidade \u00e9 exclusivamente dos autores.<br \/>&#8211; N\u00e3o h\u00e1 limite para o n\u00famero de artigos a serem enviados;<br \/>&#8211; Os artigos ser\u00e3o avaliados pelo Comit\u00ea Cient\u00edfico.<\/p>\r\n<!-- \/wp:paragraph -->\r\n\r\n<!-- wp:paragraph -->\r\n<p><strong>Para a submiss\u00e3o do artigo s\u00e3o solicitadas as seguintes informa\u00e7\u00f5es:<\/strong><\/p>\r\n<!-- \/wp:paragraph -->\r\n\r\n<!-- wp:list -->\r\n<ul>\r\n<li>T\u00edtulo do trabalho;<\/li>\r\n<li>Resumo;<\/li>\r\n<li>\u00c1rea tem\u00e1tica de avalia\u00e7\u00e3o;<\/li>\r\n<li>Dois documentos no formato *. pdf do artigo: um com os nomes dos autores e outro sem os nomes dos autores (ambos os documentos com no m\u00e1ximo 2 Mb)<\/li>\r\n<li>N\u00famero de co-autores <strong>(m\u00e1ximo 4)<\/strong>;<\/li>\r\n<li>E-mail, nome completo e CPF do(s) co-autore(s).<\/li>\r\n<\/ul>\r\n<!-- \/wp:list -->\t\t\t\t\t<\/div>\n\t\t\t\t\t\t<\/div>\n\t\t\t\t<\/div>\n\t\t\t\t\t\t<\/div>\n\t\t\t\t\t<\/div>\n\t\t<\/div>\n\t\t\t\t\t\t\t\t<\/div>\n\t\t\t\t\t<\/div>\n\t\t<\/section>\n\t\t\t\t\t\t\t\t\t<\/div>\n\t\t\t<\/div>\n\t\t\t\t\t<\/div>\n\t\t","protected":false},"excerpt":{"rendered":"<p>ISSN: 2237-6143 TUTORIAL PARA SE INSCREVER (CLIQUE AQUI) TUTORIAL PARA SUBMETER TRABALHOS (CLIQUE AQUI) INSTRU\u00c7\u00d5ES:N\u00e3o haver\u00e1 a cobran\u00e7a da taxa de submiss\u00e3o de artigos, o envio \u00e9 gratuito; &#8211; O primeiro autor do artigo \u00e9 quem envia o arquivo para avalia\u00e7\u00e3o;&#8211; O artigo dever\u00e1 ser enviado no formato &#8220;.pdf&#8221;, no m\u00e1ximo com 2 Mb; &#8211; &hellip;<\/p>\n<p class=\"read-more\"> <a class=\"\" href=\"https:\/\/aprepro.org.br\/conbrepro\/2020\/submissao-de-trabalhos\/\"> <span class=\"screen-reader-text\">Submiss\u00e3o de Trabalhos<\/span> Read More &raquo;<\/a><\/p>\n","protected":false},"author":1,"featured_media":0,"parent":0,"menu_order":0,"comment_status":"closed","ping_status":"closed","template":"","meta":{"_mi_skip_tracking":false},"_links":{"self":[{"href":"https:\/\/aprepro.org.br\/conbrepro\/2020\/wp-json\/wp\/v2\/pages\/15"}],"collection":[{"href":"https:\/\/aprepro.org.br\/conbrepro\/2020\/wp-json\/wp\/v2\/pages"}],"about":[{"href":"https:\/\/aprepro.org.br\/conbrepro\/2020\/wp-json\/wp\/v2\/types\/page"}],"author":[{"embeddable":true,"href":"https:\/\/aprepro.org.br\/conbrepro\/2020\/wp-json\/wp\/v2\/users\/1"}],"replies":[{"embeddable":true,"href":"https:\/\/aprepro.org.br\/conbrepro\/2020\/wp-json\/wp\/v2\/comments?post=15"}],"version-history":[{"count":16,"href":"https:\/\/aprepro.org.br\/conbrepro\/2020\/wp-json\/wp\/v2\/pages\/15\/revisions"}],"predecessor-version":[{"id":980,"href":"https:\/\/aprepro.org.br\/conbrepro\/2020\/wp-json\/wp\/v2\/pages\/15\/revisions\/980"}],"wp:attachment":[{"href":"https:\/\/aprepro.org.br\/conbrepro\/2020\/wp-json\/wp\/v2\/media?parent=15"}],"curies":[{"name":"wp","href":"https:\/\/api.w.org\/{rel}","templated":true}]}}