{"id":55,"date":"2019-06-28T11:26:32","date_gmt":"2019-06-28T11:26:32","guid":{"rendered":"https:\/\/aprepro.org.br\/conbrepro\/2019\/?page_id=55"},"modified":"2019-06-28T11:26:32","modified_gmt":"2019-06-28T11:26:32","slug":"historico","status":"publish","type":"page","link":"https:\/\/aprepro.org.br\/conbrepro\/2019\/historico\/","title":{"rendered":"Hist\u00f3rico"},"content":{"rendered":"\n<p>I Congresso Brasileiro de Engenharia de Produ\u00e7\u00e3o \u2013 CONBREPRO 2011 \u2013 &#8220;Inova\u00e7\u00e3o e Tecnologia nas Engenharias&#8221;. O evento aconteceu em 30 de novembro, 01 e 02 de dezembro de 2011 na Universidade Tecnol\u00f3gica Federal do Paran\u00e1 \u2013 C\u00e2mpus Ponta Grossa \u2013 UTFPR-PG.<br>\nPrincipais resultados do CONBREPRO 2011:  <br>\nPerfil Acad\u00eamico e\/ou Profissional dos Participantes: Docentes, pesquisadores, estudantes de gradua\u00e7\u00e3o e p\u00f3s-gradua\u00e7\u00e3o, profissionais com atua\u00e7\u00e3o em Engenharia de Produ\u00e7\u00e3o e \u00e1reas afins.<\/p>\n\n\n\n<ul><li>N\u00famero total de Participantes: 195 (Locais: 121; outros munic\u00edpios\/estados: 74; De outros pa\u00edses: 01).<br>\nTemas Relevantes abordados: As palestras abordaram temas sobre: a Engenharia de Produ\u00e7\u00e3o no Estado do Paran\u00e1; O Centro de Inova\u00e7\u00e3o e a experi\u00eancia em Transfer\u00eancia de Tecnologia na UTC-Fran\u00e7a e Propriedade Intelectual.<br>\nOs artigos cient\u00edficos abordaram temas nas engenharias e \u00e1reas afins. O CONBREPRO 2011 recebeu 330 artigos em diversas sess\u00f5es tem\u00e1ticas. Os artigos aprovados foram apresentados de forma oral, de acordo com as normas do evento e avaliados por uma comiss\u00e3o espec\u00edfica.  Quantidade de artigos aprovados: 190 artigos; Quantidade de artigos apresentados: 159 artigos.<\/li><\/ul>\n\n\n\n<p>II Congresso Brasileiro de Engenharia de Produ\u00e7\u00e3o \u2013 CONBREPRO 2012 \u2013 &#8220;Gest\u00e3o do Conhecimento nas Engenharias&#8221;. O evento aconteceu de 28 a 30 de novembro de 2012 na Universidade Tecnol\u00f3gica Federal do Paran\u00e1 \u2013 C\u00e2mpus Ponta Grossa \u2013 UTFPR-PG.<br>\nPrincipais resultados do CONBREPRO 2012: <\/p>\n\n\n\n<ul><li>N\u00famero total de Inscritos: 331 \u2013 Numero total de Participantes: 211  (Locais: 80; outros munic\u00edpios\/estados: 128; De outros pa\u00edses: 3).<\/li><li>Total de 349 Artigos Cient\u00edficos recebidos e 249 aprovados, estes de Institui\u00e7\u00f5es de Ci\u00eancia e Tecnologia e empresas privadas, como: PUC &#8211; Pontificia Universidade Cat\u00f3lica Do Paran\u00e1; UEM &#8211; Universidade Estadual De Maringa; UEPG &#8211; Universidade Estadual De Ponta Grossa; ACIPG &#8211; Associacao Comercial E Empresarial De Ponta Grossa; UERJ &#8211; Universidade Do Estado Do Rio De Janeiro; UFAM &#8211; Universidade Federal Do Amazonas; UFPA &#8211; Universidade Federal Do Par\u00e1; UFRN &#8211; Universidade Federal Do Rio Grande Do Norte; UFSC &#8211; Universidade Federal De Santa Catarina; UNICENTRO &#8211; Universidade Estadual Do Centro Oeste; UNIFEI &#8211; Universidade Federal De Itajub\u00e1 ; Centro Universitario Franciscano Unifra; UNINOVE &#8211; Universidade Nove De Julho; UNIOESTE &#8211; Universidade Estadual Do Oeste Do Parana;  UNIP &#8211; Universidade Paulista; UNIPAR &#8211; Universidade Paranaense; Centro Universit\u00e1rio De Araraquara; Centro Universit\u00e1rio Herm\u00ednio Ometto; CESCAGE &#8211; Centro De Ensino Superior Dos Campos Gerais, Faculdade De Jaguari\u00fana; Sadia; Senai.<\/li><\/ul>\n\n\n\n<p>III Congresso Brasileiro de Engenharia de Produ\u00e7\u00e3o \u2013 CONBREPRO 2013 \u2013 &#8220;O Setor Automativo nas Engenharias&#8221;. O evento aconteceu de 04 a 06 de Dezembro de 2013 na Universidade Tecnol\u00f3gica Federal do Paran\u00e1 \u2013 C\u00e2mpus Ponta Grossa \u2013 UTFPR-PG.<br>\nPrincipais resultados do CONBREPRO 2013: <\/p>\n\n\n\n<ul><li>N\u00famero total de Inscritos: 562 \u2013 Numero total de Participantes: 383  (Locais: 202; outros munic\u00edpios\/estados: 177; De outros pa\u00edses: 4).<\/li><li>Total de 321 Artigos Cient\u00edficos recebidos e 212 aprovados.<\/li><\/ul>\n\n\n\n<p>IV Congresso Brasileiro de Engenharia de Produ\u00e7\u00e3o \u2013 CONBREPRO 2014 \u2013 &#8220;As Engenharias na Ind\u00fastria de Embalagens&#8221;. O evento aconteceu de 03 a 05 de Dezembro de 2014 na Universidade Tecnol\u00f3gica Federal do Paran\u00e1 \u2013 C\u00e2mpus Ponta Grossa \u2013 UTFPR-PG.<br>\nPrincipais resultados do CONBREPRO 2014: <\/p>\n\n\n\n<ul><li>N\u00famero total de Inscritos: 908 \u2013 Numero total de Participantes: 466  (Locais: 119; outros munic\u00edpios\/estados: 347.<\/li><li>Total de 466 Artigos Cient\u00edficos recebidos e 330 aprovados.<\/li><\/ul>\n\n\n\n<p>V Congresso Brasileiro de Engenharia de Produ\u00e7\u00e3o \u2013 CONBREPRO 2015 \u2013 &#8220;Engenharias para Sustentabilidade Industrial&#8221;. O evento aconteceu de 02 a 04 de Dezembro de 2015 na Universidade Tecnol\u00f3gica Federal do Paran\u00e1 \u2013 C\u00e2mpus Ponta Grossa \u2013 UTFPR-PG.<br>\nPrincipais resultados do CONBREPRO 2015: <\/p>\n\n\n\n<ul><li>N\u00famero total de Inscritos: 1.536 \u2013 Numero total de Participantes: 415  (Locais: 169 e 246 de outros munic\u00edpios\/estados.<\/li><li>Total de 768 Artigos Cient\u00edficos recebidos e 454 aprovados.<\/li><\/ul>\n\n\n\n<p>VI Congresso Brasileiro de Engenharia de Produ\u00e7\u00e3o \u2013 CONBREPRO 2016 \u2013 &#8220;Engenharia de Desenvolvimento de Produto&#8221;. O evento aconteceu de 30 de Novembro a 02 de Dezembro de 2016 na Universidade Tecnol\u00f3gica Federal do Paran\u00e1 \u2013 C\u00e2mpus Ponta Grossa \u2013 UTFPR-PG.<\/p>\n\n\n\n<p>Principais resultados do CONBREPRO 2016: <\/p>\n\n\n\n<ul><li>N\u00famero total de Inscritos: 1966 \u2013 Numero total de Participantes: 532  (Locais: 195 e 337 de outros munic\u00edpios\/estados.<\/li><li>Total de 1.089 artigos cient\u00edficos recebidos e 677 aprovados.<\/li><\/ul>\n\n\n\n<p>VII Congresso Brasileiro de Engenharia de Produ\u00e7\u00e3o \u2013 CONBREPRO 2017 \u2013 &#8220;Engenharia na Ind\u00fastria Aliment\u00edcia&#8221;. O evento aconteceu de 06 a 08 de Dezembro de 2017 na Universidade Tecnol\u00f3gica Federal do Paran\u00e1 \u2013 C\u00e2mpus Ponta Grossa \u2013 UTFPR-PG.<\/p>\n\n\n\n<p>Principais resultados do CONBREPRO 2016: <\/p>\n\n\n\n<ul><li>N\u00famero total de Inscritos: 2333 \u2013 Numero total de Participantes: 708  (Locais: 197 e 511 de outros munic\u00edpios\/estados.<\/li><li>Total de 1.199 artigos cient\u00edficos recebidos e 998 aprovados.<\/li><\/ul>\n","protected":false},"excerpt":{"rendered":"<p>I Congresso Brasileiro de Engenharia de Produ\u00e7\u00e3o \u2013 CONBREPRO 2011 \u2013 &#8220;Inova\u00e7\u00e3o e Tecnologia nas Engenharias&#8221;. O evento aconteceu em 30 de novembro, 01 e 02 de dezembro de 2011 na Universidade Tecnol\u00f3gica Federal do Paran\u00e1 \u2013 C\u00e2mpus Ponta Grossa \u2013 UTFPR-PG. Principais resultados do CONBREPRO 2011: Perfil Acad\u00eamico e\/ou Profissional dos Participantes: Docentes, pesquisadores, [&hellip;]<\/p>\n","protected":false},"author":1,"featured_media":0,"parent":0,"menu_order":0,"comment_status":"closed","ping_status":"closed","template":"","meta":{"_mi_skip_tracking":false},"_links":{"self":[{"href":"https:\/\/aprepro.org.br\/conbrepro\/2019\/wp-json\/wp\/v2\/pages\/55"}],"collection":[{"href":"https:\/\/aprepro.org.br\/conbrepro\/2019\/wp-json\/wp\/v2\/pages"}],"about":[{"href":"https:\/\/aprepro.org.br\/conbrepro\/2019\/wp-json\/wp\/v2\/types\/page"}],"author":[{"embeddable":true,"href":"https:\/\/aprepro.org.br\/conbrepro\/2019\/wp-json\/wp\/v2\/users\/1"}],"replies":[{"embeddable":true,"href":"https:\/\/aprepro.org.br\/conbrepro\/2019\/wp-json\/wp\/v2\/comments?post=55"}],"version-history":[{"count":1,"href":"https:\/\/aprepro.org.br\/conbrepro\/2019\/wp-json\/wp\/v2\/pages\/55\/revisions"}],"predecessor-version":[{"id":58,"href":"https:\/\/aprepro.org.br\/conbrepro\/2019\/wp-json\/wp\/v2\/pages\/55\/revisions\/58"}],"wp:attachment":[{"href":"https:\/\/aprepro.org.br\/conbrepro\/2019\/wp-json\/wp\/v2\/media?parent=55"}],"curies":[{"name":"wp","href":"https:\/\/api.w.org\/{rel}","templated":true}]}}