{"id":49,"date":"2019-06-28T11:25:30","date_gmt":"2019-06-28T11:25:30","guid":{"rendered":"https:\/\/aprepro.org.br\/conbrepro\/2019\/?page_id=49"},"modified":"2019-06-28T11:25:30","modified_gmt":"2019-06-28T11:25:30","slug":"a-cidade","status":"publish","type":"page","link":"https:\/\/aprepro.org.br\/conbrepro\/2019\/a-cidade\/","title":{"rendered":"A cidade"},"content":{"rendered":"\n<h1 id=\"page-title\">Ponta Grossa<\/h1>\n\n\n\n<p>&nbsp;A Cidade&nbsp;<\/p>\n\n\n\n<figure class=\"wp-block-image\"><img src=\"https:\/\/aprepro.org.br\/conbrepro\/2013\/img_editor\/a_cidade.jpg\" alt=\"\"\/><\/figure>\n\n\n\n<p>&nbsp;&nbsp;Informa\u00e7\u00f5es:&nbsp;<a href=\"http:\/\/www.pontagrossa.pr.gov.br\/acidade\" target=\"_blank\" rel=\"noreferrer noopener\">Prefeitura Municipal de Ponta Grossa<\/a>&nbsp;&nbsp;Meios de Acesso ao Munic\u00edpio &#8211;&nbsp;RODOVIAS&nbsp;Rodovia BR 376 &#8211; Rodovia do Caf\u00e9 &#8211; Art\u00e9ria vital do Estado, \u00e9 a liga\u00e7\u00e3o do Porto de Paranagu\u00e1 ao Norte e Noroeste paranaense, assim como ligando o Estado com S\u00e3o Paulo e Mato Grosso.&nbsp;Rodovia BR 376\/277 &#8211; Trecho Ponta Grossa &#8211; Curitiba Paranagu\u00e1, em pista dupla, \u00e9 a liga\u00e7\u00e3o do Munic\u00edpio com o Porto de Paranagu\u00e1.&nbsp;Rodovia BR 277 &#8211; Proporciona acesso \u00e0s regi\u00f5es Oeste e Sudoeste do Paran\u00e1. \u00c9 a porta aberta ao Paraguai e \u00e0 Argentina.&nbsp;Rodovia PR 151 &#8211; Permite liga\u00e7\u00e3o com o estado de S\u00e3o Paulo e ao Planalto Central, atrav\u00e9s do acesso \u00e0 regi\u00e3o Nordeste do Estado. Faz liga\u00e7\u00e3o Ponta Grossa &#8211; Itarar\u00e9.&nbsp;Transbrasiliana &#8211; Rodovia de liga\u00e7\u00e3o Norte-Centro-Sul do Brasil, passando pr\u00f3xima a Ponta Grossa e constituindo-se, no futuro, em uma das mais importantes vias de escoamento da produ\u00e7\u00e3o.<\/p>\n\n\n\n<figure class=\"wp-block-image\"><img src=\"https:\/\/aprepro.org.br\/conbrepro\/2013\/img_editor\/distancias.jpg\" alt=\"\"\/><\/figure>\n\n\n\n<p>&nbsp;Rodovi\u00e1riaTerminal Rodovi\u00e1rioAvenida Visconde de Taunay, 616&nbsp;&nbsp;<strong>Atrativos Tur\u00edsticos<\/strong><strong>Parque Estadual de Vila Velha<\/strong><\/p>\n\n\n\n<figure class=\"wp-block-image\"><img src=\"https:\/\/aprepro.org.br\/conbrepro\/2013\/img_editor\/vila%20velha.jpg\" alt=\"\"\/><\/figure>\n\n\n\n<p>&nbsp;Com uma \u00e1rea de 3122 hectares, em 12.10.1953, pela Lei n\u00b0 2192, foi criado o Parque Estadual de Vila Velha. Em 1966 o conjunto Vila Velha foi tombado pelo Departamento do Patrim\u00f4nio Hist\u00f3rico e Art\u00edstico do Estado.O Parque \u00e9 coberto, na sua maior parte por campos naturais. Abriga uma fauna variada: lobos-guar\u00e1 (j\u00e1 raros), jaguatiricas, quatis, gatos-do-mato, cachorros-do-mato, iraras, fur\u00e3o, catetos, veados, tatus, pica-\u00adpaus, pombas, perdizes, tamandu\u00e1s-bandeira e mirins, diversos tipos de aves, etc. Atualmente est\u00e1 sob a administra\u00e7\u00e3o da Paran\u00e1 Turismo, e \u00e9 dividido em 3 \u00e1reas distintas:Arenitos: Extraordin\u00e1ria obra da natureza esculpida pelo tempo, uma regi\u00e3o que h\u00e1 340 milh\u00f5es de anos estava coberta por um len\u00e7ol de gelo. Ap\u00f3s o degelo, o grande dep\u00f3sito de areia ali existente ficou exposto \u00e0 a\u00e7\u00e3o das chuvas e dos ventos que deram origem a gigantescas figuras no arenito, como camelo, \u00edndio, noiva, garrafa, bota, esfinge e a famosa ta\u00e7a.Furnas: Conhecidas como &#8220;caldeir\u00f5es do inferno&#8221; s\u00e3o crateras circulares com aproximadamente 100 m de profundidade e um volume de \u00e1gua que atinge a metade dessa profundidade. Em uma delas foi constru\u00eddo um elevador panor\u00e2mico que d\u00e1 acesso ao seu interior sobre uma plataforma flutuante. As furnas t\u00eam origem na estrutura falhada e fragmentada do arenito que concentra e orientam a circula\u00e7\u00e3o das \u00e1guas subterr\u00e2neas atrav\u00e9s de canais em regime torrencial, abrindo, pela desagrega\u00e7\u00e3o e remo\u00e7\u00e3o da areia em profundidade, grandes anfiteatros em forma de c\u00fapula junto \u00e0s linhas de falhamentos ou nas intercess\u00f5es com fraturas transversais.Lagoa Dourada: A Lagoa Dourada com seus 320 m de di\u00e2metro e uma profundidade m\u00e1xima de 3 m, tem um encanto especial, principalmente ao crep\u00fasculo, quando refletidas pelo sol, suas \u00e1guas tornam-se douradas. Ao seu redor a vegeta\u00e7\u00e3o \u00e9 densa e de grande porte. A Lagoa Dourada tem a mesma origem das Furnas, havendo uma liga\u00e7\u00e3o subterr\u00e2nea entre elas atrav\u00e9s de um len\u00e7ol fre\u00e1tico. O n\u00edvel de suas \u00e1guas \u00e9 o mesmo das Furnas, ocorrendo, por\u00e9m, um desn\u00edvel do solo, raz\u00e3o pela qual as mesmas se constituem em crateras profundas. Mas, a Lagoa pode ser considerada uma furna senil, pois, com o grande assoreamento que recebe, segundo os espele\u00f3logos, j\u00e1 est\u00e1 em fase de extin\u00e7\u00e3o.Informa\u00e7\u00f5es pelo Tel. (42) 3228-1539 \/ (0xx41) 3313-3500 \/ 3254-1516 (Disque Turismo) Localiza-se na BR 376, km 515.Hor\u00e1rio de visita\u00e7\u00e3o: quarta-feira a segunda-feira das 8h \u00e0s 18h&nbsp;<strong>Buraco do Padre<\/strong><\/p>\n\n\n\n<figure class=\"wp-block-image\"><img src=\"https:\/\/aprepro.org.br\/conbrepro\/2013\/img_editor\/BuracodoPadre_PontaGrossa_CamposGerais_JR.JPG\" alt=\"\"\/><\/figure>\n\n\n\n<p>&nbsp;Seu nome est\u00e1 relacionado \u00e0 hist\u00f3ria dos jesu\u00edtas que estiveram no local. Com a finalidade de converter almas para a Cristianismo, os jesu\u00edtas trabalhavam com os \u00edndios da tradi\u00e7\u00e3o Umait\u00e1 e na regi\u00e3o dos Campos Gerais com os \u00edndios da tradi\u00e7\u00e3o Umbu.O nome &#8220;Buraco do Padre&#8221; deve-se ao costume dos padres jesu\u00edtas dirigirem-se ao alto do plat\u00f4 para concentra\u00e7\u00e3o, medita\u00e7\u00e3o ou descanso Trata-se de uma esp\u00e9cie de anfiteatro subterr\u00e2neo. Apresenta em seu interior uma imponente cascata, formada pelo Rio Quebra Perna. Apesar de apresentar-se de maneira diferente, devido \u00e0 abertura na base, o Buraco do Padre tamb\u00e9m \u00e9 uma furna. Do estacionamento ao interior da furna tem-se um percurso de 1 km. Parte da caminhada \u00e9 feita por um bosque. A trilha \u00e9 de f\u00e1cil travessia.Localiza-se no Distrito de Itaiacoca, a 26 km do centro da cidade de Ponta Grossa.&nbsp;<strong>Canyon e Rio S\u00e3o Jorge<\/strong><\/p>\n\n\n\n<figure class=\"wp-block-image\"><img src=\"https:\/\/aprepro.org.br\/conbrepro\/2013\/img_editor\/saojorge.jpg\" alt=\"\"\/><\/figure>\n\n\n\n<p>&nbsp;O Rio S\u00e3o Jorge \u00e9 um l\u00edmpido e belo curso d&#8217;\u00e1gua que desliza entre rochas, formando v\u00e1rias cachoeiras que fazem parte de um cen\u00e1rio deslumbrante. No local ainda pode-se conhecer a bel\u00edssima cachoeira que possui um canh\u00e3o d&#8217;\u00e1gua de aproximadamente 25 m de altura, e pinturas rupestres de cerca de 7000 anos. Localiza-se a 15 km do centro. Possui restaurante (refei\u00e7\u00f5es por encomenda), sanit\u00e1rios, estacionamento, \u00e1rea para camping. Informa\u00e7\u00f5es pelo Tel. (42) 3226-3731 \/ 9973-6915.Hor\u00e1rio de visita\u00e7\u00e3o: diariamente das 7h \u00e0s 22h.&nbsp;<strong>Represa dos Alagados<\/strong><\/p>\n\n\n\n<figure class=\"wp-block-image\"><img src=\"https:\/\/aprepro.org.br\/conbrepro\/2013\/img_editor\/alagados.jpg\" alt=\"\"\/><\/figure>\n\n\n\n<p>&nbsp;&nbsp;Na d\u00e9cada de quarenta, o Rio Pitangui foi represado, dando origem a um grande lago popularmente chamado Alagados. Al\u00e9m de sua import\u00e2ncia h\u00eddrica para a cidade, a regi\u00e3o de entorno \u00e9 bel\u00edssima, sendo \u00f3tima para o lazer e o turismo contemplativo. O lago \u00e9 rico em peixes, favorecendo a divers\u00e3o dos afeitos \u00e0 pescaria. A nata\u00e7\u00e3o, o remo, o wind-surf, ampliam as motiva\u00e7\u00f5es do local. Localiza-se a 20 km do centro da cidade, \u00e9 nessa \u00e1rea de preserva\u00e7\u00e3o ambiental que se encontra o Iate Clube de Ponta Grossa. No manancial \u00e9 proibido atividades e esportes que comprometam o meio ambiente (ex. jet-ski).&nbsp;<strong>Cachoeira da Mariquinha<\/strong><\/p>\n\n\n\n<figure class=\"wp-block-image\"><img src=\"https:\/\/aprepro.org.br\/conbrepro\/2013\/img_editor\/mariquinha.jpg\" alt=\"\"\/><\/figure>\n\n\n\n<p>&nbsp;Ap\u00f3s um belo percurso pela regi\u00e3o de Itaiacoca, passando por v\u00e1rias propriedades rurais, chega-se at\u00e9 o vale do Rio Quebra Perna, onde ap\u00f3s caminhar por uma trilha ladeada por forma\u00e7\u00f5es de arenito e cap\u00f5es de mata nativa chega-se at\u00e9 a bel\u00edssima queda, de aproximadamente 30 m. O local n\u00e3o possui lanchonete nem sanit\u00e1rios.&nbsp;<strong>Recanto Botuquara<\/strong>O Recanto Botuquara \u00e9 uma \u00e1rea de lazer localizada numa das mais belas regi\u00f5es de Ponta Grossa, que conta com v\u00e1rias piscinas naturais, tobo\u00e1gua, lago para pesca e pedalinhos, trilhas na mata nativa, al\u00e9m de camping e outras atra\u00e7\u00f5es. A \u00e1rea possui lanchonete, churrasqueiras e estacionamento, \u00e1rea para camping. Os visitantes podem usufruir do recanto mediante aquisi\u00e7\u00e3o de ingressos no pr\u00f3prio local. Informa\u00e7\u00f5es Tel. (42) 3224-3543 (Clinica Veterin\u00e1ria).Hor\u00e1rio de visita\u00e7\u00e3o: s\u00e1bado e domingo das 8h \u00e0s 18h (durante a semana a visita deve ser agendada)&nbsp;<strong>Cap\u00e3o da On\u00e7a<\/strong><\/p>\n\n\n\n<figure class=\"wp-block-image\"><img src=\"https:\/\/aprepro.org.br\/conbrepro\/2013\/img_editor\/capaodaonca.jpg\" alt=\"\"\/><\/figure>\n\n\n\n<p>&nbsp;Local de f\u00e1cil acesso, distando da cidade 16 km em dire\u00e7\u00e3o ao Distrito de Itaiacoca pela PR 513 (Rodovia do Talco), sendo apenas 1 km de estrada secund\u00e1ria. Constitui-se em um balne\u00e1rio natural com cachoeiras, corredeiras e piscinas naturais. Possui lanchonetes, sanit\u00e1rios simples e o estacionamento n\u00e3o \u00e9 estruturado.&nbsp;&nbsp;<strong>Mosteiro da Ressurrei\u00e7\u00e3o<\/strong><\/p>\n\n\n\n<figure class=\"wp-block-image\"><img src=\"https:\/\/aprepro.org.br\/conbrepro\/2013\/img_editor\/mosteiro.jpg\" alt=\"\"\/><\/figure>\n\n\n\n<p>&nbsp;O Mosteiro da Ressurrei\u00e7\u00e3o \u00e9 uma comunidade de monges beneditinos localizada na \u00e1rea rural de Ponta Grossa. Fundado em 1981, atende a in\u00fameros leigos e religiosos que, como visitantes ou h\u00f3spedes, buscam, momentos de recolhimento, ora\u00e7\u00e3o e dire\u00e7\u00e3o espiritual. Os monges tamb\u00e9m trabalham nos v\u00e1rios ateli\u00eas do Mosteiro, produzindo licores, velas artesanais, pe\u00e7as em cer\u00e2micas, pinturas em diversos materiais e paramentos lit\u00fargicas. Al\u00e9m disso, na licoraria s\u00e3o produzidos licores a partir de f\u00f3rmulas desenvolvidas pelos monges, e guardadas a sete chaves. Em 1994, o Mosteiro tornou-se conhecido nacionalmente, devido a programas especiais e reportagens e a grande difus\u00e3o do canto gregoriano no Brasil e no exterior. Os sete CDs gravados pelo Coro do Mosteiro j\u00e1 venderam mais de 300.000 c\u00f3pias. Existem v\u00e1rios hor\u00e1rios de ora\u00e7\u00f5es que s\u00e3o abertas ao p\u00fablico durante o dia. A entrada \u00e9 franca.Para se hospedar \u00e9 necess\u00e1rio fazer reservas pelo Tel. (42) 3228-0043 . Localiza-se na Avenida Souza Naves, km 9.Hor\u00e1rio de visita\u00e7\u00e3o: diariamente das 8h \u00e0s 20h.&nbsp;<strong>Museu Campos Gerais<\/strong><\/p>\n\n\n\n<figure class=\"wp-block-image\"><img src=\"https:\/\/aprepro.org.br\/conbrepro\/2013\/img_editor\/Museu_CamposGerais_201229_1.jpg\" alt=\"\"\/><\/figure>\n\n\n\n<p>&nbsp;O Museu foi inaugurado em 1983, num pr\u00e9dio constru\u00eddo na d\u00e9cada de 20 que foi o antigo f\u00f3rum da Comarca de Ponta Grossa e que ainda preserva suas caracter\u00edsticas arquitet\u00f4nicas originais. Apresenta exposi\u00e7\u00e3o de car\u00e1ter ecl\u00e9tico, dividida em se\u00e7\u00f5es como as de paleontologia, ind\u00edgena e de ambiente regional, entre outras, e \u00e9 mantido pela Universidade Estadual de Ponta Grossa. Tel. (42) 3223-7766 . Localiza-se na Rua Engenheiro Schambert, 654.Hor\u00e1rio de visita\u00e7\u00e3o: ter\u00e7a-feira a sexta-feira das 8h \u00e0s 11h30 e das 14h \u00e0s 17, s\u00e1bado e domingo das 13h30 \u00e0s 17h.&nbsp;<strong>Museu \u00c9poca<\/strong><\/p>\n\n\n\n<figure class=\"wp-block-image\"><img src=\"https:\/\/aprepro.org.br\/conbrepro\/2013\/img_editor\/museu_epoca.jpg\" alt=\"\"\/><\/figure>\n\n\n\n<p>&nbsp;O Museu possui um acervo com pe\u00e7as que retratam a hist\u00f3ria de v\u00e1rias regi\u00f5es do Brasil, com cole\u00e7\u00e3o de moedas antigas, com destaque para duas de ouro, datadas de 1772, espadas utilizadas na Guerra da Argentina, r\u00e1dios, armas, fotos, diversos telefones, m\u00f3veis e outros objetos de igual valor hist\u00f3ricos. A casa onde o museu est\u00e1 instalado data do s\u00e9culo passado, por volta de 1880 e apresenta estilo arquitet\u00f4nico &#8220;Art Noveau&#8221;. Tel. (42) 3223-1877 . Localizado ao lado da catedral de Sant&#8217;Ana, na pra\u00e7a Roosevelt, 56.Hor\u00e1rio de visita\u00e7\u00e3o: segunda-feira \u00e0 sexta-feira das 8h \u00e0s 11h30 e das 13h30 \u00e0s 17h30, s\u00e1bado das 8h \u00e0s 12h.&nbsp;<strong>Capela Santa B\u00e1rbara<\/strong><\/p>\n\n\n\n<figure class=\"wp-block-image\"><img src=\"https:\/\/aprepro.org.br\/conbrepro\/2013\/img_editor\/capela_santa_barbara.jpg\" alt=\"\"\/><\/figure>\n\n\n\n<p>&nbsp;Constru\u00edda em 1729 por padres jesu\u00edtas que receberam a Fazenda Pitangui como Sesmaria, a Capela Santa B\u00e1rbara, um local cercado de mist\u00e9rios e lendas, recebia moradores de fazendas vizinhas para receber o pasto espiritual e servir aos viajantes que percorriam o caminho dos tropeiros naquela \u00e9poca. A a\u00e7\u00e3o do tempo e do homem danificou bastante o templo hist\u00f3rico, em 2003 foi inteiramente restaurada pela Prefeitura Municipal e o Governo Federal.\u00c9 necess\u00e1rio transpor uma porteira e conversar com um funcion\u00e1rio para que este abra a capela.&nbsp;<strong>Mans\u00e3o Villa Hilda<\/strong><\/p>\n\n\n\n<figure class=\"wp-block-image\"><img src=\"https:\/\/aprepro.org.br\/conbrepro\/2013\/img_editor\/vila_hilda.jpg\" alt=\"\"\/><\/figure>\n\n\n\n<p>&nbsp;Patrim\u00f4nio Hist\u00f3rico da cidade, o casar\u00e3o de 600 m\u00b2 constru\u00eddo em 1926 por Alberto Thielen, industrial, comerciante e figura de destaque na hist\u00f3ria de Ponta Grossa, recebe o nome de sua mulher, Hilda Thielen. A casa de estilo arquitet\u00f4nico franc\u00eas apresenta dois pavimentos que abrigavam a fam\u00edlia e os servi\u00e7ais da casa. O interior da mans\u00e3o apresenta pinturas perfeitas que retratam, contrastes e cores, paisagens e motivos europeus al\u00e9m de algumas paisagens locais. Tel. 3901-1590. Localiza-se na Rua Julia Wanderlei, 936.Hor\u00e1rio de visita\u00e7\u00e3o: Segunda-feira a Sexta-feira das 13h \u00e0s 18h.&nbsp;<strong>Hospitais<\/strong>Pronto Socorro Municipal Doutor Amadeu PuppiRua Augusto Ribas, 81Tel. (42) 3220-7800&nbsp;&nbsp;Santa Casa de Miseric\u00f3rdia de Ponta GrossaAvenida Dr. Francisco B\u00farzio, 774Tel. (42) 3026-8000&nbsp;<strong>Bancos<\/strong>Banco BradescoRua Dom Pedro Ii, 423Tel. (42) 3227-5533&nbsp;Banco do BrasilRua Augusto Ribas, 555Tel. (42) 3225-1144&nbsp;Banco Ita\u00faRua Dom Pedro II, 407Tel. (42) 3227-6611&nbsp;Banco Mercantil do BrasilRua XV de Novembro, 338Tel. (42) 3225-2527&nbsp;Banco Santander MeridionalAvenida Dr. Vicente Machado, 487Tel. (42) 3225-2355&nbsp;Caixa Econ\u00f4mica FederalRua Coronel Francisco Ribas, 200Tel. (42) 3225-1311&nbsp;Hsbc Bank BrasilAvenida Dr. Vicente Machado, 109Tel. (42) 3225-1022&nbsp;Unibanco 30 HorasPra\u00e7a Bar\u00e3o do Rio Branco, 217Tel. (42) 3220-1530&nbsp;ArtesanatoCasa do Artes\u00e3oPra\u00e7a Bar\u00e3o do Rio Branco, s\/n\u00baTel. (42) 3224-6054Hor\u00e1rio de atendimento: Segunda-feira a Sexta-feira das 9h \u00e0s 18h e aos S\u00e1bados das 9h \u00e0s 12h.&nbsp;<a href=\"http:\/\/www.turismo.pr.gov.br\/modules\/turista-pt\/\">Paran\u00e1 Turista<\/a><\/p>\n","protected":false},"excerpt":{"rendered":"<p>Ponta Grossa &nbsp;A Cidade&nbsp; &nbsp;&nbsp;Informa\u00e7\u00f5es:&nbsp;Prefeitura Municipal de Ponta Grossa&nbsp;&nbsp;Meios de Acesso ao Munic\u00edpio &#8211;&nbsp;RODOVIAS&nbsp;Rodovia BR 376 &#8211; Rodovia do Caf\u00e9 &#8211; Art\u00e9ria vital do Estado, \u00e9 a liga\u00e7\u00e3o do Porto de Paranagu\u00e1 ao Norte e Noroeste paranaense, assim como ligando o Estado com S\u00e3o Paulo e Mato Grosso.&nbsp;Rodovia BR 376\/277 &#8211; Trecho Ponta Grossa &#8211; [&hellip;]<\/p>\n","protected":false},"author":1,"featured_media":0,"parent":0,"menu_order":0,"comment_status":"closed","ping_status":"closed","template":"","meta":{"_mi_skip_tracking":false},"_links":{"self":[{"href":"https:\/\/aprepro.org.br\/conbrepro\/2019\/wp-json\/wp\/v2\/pages\/49"}],"collection":[{"href":"https:\/\/aprepro.org.br\/conbrepro\/2019\/wp-json\/wp\/v2\/pages"}],"about":[{"href":"https:\/\/aprepro.org.br\/conbrepro\/2019\/wp-json\/wp\/v2\/types\/page"}],"author":[{"embeddable":true,"href":"https:\/\/aprepro.org.br\/conbrepro\/2019\/wp-json\/wp\/v2\/users\/1"}],"replies":[{"embeddable":true,"href":"https:\/\/aprepro.org.br\/conbrepro\/2019\/wp-json\/wp\/v2\/comments?post=49"}],"version-history":[{"count":1,"href":"https:\/\/aprepro.org.br\/conbrepro\/2019\/wp-json\/wp\/v2\/pages\/49\/revisions"}],"predecessor-version":[{"id":53,"href":"https:\/\/aprepro.org.br\/conbrepro\/2019\/wp-json\/wp\/v2\/pages\/49\/revisions\/53"}],"wp:attachment":[{"href":"https:\/\/aprepro.org.br\/conbrepro\/2019\/wp-json\/wp\/v2\/media?parent=49"}],"curies":[{"name":"wp","href":"https:\/\/api.w.org\/{rel}","templated":true}]}}