{"id":48,"date":"2019-06-28T11:24:56","date_gmt":"2019-06-28T11:24:56","guid":{"rendered":"https:\/\/aprepro.org.br\/conbrepro\/2019\/?page_id=48"},"modified":"2019-06-28T11:24:56","modified_gmt":"2019-06-28T11:24:56","slug":"informacoes-gerais","status":"publish","type":"page","link":"https:\/\/aprepro.org.br\/conbrepro\/2019\/informacoes-gerais\/","title":{"rendered":"Informa\u00e7\u00f5es Gerais"},"content":{"rendered":"\n<p>N\u00e3o haver\u00e1 a cobran\u00e7a da taxa de submiss\u00e3o de artigos, o envio \u00e9 gratuito.<br>\nA APREPRO n\u00e3o restituir\u00e1 o valor PAGO referente a INSCRI\u00c7\u00c3O do CONBREPRO.<\/p>\n\n\n\n<p>Para a publica\u00e7\u00e3o do artigo nos anais eletr\u00f4nico (ISSN: 2237-6143) do CONBREPRO \u00e9 preciso: <br>\nSer aprovado pelo Comit\u00ea Avaliador (REVISORES AD HOC);<br>\nPagamento da taxa de INSCRI\u00c7\u00c3O do 1\u00ba autor at\u00e9 a data de vencimento do boleto banc\u00e1rio;<br>\nSer\u00e1 considerado como 1\u00ba autor aquele que realizar a submiss\u00e3o do artigo no sistema.<br>\nINFORMA\u00c7\u00d5ES IMPORTANTES<\/p>\n\n\n\n<ul><li>O congressista somente poder\u00e1 retirar seu material com o comprovante de pagamento da inscri\u00e7\u00e3o em m\u00e3os;<\/li><li>Os certificados ser\u00e3o disponibilizados para impress\u00e3o na \u00c1REA RESTRITA DO USU\u00c1RIO.<\/li><\/ul>\n\n\n\n<p>BENEF\u00cdCIOS PARA O CONGRESSISTA<\/p>\n\n\n\n<ul><li>Um Jantar; <\/li><li>Acesso a apresenta\u00e7\u00e3o dos Artigos Cient\u00edficos; <\/li><li>Certificado de apresenta\u00e7\u00e3o de artigo; <\/li><li>Certificado de participa\u00e7\u00e3o no evento; <\/li><li>Acesso \u00e0s palestras do CONBREPRO;<\/li><li>Para receber o certificado de participa\u00e7\u00e3o no Congresso \u00e9 necess\u00e1rio o pagamento individual da inscri\u00e7\u00e3o e participa\u00e7\u00e3o no evento.<\/li><\/ul>\n","protected":false},"excerpt":{"rendered":"<p>N\u00e3o haver\u00e1 a cobran\u00e7a da taxa de submiss\u00e3o de artigos, o envio \u00e9 gratuito. A APREPRO n\u00e3o restituir\u00e1 o valor PAGO referente a INSCRI\u00c7\u00c3O do CONBREPRO. Para a publica\u00e7\u00e3o do artigo nos anais eletr\u00f4nico (ISSN: 2237-6143) do CONBREPRO \u00e9 preciso: Ser aprovado pelo Comit\u00ea Avaliador (REVISORES AD HOC); Pagamento da taxa de INSCRI\u00c7\u00c3O do 1\u00ba [&hellip;]<\/p>\n","protected":false},"author":1,"featured_media":0,"parent":0,"menu_order":0,"comment_status":"closed","ping_status":"closed","template":"","meta":{"_mi_skip_tracking":false},"_links":{"self":[{"href":"https:\/\/aprepro.org.br\/conbrepro\/2019\/wp-json\/wp\/v2\/pages\/48"}],"collection":[{"href":"https:\/\/aprepro.org.br\/conbrepro\/2019\/wp-json\/wp\/v2\/pages"}],"about":[{"href":"https:\/\/aprepro.org.br\/conbrepro\/2019\/wp-json\/wp\/v2\/types\/page"}],"author":[{"embeddable":true,"href":"https:\/\/aprepro.org.br\/conbrepro\/2019\/wp-json\/wp\/v2\/users\/1"}],"replies":[{"embeddable":true,"href":"https:\/\/aprepro.org.br\/conbrepro\/2019\/wp-json\/wp\/v2\/comments?post=48"}],"version-history":[{"count":1,"href":"https:\/\/aprepro.org.br\/conbrepro\/2019\/wp-json\/wp\/v2\/pages\/48\/revisions"}],"predecessor-version":[{"id":52,"href":"https:\/\/aprepro.org.br\/conbrepro\/2019\/wp-json\/wp\/v2\/pages\/48\/revisions\/52"}],"wp:attachment":[{"href":"https:\/\/aprepro.org.br\/conbrepro\/2019\/wp-json\/wp\/v2\/media?parent=48"}],"curies":[{"name":"wp","href":"https:\/\/api.w.org\/{rel}","templated":true}]}}