{"id":47,"date":"2019-06-28T11:26:04","date_gmt":"2019-06-28T11:26:04","guid":{"rendered":"https:\/\/aprepro.org.br\/conbrepro\/2019\/?page_id=47"},"modified":"2020-09-22T18:13:09","modified_gmt":"2020-09-22T18:13:09","slug":"edicoes-anteriores","status":"publish","type":"page","link":"https:\/\/aprepro.org.br\/conbrepro\/2019\/edicoes-anteriores\/","title":{"rendered":"Edi\u00e7\u00f5es Anteriores"},"content":{"rendered":"\n<p>&nbsp;<\/p>\n\n\n\n<p><a href=\"http:\/\/aprepro.org.br\/conbrepro\/2019\/anais\/\">Anais CONBREPRO 2019 &#8211; Engenharia na Ind\u00fastria da Bebida<\/a><\/p>\n<p>\n\n\n\n<\/p>\n<p><a href=\"http:\/\/anteriores.aprepro.org.br\/conbrepro\/2018\/anais.php\">Anais CONBREPRO 2018 &#8211; As Engenharias e a Ind\u00fastria 4.0<\/a><\/p>\n\n\n\n<p><a href=\"http:\/\/anteriores.aprepro.org.br\/conbrepro\/2017\/anais.php\">Anais CONBREPRO 2017 &#8211; Engenharia na Ind\u00fastria Aliment\u00edcia<\/a><\/p>\n\n\n\n<p><a href=\"http:\/\/anteriores.aprepro.org.br\/conbrepro\/2016\/anais2016.php\">Anais CONBREPRO 2016 &#8211; Engenharia de Desenvolvimento de Produto<\/a><\/p>\n\n\n\n<p><a href=\"http:\/anteriores.aprepro.org.br\/conbrepro\/2015\/anais2015.php\">Anais CONBREPRO 2015 &#8211; Engenharias para Sustentabilidade Industrial<\/a><\/p>\n\n\n\n<p><a href=\"http:\/\/anteriores.aprepro.org.br\/conbrepro\/2014\/anais\/\">Anais CONBREPRO 2014 &#8211; Engenharias na Ind\u00fastria de Embalagens<\/a><\/p>\n\n\n\n<p><a href=\"http:\/\/anteriores.aprepro.org.br\/conbrepro\/2013\/anais\/\">Anais CONBREPRO 2013 &#8211; Engenharias no Setor Automotivo<\/a><\/p>\n\n\n\n<p><a href=\"http:\/\/www.aprepro.org.br\/conbrepro\/2012\/anais\/\">Anais CONBREPRO 2012 &#8211; Gest\u00e3o do Conhecimento nas Engenharias<\/a><\/p>\n\n\n\n<p><a href=\"http:\/\/anteriores.aprepro.org.br\/conbrepro\/2011\/anais\/\">Anais CONBREPRO 2011 &#8211; Inova\u00e7\u00e3o e Tecnologias nas Engenharias<\/a><\/p>\n","protected":false},"excerpt":{"rendered":"<p>&nbsp; Anais CONBREPRO 2019 &#8211; Engenharia na Ind\u00fastria da Bebida Anais CONBREPRO 2018 &#8211; As Engenharias e a Ind\u00fastria 4.0 Anais CONBREPRO 2017 &#8211; Engenharia na Ind\u00fastria Aliment\u00edcia Anais CONBREPRO 2016 &#8211; Engenharia de Desenvolvimento de Produto Anais CONBREPRO 2015 &#8211; Engenharias para Sustentabilidade Industrial Anais CONBREPRO 2014 &#8211; Engenharias na Ind\u00fastria de Embalagens Anais [&hellip;]<\/p>\n","protected":false},"author":1,"featured_media":0,"parent":0,"menu_order":0,"comment_status":"closed","ping_status":"closed","template":"","meta":{"_mi_skip_tracking":false},"_links":{"self":[{"href":"https:\/\/aprepro.org.br\/conbrepro\/2019\/wp-json\/wp\/v2\/pages\/47"}],"collection":[{"href":"https:\/\/aprepro.org.br\/conbrepro\/2019\/wp-json\/wp\/v2\/pages"}],"about":[{"href":"https:\/\/aprepro.org.br\/conbrepro\/2019\/wp-json\/wp\/v2\/types\/page"}],"author":[{"embeddable":true,"href":"https:\/\/aprepro.org.br\/conbrepro\/2019\/wp-json\/wp\/v2\/users\/1"}],"replies":[{"embeddable":true,"href":"https:\/\/aprepro.org.br\/conbrepro\/2019\/wp-json\/wp\/v2\/comments?post=47"}],"version-history":[{"count":4,"href":"https:\/\/aprepro.org.br\/conbrepro\/2019\/wp-json\/wp\/v2\/pages\/47\/revisions"}],"predecessor-version":[{"id":294,"href":"https:\/\/aprepro.org.br\/conbrepro\/2019\/wp-json\/wp\/v2\/pages\/47\/revisions\/294"}],"wp:attachment":[{"href":"https:\/\/aprepro.org.br\/conbrepro\/2019\/wp-json\/wp\/v2\/media?parent=47"}],"curies":[{"name":"wp","href":"https:\/\/api.w.org\/{rel}","templated":true}]}}