{"id":37,"date":"2019-06-28T11:23:33","date_gmt":"2019-06-28T11:23:33","guid":{"rendered":"https:\/\/aprepro.org.br\/conbrepro\/2019\/?page_id=37"},"modified":"2019-08-15T00:20:09","modified_gmt":"2019-08-15T00:20:09","slug":"modelo-de-artigo-cientifico","status":"publish","type":"page","link":"https:\/\/aprepro.org.br\/conbrepro\/2019\/modelo-de-artigo-cientifico\/","title":{"rendered":"Modelo de Artigo Cient\u00edfico"},"content":{"rendered":"\n<p>Para baixar o Modelo para elabora\u00e7\u00e3o de artigo,\u00a0<strong><a href=\"https:\/\/aprepro.org.br\/conbrepro\/2019\/wp-content\/uploads\/2019\/08\/Template_de_Artigo_2019.docx\">CLIQUE AQUI!<\/a><\/strong><\/p>\n\n\n\n<p><strong>Observa\u00e7\u00e3o:&nbsp;<\/strong>Os trabalhos que n\u00e3o seguirem rigorosamente ao modelo proposto n\u00e3o ser\u00e3o avaliados. <\/p>\n","protected":false},"excerpt":{"rendered":"<p>Para baixar o Modelo para elabora\u00e7\u00e3o de artigo,\u00a0CLIQUE AQUI! Observa\u00e7\u00e3o:&nbsp;Os trabalhos que n\u00e3o seguirem rigorosamente ao modelo proposto n\u00e3o ser\u00e3o avaliados.<\/p>\n","protected":false},"author":1,"featured_media":0,"parent":0,"menu_order":0,"comment_status":"closed","ping_status":"closed","template":"","meta":{"_mi_skip_tracking":false},"_links":{"self":[{"href":"https:\/\/aprepro.org.br\/conbrepro\/2019\/wp-json\/wp\/v2\/pages\/37"}],"collection":[{"href":"https:\/\/aprepro.org.br\/conbrepro\/2019\/wp-json\/wp\/v2\/pages"}],"about":[{"href":"https:\/\/aprepro.org.br\/conbrepro\/2019\/wp-json\/wp\/v2\/types\/page"}],"author":[{"embeddable":true,"href":"https:\/\/aprepro.org.br\/conbrepro\/2019\/wp-json\/wp\/v2\/users\/1"}],"replies":[{"embeddable":true,"href":"https:\/\/aprepro.org.br\/conbrepro\/2019\/wp-json\/wp\/v2\/comments?post=37"}],"version-history":[{"count":5,"href":"https:\/\/aprepro.org.br\/conbrepro\/2019\/wp-json\/wp\/v2\/pages\/37\/revisions"}],"predecessor-version":[{"id":195,"href":"https:\/\/aprepro.org.br\/conbrepro\/2019\/wp-json\/wp\/v2\/pages\/37\/revisions\/195"}],"wp:attachment":[{"href":"https:\/\/aprepro.org.br\/conbrepro\/2019\/wp-json\/wp\/v2\/media?parent=37"}],"curies":[{"name":"wp","href":"https:\/\/api.w.org\/{rel}","templated":true}]}}