{"id":36,"date":"2019-06-28T11:22:58","date_gmt":"2019-06-28T11:22:58","guid":{"rendered":"https:\/\/aprepro.org.br\/conbrepro\/2019\/?page_id=36"},"modified":"2019-11-12T17:44:39","modified_gmt":"2019-11-12T17:44:39","slug":"datas-importantes","status":"publish","type":"page","link":"https:\/\/aprepro.org.br\/conbrepro\/2019\/datas-importantes\/","title":{"rendered":"Datas importantes"},"content":{"rendered":"\n<p>O evento acontecer\u00e1 nos dias 04, 05 e 06 de Dezembro de 2019.<\/p>\n\n\n\n<p><strong>Submiss\u00e3o de Artigos Cient\u00edficos:<\/strong><br> Per\u00edodo para submiss\u00e3o de Artigos nas Sess\u00f5es Tem\u00e1ticas e Inicia\u00e7\u00e3o Cient\u00edfica de 01 de Julho a 20 de Outubro de 2019 <strong>(PRORROGADO). N\u00e3o haver\u00e1 mais prorroga\u00e7\u00f5es.<\/strong><\/p>\n\n\n\n<p><strong>Artigos Aprovados:<\/strong><br> Resultados at\u00e9 o dia 11 de Novembro de 2019.<br> Observa\u00e7\u00e3o: a op\u00e7\u00e3o de n\u00e3o apresenta\u00e7\u00e3o de artigo, ao marcar esta op\u00e7\u00e3o, automaticamente o artigo n\u00e3o constar\u00e1 na listagem de ensalamento (apresenta\u00e7\u00e3o de artigos).<\/p>\n\n\n\n<p><strong>Prazo para Pagamento:<\/strong><br> Para garantir a publica\u00e7\u00e3o dos artigos aprovados o 1\u00ba  autor dever\u00e1 efetuar o pagamento da inscri\u00e7\u00e3o at\u00e9 a data de vencimento do boleto banc\u00e1rio (25\/11\/2019). Ap\u00f3s esta data ser\u00e1 poss\u00edvel a solicita\u00e7\u00e3o de altera\u00e7\u00e3o do vencimento do boleto entrando em contato pelo e-mail contato@aprepro.org.br, por\u00e9m garante apenas a inscri\u00e7\u00e3o no evento e n\u00e3o a publica\u00e7\u00e3o do(s) artigo(s).<\/p>\n","protected":false},"excerpt":{"rendered":"<p>O evento acontecer\u00e1 nos dias 04, 05 e 06 de Dezembro de 2019. Submiss\u00e3o de Artigos Cient\u00edficos: Per\u00edodo para submiss\u00e3o de Artigos nas Sess\u00f5es Tem\u00e1ticas e Inicia\u00e7\u00e3o Cient\u00edfica de 01 de Julho a 20 de Outubro de 2019 (PRORROGADO). N\u00e3o haver\u00e1 mais prorroga\u00e7\u00f5es. Artigos Aprovados: Resultados at\u00e9 o dia 11 de Novembro de 2019. Observa\u00e7\u00e3o: [&hellip;]<\/p>\n","protected":false},"author":1,"featured_media":0,"parent":0,"menu_order":0,"comment_status":"closed","ping_status":"closed","template":"","meta":{"_mi_skip_tracking":false},"_links":{"self":[{"href":"https:\/\/aprepro.org.br\/conbrepro\/2019\/wp-json\/wp\/v2\/pages\/36"}],"collection":[{"href":"https:\/\/aprepro.org.br\/conbrepro\/2019\/wp-json\/wp\/v2\/pages"}],"about":[{"href":"https:\/\/aprepro.org.br\/conbrepro\/2019\/wp-json\/wp\/v2\/types\/page"}],"author":[{"embeddable":true,"href":"https:\/\/aprepro.org.br\/conbrepro\/2019\/wp-json\/wp\/v2\/users\/1"}],"replies":[{"embeddable":true,"href":"https:\/\/aprepro.org.br\/conbrepro\/2019\/wp-json\/wp\/v2\/comments?post=36"}],"version-history":[{"count":5,"href":"https:\/\/aprepro.org.br\/conbrepro\/2019\/wp-json\/wp\/v2\/pages\/36\/revisions"}],"predecessor-version":[{"id":221,"href":"https:\/\/aprepro.org.br\/conbrepro\/2019\/wp-json\/wp\/v2\/pages\/36\/revisions\/221"}],"wp:attachment":[{"href":"https:\/\/aprepro.org.br\/conbrepro\/2019\/wp-json\/wp\/v2\/media?parent=36"}],"curies":[{"name":"wp","href":"https:\/\/api.w.org\/{rel}","templated":true}]}}