{"id":33,"date":"2019-06-28T11:23:19","date_gmt":"2019-06-28T11:23:19","guid":{"rendered":"https:\/\/aprepro.org.br\/conbrepro\/2019\/?page_id=33"},"modified":"2019-10-01T16:33:38","modified_gmt":"2019-10-01T16:33:38","slug":"envio-do-artigo-cientifico","status":"publish","type":"page","link":"https:\/\/aprepro.org.br\/conbrepro\/2019\/envio-do-artigo-cientifico\/","title":{"rendered":"Envio do Artigo Cient\u00edfico"},"content":{"rendered":"\n<div class=\"wp-block-image\"><figure class=\"aligncenter is-resized\"><a href=\"https:\/\/inscricao.aprepro.org.br\/index.php\/auth\/eventologin\/1\"><img loading=\"lazy\" src=\"https:\/\/aprepro.org.br\/conbrepro\/2019\/wp-content\/uploads\/2019\/06\/1.png\" alt=\"\" class=\"wp-image-127\" width=\"268\" height=\"134\" srcset=\"https:\/\/aprepro.org.br\/conbrepro\/2019\/wp-content\/uploads\/2019\/06\/1.png 268w, https:\/\/aprepro.org.br\/conbrepro\/2019\/wp-content\/uploads\/2019\/06\/1-250x125.png 250w\" sizes=\"(max-width: 268px) 100vw, 268px\" \/><\/a><figcaption><strong><a href=\"https:\/\/inscricao.aprepro.org.br\/index.php\/auth\/eventologin\/1\">Clique aqui para acessar o sistema de inscri\u00e7\u00e3o<\/a><\/strong><\/figcaption><\/figure><\/div>\n\n\n\n<p style=\"text-align:center\" class=\"has-text-color has-background has-medium-font-size has-very-dark-gray-color has-luminous-vivid-amber-background-color\"><strong><a href=\"https:\/\/aprepro.org.br\/conbrepro\/2019\/wp-content\/uploads\/2019\/06\/TUTORIAL-DE-INSCRI%C3%87%C3%83O-CONBREPRO.pdf\">INSTRU\u00c7\u00d5ES PARA SE INSCREVER (CLIQUE AQUI)<\/a><\/strong><\/p>\n\n\n\n<p style=\"background-color:#8dfcf2;text-align:center\" class=\"has-text-color has-background has-medium-font-size has-very-dark-gray-color\"><strong><a href=\"https:\/\/aprepro.org.br\/conbrepro\/2019\/wp-content\/uploads\/2019\/06\/TUTORIAL_SUBMISSAO_CONBREPRO.pdf\">TUTORIAL PARA SUBMETER TRABALHOS (CLIQUE AQUI)<\/a><\/strong><\/p>\n\n\n\n<p><strong>INSTRU\u00c7\u00d5ES:<br> N\u00e3o haver\u00e1 a cobran\u00e7a da taxa de submiss\u00e3o de artigos, o envio \u00e9 gratuito;<br><\/strong> O artigo dever\u00e1 ser enviado no formato &#8220;.pdf&#8221;, no m\u00e1ximo com 1 Mb; <br> O artigo deve conter no m\u00ednimo 9 p\u00e1ginas e no m\u00e1ximo 12 p\u00e1ginas respeitando as regras de formata\u00e7\u00e3o dispon\u00edveis no modelo de artigo, sob pena de ser desconsiderado (n\u00e3o avaliado);<br> O artigo dever\u00e1 ter no m\u00e1ximo 5 autores;<br> N\u00e3o ser\u00e1 permitida a inclus\u00e3o de autores, em hip\u00f3tese alguma, ap\u00f3s o encerramento do processo de submiss\u00e3o e iniciado o processo de avalia\u00e7\u00e3o dos artigos;<br> A submiss\u00e3o dos trabalhos exclusivamente pela internet, impreterivelmente at\u00e9 \u00e0s 23:59 (hor\u00e1rio oficial de Bras\u00edlia), do dia <strong>20 de Outubro de 2019<\/strong>;<br> O enquadramento do artigo em uma das \u00c1reas e sub-\u00e1reas do CONBREPRO;<br> O ineditismo do artigo para fins de publica\u00e7\u00e3o nos anais. A responsabilidade sobre originalidade \u00e9 exclusivamente dos autores.<br> N\u00e3o h\u00e1 limite para o n\u00famero de artigos a serem enviados;<br> Os artigos ser\u00e3o avaliados pelo Comit\u00ea Cient\u00edfico.<\/p>\n\n\n\n<p><strong>Para a submiss\u00e3o do artigo s\u00e3o solicitadas as seguintes informa\u00e7\u00f5es:<\/strong><\/p>\n\n\n\n<ul><li>T\u00edtulo do trabalho;<\/li><li>Resumo;<\/li><li>\u00c1rea tem\u00e1tica de avalia\u00e7\u00e3o;<\/li><li>Dois documentos no formato *. pdf do artigo: um com os nomes dos autores e outro sem os nomes dos autores   (ambos os documentos com no m\u00e1ximo 01 Mb)<\/li><li>N\u00famero de co-autores <strong>(m\u00e1ximo 4)<\/strong>;<\/li><li>E-mail, nome completo e CPF do(s) co-autore(s).<\/li><\/ul>\n","protected":false},"excerpt":{"rendered":"<p>INSTRU\u00c7\u00d5ES PARA SE INSCREVER (CLIQUE AQUI) TUTORIAL PARA SUBMETER TRABALHOS (CLIQUE AQUI) INSTRU\u00c7\u00d5ES: N\u00e3o haver\u00e1 a cobran\u00e7a da taxa de submiss\u00e3o de artigos, o envio \u00e9 gratuito; O artigo dever\u00e1 ser enviado no formato &#8220;.pdf&#8221;, no m\u00e1ximo com 1 Mb; O artigo deve conter no m\u00ednimo 9 p\u00e1ginas e no m\u00e1ximo 12 p\u00e1ginas respeitando as [&hellip;]<\/p>\n","protected":false},"author":1,"featured_media":0,"parent":0,"menu_order":0,"comment_status":"closed","ping_status":"closed","template":"","meta":{"_mi_skip_tracking":false},"_links":{"self":[{"href":"https:\/\/aprepro.org.br\/conbrepro\/2019\/wp-json\/wp\/v2\/pages\/33"}],"collection":[{"href":"https:\/\/aprepro.org.br\/conbrepro\/2019\/wp-json\/wp\/v2\/pages"}],"about":[{"href":"https:\/\/aprepro.org.br\/conbrepro\/2019\/wp-json\/wp\/v2\/types\/page"}],"author":[{"embeddable":true,"href":"https:\/\/aprepro.org.br\/conbrepro\/2019\/wp-json\/wp\/v2\/users\/1"}],"replies":[{"embeddable":true,"href":"https:\/\/aprepro.org.br\/conbrepro\/2019\/wp-json\/wp\/v2\/comments?post=33"}],"version-history":[{"count":5,"href":"https:\/\/aprepro.org.br\/conbrepro\/2019\/wp-json\/wp\/v2\/pages\/33\/revisions"}],"predecessor-version":[{"id":210,"href":"https:\/\/aprepro.org.br\/conbrepro\/2019\/wp-json\/wp\/v2\/pages\/33\/revisions\/210"}],"wp:attachment":[{"href":"https:\/\/aprepro.org.br\/conbrepro\/2019\/wp-json\/wp\/v2\/media?parent=33"}],"curies":[{"name":"wp","href":"https:\/\/api.w.org\/{rel}","templated":true}]}}