{"id":31,"date":"2019-06-28T11:20:38","date_gmt":"2019-06-28T11:20:38","guid":{"rendered":"https:\/\/aprepro.org.br\/conbrepro\/2019\/?page_id=31"},"modified":"2019-06-28T11:20:38","modified_gmt":"2019-06-28T11:20:38","slug":"comite-executivo","status":"publish","type":"page","link":"https:\/\/aprepro.org.br\/conbrepro\/2019\/comite-executivo\/","title":{"rendered":"Comit\u00ea Executivo"},"content":{"rendered":"\n<p>Comit\u00ea Executivo da APREPRO<br>\nProf. Jo\u00e3o Luiz Kovaleski, Dr. &#8211; Presidente da APREPRO<br>\nProfa. Regina Negri Pagani, Dra. &#8211; Vice-presidente da APREPRO<br>\nProfa. Andr\u00e9ia Antunes da Luz, Dra. &#8211; Diretora financeira da APREPRO<\/p>\n\n\n\n<p>APREPRO Jovem <br>\nProf. Adriano Mesquita Soares, Me.<\/p>\n\n\n\n<p>Coordena\u00e7\u00e3o Geral <br>\nProf. Jo\u00e3o Luiz Kovaleski, Dr. <\/p>\n\n\n\n<p>Coordena\u00e7\u00e3o do Evento<br>\nProfa. Andr\u00e9ia Antunes da Luz, Dra.<br>\nProfa. Regina Negri Pagani, Dra.<br>\nProf. Adriano Mesquita Soares, Me.<br>\nProfa. Marcela Mar\u00e7al Alves Pinto, Me.<\/p>\n\n\n\n<p>Coordena\u00e7\u00e3o Cient\u00edfica<br>\nProf. Gilberto Zammar, Dr. <\/p>\n","protected":false},"excerpt":{"rendered":"<p>Comit\u00ea Executivo da APREPRO Prof. Jo\u00e3o Luiz Kovaleski, Dr. &#8211; Presidente da APREPRO Profa. Regina Negri Pagani, Dra. &#8211; Vice-presidente da APREPRO Profa. Andr\u00e9ia Antunes da Luz, Dra. &#8211; Diretora financeira da APREPRO APREPRO Jovem Prof. Adriano Mesquita Soares, Me. Coordena\u00e7\u00e3o Geral Prof. Jo\u00e3o Luiz Kovaleski, Dr. Coordena\u00e7\u00e3o do Evento Profa. Andr\u00e9ia Antunes da Luz, [&hellip;]<\/p>\n","protected":false},"author":1,"featured_media":0,"parent":0,"menu_order":0,"comment_status":"closed","ping_status":"closed","template":"","meta":{"_mi_skip_tracking":false},"_links":{"self":[{"href":"https:\/\/aprepro.org.br\/conbrepro\/2019\/wp-json\/wp\/v2\/pages\/31"}],"collection":[{"href":"https:\/\/aprepro.org.br\/conbrepro\/2019\/wp-json\/wp\/v2\/pages"}],"about":[{"href":"https:\/\/aprepro.org.br\/conbrepro\/2019\/wp-json\/wp\/v2\/types\/page"}],"author":[{"embeddable":true,"href":"https:\/\/aprepro.org.br\/conbrepro\/2019\/wp-json\/wp\/v2\/users\/1"}],"replies":[{"embeddable":true,"href":"https:\/\/aprepro.org.br\/conbrepro\/2019\/wp-json\/wp\/v2\/comments?post=31"}],"version-history":[{"count":1,"href":"https:\/\/aprepro.org.br\/conbrepro\/2019\/wp-json\/wp\/v2\/pages\/31\/revisions"}],"predecessor-version":[{"id":38,"href":"https:\/\/aprepro.org.br\/conbrepro\/2019\/wp-json\/wp\/v2\/pages\/31\/revisions\/38"}],"wp:attachment":[{"href":"https:\/\/aprepro.org.br\/conbrepro\/2019\/wp-json\/wp\/v2\/media?parent=31"}],"curies":[{"name":"wp","href":"https:\/\/api.w.org\/{rel}","templated":true}]}}