{"id":261,"date":"2019-12-02T06:20:42","date_gmt":"2019-12-02T06:20:42","guid":{"rendered":"https:\/\/aprepro.org.br\/conbrepro\/2019\/?page_id=261"},"modified":"2019-12-02T06:20:52","modified_gmt":"2019-12-02T06:20:52","slug":"mapa-da-utfpr-pg","status":"publish","type":"page","link":"https:\/\/aprepro.org.br\/conbrepro\/2019\/mapa-da-utfpr-pg\/","title":{"rendered":"Mapa da UTFPR\/PG"},"content":{"rendered":"\n<figure class=\"wp-block-image\"><img loading=\"lazy\" width=\"688\" height=\"502\" src=\"https:\/\/aprepro.org.br\/conbrepro\/2019\/wp-content\/uploads\/2019\/12\/Mapa-UTFPR.png\" alt=\"\" class=\"wp-image-257\" srcset=\"https:\/\/aprepro.org.br\/conbrepro\/2019\/wp-content\/uploads\/2019\/12\/Mapa-UTFPR.png 688w, https:\/\/aprepro.org.br\/conbrepro\/2019\/wp-content\/uploads\/2019\/12\/Mapa-UTFPR-300x219.png 300w, https:\/\/aprepro.org.br\/conbrepro\/2019\/wp-content\/uploads\/2019\/12\/Mapa-UTFPR-250x182.png 250w\" sizes=\"(max-width: 688px) 100vw, 688px\" \/><figcaption> <strong>Credenciamento, palestras e Coffee Break no Centro de Conviv\u00eancia (U)<br>Sess\u00f5es Tem\u00e1ticas \u2013 Salas 1, 2 e 3 Bloco P<\/strong> <\/figcaption><\/figure>\n","protected":false},"excerpt":{"rendered":"","protected":false},"author":1,"featured_media":0,"parent":0,"menu_order":0,"comment_status":"closed","ping_status":"closed","template":"","meta":{"_mi_skip_tracking":false},"_links":{"self":[{"href":"https:\/\/aprepro.org.br\/conbrepro\/2019\/wp-json\/wp\/v2\/pages\/261"}],"collection":[{"href":"https:\/\/aprepro.org.br\/conbrepro\/2019\/wp-json\/wp\/v2\/pages"}],"about":[{"href":"https:\/\/aprepro.org.br\/conbrepro\/2019\/wp-json\/wp\/v2\/types\/page"}],"author":[{"embeddable":true,"href":"https:\/\/aprepro.org.br\/conbrepro\/2019\/wp-json\/wp\/v2\/users\/1"}],"replies":[{"embeddable":true,"href":"https:\/\/aprepro.org.br\/conbrepro\/2019\/wp-json\/wp\/v2\/comments?post=261"}],"version-history":[{"count":1,"href":"https:\/\/aprepro.org.br\/conbrepro\/2019\/wp-json\/wp\/v2\/pages\/261\/revisions"}],"predecessor-version":[{"id":262,"href":"https:\/\/aprepro.org.br\/conbrepro\/2019\/wp-json\/wp\/v2\/pages\/261\/revisions\/262"}],"wp:attachment":[{"href":"https:\/\/aprepro.org.br\/conbrepro\/2019\/wp-json\/wp\/v2\/media?parent=261"}],"curies":[{"name":"wp","href":"https:\/\/api.w.org\/{rel}","templated":true}]}}