{"id":25,"date":"2019-06-28T11:19:23","date_gmt":"2019-06-28T11:19:23","guid":{"rendered":"https:\/\/aprepro.org.br\/conbrepro\/2019\/?page_id=25"},"modified":"2019-11-20T17:43:42","modified_gmt":"2019-11-20T17:43:42","slug":"inscricoes-conbrepro-2019","status":"publish","type":"page","link":"https:\/\/aprepro.org.br\/conbrepro\/2019\/inscricoes-conbrepro-2019\/","title":{"rendered":"Inscri\u00e7\u00f5es \/ Valores"},"content":{"rendered":"\n<table class=\"wp-block-table aligncenter has-subtle-pale-blue-background-color has-background\"><tbody><tr><td>Inscri\u00e7\u00e3o para o&nbsp;<strong>CONBREPRO&nbsp;2019<\/strong><\/td><td>Valores at\u00e9 18\/11\/2019<\/td><td>Valores ap\u00f3s 18\/11\/2019<\/td><\/tr><tr><td><strong>1. Estudante de Gradua\u00e7\u00e3o&nbsp;<\/strong>(<em>Ser\u00e1 necess\u00e1rio encaminhar documento comprobat\u00f3rio para o e-mail <strong>contato@aprepro.org.br<\/strong> para valida\u00e7\u00e3o da inscri\u00e7\u00e3o como <strong>Inicia\u00e7\u00e3o Cient\u00edfica<\/strong><\/em>)<\/td><\/tr><tr><td>1.1. Associado <strong>APREPRO<\/strong><\/td><td>R$ 150,00<\/td><td>R$ 200,00<\/td><\/tr><tr><td>1.2. N\u00e3o Associado <strong>APREPRO<\/strong><\/td><td>R$ 200,00<\/td><td>R$ 250,00<\/td><\/tr><tr><td><strong>2. Professor, Profissional, Mestrando, Doutorando, etc<\/strong><\/td><\/tr><tr><td>2.1. Associado <strong>APREPRO<\/strong><\/td><td>R$ 200,00<\/td><td>R$ 250,00<\/td><\/tr><tr><td>2.2. N\u00e3o Associado <strong>APREPRO<\/strong><\/td><td>R$ 250,00<\/td><td>R$ 300,00<\/td><\/tr><\/tbody><\/table>\n\n\n\n<p><strong>Vale lembrar:&nbsp;<\/strong>Associado da&nbsp;<strong>APREPRO &#8211;&nbsp;<\/strong>Associa\u00e7\u00e3o Paranaense de Engenharia de Produ\u00e7\u00e3o \u00e9&nbsp;aquele&nbsp;que realizar&nbsp;a&nbsp;associa\u00e7\u00e3o&nbsp;antes da inscri\u00e7\u00e3o no evento.&nbsp;Para associar-se&nbsp;<strong>GRATUITAMENTE<\/strong>&nbsp;na&nbsp;<strong>APREPRO<\/strong>:&nbsp;<strong><a href=\"http:\/\/www.aprepro.org.br\/site2\/associe-se.php\">Clique aqui<\/a><\/strong><\/p>\n\n\n\n<hr class=\"wp-block-separator\"\/>\n\n\n\n<figure class=\"wp-block-image\"><img src=\"https:\/\/aprepro.org.br\/conbrepro\/2016\/img_up\/images\/Inscricoes.PNG\" alt=\"\"\/><\/figure>\n\n\n\n<p style=\"text-align:center\" class=\"has-text-color has-background has-medium-font-size has-very-dark-gray-color has-luminous-vivid-amber-background-color\"><strong><a href=\"https:\/\/aprepro.org.br\/conbrepro\/2019\/wp-content\/uploads\/2019\/06\/TUTORIAL-DE-INSCRI\u00c7\u00c3O-CONBREPRO.pdf\">TUTORIAL PARA SE INSCREVER (CLIQUE AQUI)<\/a><\/strong><\/p>\n\n\n\n<p>Para efetuar o seu cadastro acesse o sistema de inscri\u00e7\u00e3o: <strong><a href=\"https:\/\/inscricao.aprepro.org.br\/index.php\/auth\/cadastro\/1\">CLIQUE AQUI.<\/a><\/strong><\/p>\n\n\n\n<p>1 &#8211; Todos os interessados em participar do evento<strong><em>&nbsp;<\/em><\/strong>dever\u00e3o&nbsp;se cadastrar clicando em&nbsp;&nbsp;Login \/ Cadastro (Topo da p\u00e1gina) ou pelo link:  <a href=\"https:\/\/inscricao.aprepro.org.br\/index.php\/auth\/cadastro\/1\">https:\/\/inscricao.aprepro.org.br\/index.php\/auth\/cadastro\/1<\/a> <\/p>\n\n\n\n<p>&nbsp;2 &#8211; Preencher o&nbsp;<strong>FORMUL\u00c1RIO DE INSCRI\u00c7\u00c3O<\/strong>.&nbsp;&nbsp;Para submiss\u00e3o de artigos n\u00e3o \u00e9 necess\u00e1rio emitir o boleto da inscri\u00e7\u00e3o&nbsp;&nbsp;Informamos que os artigos cient\u00edficos aprovados no&nbsp;<strong>CONBREPRO 2019 <\/strong>ser\u00e3o divulgados at\u00e9 o dia&nbsp;<strong>11 de novembro de 2019<\/strong>.<\/p>\n\n\n\n<p><strong>Observa\u00e7\u00e3o:&nbsp;a op\u00e7\u00e3o de n\u00e3o apresenta\u00e7\u00e3o de artigo, ao marcar esta op\u00e7\u00e3o, automaticamente o artigo n\u00e3o constar\u00e1 na listagem de ensalamento (apresenta\u00e7\u00e3o de artigos)<\/strong>.<\/p>\n\n\n\n<p class=\"has-text-color has-very-dark-gray-color\">3 &#8211;&nbsp;Emitir&nbsp;o&nbsp;boleto para pagamento da inscri\u00e7\u00e3o.&nbsp;<strong>Para garantir a publica\u00e7\u00e3o dos artigos aprovados o 1\u00ba &nbsp;autor dever\u00e1 efetuar o pagamento da inscri\u00e7\u00e3o at\u00e9 o dia&nbsp;25 de novembro de 2019. Ap\u00f3s esta data ser\u00e1 poss\u00edvel a solicita\u00e7\u00e3o de altera\u00e7\u00e3o do vencimento do boleto entrando em contato pelo e-mail&nbsp;contato@aprepro.org.br, por\u00e9m garante apenas a inscri\u00e7\u00e3o no evento e n\u00e3o a publica\u00e7\u00e3o do(s) artigo(s).<\/strong>&nbsp;<\/p>\n\n\n\n<p class=\"has-text-color has-vivid-cyan-blue-color\"><strong>4 &#8211;\u00a0Em hip\u00f3tese alguma o valor da inscri\u00e7\u00e3o ser\u00e1 devolvida.<\/strong> <\/p>\n","protected":false},"excerpt":{"rendered":"<p>Inscri\u00e7\u00e3o para o&nbsp;CONBREPRO&nbsp;2019 Valores at\u00e9 18\/11\/2019 Valores ap\u00f3s 18\/11\/2019 1. Estudante de Gradua\u00e7\u00e3o&nbsp;(Ser\u00e1 necess\u00e1rio encaminhar documento comprobat\u00f3rio para o e-mail contato@aprepro.org.br para valida\u00e7\u00e3o da inscri\u00e7\u00e3o como Inicia\u00e7\u00e3o Cient\u00edfica) 1.1. Associado APREPRO R$ 150,00 R$ 200,00 1.2. N\u00e3o Associado APREPRO R$ 200,00 R$ 250,00 2. Professor, Profissional, Mestrando, Doutorando, etc 2.1. Associado APREPRO R$ 200,00 R$ [&hellip;]<\/p>\n","protected":false},"author":1,"featured_media":0,"parent":0,"menu_order":0,"comment_status":"closed","ping_status":"closed","template":"","meta":{"_mi_skip_tracking":false},"_links":{"self":[{"href":"https:\/\/aprepro.org.br\/conbrepro\/2019\/wp-json\/wp\/v2\/pages\/25"}],"collection":[{"href":"https:\/\/aprepro.org.br\/conbrepro\/2019\/wp-json\/wp\/v2\/pages"}],"about":[{"href":"https:\/\/aprepro.org.br\/conbrepro\/2019\/wp-json\/wp\/v2\/types\/page"}],"author":[{"embeddable":true,"href":"https:\/\/aprepro.org.br\/conbrepro\/2019\/wp-json\/wp\/v2\/users\/1"}],"replies":[{"embeddable":true,"href":"https:\/\/aprepro.org.br\/conbrepro\/2019\/wp-json\/wp\/v2\/comments?post=25"}],"version-history":[{"count":17,"href":"https:\/\/aprepro.org.br\/conbrepro\/2019\/wp-json\/wp\/v2\/pages\/25\/revisions"}],"predecessor-version":[{"id":233,"href":"https:\/\/aprepro.org.br\/conbrepro\/2019\/wp-json\/wp\/v2\/pages\/25\/revisions\/233"}],"wp:attachment":[{"href":"https:\/\/aprepro.org.br\/conbrepro\/2019\/wp-json\/wp\/v2\/media?parent=25"}],"curies":[{"name":"wp","href":"https:\/\/api.w.org\/{rel}","templated":true}]}}