{"id":243,"date":"2019-12-02T04:23:26","date_gmt":"2019-12-02T04:23:26","guid":{"rendered":"https:\/\/aprepro.org.br\/conbrepro\/2019\/?page_id=243"},"modified":"2019-12-02T16:51:01","modified_gmt":"2019-12-02T16:51:01","slug":"ensalamento","status":"publish","type":"page","link":"https:\/\/aprepro.org.br\/conbrepro\/2019\/ensalamento\/","title":{"rendered":"Ensalamento"},"content":{"rendered":"\n<p style=\"color:#0d00ff\" class=\"has-text-color\"><a href=\"https:\/\/1drv.ms\/x\/s!Av5ckfCBsHNq6kfwML97B05irb2a\">Confira o ensalamento provis\u00f3rio. <\/a><strong><a href=\"https:\/\/1drv.ms\/x\/s!Av5ckfCBsHNq6kfwML97B05irb2a\">Clique aqui!<\/a><\/strong><\/p>\n\n\n\n<p>Qualquer problema ou ajustes necess\u00e1rios ser\u00e3o organizados pela comiss\u00e3o de apoio que estar\u00e1 no credenciamento.<\/p>\n\n\n\n<figure class=\"wp-block-image\"><img loading=\"lazy\" width=\"688\" height=\"502\" src=\"https:\/\/aprepro.org.br\/conbrepro\/2019\/wp-content\/uploads\/2019\/12\/Mapa-UTFPR.png\" alt=\"\" class=\"wp-image-257\" srcset=\"https:\/\/aprepro.org.br\/conbrepro\/2019\/wp-content\/uploads\/2019\/12\/Mapa-UTFPR.png 688w, https:\/\/aprepro.org.br\/conbrepro\/2019\/wp-content\/uploads\/2019\/12\/Mapa-UTFPR-300x219.png 300w, https:\/\/aprepro.org.br\/conbrepro\/2019\/wp-content\/uploads\/2019\/12\/Mapa-UTFPR-250x182.png 250w\" sizes=\"(max-width: 688px) 100vw, 688px\" \/><figcaption><strong>Credenciamento, palestras e Coffee Break no Centro de Conviv\u00eancia (U)<br>Sess\u00f5es Tem\u00e1ticas &#8211; Salas 1, 2 e 3 Bloco P<\/strong><\/figcaption><\/figure>\n\n\n\n<figure><iframe loading=\"lazy\" width=\"800\" height=\"500\" src=\"https:\/\/onedrive.live.com\/embed?resid=6A73B081F0915CFE%2113639&amp;authkey=%21AHW-Fz0El4ehpNQ&amp;em=2&amp;ActiveCell='Ensalamento%20ConBRepro%202019'!A2&amp;wdHideGridlines=True&amp;wdHideHeaders=True&amp;wdDownloadButton=True&amp;wdInConfigurator=True\"><\/iframe><\/figure>\n","protected":false},"excerpt":{"rendered":"<p>Confira o ensalamento provis\u00f3rio. Clique aqui! Qualquer problema ou ajustes necess\u00e1rios ser\u00e3o organizados pela comiss\u00e3o de apoio que estar\u00e1 no credenciamento.<\/p>\n","protected":false},"author":2,"featured_media":0,"parent":0,"menu_order":0,"comment_status":"closed","ping_status":"closed","template":"","meta":{"_mi_skip_tracking":false},"_links":{"self":[{"href":"https:\/\/aprepro.org.br\/conbrepro\/2019\/wp-json\/wp\/v2\/pages\/243"}],"collection":[{"href":"https:\/\/aprepro.org.br\/conbrepro\/2019\/wp-json\/wp\/v2\/pages"}],"about":[{"href":"https:\/\/aprepro.org.br\/conbrepro\/2019\/wp-json\/wp\/v2\/types\/page"}],"author":[{"embeddable":true,"href":"https:\/\/aprepro.org.br\/conbrepro\/2019\/wp-json\/wp\/v2\/users\/2"}],"replies":[{"embeddable":true,"href":"https:\/\/aprepro.org.br\/conbrepro\/2019\/wp-json\/wp\/v2\/comments?post=243"}],"version-history":[{"count":6,"href":"https:\/\/aprepro.org.br\/conbrepro\/2019\/wp-json\/wp\/v2\/pages\/243\/revisions"}],"predecessor-version":[{"id":277,"href":"https:\/\/aprepro.org.br\/conbrepro\/2019\/wp-json\/wp\/v2\/pages\/243\/revisions\/277"}],"wp:attachment":[{"href":"https:\/\/aprepro.org.br\/conbrepro\/2019\/wp-json\/wp\/v2\/media?parent=243"}],"curies":[{"name":"wp","href":"https:\/\/api.w.org\/{rel}","templated":true}]}}