{"id":24,"date":"2019-06-28T11:17:48","date_gmt":"2019-06-28T11:17:48","guid":{"rendered":"https:\/\/aprepro.org.br\/conbrepro\/2019\/?page_id=24"},"modified":"2019-06-28T11:17:48","modified_gmt":"2019-06-28T11:17:48","slug":"local-do-evento","status":"publish","type":"page","link":"https:\/\/aprepro.org.br\/conbrepro\/2019\/local-do-evento\/","title":{"rendered":"Local do Evento"},"content":{"rendered":"\n<p>A Universidade Tecnol\u00f3gica Federal do Paran\u00e1 (UTFPR) \u00e9 uma institui\u00e7\u00e3o federal de ensino, que tem a tradi\u00e7\u00e3o no ensino, pesquisa e extens\u00e3o, confere \u00e0 Universidade status de refer\u00eancia no padr\u00e3o de qualidade perante o mercado e o meio acad\u00eamico.<\/p>\n\n\n\n<p>No Campus Ponta Grossa encontram-se cursos regulares t\u00e9cnicos de n\u00edvel m\u00e9dio, superiores de gradua\u00e7\u00e3o &#8211; bacharelados, engenharias e tecnologias, e os programas de p\u00f3s-gradua\u00e7\u00e3o stricto sensu, todos devidamente autorizados e reconhecidos pelo Minist\u00e9rio da Educa\u00e7\u00e3o &#8211; MEC, al\u00e9m dos cursos de educa\u00e7\u00e3o continuada: especializa\u00e7\u00f5es, cursos de extens\u00e3o e a forma\u00e7\u00e3o pedag\u00f3gica.<\/p>\n\n\n\n<p>O acr\u00e9scimo de valores \u00e9 obtido em atividades das mais variadas, que v\u00e3o das artes c\u00eanicas \u00e0 forma\u00e7\u00e3o do esp\u00edrito empreendedor, da conscientiza\u00e7\u00e3o do correto uso dos recursos naturais \u00e0 necessidade de atualiza\u00e7\u00e3o curricular. Esta diversidade \u00e9 necess\u00e1ria a todos que desejam obter sucesso n\u00e3o apenas em suas carreiras, mas, sobretudo, em suas vidas.<\/p>\n\n\n\n<p>A UTFPR-PG est\u00e1 localizada junto ao Parque Ecotecnol\u00f3gico \u201cPROF. S\u00c9RGIO ESCORSIM\u201d de Ponta Grossa. A estrutura disp\u00f5e internet, cobertura Wireless, estacionamento.<\/p>\n\n\n\n<p>Endere\u00e7o: Av Monteiro Lobato, s\/n &#8211; Km 04<br>\nCEP 84016-210 &#8211; Ponta Grossa &#8211; PR &#8211; Brasil<br>\nTelefone: +55 (42) 3220-4800 Ramal 7117<\/p>\n","protected":false},"excerpt":{"rendered":"<p>A Universidade Tecnol\u00f3gica Federal do Paran\u00e1 (UTFPR) \u00e9 uma institui\u00e7\u00e3o federal de ensino, que tem a tradi\u00e7\u00e3o no ensino, pesquisa e extens\u00e3o, confere \u00e0 Universidade status de refer\u00eancia no padr\u00e3o de qualidade perante o mercado e o meio acad\u00eamico. No Campus Ponta Grossa encontram-se cursos regulares t\u00e9cnicos de n\u00edvel m\u00e9dio, superiores de gradua\u00e7\u00e3o &#8211; bacharelados, [&hellip;]<\/p>\n","protected":false},"author":1,"featured_media":0,"parent":0,"menu_order":0,"comment_status":"closed","ping_status":"closed","template":"","meta":{"_mi_skip_tracking":false},"_links":{"self":[{"href":"https:\/\/aprepro.org.br\/conbrepro\/2019\/wp-json\/wp\/v2\/pages\/24"}],"collection":[{"href":"https:\/\/aprepro.org.br\/conbrepro\/2019\/wp-json\/wp\/v2\/pages"}],"about":[{"href":"https:\/\/aprepro.org.br\/conbrepro\/2019\/wp-json\/wp\/v2\/types\/page"}],"author":[{"embeddable":true,"href":"https:\/\/aprepro.org.br\/conbrepro\/2019\/wp-json\/wp\/v2\/users\/1"}],"replies":[{"embeddable":true,"href":"https:\/\/aprepro.org.br\/conbrepro\/2019\/wp-json\/wp\/v2\/comments?post=24"}],"version-history":[{"count":1,"href":"https:\/\/aprepro.org.br\/conbrepro\/2019\/wp-json\/wp\/v2\/pages\/24\/revisions"}],"predecessor-version":[{"id":29,"href":"https:\/\/aprepro.org.br\/conbrepro\/2019\/wp-json\/wp\/v2\/pages\/24\/revisions\/29"}],"wp:attachment":[{"href":"https:\/\/aprepro.org.br\/conbrepro\/2019\/wp-json\/wp\/v2\/media?parent=24"}],"curies":[{"name":"wp","href":"https:\/\/api.w.org\/{rel}","templated":true}]}}