{"id":2,"date":"2019-06-27T10:36:12","date_gmt":"2019-06-27T10:36:12","guid":{"rendered":"https:\/\/aprepro.org.br\/conbrepro\/2019\/?page_id=2"},"modified":"2019-06-28T11:15:32","modified_gmt":"2019-06-28T11:15:32","slug":"sample-page","status":"publish","type":"page","link":"https:\/\/aprepro.org.br\/conbrepro\/2019\/","title":{"rendered":"O Evento"},"content":{"rendered":"[pl_row]\n[pl_col col=12]\n[pl_text]\n\n<p><strong>IX Congresso Brasileiro de Engenharia de Produ\u00e7\u00e3o (CONBREPRO  2019) &#8220;Engenharia na Ind\u00fastria da Bebida&#8221; <\/strong><\/p>\n\n\n\n<p>\u00c9 um evento nacional organizado pela APREPRO &#8211; Associa\u00e7\u00e3o Paranaense de Engenharia de Produ\u00e7\u00e3o, com o prop\u00f3sito de reunir docentes, pesquisadores, estudantes, profissionais, \u00f3rg\u00e3os p\u00fablicos, entidades privadas e do terceiro setor com atua\u00e7\u00e3o na Engenharia de Produ\u00e7\u00e3o e \u00e1reas afins para divulga\u00e7\u00e3o de pesquisas e realizar a intera\u00e7\u00e3o entre os diversos agentes do conhecimento.<\/p>\n\n\n\n<p>O CONBREPRO tamb\u00e9m divulga a produ\u00e7\u00e3o t\u00e9cnica e cient\u00edfica das pesquisas nas \u00e1reas e sub-\u00e1reas de engenharia de produ\u00e7\u00e3o e \u00e1reas afins, promovendo a integra\u00e7\u00e3o e o interc\u00e2mbio do conhecimento acad\u00eamico com o setor produtivo, fomentando a transfer\u00eancia de ensino-pesquisa-aplica\u00e7\u00e3o atrav\u00e9s da rela\u00e7\u00e3o universidade-empresa para o desenvolvimento econ\u00f4mico local, regional e nacional.<\/p>\n\n\n\n<p>Assim, o CONBREPRO apresenta-se como promotor do conhecimento e desenvolvimento do capital intelectual entre a comunidade acad\u00eamica e a sociedade.<\/p>\n\n\n\n<p>O evento acontecer\u00e1 nos dias 04 a 06 de Dezembro de 2019, na Universidade Tecnol\u00f3gica Federal do Paran\u00e1 \u2013 Campus Ponta Grossa.<\/p>\n\n[\/pl_text]\n[\/pl_col]\n[\/pl_row]","protected":false},"excerpt":{"rendered":"<p>[pl_row] [pl_col col=12] [pl_text] IX Congresso Brasileiro de Engenharia de Produ\u00e7\u00e3o (CONBREPRO 2019) &#8220;Engenharia na Ind\u00fastria da Bebida&#8221; \u00c9 um evento nacional organizado pela APREPRO &#8211; Associa\u00e7\u00e3o Paranaense de Engenharia de Produ\u00e7\u00e3o, com o prop\u00f3sito de reunir docentes, pesquisadores, estudantes, profissionais, \u00f3rg\u00e3os p\u00fablicos, entidades privadas e do terceiro setor com atua\u00e7\u00e3o na Engenharia de Produ\u00e7\u00e3o [&hellip;]<\/p>\n","protected":false},"author":1,"featured_media":0,"parent":0,"menu_order":0,"comment_status":"closed","ping_status":"open","template":"","meta":{"_mi_skip_tracking":false},"_links":{"self":[{"href":"https:\/\/aprepro.org.br\/conbrepro\/2019\/wp-json\/wp\/v2\/pages\/2"}],"collection":[{"href":"https:\/\/aprepro.org.br\/conbrepro\/2019\/wp-json\/wp\/v2\/pages"}],"about":[{"href":"https:\/\/aprepro.org.br\/conbrepro\/2019\/wp-json\/wp\/v2\/types\/page"}],"author":[{"embeddable":true,"href":"https:\/\/aprepro.org.br\/conbrepro\/2019\/wp-json\/wp\/v2\/users\/1"}],"replies":[{"embeddable":true,"href":"https:\/\/aprepro.org.br\/conbrepro\/2019\/wp-json\/wp\/v2\/comments?post=2"}],"version-history":[{"count":5,"href":"https:\/\/aprepro.org.br\/conbrepro\/2019\/wp-json\/wp\/v2\/pages\/2\/revisions"}],"predecessor-version":[{"id":27,"href":"https:\/\/aprepro.org.br\/conbrepro\/2019\/wp-json\/wp\/v2\/pages\/2\/revisions\/27"}],"wp:attachment":[{"href":"https:\/\/aprepro.org.br\/conbrepro\/2019\/wp-json\/wp\/v2\/media?parent=2"}],"curies":[{"name":"wp","href":"https:\/\/api.w.org\/{rel}","templated":true}]}}